{"id":36394,"date":"2026-01-07T16:31:40","date_gmt":"2026-01-07T15:31:40","guid":{"rendered":"https:\/\/domainepourtales.ch\/?post_type=product&#038;p=36394"},"modified":"2026-01-21T11:28:04","modified_gmt":"2026-01-21T10:28:04","slug":"le-pelican-2024-75cl","status":"publish","type":"product","link":"https:\/\/domainepourtales.ch\/it\/prodotto\/le-pelican-2024-75cl\/","title":{"rendered":"Le P\u00e9lican 2024 &#8211; 75cl"},"content":{"rendered":"<p>Culture et production :<br \/>\nLes raisins proviennent d\u2019une seule et unique parcelle, les vignes sont en cultures biologique, le rendement est 500 \u00e0 700gr\/m2.<\/p>\n<p>Vinification :<br \/>\nLes fermentations se font directement en barrique, nous avons choisi de le vinifier dans une ancienne barique de chardonnay pour lui apporter plus d\u2019aromatique. L\u2019\u00e9levage dure entre 10 et 14mois.<\/p>\n<p>Accord mets et vins :<br \/>\nCe vin se mariera tr\u00e8s bien avec du fromage \u00e0 p\u00e2te molle tel que des ch\u00e8vres, mais \u00e9galement avec des asperges et leur sauce hollandaise.<\/p>\n<p>D\u00e9tails techniques :<br \/>\nLa lavorazione delle fecce in barrique conferisce al vino una leggera dolcezza e ricchezza. Contiene solfiti.<\/p>\n<p>Commentaire d\u2019Yves Beck :<br \/>\nLe bouquet est frais et subtil. Nuances de p\u00e2te \u00e0 pain, d\u2019anis et de fruits \u00e0 noyaux. L\u00e9g\u00e8rement cr\u00e9meux, le vin a du pep. Il le doit au mill\u00e9sime 2021 qui a tendanciellement produit des vins de tension. Celle-ci est bienvenue dans le contexte de ce vin. Un vin \u00e0 savourer avec une cuisine locale.<\/p>\n<p>Distinctions :<br \/>\n\u2b502025 - Selezione oro del cantone di Neuch\u00e2tel - annata 2023<\/p>","protected":false},"excerpt":{"rendered":"<p>Le bouquet est frais et subtil. Nuances de p\u00e2te \u00e0 pain, d\u2019anis et de fruits \u00e0 noyaux. L\u00e9g\u00e8rement cr\u00e9meux, le vin a du pep. Un vin \u00e0 savourer avec une cuisine locale<\/p>","protected":false},"featured_media":35095,"comment_status":"open","ping_status":"closed","template":"","meta":{"_et_pb_use_builder":"","_et_pb_old_content":"","_et_gb_content_width":""},"product_brand":[],"product_cat":[175,73],"product_tag":[],"class_list":{"0":"post-36394","1":"product","2":"type-product","3":"status-publish","4":"has-post-thumbnail","6":"product_cat-75cl","7":"product_cat-chasselas","8":"pa_appellation-aoc-neuchatel","9":"pa_contenance-75cl","10":"pa_elevage-eleve-en-fut-de-chene","11":"pa_millesime-199","13":"first","14":"instock","15":"taxable","16":"shipping-taxable","17":"purchasable","18":"product-type-simple"},"yoast_head":"<!-- This site is optimized with the Yoast SEO plugin v27.4 - https:\/\/yoast.com\/product\/yoast-seo-wordpress\/ -->\n<title>AOC Neuch\u00e2tel, Chasselas, 2024, 75cl<\/title>\n<meta name=\"description\" content=\"AOC Neuch\u00e2tel, Chasselas, 2024, 75cl, Le bouquet est frais et subtil. Nuances de p\u00e2te \u00e0 pain, d\u2019anis et de fruits \u00e0 noyaux. L\u00e9g\u00e8rement cr\u00e9meux, le vin a du pep. Un vin \u00e0 savourer avec une cuisine locale\" \/>\n<meta name=\"robots\" content=\"index, follow, max-snippet:-1, max-image-preview:large, max-video-preview:-1\" \/>\n<link rel=\"canonical\" href=\"https:\/\/domainepourtales.ch\/it\/prodotto\/le-pelican-2024-75cl\/\" \/>\n<meta property=\"og:locale\" content=\"it_IT\" \/>\n<meta property=\"og:type\" content=\"article\" \/>\n<meta property=\"og:title\" content=\"AOC Neuch\u00e2tel, Chasselas, 2024, 75cl\" \/>\n<meta property=\"og:description\" content=\"AOC Neuch\u00e2tel, Chasselas, 2024, 75cl, Le bouquet est frais et subtil. Nuances de p\u00e2te \u00e0 pain, d\u2019anis et de fruits \u00e0 noyaux. L\u00e9g\u00e8rement cr\u00e9meux, le vin a du pep. Un vin \u00e0 savourer avec une cuisine locale\" \/>\n<meta property=\"og:url\" content=\"https:\/\/domainepourtales.ch\/it\/prodotto\/le-pelican-2024-75cl\/\" \/>\n<meta property=\"og:site_name\" content=\"Domaine H\u00f4pital Pourtal\u00e8s\" \/>\n<meta property=\"article:modified_time\" content=\"2026-01-21T10:28:04+00:00\" \/>\n<meta property=\"og:image\" content=\"https:\/\/domainepourtales.ch\/wp-content\/uploads\/2025\/05\/Le-Pelican-75cl.png\" \/>\n\t<meta property=\"og:image:width\" content=\"1080\" \/>\n\t<meta property=\"og:image:height\" content=\"1080\" \/>\n\t<meta property=\"og:image:type\" content=\"image\/png\" \/>\n<meta name=\"twitter:card\" content=\"summary_large_image\" \/>\n<meta name=\"twitter:label1\" content=\"Tempo di lettura stimato\" \/>\n\t<meta name=\"twitter:data1\" content=\"2 minuti\" \/>\n<script type=\"application\/ld+json\" class=\"yoast-schema-graph\">{\"@context\":\"https:\\\/\\\/schema.org\",\"@graph\":[{\"@type\":\"WebPage\",\"@id\":\"https:\\\/\\\/domainepourtales.ch\\\/produit\\\/le-pelican-2024-75cl\\\/\",\"url\":\"https:\\\/\\\/domainepourtales.ch\\\/produit\\\/le-pelican-2024-75cl\\\/\",\"name\":\"AOC Neuch\u00e2tel, Chasselas, 2024, 75cl\",\"isPartOf\":{\"@id\":\"https:\\\/\\\/domainepourtales.ch\\\/#website\"},\"primaryImageOfPage\":{\"@id\":\"https:\\\/\\\/domainepourtales.ch\\\/produit\\\/le-pelican-2024-75cl\\\/#primaryimage\"},\"image\":{\"@id\":\"https:\\\/\\\/domainepourtales.ch\\\/produit\\\/le-pelican-2024-75cl\\\/#primaryimage\"},\"thumbnailUrl\":\"https:\\\/\\\/domainepourtales.ch\\\/wp-content\\\/uploads\\\/2025\\\/05\\\/Le-Pelican-75cl.png\",\"datePublished\":\"2026-01-07T15:31:40+00:00\",\"dateModified\":\"2026-01-21T10:28:04+00:00\",\"description\":\"AOC Neuch\u00e2tel, Chasselas, 2024, 75cl, Le bouquet est frais et subtil. Nuances de p\u00e2te \u00e0 pain, d\u2019anis et de fruits \u00e0 noyaux. L\u00e9g\u00e8rement cr\u00e9meux, le vin a du pep. Un vin \u00e0 savourer avec une cuisine locale\",\"breadcrumb\":{\"@id\":\"https:\\\/\\\/domainepourtales.ch\\\/produit\\\/le-pelican-2024-75cl\\\/#breadcrumb\"},\"inLanguage\":\"it-IT\",\"potentialAction\":[{\"@type\":\"ReadAction\",\"target\":[\"https:\\\/\\\/domainepourtales.ch\\\/produit\\\/le-pelican-2024-75cl\\\/\"]}]},{\"@type\":\"ImageObject\",\"inLanguage\":\"it-IT\",\"@id\":\"https:\\\/\\\/domainepourtales.ch\\\/produit\\\/le-pelican-2024-75cl\\\/#primaryimage\",\"url\":\"https:\\\/\\\/domainepourtales.ch\\\/wp-content\\\/uploads\\\/2025\\\/05\\\/Le-Pelican-75cl.png\",\"contentUrl\":\"https:\\\/\\\/domainepourtales.ch\\\/wp-content\\\/uploads\\\/2025\\\/05\\\/Le-Pelican-75cl.png\",\"width\":1080,\"height\":1080},{\"@type\":\"BreadcrumbList\",\"@id\":\"https:\\\/\\\/domainepourtales.ch\\\/produit\\\/le-pelican-2024-75cl\\\/#breadcrumb\",\"itemListElement\":[{\"@type\":\"ListItem\",\"position\":1,\"name\":\"Accueil\",\"item\":\"https:\\\/\\\/domainepourtales.ch\\\/\"},{\"@type\":\"ListItem\",\"position\":2,\"name\":\"Nos Vins\",\"item\":\"https:\\\/\\\/domainepourtales.ch\\\/nos-vins\\\/\"},{\"@type\":\"ListItem\",\"position\":3,\"name\":\"Le P\u00e9lican 2024 &#8211; 75cl\"}]},{\"@type\":\"WebSite\",\"@id\":\"https:\\\/\\\/domainepourtales.ch\\\/#website\",\"url\":\"https:\\\/\\\/domainepourtales.ch\\\/\",\"name\":\"Domaine H\u00f4pital Pourtal\u00e8s\",\"description\":\"Nos vins, pour le bien-\u00eatre des patients\",\"potentialAction\":[{\"@type\":\"SearchAction\",\"target\":{\"@type\":\"EntryPoint\",\"urlTemplate\":\"https:\\\/\\\/domainepourtales.ch\\\/?s={search_term_string}\"},\"query-input\":{\"@type\":\"PropertyValueSpecification\",\"valueRequired\":true,\"valueName\":\"search_term_string\"}}],\"inLanguage\":\"it-IT\"}]}<\/script>\n<!-- \/ Yoast SEO plugin. -->","yoast_head_json":{"title":"AOC Neuch\u00e2tel, Chasselas, 2024, 75cl","description":"AOC Neuch\u00e2tel, Chasselas, 2024, 75cl, Le bouquet est frais et subtil. Nuances de p\u00e2te \u00e0 pain, d\u2019anis et de fruits \u00e0 noyaux. L\u00e9g\u00e8rement cr\u00e9meux, le vin a du pep. Un vin \u00e0 savourer avec une cuisine locale","robots":{"index":"index","follow":"follow","max-snippet":"max-snippet:-1","max-image-preview":"max-image-preview:large","max-video-preview":"max-video-preview:-1"},"canonical":"https:\/\/domainepourtales.ch\/it\/prodotto\/le-pelican-2024-75cl\/","og_locale":"it_IT","og_type":"article","og_title":"AOC Neuch\u00e2tel, Chasselas, 2024, 75cl","og_description":"AOC Neuch\u00e2tel, Chasselas, 2024, 75cl, Le bouquet est frais et subtil. Nuances de p\u00e2te \u00e0 pain, d\u2019anis et de fruits \u00e0 noyaux. L\u00e9g\u00e8rement cr\u00e9meux, le vin a du pep. Un vin \u00e0 savourer avec une cuisine locale","og_url":"https:\/\/domainepourtales.ch\/it\/prodotto\/le-pelican-2024-75cl\/","og_site_name":"Domaine H\u00f4pital Pourtal\u00e8s","article_modified_time":"2026-01-21T10:28:04+00:00","og_image":[{"width":1080,"height":1080,"url":"https:\/\/domainepourtales.ch\/wp-content\/uploads\/2025\/05\/Le-Pelican-75cl.png","type":"image\/png"}],"twitter_card":"summary_large_image","twitter_misc":{"Tempo di lettura stimato":"2 minuti"},"schema":{"@context":"https:\/\/schema.org","@graph":[{"@type":"WebPage","@id":"https:\/\/domainepourtales.ch\/produit\/le-pelican-2024-75cl\/","url":"https:\/\/domainepourtales.ch\/produit\/le-pelican-2024-75cl\/","name":"AOC Neuch\u00e2tel, Chasselas, 2024, 75cl","isPartOf":{"@id":"https:\/\/domainepourtales.ch\/#website"},"primaryImageOfPage":{"@id":"https:\/\/domainepourtales.ch\/produit\/le-pelican-2024-75cl\/#primaryimage"},"image":{"@id":"https:\/\/domainepourtales.ch\/produit\/le-pelican-2024-75cl\/#primaryimage"},"thumbnailUrl":"https:\/\/domainepourtales.ch\/wp-content\/uploads\/2025\/05\/Le-Pelican-75cl.png","datePublished":"2026-01-07T15:31:40+00:00","dateModified":"2026-01-21T10:28:04+00:00","description":"AOC Neuch\u00e2tel, Chasselas, 2024, 75cl, Le bouquet est frais et subtil. Nuances de p\u00e2te \u00e0 pain, d\u2019anis et de fruits \u00e0 noyaux. L\u00e9g\u00e8rement cr\u00e9meux, le vin a du pep. Un vin \u00e0 savourer avec une cuisine locale","breadcrumb":{"@id":"https:\/\/domainepourtales.ch\/produit\/le-pelican-2024-75cl\/#breadcrumb"},"inLanguage":"it-IT","potentialAction":[{"@type":"ReadAction","target":["https:\/\/domainepourtales.ch\/produit\/le-pelican-2024-75cl\/"]}]},{"@type":"ImageObject","inLanguage":"it-IT","@id":"https:\/\/domainepourtales.ch\/produit\/le-pelican-2024-75cl\/#primaryimage","url":"https:\/\/domainepourtales.ch\/wp-content\/uploads\/2025\/05\/Le-Pelican-75cl.png","contentUrl":"https:\/\/domainepourtales.ch\/wp-content\/uploads\/2025\/05\/Le-Pelican-75cl.png","width":1080,"height":1080},{"@type":"BreadcrumbList","@id":"https:\/\/domainepourtales.ch\/produit\/le-pelican-2024-75cl\/#breadcrumb","itemListElement":[{"@type":"ListItem","position":1,"name":"Accueil","item":"https:\/\/domainepourtales.ch\/"},{"@type":"ListItem","position":2,"name":"Nos Vins","item":"https:\/\/domainepourtales.ch\/nos-vins\/"},{"@type":"ListItem","position":3,"name":"Le P\u00e9lican 2024 &#8211; 75cl"}]},{"@type":"WebSite","@id":"https:\/\/domainepourtales.ch\/#website","url":"https:\/\/domainepourtales.ch\/","name":"Domaine H\u00f4pital Pourtal\u00e8s","description":"I nostri vini, per il benessere dei pazienti","potentialAction":[{"@type":"SearchAction","target":{"@type":"EntryPoint","urlTemplate":"https:\/\/domainepourtales.ch\/?s={search_term_string}"},"query-input":{"@type":"PropertyValueSpecification","valueRequired":true,"valueName":"search_term_string"}}],"inLanguage":"it-IT"}]}},"thumbnail":"https:\/\/domainepourtales.ch\/wp-content\/uploads\/2025\/05\/Le-Pelican-75cl.png","price_html":"<span class=\"woocommerce-Price-amount amount\"><bdi>22.00&nbsp;<span class=\"woocommerce-Price-currencySymbol\">&#67;&#72;&#70;<\/span><\/bdi><\/span>","on_sale":false,"stock_status":"instock","rating_html":"","rating_count":0,"_links":{"self":[{"href":"https:\/\/domainepourtales.ch\/it\/wp-json\/wp\/v2\/product\/36394","targetHints":{"allow":["GET"]}}],"collection":[{"href":"https:\/\/domainepourtales.ch\/it\/wp-json\/wp\/v2\/product"}],"about":[{"href":"https:\/\/domainepourtales.ch\/it\/wp-json\/wp\/v2\/types\/product"}],"replies":[{"embeddable":true,"href":"https:\/\/domainepourtales.ch\/it\/wp-json\/wp\/v2\/comments?post=36394"}],"wp:featuredmedia":[{"embeddable":true,"href":"https:\/\/domainepourtales.ch\/it\/wp-json\/wp\/v2\/media\/35095"}],"wp:attachment":[{"href":"https:\/\/domainepourtales.ch\/it\/wp-json\/wp\/v2\/media?parent=36394"}],"wp:term":[{"taxonomy":"product_brand","embeddable":true,"href":"https:\/\/domainepourtales.ch\/it\/wp-json\/wp\/v2\/product_brand?post=36394"},{"taxonomy":"product_cat","embeddable":true,"href":"https:\/\/domainepourtales.ch\/it\/wp-json\/wp\/v2\/product_cat?post=36394"},{"taxonomy":"product_tag","embeddable":true,"href":"https:\/\/domainepourtales.ch\/it\/wp-json\/wp\/v2\/product_tag?post=36394"}],"curies":[{"name":"wp","href":"https:\/\/api.w.org\/{rel}","templated":true}]}}