{"id":35128,"date":"2025-05-13T15:35:18","date_gmt":"2025-05-13T13:35:18","guid":{"rendered":"https:\/\/domainepourtales.ch\/?post_type=product&#038;p=35128"},"modified":"2025-07-14T17:31:37","modified_gmt":"2025-07-14T15:31:37","slug":"chasselas-2024-75cl","status":"publish","type":"product","link":"https:\/\/domainepourtales.ch\/it\/prodotto\/chasselas-2024-75cl\/","title":{"rendered":"Chasselas 2024 - 75cl"},"content":{"rendered":"<p>Culture et production :<br \/>\nLe vigne godono di un'insolazione tra le migliori possibili e sono lavorate in modo biologico. La produzione varia tra i 700 e i 900 g\/m2.<\/p>\n<p>Vinification :<br \/>\nUna volta pressate le uve, lo Chasselas viene fatto fermentare esclusivamente in botti di legno da 2.800 a 4.300 litri.<\/p>\n<p>Accord mets et vins :<br \/>\nUn piatto in stile Neuch\u00e2tel o una trippa si abbinano meravigliosamente allo Chasselas. Pi\u00f9 semplicemente, un formaggio moreau a pasta dura si abbina perfettamente a questo vino.<\/p>\n<p>D\u00e9tails techniques :<br \/>\nLa maggior parte del vino viene affinata in tini sulle fecce fini. Contiene solfiti.<\/p>\n<p>Commentaire d\u2019Yves Beck :<br \/>\nIl bouquet \u00e8 elegante e floreale, con note di fiori d'acacia. Il vino \u00e8 fruttato e armonico, fresco, dissetante e salivante. Un vino da gustare con calma, a partire dalle 11 del mattino!<\/p>\n<p>Distinctions :<br \/>\n\u2b502025 - Selezione oro del cantone di Neuch\u00e2tel - annata 2024<\/p>","protected":false},"excerpt":{"rendered":"<p>D\u2019une couleur de fleur de tilleul, au visuel finement p\u00e9tillant selon les ann\u00e9es, ce vin d\u00e9gage, au nez, un bouquet de sureau en fleur sur fond d\u2019ar\u00f4mes de c\u00e9page.<\/p>\n<p>En bouche, sa min\u00e9ralit\u00e9 est magnifi\u00e9e par son inimitable p\u00e9tillant. Go\u00fbt de chasselas et de terroir calcaire ; acidit\u00e9 de bon aloi conf\u00e9rant fra\u00eecheur et vivacit\u00e9. Une attaque franche, l\u00e9g\u00e8rement carbonique, ainsi qu\u2019une belle rondeur sont l\u2019expression de la parfaite harmonie de ce blanc neuch\u00e2telois.<\/p>\n<p>D\u2019une grande finesse aromatique, la teneur mod\u00e9r\u00e9e en alcool en fait un vin friand et \u00e9l\u00e9gant. A la fois d\u00e9salt\u00e9rant et rafra\u00eechissant, il est consommable aussi bien pour l\u2019ap\u00e9ritif que comme vin festif<\/p>","protected":false},"featured_media":35092,"comment_status":"open","ping_status":"closed","template":"","meta":{"_et_pb_use_builder":"","_et_pb_old_content":"","_et_gb_content_width":""},"product_brand":[],"product_cat":[175,73],"product_tag":[],"class_list":{"0":"post-35128","1":"product","2":"type-product","3":"status-publish","4":"has-post-thumbnail","6":"product_cat-75cl","7":"product_cat-chasselas","8":"pa_appellation-aoc-neuchatel","9":"pa_contenance-75cl","10":"pa_elevage-traditionnel","11":"pa_millesime-199","13":"first","14":"instock","15":"taxable","16":"shipping-taxable","17":"purchasable","18":"product-type-simple"},"yoast_head":"<!-- This site is optimized with the Yoast SEO plugin v27.4 - https:\/\/yoast.com\/product\/yoast-seo-wordpress\/ -->\n<title>AOC Neuch\u00e2tel, Chasselas, 2024, 75cl<\/title>\n<meta name=\"description\" content=\"AOC Neuch\u00e2tel, Chasselas, 2024, 75cl, D\u2019une couleur de fleur de tilleul, au visuel finement p\u00e9tillant selon les ann\u00e9es, ce vin d\u00e9gage, au nez, un bouquet de sureau en fleur sur fond d\u2019ar\u00f4mes de c\u00e9page.En bouche, sa min\u00e9ralit\u00e9 est magnifi\u00e9e par son inimitable p\u00e9tillant. Go\u00fbt de chasselas et de terroir calcaire ; acidit\u00e9 de bon aloi conf\u00e9rant fra\u00eecheur et vivacit\u00e9. Une attaque franche, l\u00e9g\u00e8rement carbonique, ainsi qu\u2019une belle rondeur sont l\u2019expression de la parfaite harmonie de ce blanc neuch\u00e2telois.D\u2019une grande finesse aromatique, la teneur mod\u00e9r\u00e9e en alcool en fait un vin friand et \u00e9l\u00e9gant. A la fois d\u00e9salt\u00e9rant et rafra\u00eechissant, il est consommable aussi bien pour l\u2019ap\u00e9ritif que comme vin festif\" \/>\n<meta name=\"robots\" content=\"index, follow, max-snippet:-1, max-image-preview:large, max-video-preview:-1\" \/>\n<link rel=\"canonical\" href=\"https:\/\/domainepourtales.ch\/it\/prodotto\/chasselas-2024-75cl\/\" \/>\n<meta property=\"og:locale\" content=\"it_IT\" \/>\n<meta property=\"og:type\" content=\"article\" \/>\n<meta property=\"og:title\" content=\"AOC Neuch\u00e2tel, Chasselas, 2024, 75cl\" \/>\n<meta property=\"og:description\" content=\"AOC Neuch\u00e2tel, Chasselas, 2024, 75cl, D\u2019une couleur de fleur de tilleul, au visuel finement p\u00e9tillant selon les ann\u00e9es, ce vin d\u00e9gage, au nez, un bouquet de sureau en fleur sur fond d\u2019ar\u00f4mes de c\u00e9page.En bouche, sa min\u00e9ralit\u00e9 est magnifi\u00e9e par son inimitable p\u00e9tillant. Go\u00fbt de chasselas et de terroir calcaire ; acidit\u00e9 de bon aloi conf\u00e9rant fra\u00eecheur et vivacit\u00e9. Une attaque franche, l\u00e9g\u00e8rement carbonique, ainsi qu\u2019une belle rondeur sont l\u2019expression de la parfaite harmonie de ce blanc neuch\u00e2telois.D\u2019une grande finesse aromatique, la teneur mod\u00e9r\u00e9e en alcool en fait un vin friand et \u00e9l\u00e9gant. A la fois d\u00e9salt\u00e9rant et rafra\u00eechissant, il est consommable aussi bien pour l\u2019ap\u00e9ritif que comme vin festif\" \/>\n<meta property=\"og:url\" content=\"https:\/\/domainepourtales.ch\/it\/prodotto\/chasselas-2024-75cl\/\" \/>\n<meta property=\"og:site_name\" content=\"Domaine H\u00f4pital Pourtal\u00e8s\" \/>\n<meta property=\"article:modified_time\" content=\"2025-07-14T15:31:37+00:00\" \/>\n<meta property=\"og:image\" content=\"https:\/\/domainepourtales.ch\/wp-content\/uploads\/2025\/05\/Chasselas-75cl.png\" \/>\n\t<meta property=\"og:image:width\" content=\"1080\" \/>\n\t<meta property=\"og:image:height\" content=\"1080\" \/>\n\t<meta property=\"og:image:type\" content=\"image\/png\" \/>\n<meta name=\"twitter:card\" content=\"summary_large_image\" \/>\n<meta name=\"twitter:label1\" content=\"Tempo di lettura stimato\" \/>\n\t<meta name=\"twitter:data1\" content=\"1 minuto\" \/>\n<script type=\"application\/ld+json\" class=\"yoast-schema-graph\">{\"@context\":\"https:\\\/\\\/schema.org\",\"@graph\":[{\"@type\":\"WebPage\",\"@id\":\"https:\\\/\\\/domainepourtales.ch\\\/produit\\\/chasselas-2024-75cl\\\/\",\"url\":\"https:\\\/\\\/domainepourtales.ch\\\/produit\\\/chasselas-2024-75cl\\\/\",\"name\":\"AOC Neuch\u00e2tel, Chasselas, 2024, 75cl\",\"isPartOf\":{\"@id\":\"https:\\\/\\\/domainepourtales.ch\\\/#website\"},\"primaryImageOfPage\":{\"@id\":\"https:\\\/\\\/domainepourtales.ch\\\/produit\\\/chasselas-2024-75cl\\\/#primaryimage\"},\"image\":{\"@id\":\"https:\\\/\\\/domainepourtales.ch\\\/produit\\\/chasselas-2024-75cl\\\/#primaryimage\"},\"thumbnailUrl\":\"https:\\\/\\\/domainepourtales.ch\\\/wp-content\\\/uploads\\\/2025\\\/05\\\/Chasselas-75cl.png\",\"datePublished\":\"2025-05-13T13:35:18+00:00\",\"dateModified\":\"2025-07-14T15:31:37+00:00\",\"description\":\"AOC Neuch\u00e2tel, Chasselas, 2024, 75cl, D\u2019une couleur de fleur de tilleul, au visuel finement p\u00e9tillant selon les ann\u00e9es, ce vin d\u00e9gage, au nez, un bouquet de sureau en fleur sur fond d\u2019ar\u00f4mes de c\u00e9page.En bouche, sa min\u00e9ralit\u00e9 est magnifi\u00e9e par son inimitable p\u00e9tillant. Go\u00fbt de chasselas et de terroir calcaire ; acidit\u00e9 de bon aloi conf\u00e9rant fra\u00eecheur et vivacit\u00e9. Une attaque franche, l\u00e9g\u00e8rement carbonique, ainsi qu\u2019une belle rondeur sont l\u2019expression de la parfaite harmonie de ce blanc neuch\u00e2telois.D\u2019une grande finesse aromatique, la teneur mod\u00e9r\u00e9e en alcool en fait un vin friand et \u00e9l\u00e9gant. A la fois d\u00e9salt\u00e9rant et rafra\u00eechissant, il est consommable aussi bien pour l\u2019ap\u00e9ritif que comme vin festif\",\"breadcrumb\":{\"@id\":\"https:\\\/\\\/domainepourtales.ch\\\/produit\\\/chasselas-2024-75cl\\\/#breadcrumb\"},\"inLanguage\":\"it-IT\",\"potentialAction\":[{\"@type\":\"ReadAction\",\"target\":[\"https:\\\/\\\/domainepourtales.ch\\\/produit\\\/chasselas-2024-75cl\\\/\"]}]},{\"@type\":\"ImageObject\",\"inLanguage\":\"it-IT\",\"@id\":\"https:\\\/\\\/domainepourtales.ch\\\/produit\\\/chasselas-2024-75cl\\\/#primaryimage\",\"url\":\"https:\\\/\\\/domainepourtales.ch\\\/wp-content\\\/uploads\\\/2025\\\/05\\\/Chasselas-75cl.png\",\"contentUrl\":\"https:\\\/\\\/domainepourtales.ch\\\/wp-content\\\/uploads\\\/2025\\\/05\\\/Chasselas-75cl.png\",\"width\":1080,\"height\":1080},{\"@type\":\"BreadcrumbList\",\"@id\":\"https:\\\/\\\/domainepourtales.ch\\\/produit\\\/chasselas-2024-75cl\\\/#breadcrumb\",\"itemListElement\":[{\"@type\":\"ListItem\",\"position\":1,\"name\":\"Accueil\",\"item\":\"https:\\\/\\\/domainepourtales.ch\\\/\"},{\"@type\":\"ListItem\",\"position\":2,\"name\":\"Nos Vins\",\"item\":\"https:\\\/\\\/domainepourtales.ch\\\/nos-vins\\\/\"},{\"@type\":\"ListItem\",\"position\":3,\"name\":\"Chasselas 2024 &#8211; 75cl\"}]},{\"@type\":\"WebSite\",\"@id\":\"https:\\\/\\\/domainepourtales.ch\\\/#website\",\"url\":\"https:\\\/\\\/domainepourtales.ch\\\/\",\"name\":\"Domaine H\u00f4pital Pourtal\u00e8s\",\"description\":\"Nos vins, pour le bien-\u00eatre des patients\",\"potentialAction\":[{\"@type\":\"SearchAction\",\"target\":{\"@type\":\"EntryPoint\",\"urlTemplate\":\"https:\\\/\\\/domainepourtales.ch\\\/?s={search_term_string}\"},\"query-input\":{\"@type\":\"PropertyValueSpecification\",\"valueRequired\":true,\"valueName\":\"search_term_string\"}}],\"inLanguage\":\"it-IT\"}]}<\/script>\n<!-- \/ Yoast SEO plugin. -->","yoast_head_json":{"title":"AOC Neuch\u00e2tel, Chasselas, 2024, 75cl","description":"AOC Neuch\u00e2tel, Chasselas, 2024, 75cl, D\u2019une couleur de fleur de tilleul, au visuel finement p\u00e9tillant selon les ann\u00e9es, ce vin d\u00e9gage, au nez, un bouquet de sureau en fleur sur fond d\u2019ar\u00f4mes de c\u00e9page.En bouche, sa min\u00e9ralit\u00e9 est magnifi\u00e9e par son inimitable p\u00e9tillant. Go\u00fbt de chasselas et de terroir calcaire ; acidit\u00e9 de bon aloi conf\u00e9rant fra\u00eecheur et vivacit\u00e9. Une attaque franche, l\u00e9g\u00e8rement carbonique, ainsi qu\u2019une belle rondeur sont l\u2019expression de la parfaite harmonie de ce blanc neuch\u00e2telois.D\u2019une grande finesse aromatique, la teneur mod\u00e9r\u00e9e en alcool en fait un vin friand et \u00e9l\u00e9gant. A la fois d\u00e9salt\u00e9rant et rafra\u00eechissant, il est consommable aussi bien pour l\u2019ap\u00e9ritif que comme vin festif","robots":{"index":"index","follow":"follow","max-snippet":"max-snippet:-1","max-image-preview":"max-image-preview:large","max-video-preview":"max-video-preview:-1"},"canonical":"https:\/\/domainepourtales.ch\/it\/prodotto\/chasselas-2024-75cl\/","og_locale":"it_IT","og_type":"article","og_title":"AOC Neuch\u00e2tel, Chasselas, 2024, 75cl","og_description":"AOC Neuch\u00e2tel, Chasselas, 2024, 75cl, D\u2019une couleur de fleur de tilleul, au visuel finement p\u00e9tillant selon les ann\u00e9es, ce vin d\u00e9gage, au nez, un bouquet de sureau en fleur sur fond d\u2019ar\u00f4mes de c\u00e9page.En bouche, sa min\u00e9ralit\u00e9 est magnifi\u00e9e par son inimitable p\u00e9tillant. Go\u00fbt de chasselas et de terroir calcaire ; acidit\u00e9 de bon aloi conf\u00e9rant fra\u00eecheur et vivacit\u00e9. Une attaque franche, l\u00e9g\u00e8rement carbonique, ainsi qu\u2019une belle rondeur sont l\u2019expression de la parfaite harmonie de ce blanc neuch\u00e2telois.D\u2019une grande finesse aromatique, la teneur mod\u00e9r\u00e9e en alcool en fait un vin friand et \u00e9l\u00e9gant. A la fois d\u00e9salt\u00e9rant et rafra\u00eechissant, il est consommable aussi bien pour l\u2019ap\u00e9ritif que comme vin festif","og_url":"https:\/\/domainepourtales.ch\/it\/prodotto\/chasselas-2024-75cl\/","og_site_name":"Domaine H\u00f4pital Pourtal\u00e8s","article_modified_time":"2025-07-14T15:31:37+00:00","og_image":[{"width":1080,"height":1080,"url":"https:\/\/domainepourtales.ch\/wp-content\/uploads\/2025\/05\/Chasselas-75cl.png","type":"image\/png"}],"twitter_card":"summary_large_image","twitter_misc":{"Tempo di lettura stimato":"1 minuto"},"schema":{"@context":"https:\/\/schema.org","@graph":[{"@type":"WebPage","@id":"https:\/\/domainepourtales.ch\/produit\/chasselas-2024-75cl\/","url":"https:\/\/domainepourtales.ch\/produit\/chasselas-2024-75cl\/","name":"AOC Neuch\u00e2tel, Chasselas, 2024, 75cl","isPartOf":{"@id":"https:\/\/domainepourtales.ch\/#website"},"primaryImageOfPage":{"@id":"https:\/\/domainepourtales.ch\/produit\/chasselas-2024-75cl\/#primaryimage"},"image":{"@id":"https:\/\/domainepourtales.ch\/produit\/chasselas-2024-75cl\/#primaryimage"},"thumbnailUrl":"https:\/\/domainepourtales.ch\/wp-content\/uploads\/2025\/05\/Chasselas-75cl.png","datePublished":"2025-05-13T13:35:18+00:00","dateModified":"2025-07-14T15:31:37+00:00","description":"AOC Neuch\u00e2tel, Chasselas, 2024, 75cl, D\u2019une couleur de fleur de tilleul, au visuel finement p\u00e9tillant selon les ann\u00e9es, ce vin d\u00e9gage, au nez, un bouquet de sureau en fleur sur fond d\u2019ar\u00f4mes de c\u00e9page.En bouche, sa min\u00e9ralit\u00e9 est magnifi\u00e9e par son inimitable p\u00e9tillant. Go\u00fbt de chasselas et de terroir calcaire ; acidit\u00e9 de bon aloi conf\u00e9rant fra\u00eecheur et vivacit\u00e9. Une attaque franche, l\u00e9g\u00e8rement carbonique, ainsi qu\u2019une belle rondeur sont l\u2019expression de la parfaite harmonie de ce blanc neuch\u00e2telois.D\u2019une grande finesse aromatique, la teneur mod\u00e9r\u00e9e en alcool en fait un vin friand et \u00e9l\u00e9gant. A la fois d\u00e9salt\u00e9rant et rafra\u00eechissant, il est consommable aussi bien pour l\u2019ap\u00e9ritif que comme vin festif","breadcrumb":{"@id":"https:\/\/domainepourtales.ch\/produit\/chasselas-2024-75cl\/#breadcrumb"},"inLanguage":"it-IT","potentialAction":[{"@type":"ReadAction","target":["https:\/\/domainepourtales.ch\/produit\/chasselas-2024-75cl\/"]}]},{"@type":"ImageObject","inLanguage":"it-IT","@id":"https:\/\/domainepourtales.ch\/produit\/chasselas-2024-75cl\/#primaryimage","url":"https:\/\/domainepourtales.ch\/wp-content\/uploads\/2025\/05\/Chasselas-75cl.png","contentUrl":"https:\/\/domainepourtales.ch\/wp-content\/uploads\/2025\/05\/Chasselas-75cl.png","width":1080,"height":1080},{"@type":"BreadcrumbList","@id":"https:\/\/domainepourtales.ch\/produit\/chasselas-2024-75cl\/#breadcrumb","itemListElement":[{"@type":"ListItem","position":1,"name":"Accueil","item":"https:\/\/domainepourtales.ch\/"},{"@type":"ListItem","position":2,"name":"Nos Vins","item":"https:\/\/domainepourtales.ch\/nos-vins\/"},{"@type":"ListItem","position":3,"name":"Chasselas 2024 &#8211; 75cl"}]},{"@type":"WebSite","@id":"https:\/\/domainepourtales.ch\/#website","url":"https:\/\/domainepourtales.ch\/","name":"Domaine H\u00f4pital Pourtal\u00e8s","description":"I nostri vini, per il benessere dei pazienti","potentialAction":[{"@type":"SearchAction","target":{"@type":"EntryPoint","urlTemplate":"https:\/\/domainepourtales.ch\/?s={search_term_string}"},"query-input":{"@type":"PropertyValueSpecification","valueRequired":true,"valueName":"search_term_string"}}],"inLanguage":"it-IT"}]}},"thumbnail":"https:\/\/domainepourtales.ch\/wp-content\/uploads\/2025\/05\/Chasselas-75cl.png","price_html":"<span class=\"woocommerce-Price-amount amount\"><bdi>12.90&nbsp;<span class=\"woocommerce-Price-currencySymbol\">&#67;&#72;&#70;<\/span><\/bdi><\/span>","on_sale":false,"stock_status":"instock","rating_html":"","rating_count":0,"_links":{"self":[{"href":"https:\/\/domainepourtales.ch\/it\/wp-json\/wp\/v2\/product\/35128","targetHints":{"allow":["GET"]}}],"collection":[{"href":"https:\/\/domainepourtales.ch\/it\/wp-json\/wp\/v2\/product"}],"about":[{"href":"https:\/\/domainepourtales.ch\/it\/wp-json\/wp\/v2\/types\/product"}],"replies":[{"embeddable":true,"href":"https:\/\/domainepourtales.ch\/it\/wp-json\/wp\/v2\/comments?post=35128"}],"wp:featuredmedia":[{"embeddable":true,"href":"https:\/\/domainepourtales.ch\/it\/wp-json\/wp\/v2\/media\/35092"}],"wp:attachment":[{"href":"https:\/\/domainepourtales.ch\/it\/wp-json\/wp\/v2\/media?parent=35128"}],"wp:term":[{"taxonomy":"product_brand","embeddable":true,"href":"https:\/\/domainepourtales.ch\/it\/wp-json\/wp\/v2\/product_brand?post=35128"},{"taxonomy":"product_cat","embeddable":true,"href":"https:\/\/domainepourtales.ch\/it\/wp-json\/wp\/v2\/product_cat?post=35128"},{"taxonomy":"product_tag","embeddable":true,"href":"https:\/\/domainepourtales.ch\/it\/wp-json\/wp\/v2\/product_tag?post=35128"}],"curies":[{"name":"wp","href":"https:\/\/api.w.org\/{rel}","templated":true}]}}