{"id":35119,"date":"2025-05-13T15:19:36","date_gmt":"2025-05-13T13:19:36","guid":{"rendered":"https:\/\/domainepourtales.ch\/?post_type=product&#038;p=35119"},"modified":"2025-11-04T16:26:34","modified_gmt":"2025-11-04T15:26:34","slug":"aoc-neuchatel-pinot-gris-2024-75cl","status":"publish","type":"product","link":"https:\/\/domainepourtales.ch\/it\/prodotto\/aoc-neuchatel-pinot-gris-2024-75cl\/","title":{"rendered":"Pinot grigio 2024 - 75cl"},"content":{"rendered":"<p>Culture et production :<br \/>\nCon una resa di 800gr\/m2, abbiamo selezionato rigorosamente le nostre uve per produrre questa cuv\u00e9e speciale.<\/p>\n<p>Vinification :<br \/>\nUna leggera macerazione sulle bucce ha conferito al vino un bel colore, rivelandone gli aromi.<\/p>\n<p>Accord mets et vins :<br \/>\nQuesto Pinot grigio secco si sposa perfettamente con pesce alla griglia, insalate fresche o antipasti leggeri, offrendo una bella armonia tra la sua freschezza fruttata e i sapori delicati dei piatti.<\/p>\n<p>D\u00e9tails techniques :<br \/>\nQuesto Pinot grigio \u00e8 stato prodotto in un'unica cuv\u00e9e, con l'obiettivo di esaltare il profilo aromatico del vitigno. Contiene solfiti.<\/p>\n<p>Commento:<br \/>\nQuesto Pinot grigio secco ha una struttura fresca e leggermente fruttata, con note di mela cotogna e pesca e un bouquet floreale piacevole ma discreto. Non \u00e8 eccessivamente complesso, il che lo rende facile da gustare per chi preferisce vini semplici, con una bella vivacit\u00e0 ma senza troppa intensit\u00e0.<\/p>","protected":false},"excerpt":{"rendered":"<p>Questo Pinot grigio secco ha una struttura fresca e leggermente fruttata, con note di mela cotogna e pesca e un bouquet floreale piacevole ma discreto. Non \u00e8 eccessivamente complesso, il che lo rende facile da gustare per chi preferisce vini semplici, con una bella vivacit\u00e0 ma senza troppa intensit\u00e0.<\/p>","protected":false},"featured_media":35103,"comment_status":"open","ping_status":"closed","template":"","meta":{"_et_pb_use_builder":"","_et_pb_old_content":"","_et_gb_content_width":""},"product_brand":[],"product_cat":[175,259],"product_tag":[],"class_list":{"0":"post-35119","1":"product","2":"type-product","3":"status-publish","4":"has-post-thumbnail","6":"product_cat-75cl","7":"product_cat-pinot-gris","8":"pa_appellation-aoc-neuchatel","9":"pa_contenance-75cl","10":"pa_elevage-traditionnel","11":"pa_millesime-199","13":"first","14":"outofstock","15":"taxable","16":"shipping-taxable","17":"purchasable","18":"product-type-simple"},"yoast_head":"<!-- This site is optimized with the Yoast SEO plugin v27.4 - https:\/\/yoast.com\/product\/yoast-seo-wordpress\/ -->\n<title>AOC Neuch\u00e2tel, Pinot Gris, 2024, 75cl<\/title>\n<meta name=\"description\" content=\"Il offre une trame fra\u00eeche et l\u00e9g\u00e8rement fruit\u00e9e, avec des notes de coing et de p\u00eache, et un bouquet floral agr\u00e9able. AOC Neuch\u00e2tel, Pinot Gris, 2024\" \/>\n<meta name=\"robots\" content=\"index, follow, max-snippet:-1, max-image-preview:large, max-video-preview:-1\" \/>\n<link rel=\"canonical\" href=\"https:\/\/domainepourtales.ch\/it\/prodotto\/aoc-neuchatel-pinot-gris-2024-75cl\/\" \/>\n<meta property=\"og:locale\" content=\"it_IT\" \/>\n<meta property=\"og:type\" content=\"article\" \/>\n<meta property=\"og:title\" content=\"AOC Neuch\u00e2tel, Pinot Gris, 2024, 75cl\" \/>\n<meta property=\"og:description\" content=\"Il offre une trame fra\u00eeche et l\u00e9g\u00e8rement fruit\u00e9e, avec des notes de coing et de p\u00eache, et un bouquet floral agr\u00e9able. AOC Neuch\u00e2tel, Pinot Gris, 2024\" \/>\n<meta property=\"og:url\" content=\"https:\/\/domainepourtales.ch\/it\/prodotto\/aoc-neuchatel-pinot-gris-2024-75cl\/\" \/>\n<meta property=\"og:site_name\" content=\"Domaine H\u00f4pital Pourtal\u00e8s\" \/>\n<meta property=\"article:modified_time\" content=\"2025-11-04T15:26:34+00:00\" \/>\n<meta property=\"og:image\" content=\"https:\/\/domainepourtales.ch\/wp-content\/uploads\/2025\/05\/Pinot-Gris-75cl.png\" \/>\n\t<meta property=\"og:image:width\" content=\"1080\" \/>\n\t<meta property=\"og:image:height\" content=\"1080\" \/>\n\t<meta property=\"og:image:type\" content=\"image\/png\" \/>\n<meta name=\"twitter:card\" content=\"summary_large_image\" \/>\n<meta name=\"twitter:label1\" content=\"Tempo di lettura stimato\" \/>\n\t<meta name=\"twitter:data1\" content=\"1 minuto\" \/>\n<script type=\"application\/ld+json\" class=\"yoast-schema-graph\">{\"@context\":\"https:\\\/\\\/schema.org\",\"@graph\":[{\"@type\":\"WebPage\",\"@id\":\"https:\\\/\\\/domainepourtales.ch\\\/produit\\\/aoc-neuchatel-pinot-gris-2024-75cl\\\/\",\"url\":\"https:\\\/\\\/domainepourtales.ch\\\/produit\\\/aoc-neuchatel-pinot-gris-2024-75cl\\\/\",\"name\":\"AOC Neuch\u00e2tel, Pinot Gris, 2024, 75cl\",\"isPartOf\":{\"@id\":\"https:\\\/\\\/domainepourtales.ch\\\/#website\"},\"primaryImageOfPage\":{\"@id\":\"https:\\\/\\\/domainepourtales.ch\\\/produit\\\/aoc-neuchatel-pinot-gris-2024-75cl\\\/#primaryimage\"},\"image\":{\"@id\":\"https:\\\/\\\/domainepourtales.ch\\\/produit\\\/aoc-neuchatel-pinot-gris-2024-75cl\\\/#primaryimage\"},\"thumbnailUrl\":\"https:\\\/\\\/domainepourtales.ch\\\/wp-content\\\/uploads\\\/2025\\\/05\\\/Pinot-Gris-75cl.png\",\"datePublished\":\"2025-05-13T13:19:36+00:00\",\"dateModified\":\"2025-11-04T15:26:34+00:00\",\"description\":\"Il offre une trame fra\u00eeche et l\u00e9g\u00e8rement fruit\u00e9e, avec des notes de coing et de p\u00eache, et un bouquet floral agr\u00e9able. AOC Neuch\u00e2tel, Pinot Gris, 2024\",\"breadcrumb\":{\"@id\":\"https:\\\/\\\/domainepourtales.ch\\\/produit\\\/aoc-neuchatel-pinot-gris-2024-75cl\\\/#breadcrumb\"},\"inLanguage\":\"it-IT\",\"potentialAction\":[{\"@type\":\"ReadAction\",\"target\":[\"https:\\\/\\\/domainepourtales.ch\\\/produit\\\/aoc-neuchatel-pinot-gris-2024-75cl\\\/\"]}]},{\"@type\":\"ImageObject\",\"inLanguage\":\"it-IT\",\"@id\":\"https:\\\/\\\/domainepourtales.ch\\\/produit\\\/aoc-neuchatel-pinot-gris-2024-75cl\\\/#primaryimage\",\"url\":\"https:\\\/\\\/domainepourtales.ch\\\/wp-content\\\/uploads\\\/2025\\\/05\\\/Pinot-Gris-75cl.png\",\"contentUrl\":\"https:\\\/\\\/domainepourtales.ch\\\/wp-content\\\/uploads\\\/2025\\\/05\\\/Pinot-Gris-75cl.png\",\"width\":1080,\"height\":1080},{\"@type\":\"BreadcrumbList\",\"@id\":\"https:\\\/\\\/domainepourtales.ch\\\/produit\\\/aoc-neuchatel-pinot-gris-2024-75cl\\\/#breadcrumb\",\"itemListElement\":[{\"@type\":\"ListItem\",\"position\":1,\"name\":\"Accueil\",\"item\":\"https:\\\/\\\/domainepourtales.ch\\\/\"},{\"@type\":\"ListItem\",\"position\":2,\"name\":\"Nos Vins\",\"item\":\"https:\\\/\\\/domainepourtales.ch\\\/nos-vins\\\/\"},{\"@type\":\"ListItem\",\"position\":3,\"name\":\"Pinot Gris 2024 &#8211; 75cl\"}]},{\"@type\":\"WebSite\",\"@id\":\"https:\\\/\\\/domainepourtales.ch\\\/#website\",\"url\":\"https:\\\/\\\/domainepourtales.ch\\\/\",\"name\":\"Domaine H\u00f4pital Pourtal\u00e8s\",\"description\":\"Nos vins, pour le bien-\u00eatre des patients\",\"potentialAction\":[{\"@type\":\"SearchAction\",\"target\":{\"@type\":\"EntryPoint\",\"urlTemplate\":\"https:\\\/\\\/domainepourtales.ch\\\/?s={search_term_string}\"},\"query-input\":{\"@type\":\"PropertyValueSpecification\",\"valueRequired\":true,\"valueName\":\"search_term_string\"}}],\"inLanguage\":\"it-IT\"}]}<\/script>\n<!-- \/ Yoast SEO plugin. -->","yoast_head_json":{"title":"AOC Neuch\u00e2tel, Pinot Gris, 2024, 75cl","description":"Il offre une trame fra\u00eeche et l\u00e9g\u00e8rement fruit\u00e9e, avec des notes de coing et de p\u00eache, et un bouquet floral agr\u00e9able. AOC Neuch\u00e2tel, Pinot Gris, 2024","robots":{"index":"index","follow":"follow","max-snippet":"max-snippet:-1","max-image-preview":"max-image-preview:large","max-video-preview":"max-video-preview:-1"},"canonical":"https:\/\/domainepourtales.ch\/it\/prodotto\/aoc-neuchatel-pinot-gris-2024-75cl\/","og_locale":"it_IT","og_type":"article","og_title":"AOC Neuch\u00e2tel, Pinot Gris, 2024, 75cl","og_description":"Il offre une trame fra\u00eeche et l\u00e9g\u00e8rement fruit\u00e9e, avec des notes de coing et de p\u00eache, et un bouquet floral agr\u00e9able. AOC Neuch\u00e2tel, Pinot Gris, 2024","og_url":"https:\/\/domainepourtales.ch\/it\/prodotto\/aoc-neuchatel-pinot-gris-2024-75cl\/","og_site_name":"Domaine H\u00f4pital Pourtal\u00e8s","article_modified_time":"2025-11-04T15:26:34+00:00","og_image":[{"width":1080,"height":1080,"url":"https:\/\/domainepourtales.ch\/wp-content\/uploads\/2025\/05\/Pinot-Gris-75cl.png","type":"image\/png"}],"twitter_card":"summary_large_image","twitter_misc":{"Tempo di lettura stimato":"1 minuto"},"schema":{"@context":"https:\/\/schema.org","@graph":[{"@type":"WebPage","@id":"https:\/\/domainepourtales.ch\/produit\/aoc-neuchatel-pinot-gris-2024-75cl\/","url":"https:\/\/domainepourtales.ch\/produit\/aoc-neuchatel-pinot-gris-2024-75cl\/","name":"AOC Neuch\u00e2tel, Pinot Gris, 2024, 75cl","isPartOf":{"@id":"https:\/\/domainepourtales.ch\/#website"},"primaryImageOfPage":{"@id":"https:\/\/domainepourtales.ch\/produit\/aoc-neuchatel-pinot-gris-2024-75cl\/#primaryimage"},"image":{"@id":"https:\/\/domainepourtales.ch\/produit\/aoc-neuchatel-pinot-gris-2024-75cl\/#primaryimage"},"thumbnailUrl":"https:\/\/domainepourtales.ch\/wp-content\/uploads\/2025\/05\/Pinot-Gris-75cl.png","datePublished":"2025-05-13T13:19:36+00:00","dateModified":"2025-11-04T15:26:34+00:00","description":"Il offre une trame fra\u00eeche et l\u00e9g\u00e8rement fruit\u00e9e, avec des notes de coing et de p\u00eache, et un bouquet floral agr\u00e9able. AOC Neuch\u00e2tel, Pinot Gris, 2024","breadcrumb":{"@id":"https:\/\/domainepourtales.ch\/produit\/aoc-neuchatel-pinot-gris-2024-75cl\/#breadcrumb"},"inLanguage":"it-IT","potentialAction":[{"@type":"ReadAction","target":["https:\/\/domainepourtales.ch\/produit\/aoc-neuchatel-pinot-gris-2024-75cl\/"]}]},{"@type":"ImageObject","inLanguage":"it-IT","@id":"https:\/\/domainepourtales.ch\/produit\/aoc-neuchatel-pinot-gris-2024-75cl\/#primaryimage","url":"https:\/\/domainepourtales.ch\/wp-content\/uploads\/2025\/05\/Pinot-Gris-75cl.png","contentUrl":"https:\/\/domainepourtales.ch\/wp-content\/uploads\/2025\/05\/Pinot-Gris-75cl.png","width":1080,"height":1080},{"@type":"BreadcrumbList","@id":"https:\/\/domainepourtales.ch\/produit\/aoc-neuchatel-pinot-gris-2024-75cl\/#breadcrumb","itemListElement":[{"@type":"ListItem","position":1,"name":"Accueil","item":"https:\/\/domainepourtales.ch\/"},{"@type":"ListItem","position":2,"name":"Nos Vins","item":"https:\/\/domainepourtales.ch\/nos-vins\/"},{"@type":"ListItem","position":3,"name":"Pinot Gris 2024 &#8211; 75cl"}]},{"@type":"WebSite","@id":"https:\/\/domainepourtales.ch\/#website","url":"https:\/\/domainepourtales.ch\/","name":"Domaine H\u00f4pital Pourtal\u00e8s","description":"I nostri vini, per il benessere dei pazienti","potentialAction":[{"@type":"SearchAction","target":{"@type":"EntryPoint","urlTemplate":"https:\/\/domainepourtales.ch\/?s={search_term_string}"},"query-input":{"@type":"PropertyValueSpecification","valueRequired":true,"valueName":"search_term_string"}}],"inLanguage":"it-IT"}]}},"thumbnail":"https:\/\/domainepourtales.ch\/wp-content\/uploads\/2025\/05\/Pinot-Gris-75cl.png","price_html":"<span class=\"woocommerce-Price-amount amount\"><bdi>19.00&nbsp;<span class=\"woocommerce-Price-currencySymbol\">&#67;&#72;&#70;<\/span><\/bdi><\/span>","on_sale":false,"stock_status":"outofstock","rating_html":"","rating_count":0,"_links":{"self":[{"href":"https:\/\/domainepourtales.ch\/it\/wp-json\/wp\/v2\/product\/35119","targetHints":{"allow":["GET"]}}],"collection":[{"href":"https:\/\/domainepourtales.ch\/it\/wp-json\/wp\/v2\/product"}],"about":[{"href":"https:\/\/domainepourtales.ch\/it\/wp-json\/wp\/v2\/types\/product"}],"replies":[{"embeddable":true,"href":"https:\/\/domainepourtales.ch\/it\/wp-json\/wp\/v2\/comments?post=35119"}],"wp:featuredmedia":[{"embeddable":true,"href":"https:\/\/domainepourtales.ch\/it\/wp-json\/wp\/v2\/media\/35103"}],"wp:attachment":[{"href":"https:\/\/domainepourtales.ch\/it\/wp-json\/wp\/v2\/media?parent=35119"}],"wp:term":[{"taxonomy":"product_brand","embeddable":true,"href":"https:\/\/domainepourtales.ch\/it\/wp-json\/wp\/v2\/product_brand?post=35119"},{"taxonomy":"product_cat","embeddable":true,"href":"https:\/\/domainepourtales.ch\/it\/wp-json\/wp\/v2\/product_cat?post=35119"},{"taxonomy":"product_tag","embeddable":true,"href":"https:\/\/domainepourtales.ch\/it\/wp-json\/wp\/v2\/product_tag?post=35119"}],"curies":[{"name":"wp","href":"https:\/\/api.w.org\/{rel}","templated":true}]}}