{"id":33547,"date":"2024-11-20T15:09:45","date_gmt":"2024-11-20T14:09:45","guid":{"rendered":"https:\/\/domainepourtales.ch\/?post_type=product&#038;p=33547"},"modified":"2025-07-14T17:33:18","modified_gmt":"2025-07-14T15:33:18","slug":"les-perles-dor","status":"publish","type":"product","link":"https:\/\/domainepourtales.ch\/it\/prodotto\/les-perles-dor\/","title":{"rendered":"Le Perle d'oro 2023"},"content":{"rendered":"<p>Culture et production :<br \/>\nLe vigne godono di un'insolazione tra le migliori possibili e sono lavorate in modo biologico. La produzione varia tra i 700 e i 900 g\/m2.<\/p>\n<p>Vinification :<br \/>\nQuesto Chasselas da vecchie vigne (et\u00e0 media 60 anni) \u00e8 stato fermentato per 1,5 mesi a bassa temperatura (tra 10 e 12\u00b0C). Nessuna fermentazione malolattica, breve macerazione di 4 ore durante la pressatura. Invecchiamento pi\u00f9 lungo del normale in un tino da 2800 litri (imbottigliato a luglio).<\/p>\n<p>Accord mets et vins :<br \/>\nSi abbina molto bene al pesce per i pasti festivi. <\/p>\n<p>D\u00e9tails techniques :<br \/>\nLa maggior parte del vino viene affinata in tini sulle fecce fini. Contiene solfiti.<\/p>\n<p>Commentaire d\u2019Yves Beck :<br \/>\nIl bouquet \u00e8 elegante e floreale, con note di fiori d'acacia. Il vino \u00e8 fruttato e armonico, fresco, dissetante e salivante. Un vino da gustare con calma, a partire dalle 11 del mattino!<\/p>\n<p>Distinctions :<br \/>\n\u2b502025- Selezione cantonale di Neuch\u00e2tel - Prix Excellence, miglior chasselas del concorso - annata 2023<\/p>","protected":false},"excerpt":{"rendered":"<p>Il bouquet \u00e8 molto chiaro, leggibile e preciso, in linea con l'immagine complessiva dei vini di Lo\u00efc Veillard. L'armonia \u00e8 il filo conduttore del bouquet, con un'ottima capacit\u00e0 dei diversi componenti di completarsi a vicenda. Al palato, il vino beneficia del dinamismo dell'acido malico. Ha carattere ma anche una certa pienezza ed \u00e8 un vino da gustare a pasto, ad esempio con il pesce del lago di Neuch\u00e2tel. <\/p>","protected":false},"featured_media":35096,"comment_status":"open","ping_status":"closed","template":"","meta":{"_et_pb_use_builder":"off","_et_pb_old_content":"Culture et production : \r\nLes vignes poss\u00e8dent l'un des meilleurs ensoleillements possibles et sont travaill\u00e9es en m\u00e9thode biologique. La production varie entre 700 et 900gr\/m2.\r\n\r\nVinification :\r\nCe Chasselas de vieilles vignes (\u00e2ge moyen de 60 ans) a ferment\u00e9 pendant 1,5 mois \u00e0 basse temp\u00e9rature (entre 10 et 12\u00b0C). Pas de fermentation malolactique, mac\u00e9ration courte de 4 heures lors du pressurage. Avec un \u00e9levage en Vase de 2800lt  plus long que normal (mis en bouteille au mois de juillet).\r\n\r\nAccord mets et vins :\r\nIl accompagnera tr\u00e8s bien vos poissons lors des repas de f\u00eates. \r\n\r\nD\u00e9tails techniques :\r\n\u00c9lever \u00e0 grande majorit\u00e9 dans des foudres et sur fines lies.\r\n\r\nCommentaire d'Yves Beck :\r\nLe bouquet est \u00e9l\u00e9gant, floral, avec des nuances de fleurs d'acacia. Friand et harmonieux, le vin est frais, d\u00e9salt\u00e9rant et salivant. Un vin \u00e0 savourer en toute qui\u00e9tude, d\u00e8s 11h00 !\r\n\r\nDistinctions :\r\n-","_et_gb_content_width":""},"product_brand":[],"product_cat":[175,73],"product_tag":[],"class_list":{"0":"post-33547","1":"product","2":"type-product","3":"status-publish","4":"has-post-thumbnail","6":"product_cat-75cl","7":"product_cat-chasselas","8":"pa_appellation-aoc-neuchatel","9":"pa_contenance-75cl","10":"pa_elevage-traditionnel","11":"pa_millesime-181","13":"first","14":"instock","15":"taxable","16":"shipping-taxable","17":"purchasable","18":"product-type-simple"},"yoast_head":"<!-- This site is optimized with the Yoast SEO plugin v27.5 - https:\/\/yoast.com\/product\/yoast-seo-wordpress\/ -->\n<title>AOC Neuch\u00e2tel, Chasselas, 2023, 75cl<\/title>\n<meta name=\"description\" content=\"Le bouquet est tr\u00e8s clair, lisible, pr\u00e9cis et correspond \u00e0 l&#039;image globale des vins de Lo\u00efc Veillard. L&#039;harmonie est le fil conducteur du bouquet, avec une belle capacit\u00e9 des diff\u00e9rentes composantes \u00e0 se compl\u00e9ter. En bouche, le vin b\u00e9n\u00e9ficie du dynamisme que lui conf\u00e8re l&#039;acide malique. Il a du temp\u00e9rament mais aussi une certaine ampleur et se positionne comme un vin \u00e0 d\u00e9guster lors d&#039;un repas, par exemple avec des poissons du lac de Neuch\u00e2tel.\" \/>\n<meta name=\"robots\" content=\"index, follow, max-snippet:-1, max-image-preview:large, max-video-preview:-1\" \/>\n<link rel=\"canonical\" href=\"https:\/\/domainepourtales.ch\/it\/prodotto\/les-perles-dor\/\" \/>\n<meta property=\"og:locale\" content=\"it_IT\" \/>\n<meta property=\"og:type\" content=\"article\" \/>\n<meta property=\"og:title\" content=\"AOC Neuch\u00e2tel, Chasselas, 2023, 75cl\" \/>\n<meta property=\"og:description\" content=\"Le bouquet est tr\u00e8s clair, lisible, pr\u00e9cis et correspond \u00e0 l&#039;image globale des vins de Lo\u00efc Veillard. L&#039;harmonie est le fil conducteur du bouquet, avec une belle capacit\u00e9 des diff\u00e9rentes composantes \u00e0 se compl\u00e9ter. En bouche, le vin b\u00e9n\u00e9ficie du dynamisme que lui conf\u00e8re l&#039;acide malique. Il a du temp\u00e9rament mais aussi une certaine ampleur et se positionne comme un vin \u00e0 d\u00e9guster lors d&#039;un repas, par exemple avec des poissons du lac de Neuch\u00e2tel.\" \/>\n<meta property=\"og:url\" content=\"https:\/\/domainepourtales.ch\/it\/prodotto\/les-perles-dor\/\" \/>\n<meta property=\"og:site_name\" content=\"Domaine H\u00f4pital Pourtal\u00e8s\" \/>\n<meta property=\"article:modified_time\" content=\"2025-07-14T15:33:18+00:00\" \/>\n<meta property=\"og:image\" content=\"https:\/\/domainepourtales.ch\/wp-content\/uploads\/2025\/05\/Les-Perles-dOr-75cl.png\" \/>\n\t<meta property=\"og:image:width\" content=\"1080\" \/>\n\t<meta property=\"og:image:height\" content=\"1080\" \/>\n\t<meta property=\"og:image:type\" content=\"image\/png\" \/>\n<meta name=\"twitter:card\" content=\"summary_large_image\" \/>\n<meta name=\"twitter:label1\" content=\"Tempo di lettura stimato\" \/>\n\t<meta name=\"twitter:data1\" content=\"1 minuto\" \/>\n<script type=\"application\/ld+json\" class=\"yoast-schema-graph\">{\"@context\":\"https:\\\/\\\/schema.org\",\"@graph\":[{\"@type\":\"WebPage\",\"@id\":\"https:\\\/\\\/domainepourtales.ch\\\/produit\\\/les-perles-dor\\\/\",\"url\":\"https:\\\/\\\/domainepourtales.ch\\\/produit\\\/les-perles-dor\\\/\",\"name\":\"AOC Neuch\u00e2tel, Chasselas, 2023, 75cl\",\"isPartOf\":{\"@id\":\"https:\\\/\\\/domainepourtales.ch\\\/#website\"},\"primaryImageOfPage\":{\"@id\":\"https:\\\/\\\/domainepourtales.ch\\\/produit\\\/les-perles-dor\\\/#primaryimage\"},\"image\":{\"@id\":\"https:\\\/\\\/domainepourtales.ch\\\/produit\\\/les-perles-dor\\\/#primaryimage\"},\"thumbnailUrl\":\"https:\\\/\\\/domainepourtales.ch\\\/wp-content\\\/uploads\\\/2025\\\/05\\\/Les-Perles-dOr-75cl.png\",\"datePublished\":\"2024-11-20T14:09:45+00:00\",\"dateModified\":\"2025-07-14T15:33:18+00:00\",\"description\":\"Le bouquet est tr\u00e8s clair, lisible, pr\u00e9cis et correspond \u00e0 l'image globale des vins de Lo\u00efc Veillard. L'harmonie est le fil conducteur du bouquet, avec une belle capacit\u00e9 des diff\u00e9rentes composantes \u00e0 se compl\u00e9ter. En bouche, le vin b\u00e9n\u00e9ficie du dynamisme que lui conf\u00e8re l'acide malique. Il a du temp\u00e9rament mais aussi une certaine ampleur et se positionne comme un vin \u00e0 d\u00e9guster lors d'un repas, par exemple avec des poissons du lac de Neuch\u00e2tel.\",\"breadcrumb\":{\"@id\":\"https:\\\/\\\/domainepourtales.ch\\\/produit\\\/les-perles-dor\\\/#breadcrumb\"},\"inLanguage\":\"it-IT\",\"potentialAction\":[{\"@type\":\"ReadAction\",\"target\":[\"https:\\\/\\\/domainepourtales.ch\\\/produit\\\/les-perles-dor\\\/\"]}]},{\"@type\":\"ImageObject\",\"inLanguage\":\"it-IT\",\"@id\":\"https:\\\/\\\/domainepourtales.ch\\\/produit\\\/les-perles-dor\\\/#primaryimage\",\"url\":\"https:\\\/\\\/domainepourtales.ch\\\/wp-content\\\/uploads\\\/2025\\\/05\\\/Les-Perles-dOr-75cl.png\",\"contentUrl\":\"https:\\\/\\\/domainepourtales.ch\\\/wp-content\\\/uploads\\\/2025\\\/05\\\/Les-Perles-dOr-75cl.png\",\"width\":1080,\"height\":1080},{\"@type\":\"BreadcrumbList\",\"@id\":\"https:\\\/\\\/domainepourtales.ch\\\/produit\\\/les-perles-dor\\\/#breadcrumb\",\"itemListElement\":[{\"@type\":\"ListItem\",\"position\":1,\"name\":\"Accueil\",\"item\":\"https:\\\/\\\/domainepourtales.ch\\\/\"},{\"@type\":\"ListItem\",\"position\":2,\"name\":\"Nos Vins\",\"item\":\"https:\\\/\\\/domainepourtales.ch\\\/nos-vins\\\/\"},{\"@type\":\"ListItem\",\"position\":3,\"name\":\"Les Perles d\u2019Or 2023\"}]},{\"@type\":\"WebSite\",\"@id\":\"https:\\\/\\\/domainepourtales.ch\\\/#website\",\"url\":\"https:\\\/\\\/domainepourtales.ch\\\/\",\"name\":\"Domaine H\u00f4pital Pourtal\u00e8s\",\"description\":\"Nos vins, pour le bien-\u00eatre des patients\",\"potentialAction\":[{\"@type\":\"SearchAction\",\"target\":{\"@type\":\"EntryPoint\",\"urlTemplate\":\"https:\\\/\\\/domainepourtales.ch\\\/?s={search_term_string}\"},\"query-input\":{\"@type\":\"PropertyValueSpecification\",\"valueRequired\":true,\"valueName\":\"search_term_string\"}}],\"inLanguage\":\"it-IT\"}]}<\/script>\n<!-- \/ Yoast SEO plugin. -->","yoast_head_json":{"title":"AOC Neuch\u00e2tel, Chasselas, 2023, 75cl","description":"Il bouquet \u00e8 molto chiaro, leggibile e preciso, in linea con l'immagine generale dei vini di Lo\u00efc Veillard. L'armonia \u00e8 il filo conduttore del bouquet, con le diverse componenti che si completano a vicenda. Al palato, il vino beneficia del dinamismo dell'acido malico. Ha carattere ma anche una certa pienezza ed \u00e8 un vino da gustare a pasto, ad esempio con il pesce del lago di Neuch\u00e2tel.","robots":{"index":"index","follow":"follow","max-snippet":"max-snippet:-1","max-image-preview":"max-image-preview:large","max-video-preview":"max-video-preview:-1"},"canonical":"https:\/\/domainepourtales.ch\/it\/prodotto\/les-perles-dor\/","og_locale":"it_IT","og_type":"article","og_title":"AOC Neuch\u00e2tel, Chasselas, 2023, 75cl","og_description":"Le bouquet est tr\u00e8s clair, lisible, pr\u00e9cis et correspond \u00e0 l'image globale des vins de Lo\u00efc Veillard. L'harmonie est le fil conducteur du bouquet, avec une belle capacit\u00e9 des diff\u00e9rentes composantes \u00e0 se compl\u00e9ter. En bouche, le vin b\u00e9n\u00e9ficie du dynamisme que lui conf\u00e8re l'acide malique. Il a du temp\u00e9rament mais aussi une certaine ampleur et se positionne comme un vin \u00e0 d\u00e9guster lors d'un repas, par exemple avec des poissons du lac de Neuch\u00e2tel.","og_url":"https:\/\/domainepourtales.ch\/it\/prodotto\/les-perles-dor\/","og_site_name":"Domaine H\u00f4pital Pourtal\u00e8s","article_modified_time":"2025-07-14T15:33:18+00:00","og_image":[{"width":1080,"height":1080,"url":"https:\/\/domainepourtales.ch\/wp-content\/uploads\/2025\/05\/Les-Perles-dOr-75cl.png","type":"image\/png"}],"twitter_card":"summary_large_image","twitter_misc":{"Tempo di lettura stimato":"1 minuto"},"schema":{"@context":"https:\/\/schema.org","@graph":[{"@type":"WebPage","@id":"https:\/\/domainepourtales.ch\/produit\/les-perles-dor\/","url":"https:\/\/domainepourtales.ch\/produit\/les-perles-dor\/","name":"AOC Neuch\u00e2tel, Chasselas, 2023, 75cl","isPartOf":{"@id":"https:\/\/domainepourtales.ch\/#website"},"primaryImageOfPage":{"@id":"https:\/\/domainepourtales.ch\/produit\/les-perles-dor\/#primaryimage"},"image":{"@id":"https:\/\/domainepourtales.ch\/produit\/les-perles-dor\/#primaryimage"},"thumbnailUrl":"https:\/\/domainepourtales.ch\/wp-content\/uploads\/2025\/05\/Les-Perles-dOr-75cl.png","datePublished":"2024-11-20T14:09:45+00:00","dateModified":"2025-07-14T15:33:18+00:00","description":"Il bouquet \u00e8 molto chiaro, leggibile e preciso, in linea con l'immagine generale dei vini di Lo\u00efc Veillard. L'armonia \u00e8 il filo conduttore del bouquet, con le diverse componenti che si completano a vicenda. Al palato, il vino beneficia del dinamismo dell'acido malico. Ha carattere ma anche una certa pienezza ed \u00e8 un vino da gustare a pasto, ad esempio con il pesce del lago di Neuch\u00e2tel.","breadcrumb":{"@id":"https:\/\/domainepourtales.ch\/produit\/les-perles-dor\/#breadcrumb"},"inLanguage":"it-IT","potentialAction":[{"@type":"ReadAction","target":["https:\/\/domainepourtales.ch\/produit\/les-perles-dor\/"]}]},{"@type":"ImageObject","inLanguage":"it-IT","@id":"https:\/\/domainepourtales.ch\/produit\/les-perles-dor\/#primaryimage","url":"https:\/\/domainepourtales.ch\/wp-content\/uploads\/2025\/05\/Les-Perles-dOr-75cl.png","contentUrl":"https:\/\/domainepourtales.ch\/wp-content\/uploads\/2025\/05\/Les-Perles-dOr-75cl.png","width":1080,"height":1080},{"@type":"BreadcrumbList","@id":"https:\/\/domainepourtales.ch\/produit\/les-perles-dor\/#breadcrumb","itemListElement":[{"@type":"ListItem","position":1,"name":"Accueil","item":"https:\/\/domainepourtales.ch\/"},{"@type":"ListItem","position":2,"name":"Nos Vins","item":"https:\/\/domainepourtales.ch\/nos-vins\/"},{"@type":"ListItem","position":3,"name":"Les Perles d\u2019Or 2023"}]},{"@type":"WebSite","@id":"https:\/\/domainepourtales.ch\/#website","url":"https:\/\/domainepourtales.ch\/","name":"Domaine H\u00f4pital Pourtal\u00e8s","description":"I nostri vini, per il benessere dei pazienti","potentialAction":[{"@type":"SearchAction","target":{"@type":"EntryPoint","urlTemplate":"https:\/\/domainepourtales.ch\/?s={search_term_string}"},"query-input":{"@type":"PropertyValueSpecification","valueRequired":true,"valueName":"search_term_string"}}],"inLanguage":"it-IT"}]}},"thumbnail":"https:\/\/domainepourtales.ch\/wp-content\/uploads\/2025\/05\/Les-Perles-dOr-75cl.png","price_html":"<span class=\"woocommerce-Price-amount amount\"><bdi>18.00&nbsp;<span class=\"woocommerce-Price-currencySymbol\">&#67;&#72;&#70;<\/span><\/bdi><\/span>","on_sale":false,"stock_status":"instock","rating_html":"","rating_count":0,"_links":{"self":[{"href":"https:\/\/domainepourtales.ch\/it\/wp-json\/wp\/v2\/product\/33547","targetHints":{"allow":["GET"]}}],"collection":[{"href":"https:\/\/domainepourtales.ch\/it\/wp-json\/wp\/v2\/product"}],"about":[{"href":"https:\/\/domainepourtales.ch\/it\/wp-json\/wp\/v2\/types\/product"}],"replies":[{"embeddable":true,"href":"https:\/\/domainepourtales.ch\/it\/wp-json\/wp\/v2\/comments?post=33547"}],"wp:featuredmedia":[{"embeddable":true,"href":"https:\/\/domainepourtales.ch\/it\/wp-json\/wp\/v2\/media\/35096"}],"wp:attachment":[{"href":"https:\/\/domainepourtales.ch\/it\/wp-json\/wp\/v2\/media?parent=33547"}],"wp:term":[{"taxonomy":"product_brand","embeddable":true,"href":"https:\/\/domainepourtales.ch\/it\/wp-json\/wp\/v2\/product_brand?post=33547"},{"taxonomy":"product_cat","embeddable":true,"href":"https:\/\/domainepourtales.ch\/it\/wp-json\/wp\/v2\/product_cat?post=33547"},{"taxonomy":"product_tag","embeddable":true,"href":"https:\/\/domainepourtales.ch\/it\/wp-json\/wp\/v2\/product_tag?post=33547"}],"curies":[{"name":"wp","href":"https:\/\/api.w.org\/{rel}","templated":true}]}}