{"id":32541,"date":"2024-07-16T15:02:10","date_gmt":"2024-07-16T13:02:10","guid":{"rendered":"https:\/\/domainepourtales.ch\/produit\/eau-de-vie-de-marc\/"},"modified":"2025-11-05T15:32:48","modified_gmt":"2025-11-05T14:32:48","slug":"eau-de-vie-de-marc","status":"publish","type":"product","link":"https:\/\/domainepourtales.ch\/it\/prodotto\/eau-de-vie-de-marc\/","title":{"rendered":"Eau de vie de Marc"},"content":{"rendered":"<p>Culture et production :<br \/>\nAvec un rendement de 600 \u00e0 800gr\/m2 ce c\u00e9page parfaitement plant\u00e9 dans les parcelles qui lui sont propice arrive pleinement \u00e0 maturit\u00e9 au moment opportun, enti\u00e8rement travaill\u00e9 \u00e0 la main et tri\u00e9 d\u00e8s la vendange.<\/p>\n<p>Vinification :<br \/>\n&#8211;<\/p>\n<p>Accord mets et vins :<br \/>\n&#8211;<\/p>\n<p>D\u00e9tails techniques :<br \/>\nContiene solfiti.<\/p>\n<p>Commentaire d\u2019Yves Beck :<br \/>\n&#8211;<\/p>\n<p>Distinctions :<br \/>\n&#8211;<\/p>","protected":false},"excerpt":{"rendered":"<p>&#8211;<\/p>","protected":false},"featured_media":35099,"comment_status":"open","ping_status":"closed","template":"","meta":{"_et_pb_use_builder":"","_et_pb_old_content":"","_et_gb_content_width":""},"product_brand":[],"product_cat":[175,72],"product_tag":[],"class_list":{"0":"post-32541","1":"product","2":"type-product","3":"status-publish","4":"has-post-thumbnail","6":"product_cat-75cl","7":"product_cat-pinot-noir","8":"pa_appellation-aoc-neuchatel","9":"pa_contenance-75cl","10":"pa_elevage-vieilli-en-fut-de-chene","11":"pa_millesime-189","13":"first","14":"instock","15":"taxable","16":"shipping-taxable","17":"purchasable","18":"product-type-simple"},"yoast_head":"<!-- This site is optimized with the Yoast SEO plugin v27.5 - https:\/\/yoast.com\/product\/yoast-seo-wordpress\/ -->\n<title>AOC Neuch\u00e2tel, Pinot Noir, -, 75cl<\/title>\n<meta name=\"description\" content=\"AOC Neuch\u00e2tel, Pinot Noir, -, 75cl, -\" \/>\n<meta name=\"robots\" content=\"index, follow, max-snippet:-1, max-image-preview:large, max-video-preview:-1\" \/>\n<link rel=\"canonical\" href=\"https:\/\/domainepourtales.ch\/it\/prodotto\/eau-de-vie-de-marc\/\" \/>\n<meta property=\"og:locale\" content=\"it_IT\" \/>\n<meta property=\"og:type\" content=\"article\" \/>\n<meta property=\"og:title\" content=\"AOC Neuch\u00e2tel, Pinot Noir, -, 75cl\" \/>\n<meta property=\"og:description\" content=\"AOC Neuch\u00e2tel, Pinot Noir, -, 75cl, -\" \/>\n<meta property=\"og:url\" content=\"https:\/\/domainepourtales.ch\/it\/prodotto\/eau-de-vie-de-marc\/\" \/>\n<meta property=\"og:site_name\" content=\"Domaine H\u00f4pital Pourtal\u00e8s\" \/>\n<meta property=\"article:modified_time\" content=\"2025-11-05T14:32:48+00:00\" \/>\n<meta property=\"og:image\" content=\"https:\/\/domainepourtales.ch\/wp-content\/uploads\/2025\/05\/Marc-de-Pinot-Noir-75cl.png\" \/>\n\t<meta property=\"og:image:width\" content=\"1080\" \/>\n\t<meta property=\"og:image:height\" content=\"1080\" \/>\n\t<meta property=\"og:image:type\" content=\"image\/png\" \/>\n<meta name=\"twitter:card\" content=\"summary_large_image\" \/>\n<meta name=\"twitter:label1\" content=\"Tempo di lettura stimato\" \/>\n\t<meta name=\"twitter:data1\" content=\"1 minuto\" \/>\n<script type=\"application\/ld+json\" class=\"yoast-schema-graph\">{\"@context\":\"https:\\\/\\\/schema.org\",\"@graph\":[{\"@type\":\"WebPage\",\"@id\":\"https:\\\/\\\/domainepourtales.ch\\\/produit\\\/eau-de-vie-de-marc\\\/\",\"url\":\"https:\\\/\\\/domainepourtales.ch\\\/produit\\\/eau-de-vie-de-marc\\\/\",\"name\":\"AOC Neuch\u00e2tel, Pinot Noir, -, 75cl\",\"isPartOf\":{\"@id\":\"https:\\\/\\\/domainepourtales.ch\\\/#website\"},\"primaryImageOfPage\":{\"@id\":\"https:\\\/\\\/domainepourtales.ch\\\/produit\\\/eau-de-vie-de-marc\\\/#primaryimage\"},\"image\":{\"@id\":\"https:\\\/\\\/domainepourtales.ch\\\/produit\\\/eau-de-vie-de-marc\\\/#primaryimage\"},\"thumbnailUrl\":\"https:\\\/\\\/domainepourtales.ch\\\/wp-content\\\/uploads\\\/2025\\\/05\\\/Marc-de-Pinot-Noir-75cl.png\",\"datePublished\":\"2024-07-16T13:02:10+00:00\",\"dateModified\":\"2025-11-05T14:32:48+00:00\",\"description\":\"AOC Neuch\u00e2tel, Pinot Noir, -, 75cl, -\",\"breadcrumb\":{\"@id\":\"https:\\\/\\\/domainepourtales.ch\\\/produit\\\/eau-de-vie-de-marc\\\/#breadcrumb\"},\"inLanguage\":\"it-IT\",\"potentialAction\":[{\"@type\":\"ReadAction\",\"target\":[\"https:\\\/\\\/domainepourtales.ch\\\/produit\\\/eau-de-vie-de-marc\\\/\"]}]},{\"@type\":\"ImageObject\",\"inLanguage\":\"it-IT\",\"@id\":\"https:\\\/\\\/domainepourtales.ch\\\/produit\\\/eau-de-vie-de-marc\\\/#primaryimage\",\"url\":\"https:\\\/\\\/domainepourtales.ch\\\/wp-content\\\/uploads\\\/2025\\\/05\\\/Marc-de-Pinot-Noir-75cl.png\",\"contentUrl\":\"https:\\\/\\\/domainepourtales.ch\\\/wp-content\\\/uploads\\\/2025\\\/05\\\/Marc-de-Pinot-Noir-75cl.png\",\"width\":1080,\"height\":1080},{\"@type\":\"BreadcrumbList\",\"@id\":\"https:\\\/\\\/domainepourtales.ch\\\/produit\\\/eau-de-vie-de-marc\\\/#breadcrumb\",\"itemListElement\":[{\"@type\":\"ListItem\",\"position\":1,\"name\":\"Accueil\",\"item\":\"https:\\\/\\\/domainepourtales.ch\\\/\"},{\"@type\":\"ListItem\",\"position\":2,\"name\":\"Nos Vins\",\"item\":\"https:\\\/\\\/domainepourtales.ch\\\/nos-vins\\\/\"},{\"@type\":\"ListItem\",\"position\":3,\"name\":\"Eau de vie de Marc\"}]},{\"@type\":\"WebSite\",\"@id\":\"https:\\\/\\\/domainepourtales.ch\\\/#website\",\"url\":\"https:\\\/\\\/domainepourtales.ch\\\/\",\"name\":\"Domaine H\u00f4pital Pourtal\u00e8s\",\"description\":\"Nos vins, pour le bien-\u00eatre des patients\",\"potentialAction\":[{\"@type\":\"SearchAction\",\"target\":{\"@type\":\"EntryPoint\",\"urlTemplate\":\"https:\\\/\\\/domainepourtales.ch\\\/?s={search_term_string}\"},\"query-input\":{\"@type\":\"PropertyValueSpecification\",\"valueRequired\":true,\"valueName\":\"search_term_string\"}}],\"inLanguage\":\"it-IT\"}]}<\/script>\n<!-- \/ Yoast SEO plugin. -->","yoast_head_json":{"title":"AOC Neuch\u00e2tel, Pinot Noir, -, 75cl","description":"AOC Neuch\u00e2tel, Pinot Noir, -, 75cl, -","robots":{"index":"index","follow":"follow","max-snippet":"max-snippet:-1","max-image-preview":"max-image-preview:large","max-video-preview":"max-video-preview:-1"},"canonical":"https:\/\/domainepourtales.ch\/it\/prodotto\/eau-de-vie-de-marc\/","og_locale":"it_IT","og_type":"article","og_title":"AOC Neuch\u00e2tel, Pinot Noir, -, 75cl","og_description":"AOC Neuch\u00e2tel, Pinot Noir, -, 75cl, -","og_url":"https:\/\/domainepourtales.ch\/it\/prodotto\/eau-de-vie-de-marc\/","og_site_name":"Domaine H\u00f4pital Pourtal\u00e8s","article_modified_time":"2025-11-05T14:32:48+00:00","og_image":[{"width":1080,"height":1080,"url":"https:\/\/domainepourtales.ch\/wp-content\/uploads\/2025\/05\/Marc-de-Pinot-Noir-75cl.png","type":"image\/png"}],"twitter_card":"summary_large_image","twitter_misc":{"Tempo di lettura stimato":"1 minuto"},"schema":{"@context":"https:\/\/schema.org","@graph":[{"@type":"WebPage","@id":"https:\/\/domainepourtales.ch\/produit\/eau-de-vie-de-marc\/","url":"https:\/\/domainepourtales.ch\/produit\/eau-de-vie-de-marc\/","name":"AOC Neuch\u00e2tel, Pinot Noir, -, 75cl","isPartOf":{"@id":"https:\/\/domainepourtales.ch\/#website"},"primaryImageOfPage":{"@id":"https:\/\/domainepourtales.ch\/produit\/eau-de-vie-de-marc\/#primaryimage"},"image":{"@id":"https:\/\/domainepourtales.ch\/produit\/eau-de-vie-de-marc\/#primaryimage"},"thumbnailUrl":"https:\/\/domainepourtales.ch\/wp-content\/uploads\/2025\/05\/Marc-de-Pinot-Noir-75cl.png","datePublished":"2024-07-16T13:02:10+00:00","dateModified":"2025-11-05T14:32:48+00:00","description":"AOC Neuch\u00e2tel, Pinot Noir, -, 75cl, -","breadcrumb":{"@id":"https:\/\/domainepourtales.ch\/produit\/eau-de-vie-de-marc\/#breadcrumb"},"inLanguage":"it-IT","potentialAction":[{"@type":"ReadAction","target":["https:\/\/domainepourtales.ch\/produit\/eau-de-vie-de-marc\/"]}]},{"@type":"ImageObject","inLanguage":"it-IT","@id":"https:\/\/domainepourtales.ch\/produit\/eau-de-vie-de-marc\/#primaryimage","url":"https:\/\/domainepourtales.ch\/wp-content\/uploads\/2025\/05\/Marc-de-Pinot-Noir-75cl.png","contentUrl":"https:\/\/domainepourtales.ch\/wp-content\/uploads\/2025\/05\/Marc-de-Pinot-Noir-75cl.png","width":1080,"height":1080},{"@type":"BreadcrumbList","@id":"https:\/\/domainepourtales.ch\/produit\/eau-de-vie-de-marc\/#breadcrumb","itemListElement":[{"@type":"ListItem","position":1,"name":"Accueil","item":"https:\/\/domainepourtales.ch\/"},{"@type":"ListItem","position":2,"name":"Nos Vins","item":"https:\/\/domainepourtales.ch\/nos-vins\/"},{"@type":"ListItem","position":3,"name":"Eau de vie de Marc"}]},{"@type":"WebSite","@id":"https:\/\/domainepourtales.ch\/#website","url":"https:\/\/domainepourtales.ch\/","name":"Domaine H\u00f4pital Pourtal\u00e8s","description":"I nostri vini, per il benessere dei pazienti","potentialAction":[{"@type":"SearchAction","target":{"@type":"EntryPoint","urlTemplate":"https:\/\/domainepourtales.ch\/?s={search_term_string}"},"query-input":{"@type":"PropertyValueSpecification","valueRequired":true,"valueName":"search_term_string"}}],"inLanguage":"it-IT"}]}},"thumbnail":"https:\/\/domainepourtales.ch\/wp-content\/uploads\/2025\/05\/Marc-de-Pinot-Noir-75cl.png","price_html":"<span class=\"woocommerce-Price-amount amount\"><bdi>30.00&nbsp;<span class=\"woocommerce-Price-currencySymbol\">&#67;&#72;&#70;<\/span><\/bdi><\/span>","on_sale":false,"stock_status":"instock","rating_html":"","rating_count":0,"_links":{"self":[{"href":"https:\/\/domainepourtales.ch\/it\/wp-json\/wp\/v2\/product\/32541","targetHints":{"allow":["GET"]}}],"collection":[{"href":"https:\/\/domainepourtales.ch\/it\/wp-json\/wp\/v2\/product"}],"about":[{"href":"https:\/\/domainepourtales.ch\/it\/wp-json\/wp\/v2\/types\/product"}],"replies":[{"embeddable":true,"href":"https:\/\/domainepourtales.ch\/it\/wp-json\/wp\/v2\/comments?post=32541"}],"wp:featuredmedia":[{"embeddable":true,"href":"https:\/\/domainepourtales.ch\/it\/wp-json\/wp\/v2\/media\/35099"}],"wp:attachment":[{"href":"https:\/\/domainepourtales.ch\/it\/wp-json\/wp\/v2\/media?parent=32541"}],"wp:term":[{"taxonomy":"product_brand","embeddable":true,"href":"https:\/\/domainepourtales.ch\/it\/wp-json\/wp\/v2\/product_brand?post=32541"},{"taxonomy":"product_cat","embeddable":true,"href":"https:\/\/domainepourtales.ch\/it\/wp-json\/wp\/v2\/product_cat?post=32541"},{"taxonomy":"product_tag","embeddable":true,"href":"https:\/\/domainepourtales.ch\/it\/wp-json\/wp\/v2\/product_tag?post=32541"}],"curies":[{"name":"wp","href":"https:\/\/api.w.org\/{rel}","templated":true}]}}