{"id":31026,"date":"2024-02-01T15:39:37","date_gmt":"2024-02-01T14:39:37","guid":{"rendered":"https:\/\/domainepourtales.ch\/?page_id=31026"},"modified":"2024-02-01T15:39:39","modified_gmt":"2024-02-01T14:39:39","slug":"evenements-du-domaine","status":"publish","type":"page","link":"https:\/\/domainepourtales.ch\/it\/le-domaine\/evenements-du-domaine\/","title":{"rendered":"Ev\u00e9nements du domaine"},"content":{"rendered":"","protected":false},"excerpt":{"rendered":"","protected":false},"author":1,"featured_media":0,"parent":28932,"menu_order":0,"comment_status":"closed","ping_status":"closed","template":"","meta":{"_et_pb_use_builder":"","_et_pb_old_content":"","_et_gb_content_width":"","footnotes":""},"class_list":["post-31026","page","type-page","status-publish","hentry"],"yoast_head":"<!-- This site is optimized with the Yoast SEO plugin v27.3 - https:\/\/yoast.com\/product\/yoast-seo-wordpress\/ -->\n<title>Ev\u00e9nements du domaine - Domaine H\u00f4pital Pourtal\u00e8s<\/title>\n<meta name=\"robots\" content=\"index, follow, max-snippet:-1, max-image-preview:large, max-video-preview:-1\" \/>\n<link rel=\"canonical\" href=\"https:\/\/domainepourtales.ch\/it\/le-domaine\/evenements-du-domaine\/\" \/>\n<meta property=\"og:locale\" content=\"it_IT\" \/>\n<meta property=\"og:type\" content=\"article\" \/>\n<meta property=\"og:title\" content=\"Ev\u00e9nements du domaine - Domaine H\u00f4pital Pourtal\u00e8s\" \/>\n<meta property=\"og:url\" content=\"https:\/\/domainepourtales.ch\/it\/le-domaine\/evenements-du-domaine\/\" \/>\n<meta property=\"og:site_name\" content=\"Domaine H\u00f4pital Pourtal\u00e8s\" \/>\n<meta property=\"article:modified_time\" content=\"2024-02-01T14:39:39+00:00\" \/>\n<meta name=\"twitter:card\" content=\"summary_large_image\" \/>\n<script type=\"application\/ld+json\" class=\"yoast-schema-graph\">{\"@context\":\"https:\\\/\\\/schema.org\",\"@graph\":[{\"@type\":\"WebPage\",\"@id\":\"https:\\\/\\\/domainepourtales.ch\\\/le-domaine\\\/evenements-du-domaine\\\/\",\"url\":\"https:\\\/\\\/domainepourtales.ch\\\/le-domaine\\\/evenements-du-domaine\\\/\",\"name\":\"Ev\u00e9nements du domaine - Domaine H\u00f4pital Pourtal\u00e8s\",\"isPartOf\":{\"@id\":\"https:\\\/\\\/domainepourtales.ch\\\/#website\"},\"datePublished\":\"2024-02-01T14:39:37+00:00\",\"dateModified\":\"2024-02-01T14:39:39+00:00\",\"breadcrumb\":{\"@id\":\"https:\\\/\\\/domainepourtales.ch\\\/le-domaine\\\/evenements-du-domaine\\\/#breadcrumb\"},\"inLanguage\":\"it-IT\",\"potentialAction\":[{\"@type\":\"ReadAction\",\"target\":[\"https:\\\/\\\/domainepourtales.ch\\\/le-domaine\\\/evenements-du-domaine\\\/\"]}]},{\"@type\":\"BreadcrumbList\",\"@id\":\"https:\\\/\\\/domainepourtales.ch\\\/le-domaine\\\/evenements-du-domaine\\\/#breadcrumb\",\"itemListElement\":[{\"@type\":\"ListItem\",\"position\":1,\"name\":\"Accueil\",\"item\":\"https:\\\/\\\/domainepourtales.ch\\\/\"},{\"@type\":\"ListItem\",\"position\":2,\"name\":\"Le Domaine\",\"item\":\"https:\\\/\\\/domainepourtales.ch\\\/le-domaine\\\/\"},{\"@type\":\"ListItem\",\"position\":3,\"name\":\"Ev\u00e9nements du domaine\"}]},{\"@type\":\"WebSite\",\"@id\":\"https:\\\/\\\/domainepourtales.ch\\\/#website\",\"url\":\"https:\\\/\\\/domainepourtales.ch\\\/\",\"name\":\"Domaine H\u00f4pital Pourtal\u00e8s\",\"description\":\"Nos vins, pour le bien-\u00eatre des patients\",\"potentialAction\":[{\"@type\":\"SearchAction\",\"target\":{\"@type\":\"EntryPoint\",\"urlTemplate\":\"https:\\\/\\\/domainepourtales.ch\\\/?s={search_term_string}\"},\"query-input\":{\"@type\":\"PropertyValueSpecification\",\"valueRequired\":true,\"valueName\":\"search_term_string\"}}],\"inLanguage\":\"it-IT\"}]}<\/script>\n<!-- \/ Yoast SEO plugin. -->","yoast_head_json":{"title":"Ev\u00e9nements du domaine - Domaine H\u00f4pital Pourtal\u00e8s","robots":{"index":"index","follow":"follow","max-snippet":"max-snippet:-1","max-image-preview":"max-image-preview:large","max-video-preview":"max-video-preview:-1"},"canonical":"https:\/\/domainepourtales.ch\/it\/le-domaine\/evenements-du-domaine\/","og_locale":"it_IT","og_type":"article","og_title":"Ev\u00e9nements du domaine - Domaine H\u00f4pital Pourtal\u00e8s","og_url":"https:\/\/domainepourtales.ch\/it\/le-domaine\/evenements-du-domaine\/","og_site_name":"Domaine H\u00f4pital Pourtal\u00e8s","article_modified_time":"2024-02-01T14:39:39+00:00","twitter_card":"summary_large_image","schema":{"@context":"https:\/\/schema.org","@graph":[{"@type":"WebPage","@id":"https:\/\/domainepourtales.ch\/le-domaine\/evenements-du-domaine\/","url":"https:\/\/domainepourtales.ch\/le-domaine\/evenements-du-domaine\/","name":"Ev\u00e9nements du domaine - Domaine H\u00f4pital Pourtal\u00e8s","isPartOf":{"@id":"https:\/\/domainepourtales.ch\/#website"},"datePublished":"2024-02-01T14:39:37+00:00","dateModified":"2024-02-01T14:39:39+00:00","breadcrumb":{"@id":"https:\/\/domainepourtales.ch\/le-domaine\/evenements-du-domaine\/#breadcrumb"},"inLanguage":"it-IT","potentialAction":[{"@type":"ReadAction","target":["https:\/\/domainepourtales.ch\/le-domaine\/evenements-du-domaine\/"]}]},{"@type":"BreadcrumbList","@id":"https:\/\/domainepourtales.ch\/le-domaine\/evenements-du-domaine\/#breadcrumb","itemListElement":[{"@type":"ListItem","position":1,"name":"Accueil","item":"https:\/\/domainepourtales.ch\/"},{"@type":"ListItem","position":2,"name":"Le Domaine","item":"https:\/\/domainepourtales.ch\/le-domaine\/"},{"@type":"ListItem","position":3,"name":"Ev\u00e9nements du domaine"}]},{"@type":"WebSite","@id":"https:\/\/domainepourtales.ch\/#website","url":"https:\/\/domainepourtales.ch\/","name":"Domaine H\u00f4pital Pourtal\u00e8s","description":"I nostri vini, per il benessere dei pazienti","potentialAction":[{"@type":"SearchAction","target":{"@type":"EntryPoint","urlTemplate":"https:\/\/domainepourtales.ch\/?s={search_term_string}"},"query-input":{"@type":"PropertyValueSpecification","valueRequired":true,"valueName":"search_term_string"}}],"inLanguage":"it-IT"}]}},"_links":{"self":[{"href":"https:\/\/domainepourtales.ch\/it\/wp-json\/wp\/v2\/pages\/31026","targetHints":{"allow":["GET"]}}],"collection":[{"href":"https:\/\/domainepourtales.ch\/it\/wp-json\/wp\/v2\/pages"}],"about":[{"href":"https:\/\/domainepourtales.ch\/it\/wp-json\/wp\/v2\/types\/page"}],"author":[{"embeddable":true,"href":"https:\/\/domainepourtales.ch\/it\/wp-json\/wp\/v2\/users\/1"}],"replies":[{"embeddable":true,"href":"https:\/\/domainepourtales.ch\/it\/wp-json\/wp\/v2\/comments?post=31026"}],"version-history":[{"count":0,"href":"https:\/\/domainepourtales.ch\/it\/wp-json\/wp\/v2\/pages\/31026\/revisions"}],"up":[{"embeddable":true,"href":"https:\/\/domainepourtales.ch\/it\/wp-json\/wp\/v2\/pages\/28932"}],"wp:attachment":[{"href":"https:\/\/domainepourtales.ch\/it\/wp-json\/wp\/v2\/media?parent=31026"}],"curies":[{"name":"wp","href":"https:\/\/api.w.org\/{rel}","templated":true}]}}