{"id":36486,"date":"2026-01-21T11:25:44","date_gmt":"2026-01-21T10:25:44","guid":{"rendered":"https:\/\/domainepourtales.ch\/?post_type=product&#038;p=36486"},"modified":"2026-02-06T10:44:05","modified_gmt":"2026-02-06T09:44:05","slug":"non-filtre-2025-75cl","status":"publish","type":"product","link":"https:\/\/domainepourtales.ch\/en\/product\/non-filtre-2025-75cl\/","title":{"rendered":"Non Filtr\u00e9 2025 &#8211; 75cl"},"content":{"rendered":"<p>Culture et production :<br \/>\nLes vignes poss\u00e8dent l\u2019un des meilleurs ensoleillements, elles sont travaill\u00e9es en m\u00e9thode biologique et la production varie entre 700 et 900gr\/m2. Les vendanges sont effectu\u00e9es de mani\u00e8re manuelle.<\/p>\n<p>Vinification :<br \/>\nUne fois press\u00e9e, les fermentations des chasselas sont effectu\u00e9es exclusivement dans des foudres en bois allant de 2\u2019800 \u00e0 4\u2019300 lt.<\/p>\n<p>Accord mets et vins :<br \/>\nRien de tel qu\u2019un non filtr\u00e9 pour l\u2019ap\u00e9ro, avec des fl\u00fbtes aux beurres, ou en entr\u00e9e avec des filets de perches du lac.<\/p>\n<p>D\u00e9tails techniques :<br \/>\nThe unfiltered wine is bottled directly from the vat without going through the filtration stage. Contains sulphites.<\/p>\n<p>Commentaire d\u2019Yves Beck :<br \/>\nCe vin, parcellaire, est issu d\u2019une seule cuve. Le bouquet est invitant, de bonne intensit\u00e9, avec des parfums de fruits exotiques. Le vin a du pep, une structure l\u00e9g\u00e8rement saline et une finale sautillante ! Un vin invitant, redemandant, d\u00e9salt\u00e9rant.<\/p>\n<p>Distinctions :<br \/>\n\u2b50 2023 : S\u00e9lection OR cantonale Neuch\u00e2teloise \u2013 mill\u00e9sime 2022<br \/>\n\u2b50 2020 : S\u00e9lection OR cantonale Neuch\u00e2teloise \u2013 mill\u00e9sime 2019<br \/>\n\u2b50 CERTIFICAT of excellence VINUM \u2013 mill\u00e9sime 2017<\/p>","protected":false},"excerpt":{"rendered":"<p>Derived from the Chasselas grape, this wine is full of youth and vitality.<\/p>\n<p>A great charmer and a perfect seducer, it is a constant invitation to travel, with its elderflower and grapefruit aromas bursting out on the palate.<\/p>\n<p>Released on the 3rd Wednesday in January, the Unfiltered wine is the first of the new vintages.<\/p>","protected":false},"featured_media":32471,"comment_status":"open","ping_status":"closed","template":"","meta":{"_et_pb_use_builder":"","_et_pb_old_content":"","_et_gb_content_width":""},"product_brand":[],"product_cat":[175,73],"product_tag":[],"class_list":{"0":"post-36486","1":"product","2":"type-product","3":"status-publish","4":"has-post-thumbnail","6":"product_cat-75cl","7":"product_cat-chasselas","8":"pa_appellation-aoc-neuchatel","9":"pa_contenance-75cl","10":"pa_elevage-traditionnel","11":"pa_millesime-261","13":"first","14":"instock","15":"featured","16":"taxable","17":"shipping-taxable","18":"purchasable","19":"product-type-simple"},"yoast_head":"<!-- This site is optimized with the Yoast SEO plugin v27.4 - https:\/\/yoast.com\/product\/yoast-seo-wordpress\/ -->\n<title>AOC Neuch\u00e2tel, Chasselas, 2025, 75cl<\/title>\n<meta name=\"description\" content=\"AOC Neuch\u00e2tel, Chasselas, 2025, 75cl, D\u00e9riv\u00e9 du Chasselas, ce vin est tout en jeunesse et en vitalit\u00e9.Grand charmeur, parfait s\u00e9ducteur, il invite constamment au voyage par ses parfums de fleur de sureau et ses ar\u00f4mes de pamplemousse que l\u2019on sent jaillir en bouche.Mis en vente le 3\u00e8me mercredi du mois de janvier, le Non filtr\u00e9 inaugure chaque ann\u00e9e le nouveau mill\u00e9sime.\" \/>\n<meta name=\"robots\" content=\"index, follow, max-snippet:-1, max-image-preview:large, max-video-preview:-1\" \/>\n<link rel=\"canonical\" href=\"https:\/\/domainepourtales.ch\/en\/product\/non-filtre-2025-75cl\/\" \/>\n<meta property=\"og:locale\" content=\"en_GB\" \/>\n<meta property=\"og:type\" content=\"article\" \/>\n<meta property=\"og:title\" content=\"AOC Neuch\u00e2tel, Chasselas, 2025, 75cl\" \/>\n<meta property=\"og:description\" content=\"AOC Neuch\u00e2tel, Chasselas, 2025, 75cl, D\u00e9riv\u00e9 du Chasselas, ce vin est tout en jeunesse et en vitalit\u00e9.Grand charmeur, parfait s\u00e9ducteur, il invite constamment au voyage par ses parfums de fleur de sureau et ses ar\u00f4mes de pamplemousse que l\u2019on sent jaillir en bouche.Mis en vente le 3\u00e8me mercredi du mois de janvier, le Non filtr\u00e9 inaugure chaque ann\u00e9e le nouveau mill\u00e9sime.\" \/>\n<meta property=\"og:url\" content=\"https:\/\/domainepourtales.ch\/en\/product\/non-filtre-2025-75cl\/\" \/>\n<meta property=\"og:site_name\" content=\"Domaine H\u00f4pital Pourtal\u00e8s\" \/>\n<meta property=\"article:modified_time\" content=\"2026-02-06T09:44:05+00:00\" \/>\n<meta property=\"og:image\" content=\"https:\/\/domainepourtales.ch\/wp-content\/uploads\/2024\/07\/NonFIltre.png\" \/>\n\t<meta property=\"og:image:width\" content=\"1182\" \/>\n\t<meta property=\"og:image:height\" content=\"1500\" \/>\n\t<meta property=\"og:image:type\" content=\"image\/png\" \/>\n<meta name=\"twitter:card\" content=\"summary_large_image\" \/>\n<meta name=\"twitter:label1\" content=\"Estimated reading time\" \/>\n\t<meta name=\"twitter:data1\" content=\"2 minutes\" \/>\n<script type=\"application\/ld+json\" class=\"yoast-schema-graph\">{\"@context\":\"https:\\\/\\\/schema.org\",\"@graph\":[{\"@type\":\"WebPage\",\"@id\":\"https:\\\/\\\/domainepourtales.ch\\\/produit\\\/non-filtre-2025-75cl\\\/\",\"url\":\"https:\\\/\\\/domainepourtales.ch\\\/produit\\\/non-filtre-2025-75cl\\\/\",\"name\":\"AOC Neuch\u00e2tel, Chasselas, 2025, 75cl\",\"isPartOf\":{\"@id\":\"https:\\\/\\\/domainepourtales.ch\\\/#website\"},\"primaryImageOfPage\":{\"@id\":\"https:\\\/\\\/domainepourtales.ch\\\/produit\\\/non-filtre-2025-75cl\\\/#primaryimage\"},\"image\":{\"@id\":\"https:\\\/\\\/domainepourtales.ch\\\/produit\\\/non-filtre-2025-75cl\\\/#primaryimage\"},\"thumbnailUrl\":\"https:\\\/\\\/domainepourtales.ch\\\/wp-content\\\/uploads\\\/2024\\\/07\\\/NonFIltre.png\",\"datePublished\":\"2026-01-21T10:25:44+00:00\",\"dateModified\":\"2026-02-06T09:44:05+00:00\",\"description\":\"AOC Neuch\u00e2tel, Chasselas, 2025, 75cl, D\u00e9riv\u00e9 du Chasselas, ce vin est tout en jeunesse et en vitalit\u00e9.Grand charmeur, parfait s\u00e9ducteur, il invite constamment au voyage par ses parfums de fleur de sureau et ses ar\u00f4mes de pamplemousse que l\u2019on sent jaillir en bouche.Mis en vente le 3\u00e8me mercredi du mois de janvier, le Non filtr\u00e9 inaugure chaque ann\u00e9e le nouveau mill\u00e9sime.\",\"breadcrumb\":{\"@id\":\"https:\\\/\\\/domainepourtales.ch\\\/produit\\\/non-filtre-2025-75cl\\\/#breadcrumb\"},\"inLanguage\":\"en-GB\",\"potentialAction\":[{\"@type\":\"ReadAction\",\"target\":[\"https:\\\/\\\/domainepourtales.ch\\\/produit\\\/non-filtre-2025-75cl\\\/\"]}]},{\"@type\":\"ImageObject\",\"inLanguage\":\"en-GB\",\"@id\":\"https:\\\/\\\/domainepourtales.ch\\\/produit\\\/non-filtre-2025-75cl\\\/#primaryimage\",\"url\":\"https:\\\/\\\/domainepourtales.ch\\\/wp-content\\\/uploads\\\/2024\\\/07\\\/NonFIltre.png\",\"contentUrl\":\"https:\\\/\\\/domainepourtales.ch\\\/wp-content\\\/uploads\\\/2024\\\/07\\\/NonFIltre.png\",\"width\":1182,\"height\":1500},{\"@type\":\"BreadcrumbList\",\"@id\":\"https:\\\/\\\/domainepourtales.ch\\\/produit\\\/non-filtre-2025-75cl\\\/#breadcrumb\",\"itemListElement\":[{\"@type\":\"ListItem\",\"position\":1,\"name\":\"Accueil\",\"item\":\"https:\\\/\\\/domainepourtales.ch\\\/\"},{\"@type\":\"ListItem\",\"position\":2,\"name\":\"Nos Vins\",\"item\":\"https:\\\/\\\/domainepourtales.ch\\\/nos-vins\\\/\"},{\"@type\":\"ListItem\",\"position\":3,\"name\":\"Non Filtr\u00e9 2025 &#8211; 75cl\"}]},{\"@type\":\"WebSite\",\"@id\":\"https:\\\/\\\/domainepourtales.ch\\\/#website\",\"url\":\"https:\\\/\\\/domainepourtales.ch\\\/\",\"name\":\"Domaine H\u00f4pital Pourtal\u00e8s\",\"description\":\"Nos vins, pour le bien-\u00eatre des patients\",\"potentialAction\":[{\"@type\":\"SearchAction\",\"target\":{\"@type\":\"EntryPoint\",\"urlTemplate\":\"https:\\\/\\\/domainepourtales.ch\\\/?s={search_term_string}\"},\"query-input\":{\"@type\":\"PropertyValueSpecification\",\"valueRequired\":true,\"valueName\":\"search_term_string\"}}],\"inLanguage\":\"en-GB\"}]}<\/script>\n<!-- \/ Yoast SEO plugin. -->","yoast_head_json":{"title":"AOC Neuch\u00e2tel, Chasselas, 2025, 75cl","description":"AOC Neuch\u00e2tel, Chasselas, 2025, 75cl, D\u00e9riv\u00e9 du Chasselas, ce vin est tout en jeunesse et en vitalit\u00e9.Grand charmeur, parfait s\u00e9ducteur, il invite constamment au voyage par ses parfums de fleur de sureau et ses ar\u00f4mes de pamplemousse que l\u2019on sent jaillir en bouche.Mis en vente le 3\u00e8me mercredi du mois de janvier, le Non filtr\u00e9 inaugure chaque ann\u00e9e le nouveau mill\u00e9sime.","robots":{"index":"index","follow":"follow","max-snippet":"max-snippet:-1","max-image-preview":"max-image-preview:large","max-video-preview":"max-video-preview:-1"},"canonical":"https:\/\/domainepourtales.ch\/en\/product\/non-filtre-2025-75cl\/","og_locale":"en_GB","og_type":"article","og_title":"AOC Neuch\u00e2tel, Chasselas, 2025, 75cl","og_description":"AOC Neuch\u00e2tel, Chasselas, 2025, 75cl, D\u00e9riv\u00e9 du Chasselas, ce vin est tout en jeunesse et en vitalit\u00e9.Grand charmeur, parfait s\u00e9ducteur, il invite constamment au voyage par ses parfums de fleur de sureau et ses ar\u00f4mes de pamplemousse que l\u2019on sent jaillir en bouche.Mis en vente le 3\u00e8me mercredi du mois de janvier, le Non filtr\u00e9 inaugure chaque ann\u00e9e le nouveau mill\u00e9sime.","og_url":"https:\/\/domainepourtales.ch\/en\/product\/non-filtre-2025-75cl\/","og_site_name":"Domaine H\u00f4pital Pourtal\u00e8s","article_modified_time":"2026-02-06T09:44:05+00:00","og_image":[{"width":1182,"height":1500,"url":"https:\/\/domainepourtales.ch\/wp-content\/uploads\/2024\/07\/NonFIltre.png","type":"image\/png"}],"twitter_card":"summary_large_image","twitter_misc":{"Estimated reading time":"2 minutes"},"schema":{"@context":"https:\/\/schema.org","@graph":[{"@type":"WebPage","@id":"https:\/\/domainepourtales.ch\/produit\/non-filtre-2025-75cl\/","url":"https:\/\/domainepourtales.ch\/produit\/non-filtre-2025-75cl\/","name":"AOC Neuch\u00e2tel, Chasselas, 2025, 75cl","isPartOf":{"@id":"https:\/\/domainepourtales.ch\/#website"},"primaryImageOfPage":{"@id":"https:\/\/domainepourtales.ch\/produit\/non-filtre-2025-75cl\/#primaryimage"},"image":{"@id":"https:\/\/domainepourtales.ch\/produit\/non-filtre-2025-75cl\/#primaryimage"},"thumbnailUrl":"https:\/\/domainepourtales.ch\/wp-content\/uploads\/2024\/07\/NonFIltre.png","datePublished":"2026-01-21T10:25:44+00:00","dateModified":"2026-02-06T09:44:05+00:00","description":"AOC Neuch\u00e2tel, Chasselas, 2025, 75cl, D\u00e9riv\u00e9 du Chasselas, ce vin est tout en jeunesse et en vitalit\u00e9.Grand charmeur, parfait s\u00e9ducteur, il invite constamment au voyage par ses parfums de fleur de sureau et ses ar\u00f4mes de pamplemousse que l\u2019on sent jaillir en bouche.Mis en vente le 3\u00e8me mercredi du mois de janvier, le Non filtr\u00e9 inaugure chaque ann\u00e9e le nouveau mill\u00e9sime.","breadcrumb":{"@id":"https:\/\/domainepourtales.ch\/produit\/non-filtre-2025-75cl\/#breadcrumb"},"inLanguage":"en-GB","potentialAction":[{"@type":"ReadAction","target":["https:\/\/domainepourtales.ch\/produit\/non-filtre-2025-75cl\/"]}]},{"@type":"ImageObject","inLanguage":"en-GB","@id":"https:\/\/domainepourtales.ch\/produit\/non-filtre-2025-75cl\/#primaryimage","url":"https:\/\/domainepourtales.ch\/wp-content\/uploads\/2024\/07\/NonFIltre.png","contentUrl":"https:\/\/domainepourtales.ch\/wp-content\/uploads\/2024\/07\/NonFIltre.png","width":1182,"height":1500},{"@type":"BreadcrumbList","@id":"https:\/\/domainepourtales.ch\/produit\/non-filtre-2025-75cl\/#breadcrumb","itemListElement":[{"@type":"ListItem","position":1,"name":"Accueil","item":"https:\/\/domainepourtales.ch\/"},{"@type":"ListItem","position":2,"name":"Nos Vins","item":"https:\/\/domainepourtales.ch\/nos-vins\/"},{"@type":"ListItem","position":3,"name":"Non Filtr\u00e9 2025 &#8211; 75cl"}]},{"@type":"WebSite","@id":"https:\/\/domainepourtales.ch\/#website","url":"https:\/\/domainepourtales.ch\/","name":"Domaine H\u00f4pital Pourtal\u00e8s","description":"Our wines, for the well-being of patients","potentialAction":[{"@type":"SearchAction","target":{"@type":"EntryPoint","urlTemplate":"https:\/\/domainepourtales.ch\/?s={search_term_string}"},"query-input":{"@type":"PropertyValueSpecification","valueRequired":true,"valueName":"search_term_string"}}],"inLanguage":"en-GB"}]}},"thumbnail":"https:\/\/domainepourtales.ch\/wp-content\/uploads\/2024\/07\/NonFIltre.png","price_html":"<span class=\"woocommerce-Price-amount amount\"><bdi>12.90&nbsp;<span class=\"woocommerce-Price-currencySymbol\">&#67;&#72;&#70;<\/span><\/bdi><\/span>","on_sale":false,"stock_status":"instock","rating_html":"","rating_count":0,"_links":{"self":[{"href":"https:\/\/domainepourtales.ch\/en\/wp-json\/wp\/v2\/product\/36486","targetHints":{"allow":["GET"]}}],"collection":[{"href":"https:\/\/domainepourtales.ch\/en\/wp-json\/wp\/v2\/product"}],"about":[{"href":"https:\/\/domainepourtales.ch\/en\/wp-json\/wp\/v2\/types\/product"}],"replies":[{"embeddable":true,"href":"https:\/\/domainepourtales.ch\/en\/wp-json\/wp\/v2\/comments?post=36486"}],"wp:featuredmedia":[{"embeddable":true,"href":"https:\/\/domainepourtales.ch\/en\/wp-json\/wp\/v2\/media\/32471"}],"wp:attachment":[{"href":"https:\/\/domainepourtales.ch\/en\/wp-json\/wp\/v2\/media?parent=36486"}],"wp:term":[{"taxonomy":"product_brand","embeddable":true,"href":"https:\/\/domainepourtales.ch\/en\/wp-json\/wp\/v2\/product_brand?post=36486"},{"taxonomy":"product_cat","embeddable":true,"href":"https:\/\/domainepourtales.ch\/en\/wp-json\/wp\/v2\/product_cat?post=36486"},{"taxonomy":"product_tag","embeddable":true,"href":"https:\/\/domainepourtales.ch\/en\/wp-json\/wp\/v2\/product_tag?post=36486"}],"curies":[{"name":"wp","href":"https:\/\/api.w.org\/{rel}","templated":true}]}}