{"id":35133,"date":"2025-05-13T15:37:43","date_gmt":"2025-05-13T13:37:43","guid":{"rendered":"https:\/\/domainepourtales.ch\/?post_type=product&#038;p=35133"},"modified":"2025-07-14T17:29:39","modified_gmt":"2025-07-14T15:29:39","slug":"chasselas-2024-150cl","status":"publish","type":"product","link":"https:\/\/domainepourtales.ch\/en\/product\/chasselas-2024-150cl\/","title":{"rendered":"Chasselas 2024 - 150cl"},"content":{"rendered":"<p>Culture et production :<br \/>\nThe vines enjoy some of the best sunshine possible and are worked organically. Production varies between 700 and 900g\/m2.<\/p>\n<p>Vinification :<br \/>\nOnce the grapes have been pressed, the Chasselas is fermented exclusively in wooden casks of between 2,800 and 4,300 litres.<\/p>\n<p>Accord mets et vins :<br \/>\nA Neuch\u00e2tel-style dish or tripe will go wonderfully with Chasselas. More simply, a hard cheese moreau goes perfectly with this wine.<\/p>\n<p>D\u00e9tails techniques :<br \/>\nMost of the wine is matured in tuns on fine lees. Contains sulphites.<\/p>\n<p>Commentaire d\u2019Yves Beck :<br \/>\nThe bouquet is elegant and floral, with hints of acacia flowers. The wine is fruity and harmonious, fresh, thirst-quenching and salivating. A wine to enjoy at your leisure, from 11am!<\/p>\n<p>Distinctions :<br \/>\n\u2b502025 - Neuch\u00e2tel cantonal gold selection - vintage 2024<\/p>","protected":false},"excerpt":{"rendered":"<p>Lime blossom in colour, with a fine sparkle depending on the year, this wine has a bouquet of elderflower blossom against a background of varietal aromas.<\/p>\n<p>On the palate, its minerality is magnified by its inimitable sparkle. Taste of Chasselas and limestone terroir; good acidity for freshness and liveliness. A clean, slightly carbonic attack and a lovely roundness are the expression of the perfect harmony of this Neuch\u00e2tel white.<\/p>\n<p>With its fine aromas and moderate alcohol content, this is a delicious, elegant wine. Both thirst-quenching and refreshing, it can be drunk as an aperitif or as a festive wine.<\/p>","protected":false},"featured_media":32467,"comment_status":"open","ping_status":"closed","template":"","meta":{"_et_pb_use_builder":"","_et_pb_old_content":"","_et_gb_content_width":""},"product_brand":[],"product_cat":[73],"product_tag":[],"class_list":{"0":"post-35133","1":"product","2":"type-product","3":"status-publish","4":"has-post-thumbnail","6":"product_cat-chasselas","7":"pa_appellation-aoc-neuchatel","8":"pa_contenance-150cl","9":"pa_elevage-traditionnel","10":"pa_millesime-199","12":"first","13":"instock","14":"taxable","15":"shipping-taxable","16":"purchasable","17":"product-type-simple"},"yoast_head":"<!-- This site is optimized with the Yoast SEO plugin v27.4 - https:\/\/yoast.com\/product\/yoast-seo-wordpress\/ -->\n<title>AOC Neuch\u00e2tel, Chasselas, 2024, 150cl<\/title>\n<meta name=\"description\" content=\"AOC Neuch\u00e2tel, Chasselas, 2024, 150cl, D\u2019une couleur de fleur de tilleul, au visuel finement p\u00e9tillant selon les ann\u00e9es, ce vin d\u00e9gage, au nez, un bouquet de sureau en fleur sur fond d\u2019ar\u00f4mes de c\u00e9page. En bouche, sa min\u00e9ralit\u00e9 est magnifi\u00e9e par son inimitable p\u00e9tillant. Go\u00fbt de chasselas et de terroir calcaire ; acidit\u00e9 de bon aloi conf\u00e9rant fra\u00eecheur et vivacit\u00e9. Une attaque franche, l\u00e9g\u00e8rement carbonique, ainsi qu\u2019une belle rondeur sont l\u2019expression de la parfaite harmonie de ce blanc neuch\u00e2telois. D\u2019une grande finesse aromatique, la teneur mod\u00e9r\u00e9e en alcool en fait un vin friand et \u00e9l\u00e9gant. A la fois d\u00e9salt\u00e9rant et rafra\u00eechissant, il est consommable aussi bien pour l\u2019ap\u00e9ritif que comme vin festif\" \/>\n<meta name=\"robots\" content=\"index, follow, max-snippet:-1, max-image-preview:large, max-video-preview:-1\" \/>\n<link rel=\"canonical\" href=\"https:\/\/domainepourtales.ch\/en\/product\/chasselas-2024-150cl\/\" \/>\n<meta property=\"og:locale\" content=\"en_GB\" \/>\n<meta property=\"og:type\" content=\"article\" \/>\n<meta property=\"og:title\" content=\"AOC Neuch\u00e2tel, Chasselas, 2024, 150cl\" \/>\n<meta property=\"og:description\" content=\"AOC Neuch\u00e2tel, Chasselas, 2024, 150cl, D\u2019une couleur de fleur de tilleul, au visuel finement p\u00e9tillant selon les ann\u00e9es, ce vin d\u00e9gage, au nez, un bouquet de sureau en fleur sur fond d\u2019ar\u00f4mes de c\u00e9page. En bouche, sa min\u00e9ralit\u00e9 est magnifi\u00e9e par son inimitable p\u00e9tillant. Go\u00fbt de chasselas et de terroir calcaire ; acidit\u00e9 de bon aloi conf\u00e9rant fra\u00eecheur et vivacit\u00e9. Une attaque franche, l\u00e9g\u00e8rement carbonique, ainsi qu\u2019une belle rondeur sont l\u2019expression de la parfaite harmonie de ce blanc neuch\u00e2telois. D\u2019une grande finesse aromatique, la teneur mod\u00e9r\u00e9e en alcool en fait un vin friand et \u00e9l\u00e9gant. A la fois d\u00e9salt\u00e9rant et rafra\u00eechissant, il est consommable aussi bien pour l\u2019ap\u00e9ritif que comme vin festif\" \/>\n<meta property=\"og:url\" content=\"https:\/\/domainepourtales.ch\/en\/product\/chasselas-2024-150cl\/\" \/>\n<meta property=\"og:site_name\" content=\"Domaine H\u00f4pital Pourtal\u00e8s\" \/>\n<meta property=\"article:modified_time\" content=\"2025-07-14T15:29:39+00:00\" \/>\n<meta property=\"og:image\" content=\"https:\/\/domainepourtales.ch\/wp-content\/uploads\/2024\/07\/Chasselas.png\" \/>\n\t<meta property=\"og:image:width\" content=\"1182\" \/>\n\t<meta property=\"og:image:height\" content=\"1500\" \/>\n\t<meta property=\"og:image:type\" content=\"image\/png\" \/>\n<meta name=\"twitter:card\" content=\"summary_large_image\" \/>\n<meta name=\"twitter:label1\" content=\"Estimated reading time\" \/>\n\t<meta name=\"twitter:data1\" content=\"1 minute\" \/>\n<script type=\"application\/ld+json\" class=\"yoast-schema-graph\">{\"@context\":\"https:\\\/\\\/schema.org\",\"@graph\":[{\"@type\":\"WebPage\",\"@id\":\"https:\\\/\\\/domainepourtales.ch\\\/produit\\\/chasselas-2024-150cl\\\/\",\"url\":\"https:\\\/\\\/domainepourtales.ch\\\/produit\\\/chasselas-2024-150cl\\\/\",\"name\":\"AOC Neuch\u00e2tel, Chasselas, 2024, 150cl\",\"isPartOf\":{\"@id\":\"https:\\\/\\\/domainepourtales.ch\\\/#website\"},\"primaryImageOfPage\":{\"@id\":\"https:\\\/\\\/domainepourtales.ch\\\/produit\\\/chasselas-2024-150cl\\\/#primaryimage\"},\"image\":{\"@id\":\"https:\\\/\\\/domainepourtales.ch\\\/produit\\\/chasselas-2024-150cl\\\/#primaryimage\"},\"thumbnailUrl\":\"https:\\\/\\\/domainepourtales.ch\\\/wp-content\\\/uploads\\\/2024\\\/07\\\/Chasselas.png\",\"datePublished\":\"2025-05-13T13:37:43+00:00\",\"dateModified\":\"2025-07-14T15:29:39+00:00\",\"description\":\"AOC Neuch\u00e2tel, Chasselas, 2024, 150cl, D\u2019une couleur de fleur de tilleul, au visuel finement p\u00e9tillant selon les ann\u00e9es, ce vin d\u00e9gage, au nez, un bouquet de sureau en fleur sur fond d\u2019ar\u00f4mes de c\u00e9page. En bouche, sa min\u00e9ralit\u00e9 est magnifi\u00e9e par son inimitable p\u00e9tillant. Go\u00fbt de chasselas et de terroir calcaire ; acidit\u00e9 de bon aloi conf\u00e9rant fra\u00eecheur et vivacit\u00e9. Une attaque franche, l\u00e9g\u00e8rement carbonique, ainsi qu\u2019une belle rondeur sont l\u2019expression de la parfaite harmonie de ce blanc neuch\u00e2telois. D\u2019une grande finesse aromatique, la teneur mod\u00e9r\u00e9e en alcool en fait un vin friand et \u00e9l\u00e9gant. A la fois d\u00e9salt\u00e9rant et rafra\u00eechissant, il est consommable aussi bien pour l\u2019ap\u00e9ritif que comme vin festif\",\"breadcrumb\":{\"@id\":\"https:\\\/\\\/domainepourtales.ch\\\/produit\\\/chasselas-2024-150cl\\\/#breadcrumb\"},\"inLanguage\":\"en-GB\",\"potentialAction\":[{\"@type\":\"ReadAction\",\"target\":[\"https:\\\/\\\/domainepourtales.ch\\\/produit\\\/chasselas-2024-150cl\\\/\"]}]},{\"@type\":\"ImageObject\",\"inLanguage\":\"en-GB\",\"@id\":\"https:\\\/\\\/domainepourtales.ch\\\/produit\\\/chasselas-2024-150cl\\\/#primaryimage\",\"url\":\"https:\\\/\\\/domainepourtales.ch\\\/wp-content\\\/uploads\\\/2024\\\/07\\\/Chasselas.png\",\"contentUrl\":\"https:\\\/\\\/domainepourtales.ch\\\/wp-content\\\/uploads\\\/2024\\\/07\\\/Chasselas.png\",\"width\":1182,\"height\":1500},{\"@type\":\"BreadcrumbList\",\"@id\":\"https:\\\/\\\/domainepourtales.ch\\\/produit\\\/chasselas-2024-150cl\\\/#breadcrumb\",\"itemListElement\":[{\"@type\":\"ListItem\",\"position\":1,\"name\":\"Accueil\",\"item\":\"https:\\\/\\\/domainepourtales.ch\\\/\"},{\"@type\":\"ListItem\",\"position\":2,\"name\":\"Nos Vins\",\"item\":\"https:\\\/\\\/domainepourtales.ch\\\/nos-vins\\\/\"},{\"@type\":\"ListItem\",\"position\":3,\"name\":\"Chasselas 2024 &#8211; 150cl\"}]},{\"@type\":\"WebSite\",\"@id\":\"https:\\\/\\\/domainepourtales.ch\\\/#website\",\"url\":\"https:\\\/\\\/domainepourtales.ch\\\/\",\"name\":\"Domaine H\u00f4pital Pourtal\u00e8s\",\"description\":\"Nos vins, pour le bien-\u00eatre des patients\",\"potentialAction\":[{\"@type\":\"SearchAction\",\"target\":{\"@type\":\"EntryPoint\",\"urlTemplate\":\"https:\\\/\\\/domainepourtales.ch\\\/?s={search_term_string}\"},\"query-input\":{\"@type\":\"PropertyValueSpecification\",\"valueRequired\":true,\"valueName\":\"search_term_string\"}}],\"inLanguage\":\"en-GB\"}]}<\/script>\n<!-- \/ Yoast SEO plugin. -->","yoast_head_json":{"title":"AOC Neuch\u00e2tel, Chasselas, 2024, 150cl","description":"AOC Neuch\u00e2tel, Chasselas, 2024, 150cl, D\u2019une couleur de fleur de tilleul, au visuel finement p\u00e9tillant selon les ann\u00e9es, ce vin d\u00e9gage, au nez, un bouquet de sureau en fleur sur fond d\u2019ar\u00f4mes de c\u00e9page. En bouche, sa min\u00e9ralit\u00e9 est magnifi\u00e9e par son inimitable p\u00e9tillant. Go\u00fbt de chasselas et de terroir calcaire ; acidit\u00e9 de bon aloi conf\u00e9rant fra\u00eecheur et vivacit\u00e9. Une attaque franche, l\u00e9g\u00e8rement carbonique, ainsi qu\u2019une belle rondeur sont l\u2019expression de la parfaite harmonie de ce blanc neuch\u00e2telois. D\u2019une grande finesse aromatique, la teneur mod\u00e9r\u00e9e en alcool en fait un vin friand et \u00e9l\u00e9gant. A la fois d\u00e9salt\u00e9rant et rafra\u00eechissant, il est consommable aussi bien pour l\u2019ap\u00e9ritif que comme vin festif","robots":{"index":"index","follow":"follow","max-snippet":"max-snippet:-1","max-image-preview":"max-image-preview:large","max-video-preview":"max-video-preview:-1"},"canonical":"https:\/\/domainepourtales.ch\/en\/product\/chasselas-2024-150cl\/","og_locale":"en_GB","og_type":"article","og_title":"AOC Neuch\u00e2tel, Chasselas, 2024, 150cl","og_description":"AOC Neuch\u00e2tel, Chasselas, 2024, 150cl, D\u2019une couleur de fleur de tilleul, au visuel finement p\u00e9tillant selon les ann\u00e9es, ce vin d\u00e9gage, au nez, un bouquet de sureau en fleur sur fond d\u2019ar\u00f4mes de c\u00e9page. En bouche, sa min\u00e9ralit\u00e9 est magnifi\u00e9e par son inimitable p\u00e9tillant. Go\u00fbt de chasselas et de terroir calcaire ; acidit\u00e9 de bon aloi conf\u00e9rant fra\u00eecheur et vivacit\u00e9. Une attaque franche, l\u00e9g\u00e8rement carbonique, ainsi qu\u2019une belle rondeur sont l\u2019expression de la parfaite harmonie de ce blanc neuch\u00e2telois. D\u2019une grande finesse aromatique, la teneur mod\u00e9r\u00e9e en alcool en fait un vin friand et \u00e9l\u00e9gant. A la fois d\u00e9salt\u00e9rant et rafra\u00eechissant, il est consommable aussi bien pour l\u2019ap\u00e9ritif que comme vin festif","og_url":"https:\/\/domainepourtales.ch\/en\/product\/chasselas-2024-150cl\/","og_site_name":"Domaine H\u00f4pital Pourtal\u00e8s","article_modified_time":"2025-07-14T15:29:39+00:00","og_image":[{"width":1182,"height":1500,"url":"https:\/\/domainepourtales.ch\/wp-content\/uploads\/2024\/07\/Chasselas.png","type":"image\/png"}],"twitter_card":"summary_large_image","twitter_misc":{"Estimated reading time":"1 minute"},"schema":{"@context":"https:\/\/schema.org","@graph":[{"@type":"WebPage","@id":"https:\/\/domainepourtales.ch\/produit\/chasselas-2024-150cl\/","url":"https:\/\/domainepourtales.ch\/produit\/chasselas-2024-150cl\/","name":"AOC Neuch\u00e2tel, Chasselas, 2024, 150cl","isPartOf":{"@id":"https:\/\/domainepourtales.ch\/#website"},"primaryImageOfPage":{"@id":"https:\/\/domainepourtales.ch\/produit\/chasselas-2024-150cl\/#primaryimage"},"image":{"@id":"https:\/\/domainepourtales.ch\/produit\/chasselas-2024-150cl\/#primaryimage"},"thumbnailUrl":"https:\/\/domainepourtales.ch\/wp-content\/uploads\/2024\/07\/Chasselas.png","datePublished":"2025-05-13T13:37:43+00:00","dateModified":"2025-07-14T15:29:39+00:00","description":"AOC Neuch\u00e2tel, Chasselas, 2024, 150cl, D\u2019une couleur de fleur de tilleul, au visuel finement p\u00e9tillant selon les ann\u00e9es, ce vin d\u00e9gage, au nez, un bouquet de sureau en fleur sur fond d\u2019ar\u00f4mes de c\u00e9page. En bouche, sa min\u00e9ralit\u00e9 est magnifi\u00e9e par son inimitable p\u00e9tillant. Go\u00fbt de chasselas et de terroir calcaire ; acidit\u00e9 de bon aloi conf\u00e9rant fra\u00eecheur et vivacit\u00e9. Une attaque franche, l\u00e9g\u00e8rement carbonique, ainsi qu\u2019une belle rondeur sont l\u2019expression de la parfaite harmonie de ce blanc neuch\u00e2telois. D\u2019une grande finesse aromatique, la teneur mod\u00e9r\u00e9e en alcool en fait un vin friand et \u00e9l\u00e9gant. A la fois d\u00e9salt\u00e9rant et rafra\u00eechissant, il est consommable aussi bien pour l\u2019ap\u00e9ritif que comme vin festif","breadcrumb":{"@id":"https:\/\/domainepourtales.ch\/produit\/chasselas-2024-150cl\/#breadcrumb"},"inLanguage":"en-GB","potentialAction":[{"@type":"ReadAction","target":["https:\/\/domainepourtales.ch\/produit\/chasselas-2024-150cl\/"]}]},{"@type":"ImageObject","inLanguage":"en-GB","@id":"https:\/\/domainepourtales.ch\/produit\/chasselas-2024-150cl\/#primaryimage","url":"https:\/\/domainepourtales.ch\/wp-content\/uploads\/2024\/07\/Chasselas.png","contentUrl":"https:\/\/domainepourtales.ch\/wp-content\/uploads\/2024\/07\/Chasselas.png","width":1182,"height":1500},{"@type":"BreadcrumbList","@id":"https:\/\/domainepourtales.ch\/produit\/chasselas-2024-150cl\/#breadcrumb","itemListElement":[{"@type":"ListItem","position":1,"name":"Accueil","item":"https:\/\/domainepourtales.ch\/"},{"@type":"ListItem","position":2,"name":"Nos Vins","item":"https:\/\/domainepourtales.ch\/nos-vins\/"},{"@type":"ListItem","position":3,"name":"Chasselas 2024 &#8211; 150cl"}]},{"@type":"WebSite","@id":"https:\/\/domainepourtales.ch\/#website","url":"https:\/\/domainepourtales.ch\/","name":"Domaine H\u00f4pital Pourtal\u00e8s","description":"Our wines, for the well-being of patients","potentialAction":[{"@type":"SearchAction","target":{"@type":"EntryPoint","urlTemplate":"https:\/\/domainepourtales.ch\/?s={search_term_string}"},"query-input":{"@type":"PropertyValueSpecification","valueRequired":true,"valueName":"search_term_string"}}],"inLanguage":"en-GB"}]}},"thumbnail":"https:\/\/domainepourtales.ch\/wp-content\/uploads\/2024\/07\/Chasselas.png","price_html":"<span class=\"woocommerce-Price-amount amount\"><bdi>28.00&nbsp;<span class=\"woocommerce-Price-currencySymbol\">&#67;&#72;&#70;<\/span><\/bdi><\/span>","on_sale":false,"stock_status":"instock","rating_html":"","rating_count":0,"_links":{"self":[{"href":"https:\/\/domainepourtales.ch\/en\/wp-json\/wp\/v2\/product\/35133","targetHints":{"allow":["GET"]}}],"collection":[{"href":"https:\/\/domainepourtales.ch\/en\/wp-json\/wp\/v2\/product"}],"about":[{"href":"https:\/\/domainepourtales.ch\/en\/wp-json\/wp\/v2\/types\/product"}],"replies":[{"embeddable":true,"href":"https:\/\/domainepourtales.ch\/en\/wp-json\/wp\/v2\/comments?post=35133"}],"wp:featuredmedia":[{"embeddable":true,"href":"https:\/\/domainepourtales.ch\/en\/wp-json\/wp\/v2\/media\/32467"}],"wp:attachment":[{"href":"https:\/\/domainepourtales.ch\/en\/wp-json\/wp\/v2\/media?parent=35133"}],"wp:term":[{"taxonomy":"product_brand","embeddable":true,"href":"https:\/\/domainepourtales.ch\/en\/wp-json\/wp\/v2\/product_brand?post=35133"},{"taxonomy":"product_cat","embeddable":true,"href":"https:\/\/domainepourtales.ch\/en\/wp-json\/wp\/v2\/product_cat?post=35133"},{"taxonomy":"product_tag","embeddable":true,"href":"https:\/\/domainepourtales.ch\/en\/wp-json\/wp\/v2\/product_tag?post=35133"}],"curies":[{"name":"wp","href":"https:\/\/api.w.org\/{rel}","templated":true}]}}