{"id":35125,"date":"2025-05-13T15:32:46","date_gmt":"2025-05-13T13:32:46","guid":{"rendered":"https:\/\/domainepourtales.ch\/?post_type=product&#038;p=35125"},"modified":"2025-07-14T17:32:06","modified_gmt":"2025-07-14T15:32:06","slug":"oeil-de-perdrix-2024-75cl","status":"publish","type":"product","link":"https:\/\/domainepourtales.ch\/en\/product\/oeil-de-perdrix-2024-75cl\/","title":{"rendered":"Oeil de Perdrix 2024 - 75cl"},"content":{"rendered":"<p>Culture et production :<br \/>\nL\u2019essentiel du raisin pour ce vin provient de nos terrasses de pinot noir, avec un rendement situ\u00e9 entre 600 et 800gr\/m2.<\/p>\n<p>Vinification :<br \/>\nSans trop de mac\u00e9ration un pressurage dit \u00ab\u00a0direct\u00a0\u00bb est effectu\u00e9. Ceci signifie que le raisin est press\u00e9 une fois qu\u2019il arrive \u00e0 la cave. Les fermentations sont faites en cuve acier ou inox ainsi qu\u2019en foudre.<\/p>\n<p>Accord mets et vins :<br \/>\nSeul en ap\u00e9ritif ou avec une entr\u00e9e telle qu\u2019une terrine de chasse et doucette ou un tartare de pal\u00e9e.<\/p>\n<p>D\u00e9tails techniques :<br \/>\nThis wine is vinified as a white grape variety, which is what gives it its freshness and richness. Contains sulphites.<\/p>\n<p>Commentaire d\u2019Yves Beck :<br \/>\nBelle couleur rose saumon. Le bouquet invite par sa fraicheur gr\u00e2ce \u00e0 des notes de fruits rouges. Le vin a du corps et du temp\u00e9rament. Sa structure conf\u00e8re soutient l\u2019expression aromatique jusqu\u2019en finale.<\/p>\n<p>Distinctions :<br \/>\n\u2b50Silver medal at the World of Ros\u00e9 in 2023 for the 2022 vintage with 89 points<br \/>\n\u2b50Silver medal at the World Pinot Festival in 2020 for the 2019 vintage<br \/>\n\u2b50Silver medal at the 2019 World Pinot Festival for the 2018 vintage<br \/>\n\u2b50Silver medal at the 2019 Swiss Wine Grand Prix for the 2018 vintage.<br \/>\n\u2b50M\u00e9daille d\u2019argent au grand prix du vin suisse en 2018 pour le mill\u00e9sime 2018<\/p>","protected":false},"excerpt":{"rendered":"<p>This wine, named after the colour of a partridge's eye as it passes from life to death, is a pure Neuch\u00e2tel tradition.<\/p>\n<p>Made from a special Pinot Noir vinification process, it is a real eye-catcher with its superb salmon hue.<\/p>\n<p>Its nose suggests aromas of wild berries.<\/p>\n<p>En bouche, il lib\u00e8re des saveurs \u00e9pic\u00e9es et min\u00e9rales, des ar\u00f4mes complexes de compote de fruits, le tout soutenu par une vivacit\u00e9 de bon aloi. Riche et onctueux, l\u2019\u0152il de perdrix est un v\u00e9ritable r\u00e9gal pour les papilles gustatives. Il se r\u00e9v\u00e8le \u00eatre un vin id\u00e9al pour l\u2019ap\u00e9ritif.<\/p>","protected":false},"featured_media":35100,"comment_status":"open","ping_status":"closed","template":"","meta":{"_et_pb_use_builder":"","_et_pb_old_content":"","_et_gb_content_width":""},"product_brand":[],"product_cat":[175,72],"product_tag":[],"class_list":{"0":"post-35125","1":"product","2":"type-product","3":"status-publish","4":"has-post-thumbnail","6":"product_cat-75cl","7":"product_cat-pinot-noir","8":"pa_appellation-aoc-neuchatel","9":"pa_contenance-75cl","10":"pa_elevage-traditionnel","11":"pa_millesime-199","13":"first","14":"instock","15":"taxable","16":"shipping-taxable","17":"purchasable","18":"product-type-simple"},"yoast_head":"<!-- This site is optimized with the Yoast SEO plugin v27.4 - https:\/\/yoast.com\/product\/yoast-seo-wordpress\/ -->\n<title>AOC Neuch\u00e2tel, Pinot Noir, 2024, 75cl<\/title>\n<meta name=\"description\" content=\"AOC Neuch\u00e2tel, Pinot Noir, 2024, 75cl, Ce vin, dont le nom est inspir\u00e9 par la couleur que prend l\u2019\u0153il d\u2019une perdrix lorsqu\u2019elle passe de vie \u00e0 tr\u00e9pas, est une pure tradition neuch\u00e2teloise.Issu de la vinification particuli\u00e8re du Pinot noir, il ravit les yeux par sa superbe teinte saumon\u00e9e.Son nez sugg\u00e8re des ar\u00f4mes de fruits des bois.En bouche, il lib\u00e8re des saveurs \u00e9pic\u00e9es et min\u00e9rales, des ar\u00f4mes complexes de compote de fruits, le tout soutenu par une vivacit\u00e9 de bon aloi. Riche et onctueux, l\u2019\u0152il de perdrix est un v\u00e9ritable r\u00e9gal pour les papilles gustatives. Il se r\u00e9v\u00e8le \u00eatre un vin id\u00e9al pour l\u2019ap\u00e9ritif.\" \/>\n<meta name=\"robots\" content=\"index, follow, max-snippet:-1, max-image-preview:large, max-video-preview:-1\" \/>\n<link rel=\"canonical\" href=\"https:\/\/domainepourtales.ch\/en\/product\/oeil-de-perdrix-2024-75cl\/\" \/>\n<meta property=\"og:locale\" content=\"en_GB\" \/>\n<meta property=\"og:type\" content=\"article\" \/>\n<meta property=\"og:title\" content=\"AOC Neuch\u00e2tel, Pinot Noir, 2024, 75cl\" \/>\n<meta property=\"og:description\" content=\"AOC Neuch\u00e2tel, Pinot Noir, 2024, 75cl, Ce vin, dont le nom est inspir\u00e9 par la couleur que prend l\u2019\u0153il d\u2019une perdrix lorsqu\u2019elle passe de vie \u00e0 tr\u00e9pas, est une pure tradition neuch\u00e2teloise.Issu de la vinification particuli\u00e8re du Pinot noir, il ravit les yeux par sa superbe teinte saumon\u00e9e.Son nez sugg\u00e8re des ar\u00f4mes de fruits des bois.En bouche, il lib\u00e8re des saveurs \u00e9pic\u00e9es et min\u00e9rales, des ar\u00f4mes complexes de compote de fruits, le tout soutenu par une vivacit\u00e9 de bon aloi. Riche et onctueux, l\u2019\u0152il de perdrix est un v\u00e9ritable r\u00e9gal pour les papilles gustatives. Il se r\u00e9v\u00e8le \u00eatre un vin id\u00e9al pour l\u2019ap\u00e9ritif.\" \/>\n<meta property=\"og:url\" content=\"https:\/\/domainepourtales.ch\/en\/product\/oeil-de-perdrix-2024-75cl\/\" \/>\n<meta property=\"og:site_name\" content=\"Domaine H\u00f4pital Pourtal\u00e8s\" \/>\n<meta property=\"article:modified_time\" content=\"2025-07-14T15:32:06+00:00\" \/>\n<meta property=\"og:image\" content=\"https:\/\/domainepourtales.ch\/wp-content\/uploads\/2025\/05\/Oeil-de-Perdrix-75cl.png\" \/>\n\t<meta property=\"og:image:width\" content=\"1080\" \/>\n\t<meta property=\"og:image:height\" content=\"1080\" \/>\n\t<meta property=\"og:image:type\" content=\"image\/png\" \/>\n<meta name=\"twitter:card\" content=\"summary_large_image\" \/>\n<meta name=\"twitter:label1\" content=\"Estimated reading time\" \/>\n\t<meta name=\"twitter:data1\" content=\"2 minutes\" \/>\n<script type=\"application\/ld+json\" class=\"yoast-schema-graph\">{\"@context\":\"https:\\\/\\\/schema.org\",\"@graph\":[{\"@type\":\"WebPage\",\"@id\":\"https:\\\/\\\/domainepourtales.ch\\\/produit\\\/oeil-de-perdrix-2024-75cl\\\/\",\"url\":\"https:\\\/\\\/domainepourtales.ch\\\/produit\\\/oeil-de-perdrix-2024-75cl\\\/\",\"name\":\"AOC Neuch\u00e2tel, Pinot Noir, 2024, 75cl\",\"isPartOf\":{\"@id\":\"https:\\\/\\\/domainepourtales.ch\\\/#website\"},\"primaryImageOfPage\":{\"@id\":\"https:\\\/\\\/domainepourtales.ch\\\/produit\\\/oeil-de-perdrix-2024-75cl\\\/#primaryimage\"},\"image\":{\"@id\":\"https:\\\/\\\/domainepourtales.ch\\\/produit\\\/oeil-de-perdrix-2024-75cl\\\/#primaryimage\"},\"thumbnailUrl\":\"https:\\\/\\\/domainepourtales.ch\\\/wp-content\\\/uploads\\\/2025\\\/05\\\/Oeil-de-Perdrix-75cl.png\",\"datePublished\":\"2025-05-13T13:32:46+00:00\",\"dateModified\":\"2025-07-14T15:32:06+00:00\",\"description\":\"AOC Neuch\u00e2tel, Pinot Noir, 2024, 75cl, Ce vin, dont le nom est inspir\u00e9 par la couleur que prend l\u2019\u0153il d\u2019une perdrix lorsqu\u2019elle passe de vie \u00e0 tr\u00e9pas, est une pure tradition neuch\u00e2teloise.Issu de la vinification particuli\u00e8re du Pinot noir, il ravit les yeux par sa superbe teinte saumon\u00e9e.Son nez sugg\u00e8re des ar\u00f4mes de fruits des bois.En bouche, il lib\u00e8re des saveurs \u00e9pic\u00e9es et min\u00e9rales, des ar\u00f4mes complexes de compote de fruits, le tout soutenu par une vivacit\u00e9 de bon aloi. Riche et onctueux, l\u2019\u0152il de perdrix est un v\u00e9ritable r\u00e9gal pour les papilles gustatives. Il se r\u00e9v\u00e8le \u00eatre un vin id\u00e9al pour l\u2019ap\u00e9ritif.\",\"breadcrumb\":{\"@id\":\"https:\\\/\\\/domainepourtales.ch\\\/produit\\\/oeil-de-perdrix-2024-75cl\\\/#breadcrumb\"},\"inLanguage\":\"en-GB\",\"potentialAction\":[{\"@type\":\"ReadAction\",\"target\":[\"https:\\\/\\\/domainepourtales.ch\\\/produit\\\/oeil-de-perdrix-2024-75cl\\\/\"]}]},{\"@type\":\"ImageObject\",\"inLanguage\":\"en-GB\",\"@id\":\"https:\\\/\\\/domainepourtales.ch\\\/produit\\\/oeil-de-perdrix-2024-75cl\\\/#primaryimage\",\"url\":\"https:\\\/\\\/domainepourtales.ch\\\/wp-content\\\/uploads\\\/2025\\\/05\\\/Oeil-de-Perdrix-75cl.png\",\"contentUrl\":\"https:\\\/\\\/domainepourtales.ch\\\/wp-content\\\/uploads\\\/2025\\\/05\\\/Oeil-de-Perdrix-75cl.png\",\"width\":1080,\"height\":1080},{\"@type\":\"BreadcrumbList\",\"@id\":\"https:\\\/\\\/domainepourtales.ch\\\/produit\\\/oeil-de-perdrix-2024-75cl\\\/#breadcrumb\",\"itemListElement\":[{\"@type\":\"ListItem\",\"position\":1,\"name\":\"Accueil\",\"item\":\"https:\\\/\\\/domainepourtales.ch\\\/\"},{\"@type\":\"ListItem\",\"position\":2,\"name\":\"Nos Vins\",\"item\":\"https:\\\/\\\/domainepourtales.ch\\\/nos-vins\\\/\"},{\"@type\":\"ListItem\",\"position\":3,\"name\":\"Oeil de Perdrix 2024 &#8211; 75cl\"}]},{\"@type\":\"WebSite\",\"@id\":\"https:\\\/\\\/domainepourtales.ch\\\/#website\",\"url\":\"https:\\\/\\\/domainepourtales.ch\\\/\",\"name\":\"Domaine H\u00f4pital Pourtal\u00e8s\",\"description\":\"Nos vins, pour le bien-\u00eatre des patients\",\"potentialAction\":[{\"@type\":\"SearchAction\",\"target\":{\"@type\":\"EntryPoint\",\"urlTemplate\":\"https:\\\/\\\/domainepourtales.ch\\\/?s={search_term_string}\"},\"query-input\":{\"@type\":\"PropertyValueSpecification\",\"valueRequired\":true,\"valueName\":\"search_term_string\"}}],\"inLanguage\":\"en-GB\"}]}<\/script>\n<!-- \/ Yoast SEO plugin. -->","yoast_head_json":{"title":"AOC Neuch\u00e2tel, Pinot Noir, 2024, 75cl","description":"AOC Neuch\u00e2tel, Pinot Noir, 2024, 75cl, Ce vin, dont le nom est inspir\u00e9 par la couleur que prend l\u2019\u0153il d\u2019une perdrix lorsqu\u2019elle passe de vie \u00e0 tr\u00e9pas, est une pure tradition neuch\u00e2teloise.Issu de la vinification particuli\u00e8re du Pinot noir, il ravit les yeux par sa superbe teinte saumon\u00e9e.Son nez sugg\u00e8re des ar\u00f4mes de fruits des bois.En bouche, il lib\u00e8re des saveurs \u00e9pic\u00e9es et min\u00e9rales, des ar\u00f4mes complexes de compote de fruits, le tout soutenu par une vivacit\u00e9 de bon aloi. Riche et onctueux, l\u2019\u0152il de perdrix est un v\u00e9ritable r\u00e9gal pour les papilles gustatives. Il se r\u00e9v\u00e8le \u00eatre un vin id\u00e9al pour l\u2019ap\u00e9ritif.","robots":{"index":"index","follow":"follow","max-snippet":"max-snippet:-1","max-image-preview":"max-image-preview:large","max-video-preview":"max-video-preview:-1"},"canonical":"https:\/\/domainepourtales.ch\/en\/product\/oeil-de-perdrix-2024-75cl\/","og_locale":"en_GB","og_type":"article","og_title":"AOC Neuch\u00e2tel, Pinot Noir, 2024, 75cl","og_description":"AOC Neuch\u00e2tel, Pinot Noir, 2024, 75cl, Ce vin, dont le nom est inspir\u00e9 par la couleur que prend l\u2019\u0153il d\u2019une perdrix lorsqu\u2019elle passe de vie \u00e0 tr\u00e9pas, est une pure tradition neuch\u00e2teloise.Issu de la vinification particuli\u00e8re du Pinot noir, il ravit les yeux par sa superbe teinte saumon\u00e9e.Son nez sugg\u00e8re des ar\u00f4mes de fruits des bois.En bouche, il lib\u00e8re des saveurs \u00e9pic\u00e9es et min\u00e9rales, des ar\u00f4mes complexes de compote de fruits, le tout soutenu par une vivacit\u00e9 de bon aloi. Riche et onctueux, l\u2019\u0152il de perdrix est un v\u00e9ritable r\u00e9gal pour les papilles gustatives. Il se r\u00e9v\u00e8le \u00eatre un vin id\u00e9al pour l\u2019ap\u00e9ritif.","og_url":"https:\/\/domainepourtales.ch\/en\/product\/oeil-de-perdrix-2024-75cl\/","og_site_name":"Domaine H\u00f4pital Pourtal\u00e8s","article_modified_time":"2025-07-14T15:32:06+00:00","og_image":[{"width":1080,"height":1080,"url":"https:\/\/domainepourtales.ch\/wp-content\/uploads\/2025\/05\/Oeil-de-Perdrix-75cl.png","type":"image\/png"}],"twitter_card":"summary_large_image","twitter_misc":{"Estimated reading time":"2 minutes"},"schema":{"@context":"https:\/\/schema.org","@graph":[{"@type":"WebPage","@id":"https:\/\/domainepourtales.ch\/produit\/oeil-de-perdrix-2024-75cl\/","url":"https:\/\/domainepourtales.ch\/produit\/oeil-de-perdrix-2024-75cl\/","name":"AOC Neuch\u00e2tel, Pinot Noir, 2024, 75cl","isPartOf":{"@id":"https:\/\/domainepourtales.ch\/#website"},"primaryImageOfPage":{"@id":"https:\/\/domainepourtales.ch\/produit\/oeil-de-perdrix-2024-75cl\/#primaryimage"},"image":{"@id":"https:\/\/domainepourtales.ch\/produit\/oeil-de-perdrix-2024-75cl\/#primaryimage"},"thumbnailUrl":"https:\/\/domainepourtales.ch\/wp-content\/uploads\/2025\/05\/Oeil-de-Perdrix-75cl.png","datePublished":"2025-05-13T13:32:46+00:00","dateModified":"2025-07-14T15:32:06+00:00","description":"AOC Neuch\u00e2tel, Pinot Noir, 2024, 75cl, Ce vin, dont le nom est inspir\u00e9 par la couleur que prend l\u2019\u0153il d\u2019une perdrix lorsqu\u2019elle passe de vie \u00e0 tr\u00e9pas, est une pure tradition neuch\u00e2teloise.Issu de la vinification particuli\u00e8re du Pinot noir, il ravit les yeux par sa superbe teinte saumon\u00e9e.Son nez sugg\u00e8re des ar\u00f4mes de fruits des bois.En bouche, il lib\u00e8re des saveurs \u00e9pic\u00e9es et min\u00e9rales, des ar\u00f4mes complexes de compote de fruits, le tout soutenu par une vivacit\u00e9 de bon aloi. Riche et onctueux, l\u2019\u0152il de perdrix est un v\u00e9ritable r\u00e9gal pour les papilles gustatives. Il se r\u00e9v\u00e8le \u00eatre un vin id\u00e9al pour l\u2019ap\u00e9ritif.","breadcrumb":{"@id":"https:\/\/domainepourtales.ch\/produit\/oeil-de-perdrix-2024-75cl\/#breadcrumb"},"inLanguage":"en-GB","potentialAction":[{"@type":"ReadAction","target":["https:\/\/domainepourtales.ch\/produit\/oeil-de-perdrix-2024-75cl\/"]}]},{"@type":"ImageObject","inLanguage":"en-GB","@id":"https:\/\/domainepourtales.ch\/produit\/oeil-de-perdrix-2024-75cl\/#primaryimage","url":"https:\/\/domainepourtales.ch\/wp-content\/uploads\/2025\/05\/Oeil-de-Perdrix-75cl.png","contentUrl":"https:\/\/domainepourtales.ch\/wp-content\/uploads\/2025\/05\/Oeil-de-Perdrix-75cl.png","width":1080,"height":1080},{"@type":"BreadcrumbList","@id":"https:\/\/domainepourtales.ch\/produit\/oeil-de-perdrix-2024-75cl\/#breadcrumb","itemListElement":[{"@type":"ListItem","position":1,"name":"Accueil","item":"https:\/\/domainepourtales.ch\/"},{"@type":"ListItem","position":2,"name":"Nos Vins","item":"https:\/\/domainepourtales.ch\/nos-vins\/"},{"@type":"ListItem","position":3,"name":"Oeil de Perdrix 2024 &#8211; 75cl"}]},{"@type":"WebSite","@id":"https:\/\/domainepourtales.ch\/#website","url":"https:\/\/domainepourtales.ch\/","name":"Domaine H\u00f4pital Pourtal\u00e8s","description":"Our wines, for the well-being of patients","potentialAction":[{"@type":"SearchAction","target":{"@type":"EntryPoint","urlTemplate":"https:\/\/domainepourtales.ch\/?s={search_term_string}"},"query-input":{"@type":"PropertyValueSpecification","valueRequired":true,"valueName":"search_term_string"}}],"inLanguage":"en-GB"}]}},"thumbnail":"https:\/\/domainepourtales.ch\/wp-content\/uploads\/2025\/05\/Oeil-de-Perdrix-75cl.png","price_html":"<span class=\"woocommerce-Price-amount amount\"><bdi>18.50&nbsp;<span class=\"woocommerce-Price-currencySymbol\">&#67;&#72;&#70;<\/span><\/bdi><\/span>","on_sale":false,"stock_status":"instock","rating_html":"","rating_count":0,"_links":{"self":[{"href":"https:\/\/domainepourtales.ch\/en\/wp-json\/wp\/v2\/product\/35125","targetHints":{"allow":["GET"]}}],"collection":[{"href":"https:\/\/domainepourtales.ch\/en\/wp-json\/wp\/v2\/product"}],"about":[{"href":"https:\/\/domainepourtales.ch\/en\/wp-json\/wp\/v2\/types\/product"}],"replies":[{"embeddable":true,"href":"https:\/\/domainepourtales.ch\/en\/wp-json\/wp\/v2\/comments?post=35125"}],"wp:featuredmedia":[{"embeddable":true,"href":"https:\/\/domainepourtales.ch\/en\/wp-json\/wp\/v2\/media\/35100"}],"wp:attachment":[{"href":"https:\/\/domainepourtales.ch\/en\/wp-json\/wp\/v2\/media?parent=35125"}],"wp:term":[{"taxonomy":"product_brand","embeddable":true,"href":"https:\/\/domainepourtales.ch\/en\/wp-json\/wp\/v2\/product_brand?post=35125"},{"taxonomy":"product_cat","embeddable":true,"href":"https:\/\/domainepourtales.ch\/en\/wp-json\/wp\/v2\/product_cat?post=35125"},{"taxonomy":"product_tag","embeddable":true,"href":"https:\/\/domainepourtales.ch\/en\/wp-json\/wp\/v2\/product_tag?post=35125"}],"curies":[{"name":"wp","href":"https:\/\/api.w.org\/{rel}","templated":true}]}}