{"id":35123,"date":"2025-05-13T15:30:42","date_gmt":"2025-05-13T13:30:42","guid":{"rendered":"https:\/\/domainepourtales.ch\/?post_type=product&#038;p=35123"},"modified":"2025-07-14T17:32:22","modified_gmt":"2025-07-14T15:32:22","slug":"chardonnay-2024-75cl","status":"publish","type":"product","link":"https:\/\/domainepourtales.ch\/en\/product\/chardonnay-2024-75cl\/","title":{"rendered":"Chardonnay 2024 - 75cl"},"content":{"rendered":"<p>Culture et production :<br \/>\nQuasi l\u2019enti\u00e8ret\u00e9 des vignes se situe dans la parcelle \u00e0 c\u00f4t\u00e9 du domaine, la production est entre 600et 800gr\/m2, les vignes sont labelis\u00e9 bio bourgeons.<\/p>\n<p>Vinification :<br \/>\nContrairement aux autres blancs celui-ci est fermenter et \u00e9lever en cuve inox, ce qui va lui permettre de garder de la fra\u00eecheur aromatique.<\/p>\n<p>Accord mets et vins :<br \/>\nPourquoi ne pas accorder ce vin avec des poissons du lac tel qu\u2019une bondelle fum\u00e9e avec sa sauce au raifort ou une truite saumon\u00e9e et sa vinaigrette.<\/p>\n<p>D\u00e9tails techniques :<br \/>\nWe work mainly with a lower temperature than for other wines. Contains sulphites.<\/p>\n<p>Commentaire d\u2019Yves Beck :<br \/>\nSubtil et filigrane, le bouquet de ce Chardonnay r\u00e9v\u00e8le de classiques marqueurs tels que abricots et p\u00eaches de vignes. De caract\u00e8re \u00e9l\u00e9gant, le vin se distingue par une touche cr\u00e9meuse et par une fine amertume en fin de bouche ce qui a pour effet d\u2019\u00e9tirer la finale. Un Chardonnay un peu timide qui gagne en expression au fil des minutes.<\/p>\n<p>Distinctions :<br \/>\n\u2b50 2023 \u2013 M\u00e9daille d\u2019argent au Grand Prix du Vin Suisse \u2013 mill\u00e9sime 2022<br \/>\n\u2b50 2023 \u2013 S\u00e9lection OR cantonale neuch\u00e2teloise \u2013 mill\u00e9sime 2022<br \/>\n\u2b50 2021 \u2013 S\u00e9lection OR cantonale neuch\u00e2teloise \u2013 mill\u00e9sime 2020<\/p>","protected":false},"excerpt":{"rendered":"<p>A straw colour with green highlights, it seduces the nose with aromas of acacia flowers and fresh fruit.<\/p>\n<p>On the palate, there are hints of verbena and honey on a mineral background. A fine acidity balances the aromatic richness and alcoholic generosity of this Chardonnay.<\/p>\n<p>The son of a grand seigneur grape variety, its savoury grapes flavour a beverage that lasts a long time on the palate.<\/p>","protected":false},"featured_media":35112,"comment_status":"open","ping_status":"closed","template":"","meta":{"_et_pb_use_builder":"","_et_pb_old_content":"","_et_gb_content_width":""},"product_brand":[],"product_cat":[175,74],"product_tag":[],"class_list":{"0":"post-35123","1":"product","2":"type-product","3":"status-publish","4":"has-post-thumbnail","6":"product_cat-75cl","7":"product_cat-chardonnay","8":"pa_appellation-aoc-neuchatel","9":"pa_contenance-75cl","10":"pa_elevage-traditionnel","11":"pa_millesime-199","13":"first","14":"instock","15":"taxable","16":"shipping-taxable","17":"purchasable","18":"product-type-simple"},"yoast_head":"<!-- This site is optimized with the Yoast SEO plugin v27.4 - https:\/\/yoast.com\/product\/yoast-seo-wordpress\/ -->\n<title>AOC Neuch\u00e2tel, Chardonnay, 2024, 75cl<\/title>\n<meta name=\"description\" content=\"AOC Neuch\u00e2tel, Chardonnay, 2024, 75cl, \u00c0 la teinte paille illumin\u00e9e de reflets verts, il s\u00e9duit le nez par des ar\u00f4mes de fleur d\u2019acacia et de fruits frais.En bouche, on per\u00e7oit la verveine et le miel sur un fond min\u00e9ral. Une fine acidit\u00e9 \u00e9quilibre la richesse aromatique et la g\u00e9n\u00e9rosit\u00e9 alcoolique de ce Chardonnay.Fils d\u2019un c\u00e9page grand seigneur, son raisin savoureux aromatise un breuvage d\u2019une longue tenue en bouche.\" \/>\n<meta name=\"robots\" content=\"index, follow, max-snippet:-1, max-image-preview:large, max-video-preview:-1\" \/>\n<link rel=\"canonical\" href=\"https:\/\/domainepourtales.ch\/en\/product\/chardonnay-2024-75cl\/\" \/>\n<meta property=\"og:locale\" content=\"en_GB\" \/>\n<meta property=\"og:type\" content=\"article\" \/>\n<meta property=\"og:title\" content=\"AOC Neuch\u00e2tel, Chardonnay, 2024, 75cl\" \/>\n<meta property=\"og:description\" content=\"AOC Neuch\u00e2tel, Chardonnay, 2024, 75cl, \u00c0 la teinte paille illumin\u00e9e de reflets verts, il s\u00e9duit le nez par des ar\u00f4mes de fleur d\u2019acacia et de fruits frais.En bouche, on per\u00e7oit la verveine et le miel sur un fond min\u00e9ral. Une fine acidit\u00e9 \u00e9quilibre la richesse aromatique et la g\u00e9n\u00e9rosit\u00e9 alcoolique de ce Chardonnay.Fils d\u2019un c\u00e9page grand seigneur, son raisin savoureux aromatise un breuvage d\u2019une longue tenue en bouche.\" \/>\n<meta property=\"og:url\" content=\"https:\/\/domainepourtales.ch\/en\/product\/chardonnay-2024-75cl\/\" \/>\n<meta property=\"og:site_name\" content=\"Domaine H\u00f4pital Pourtal\u00e8s\" \/>\n<meta property=\"article:modified_time\" content=\"2025-07-14T15:32:22+00:00\" \/>\n<meta property=\"og:image\" content=\"https:\/\/domainepourtales.ch\/wp-content\/uploads\/2025\/05\/Chardonnay-75cl.png\" \/>\n\t<meta property=\"og:image:width\" content=\"1080\" \/>\n\t<meta property=\"og:image:height\" content=\"1080\" \/>\n\t<meta property=\"og:image:type\" content=\"image\/png\" \/>\n<meta name=\"twitter:card\" content=\"summary_large_image\" \/>\n<meta name=\"twitter:label1\" content=\"Estimated reading time\" \/>\n\t<meta name=\"twitter:data1\" content=\"2 minutes\" \/>\n<script type=\"application\/ld+json\" class=\"yoast-schema-graph\">{\"@context\":\"https:\\\/\\\/schema.org\",\"@graph\":[{\"@type\":\"WebPage\",\"@id\":\"https:\\\/\\\/domainepourtales.ch\\\/produit\\\/chardonnay-2024-75cl\\\/\",\"url\":\"https:\\\/\\\/domainepourtales.ch\\\/produit\\\/chardonnay-2024-75cl\\\/\",\"name\":\"AOC Neuch\u00e2tel, Chardonnay, 2024, 75cl\",\"isPartOf\":{\"@id\":\"https:\\\/\\\/domainepourtales.ch\\\/#website\"},\"primaryImageOfPage\":{\"@id\":\"https:\\\/\\\/domainepourtales.ch\\\/produit\\\/chardonnay-2024-75cl\\\/#primaryimage\"},\"image\":{\"@id\":\"https:\\\/\\\/domainepourtales.ch\\\/produit\\\/chardonnay-2024-75cl\\\/#primaryimage\"},\"thumbnailUrl\":\"https:\\\/\\\/domainepourtales.ch\\\/wp-content\\\/uploads\\\/2025\\\/05\\\/Chardonnay-75cl.png\",\"datePublished\":\"2025-05-13T13:30:42+00:00\",\"dateModified\":\"2025-07-14T15:32:22+00:00\",\"description\":\"AOC Neuch\u00e2tel, Chardonnay, 2024, 75cl, \u00c0 la teinte paille illumin\u00e9e de reflets verts, il s\u00e9duit le nez par des ar\u00f4mes de fleur d\u2019acacia et de fruits frais.En bouche, on per\u00e7oit la verveine et le miel sur un fond min\u00e9ral. Une fine acidit\u00e9 \u00e9quilibre la richesse aromatique et la g\u00e9n\u00e9rosit\u00e9 alcoolique de ce Chardonnay.Fils d\u2019un c\u00e9page grand seigneur, son raisin savoureux aromatise un breuvage d\u2019une longue tenue en bouche.\",\"breadcrumb\":{\"@id\":\"https:\\\/\\\/domainepourtales.ch\\\/produit\\\/chardonnay-2024-75cl\\\/#breadcrumb\"},\"inLanguage\":\"en-GB\",\"potentialAction\":[{\"@type\":\"ReadAction\",\"target\":[\"https:\\\/\\\/domainepourtales.ch\\\/produit\\\/chardonnay-2024-75cl\\\/\"]}]},{\"@type\":\"ImageObject\",\"inLanguage\":\"en-GB\",\"@id\":\"https:\\\/\\\/domainepourtales.ch\\\/produit\\\/chardonnay-2024-75cl\\\/#primaryimage\",\"url\":\"https:\\\/\\\/domainepourtales.ch\\\/wp-content\\\/uploads\\\/2025\\\/05\\\/Chardonnay-75cl.png\",\"contentUrl\":\"https:\\\/\\\/domainepourtales.ch\\\/wp-content\\\/uploads\\\/2025\\\/05\\\/Chardonnay-75cl.png\",\"width\":1080,\"height\":1080},{\"@type\":\"BreadcrumbList\",\"@id\":\"https:\\\/\\\/domainepourtales.ch\\\/produit\\\/chardonnay-2024-75cl\\\/#breadcrumb\",\"itemListElement\":[{\"@type\":\"ListItem\",\"position\":1,\"name\":\"Accueil\",\"item\":\"https:\\\/\\\/domainepourtales.ch\\\/\"},{\"@type\":\"ListItem\",\"position\":2,\"name\":\"Nos Vins\",\"item\":\"https:\\\/\\\/domainepourtales.ch\\\/nos-vins\\\/\"},{\"@type\":\"ListItem\",\"position\":3,\"name\":\"Chardonnay 2024 &#8211; 75cl\"}]},{\"@type\":\"WebSite\",\"@id\":\"https:\\\/\\\/domainepourtales.ch\\\/#website\",\"url\":\"https:\\\/\\\/domainepourtales.ch\\\/\",\"name\":\"Domaine H\u00f4pital Pourtal\u00e8s\",\"description\":\"Nos vins, pour le bien-\u00eatre des patients\",\"potentialAction\":[{\"@type\":\"SearchAction\",\"target\":{\"@type\":\"EntryPoint\",\"urlTemplate\":\"https:\\\/\\\/domainepourtales.ch\\\/?s={search_term_string}\"},\"query-input\":{\"@type\":\"PropertyValueSpecification\",\"valueRequired\":true,\"valueName\":\"search_term_string\"}}],\"inLanguage\":\"en-GB\"}]}<\/script>\n<!-- \/ Yoast SEO plugin. -->","yoast_head_json":{"title":"AOC Neuch\u00e2tel, Chardonnay, 2024, 75cl","description":"AOC Neuch\u00e2tel, Chardonnay, 2024, 75cl, \u00c0 la teinte paille illumin\u00e9e de reflets verts, il s\u00e9duit le nez par des ar\u00f4mes de fleur d\u2019acacia et de fruits frais.En bouche, on per\u00e7oit la verveine et le miel sur un fond min\u00e9ral. Une fine acidit\u00e9 \u00e9quilibre la richesse aromatique et la g\u00e9n\u00e9rosit\u00e9 alcoolique de ce Chardonnay.Fils d\u2019un c\u00e9page grand seigneur, son raisin savoureux aromatise un breuvage d\u2019une longue tenue en bouche.","robots":{"index":"index","follow":"follow","max-snippet":"max-snippet:-1","max-image-preview":"max-image-preview:large","max-video-preview":"max-video-preview:-1"},"canonical":"https:\/\/domainepourtales.ch\/en\/product\/chardonnay-2024-75cl\/","og_locale":"en_GB","og_type":"article","og_title":"AOC Neuch\u00e2tel, Chardonnay, 2024, 75cl","og_description":"AOC Neuch\u00e2tel, Chardonnay, 2024, 75cl, \u00c0 la teinte paille illumin\u00e9e de reflets verts, il s\u00e9duit le nez par des ar\u00f4mes de fleur d\u2019acacia et de fruits frais.En bouche, on per\u00e7oit la verveine et le miel sur un fond min\u00e9ral. Une fine acidit\u00e9 \u00e9quilibre la richesse aromatique et la g\u00e9n\u00e9rosit\u00e9 alcoolique de ce Chardonnay.Fils d\u2019un c\u00e9page grand seigneur, son raisin savoureux aromatise un breuvage d\u2019une longue tenue en bouche.","og_url":"https:\/\/domainepourtales.ch\/en\/product\/chardonnay-2024-75cl\/","og_site_name":"Domaine H\u00f4pital Pourtal\u00e8s","article_modified_time":"2025-07-14T15:32:22+00:00","og_image":[{"width":1080,"height":1080,"url":"https:\/\/domainepourtales.ch\/wp-content\/uploads\/2025\/05\/Chardonnay-75cl.png","type":"image\/png"}],"twitter_card":"summary_large_image","twitter_misc":{"Estimated reading time":"2 minutes"},"schema":{"@context":"https:\/\/schema.org","@graph":[{"@type":"WebPage","@id":"https:\/\/domainepourtales.ch\/produit\/chardonnay-2024-75cl\/","url":"https:\/\/domainepourtales.ch\/produit\/chardonnay-2024-75cl\/","name":"AOC Neuch\u00e2tel, Chardonnay, 2024, 75cl","isPartOf":{"@id":"https:\/\/domainepourtales.ch\/#website"},"primaryImageOfPage":{"@id":"https:\/\/domainepourtales.ch\/produit\/chardonnay-2024-75cl\/#primaryimage"},"image":{"@id":"https:\/\/domainepourtales.ch\/produit\/chardonnay-2024-75cl\/#primaryimage"},"thumbnailUrl":"https:\/\/domainepourtales.ch\/wp-content\/uploads\/2025\/05\/Chardonnay-75cl.png","datePublished":"2025-05-13T13:30:42+00:00","dateModified":"2025-07-14T15:32:22+00:00","description":"AOC Neuch\u00e2tel, Chardonnay, 2024, 75cl, \u00c0 la teinte paille illumin\u00e9e de reflets verts, il s\u00e9duit le nez par des ar\u00f4mes de fleur d\u2019acacia et de fruits frais.En bouche, on per\u00e7oit la verveine et le miel sur un fond min\u00e9ral. Une fine acidit\u00e9 \u00e9quilibre la richesse aromatique et la g\u00e9n\u00e9rosit\u00e9 alcoolique de ce Chardonnay.Fils d\u2019un c\u00e9page grand seigneur, son raisin savoureux aromatise un breuvage d\u2019une longue tenue en bouche.","breadcrumb":{"@id":"https:\/\/domainepourtales.ch\/produit\/chardonnay-2024-75cl\/#breadcrumb"},"inLanguage":"en-GB","potentialAction":[{"@type":"ReadAction","target":["https:\/\/domainepourtales.ch\/produit\/chardonnay-2024-75cl\/"]}]},{"@type":"ImageObject","inLanguage":"en-GB","@id":"https:\/\/domainepourtales.ch\/produit\/chardonnay-2024-75cl\/#primaryimage","url":"https:\/\/domainepourtales.ch\/wp-content\/uploads\/2025\/05\/Chardonnay-75cl.png","contentUrl":"https:\/\/domainepourtales.ch\/wp-content\/uploads\/2025\/05\/Chardonnay-75cl.png","width":1080,"height":1080},{"@type":"BreadcrumbList","@id":"https:\/\/domainepourtales.ch\/produit\/chardonnay-2024-75cl\/#breadcrumb","itemListElement":[{"@type":"ListItem","position":1,"name":"Accueil","item":"https:\/\/domainepourtales.ch\/"},{"@type":"ListItem","position":2,"name":"Nos Vins","item":"https:\/\/domainepourtales.ch\/nos-vins\/"},{"@type":"ListItem","position":3,"name":"Chardonnay 2024 &#8211; 75cl"}]},{"@type":"WebSite","@id":"https:\/\/domainepourtales.ch\/#website","url":"https:\/\/domainepourtales.ch\/","name":"Domaine H\u00f4pital Pourtal\u00e8s","description":"Our wines, for the well-being of patients","potentialAction":[{"@type":"SearchAction","target":{"@type":"EntryPoint","urlTemplate":"https:\/\/domainepourtales.ch\/?s={search_term_string}"},"query-input":{"@type":"PropertyValueSpecification","valueRequired":true,"valueName":"search_term_string"}}],"inLanguage":"en-GB"}]}},"thumbnail":"https:\/\/domainepourtales.ch\/wp-content\/uploads\/2025\/05\/Chardonnay-75cl.png","price_html":"<span class=\"woocommerce-Price-amount amount\"><bdi>19.00&nbsp;<span class=\"woocommerce-Price-currencySymbol\">&#67;&#72;&#70;<\/span><\/bdi><\/span>","on_sale":false,"stock_status":"instock","rating_html":"","rating_count":0,"_links":{"self":[{"href":"https:\/\/domainepourtales.ch\/en\/wp-json\/wp\/v2\/product\/35123","targetHints":{"allow":["GET"]}}],"collection":[{"href":"https:\/\/domainepourtales.ch\/en\/wp-json\/wp\/v2\/product"}],"about":[{"href":"https:\/\/domainepourtales.ch\/en\/wp-json\/wp\/v2\/types\/product"}],"replies":[{"embeddable":true,"href":"https:\/\/domainepourtales.ch\/en\/wp-json\/wp\/v2\/comments?post=35123"}],"wp:featuredmedia":[{"embeddable":true,"href":"https:\/\/domainepourtales.ch\/en\/wp-json\/wp\/v2\/media\/35112"}],"wp:attachment":[{"href":"https:\/\/domainepourtales.ch\/en\/wp-json\/wp\/v2\/media?parent=35123"}],"wp:term":[{"taxonomy":"product_brand","embeddable":true,"href":"https:\/\/domainepourtales.ch\/en\/wp-json\/wp\/v2\/product_brand?post=35123"},{"taxonomy":"product_cat","embeddable":true,"href":"https:\/\/domainepourtales.ch\/en\/wp-json\/wp\/v2\/product_cat?post=35123"},{"taxonomy":"product_tag","embeddable":true,"href":"https:\/\/domainepourtales.ch\/en\/wp-json\/wp\/v2\/product_tag?post=35123"}],"curies":[{"name":"wp","href":"https:\/\/api.w.org\/{rel}","templated":true}]}}