{"id":32533,"date":"2024-07-16T15:02:10","date_gmt":"2024-07-16T13:02:10","guid":{"rendered":"https:\/\/domainepourtales.ch\/produit\/chardonnay-eleve-en-fut-de-chene\/"},"modified":"2026-01-07T16:34:46","modified_gmt":"2026-01-07T15:34:46","slug":"chardonnay-eleve-en-fut-de-chene","status":"publish","type":"product","link":"https:\/\/domainepourtales.ch\/en\/product\/chardonnay-eleve-en-fut-de-chene\/","title":{"rendered":"Chardonnay \u00e9lev\u00e9 en f\u00fbt de ch\u00eane 2023 &#8211; 75cl"},"content":{"rendered":"<p>Culture et production :<br \/>\nPresque l\u2019enti\u00e8ret\u00e9 des vignes de chardonnay se situe dans la parcelle attenante au domaine. La vigne produit entre 600 et 800gr\/m2 et les vignes sont labelis\u00e9es bio bourgeons.<\/p>\n<p>Vinification :<br \/>\nLe mo\u00fbt effectue ses deux fermentations directement en barriques bourguignonnes, sp\u00e9cialement s\u00e9lectionn\u00e9es pour l\u2019\u00e9laboration et l\u2019\u00e9levage de ce vin.<\/p>\n<p>Accord mets et vins :<br \/>\nCe vin s\u2019accordera parfaitement avec un bleuch\u00e2tel ou un poulet r\u00f4ti.<\/p>\n<p>D\u00e9tails techniques :<br \/>\nAged in 228lt Burgundy barrels for 20 to 24 months. Contains sulphites.<\/p>\n<p>Commentaire d\u2019Yves Beck :<br \/>\nOn ressent dans le bouquet, des nuances de tabac blond et de bois frais sur fond d\u2019abricot. Le vin a un peu de gras, de la tension et une bonne expression gustative, de l\u2019attaque jusqu\u2019\u00e0 la fin de bouche. Un vin \u00e0 la finale fruit\u00e9e et l\u00e9g\u00e8rement saline<\/p>\n<p>Distinctions :<br \/>\n\u2b50 2020 \u2013 M\u00e9daille d\u2019or au Grand Prix des vins Suisse \u2013 mill\u00e9sime 2017<\/p>","protected":false},"excerpt":{"rendered":"<p>The bouquet does reveal ripeness, but not in an emphatic way. It highlights nuances of apricot and white pepper against a backdrop of vanilla. On the palate, the wine creates a link between temperament, acidity and fullness. It is well-balanced and benefits from its structure, which guarantees expression and freshness.<\/p>","protected":false},"featured_media":35111,"comment_status":"open","ping_status":"closed","template":"","meta":{"_et_pb_use_builder":"","_et_pb_old_content":"","_et_gb_content_width":""},"product_brand":[],"product_cat":[175,74],"product_tag":[],"class_list":{"0":"post-32533","1":"product","2":"type-product","3":"status-publish","4":"has-post-thumbnail","6":"product_cat-75cl","7":"product_cat-chardonnay","8":"pa_appellation-aoc-neuchatel","9":"pa_contenance-75cl","10":"pa_elevage-eleve-en-fut-de-chene","11":"pa_millesime-181","13":"first","14":"instock","15":"taxable","16":"shipping-taxable","17":"purchasable","18":"product-type-simple"},"yoast_head":"<!-- This site is optimized with the Yoast SEO plugin v27.5 - https:\/\/yoast.com\/product\/yoast-seo-wordpress\/ -->\n<title>AOC Neuch\u00e2tel, Chardonnay, 2023, 75cl<\/title>\n<meta name=\"description\" content=\"AOC Neuch\u00e2tel, Chardonnay, 2023, 75cl, \u00c0 la teinte paille illumin\u00e9e de reflets verts, il s\u00e9duit le nez par des ar\u00f4mes de fleur d\u2019acacia et de fruits frais.En bouche, on per\u00e7oit la verveine et le miel sur un fond min\u00e9ral. Une fine acidit\u00e9 \u00e9quilibre la richesse aromatique et la g\u00e9n\u00e9rosit\u00e9 alcoolique de ce Chardonnay.Fils d\u2019un c\u00e9page grand seigneur, son raisin savoureux aromatise un breuvage d\u2019une longue tenue en bouche\" \/>\n<meta name=\"robots\" content=\"index, follow, max-snippet:-1, max-image-preview:large, max-video-preview:-1\" \/>\n<link rel=\"canonical\" href=\"https:\/\/domainepourtales.ch\/en\/product\/chardonnay-eleve-en-fut-de-chene\/\" \/>\n<meta property=\"og:locale\" content=\"en_GB\" \/>\n<meta property=\"og:type\" content=\"article\" \/>\n<meta property=\"og:title\" content=\"AOC Neuch\u00e2tel, Chardonnay, 2023, 75cl\" \/>\n<meta property=\"og:description\" content=\"AOC Neuch\u00e2tel, Chardonnay, 2023, 75cl, \u00c0 la teinte paille illumin\u00e9e de reflets verts, il s\u00e9duit le nez par des ar\u00f4mes de fleur d\u2019acacia et de fruits frais.En bouche, on per\u00e7oit la verveine et le miel sur un fond min\u00e9ral. Une fine acidit\u00e9 \u00e9quilibre la richesse aromatique et la g\u00e9n\u00e9rosit\u00e9 alcoolique de ce Chardonnay.Fils d\u2019un c\u00e9page grand seigneur, son raisin savoureux aromatise un breuvage d\u2019une longue tenue en bouche\" \/>\n<meta property=\"og:url\" content=\"https:\/\/domainepourtales.ch\/en\/product\/chardonnay-eleve-en-fut-de-chene\/\" \/>\n<meta property=\"og:site_name\" content=\"Domaine H\u00f4pital Pourtal\u00e8s\" \/>\n<meta property=\"article:modified_time\" content=\"2026-01-07T15:34:46+00:00\" \/>\n<meta property=\"og:image\" content=\"https:\/\/domainepourtales.ch\/wp-content\/uploads\/2025\/05\/Chardonnay-Fut-de-Chene-75cl.png\" \/>\n\t<meta property=\"og:image:width\" content=\"1080\" \/>\n\t<meta property=\"og:image:height\" content=\"1080\" \/>\n\t<meta property=\"og:image:type\" content=\"image\/png\" \/>\n<meta name=\"twitter:card\" content=\"summary_large_image\" \/>\n<meta name=\"twitter:label1\" content=\"Estimated reading time\" \/>\n\t<meta name=\"twitter:data1\" content=\"1 minute\" \/>\n<script type=\"application\/ld+json\" class=\"yoast-schema-graph\">{\"@context\":\"https:\\\/\\\/schema.org\",\"@graph\":[{\"@type\":\"WebPage\",\"@id\":\"https:\\\/\\\/domainepourtales.ch\\\/produit\\\/chardonnay-eleve-en-fut-de-chene\\\/\",\"url\":\"https:\\\/\\\/domainepourtales.ch\\\/produit\\\/chardonnay-eleve-en-fut-de-chene\\\/\",\"name\":\"AOC Neuch\u00e2tel, Chardonnay, 2023, 75cl\",\"isPartOf\":{\"@id\":\"https:\\\/\\\/domainepourtales.ch\\\/#website\"},\"primaryImageOfPage\":{\"@id\":\"https:\\\/\\\/domainepourtales.ch\\\/produit\\\/chardonnay-eleve-en-fut-de-chene\\\/#primaryimage\"},\"image\":{\"@id\":\"https:\\\/\\\/domainepourtales.ch\\\/produit\\\/chardonnay-eleve-en-fut-de-chene\\\/#primaryimage\"},\"thumbnailUrl\":\"https:\\\/\\\/domainepourtales.ch\\\/wp-content\\\/uploads\\\/2025\\\/05\\\/Chardonnay-Fut-de-Chene-75cl.png\",\"datePublished\":\"2024-07-16T13:02:10+00:00\",\"dateModified\":\"2026-01-07T15:34:46+00:00\",\"description\":\"AOC Neuch\u00e2tel, Chardonnay, 2023, 75cl, \u00c0 la teinte paille illumin\u00e9e de reflets verts, il s\u00e9duit le nez par des ar\u00f4mes de fleur d\u2019acacia et de fruits frais.En bouche, on per\u00e7oit la verveine et le miel sur un fond min\u00e9ral. Une fine acidit\u00e9 \u00e9quilibre la richesse aromatique et la g\u00e9n\u00e9rosit\u00e9 alcoolique de ce Chardonnay.Fils d\u2019un c\u00e9page grand seigneur, son raisin savoureux aromatise un breuvage d\u2019une longue tenue en bouche\",\"breadcrumb\":{\"@id\":\"https:\\\/\\\/domainepourtales.ch\\\/produit\\\/chardonnay-eleve-en-fut-de-chene\\\/#breadcrumb\"},\"inLanguage\":\"en-GB\",\"potentialAction\":[{\"@type\":\"ReadAction\",\"target\":[\"https:\\\/\\\/domainepourtales.ch\\\/produit\\\/chardonnay-eleve-en-fut-de-chene\\\/\"]}]},{\"@type\":\"ImageObject\",\"inLanguage\":\"en-GB\",\"@id\":\"https:\\\/\\\/domainepourtales.ch\\\/produit\\\/chardonnay-eleve-en-fut-de-chene\\\/#primaryimage\",\"url\":\"https:\\\/\\\/domainepourtales.ch\\\/wp-content\\\/uploads\\\/2025\\\/05\\\/Chardonnay-Fut-de-Chene-75cl.png\",\"contentUrl\":\"https:\\\/\\\/domainepourtales.ch\\\/wp-content\\\/uploads\\\/2025\\\/05\\\/Chardonnay-Fut-de-Chene-75cl.png\",\"width\":1080,\"height\":1080},{\"@type\":\"BreadcrumbList\",\"@id\":\"https:\\\/\\\/domainepourtales.ch\\\/produit\\\/chardonnay-eleve-en-fut-de-chene\\\/#breadcrumb\",\"itemListElement\":[{\"@type\":\"ListItem\",\"position\":1,\"name\":\"Accueil\",\"item\":\"https:\\\/\\\/domainepourtales.ch\\\/\"},{\"@type\":\"ListItem\",\"position\":2,\"name\":\"Nos Vins\",\"item\":\"https:\\\/\\\/domainepourtales.ch\\\/nos-vins\\\/\"},{\"@type\":\"ListItem\",\"position\":3,\"name\":\"Chardonnay \u00e9lev\u00e9 en f\u00fbt de ch\u00eane 2023 &#8211; 75cl\"}]},{\"@type\":\"WebSite\",\"@id\":\"https:\\\/\\\/domainepourtales.ch\\\/#website\",\"url\":\"https:\\\/\\\/domainepourtales.ch\\\/\",\"name\":\"Domaine H\u00f4pital Pourtal\u00e8s\",\"description\":\"Nos vins, pour le bien-\u00eatre des patients\",\"potentialAction\":[{\"@type\":\"SearchAction\",\"target\":{\"@type\":\"EntryPoint\",\"urlTemplate\":\"https:\\\/\\\/domainepourtales.ch\\\/?s={search_term_string}\"},\"query-input\":{\"@type\":\"PropertyValueSpecification\",\"valueRequired\":true,\"valueName\":\"search_term_string\"}}],\"inLanguage\":\"en-GB\"}]}<\/script>\n<!-- \/ Yoast SEO plugin. -->","yoast_head_json":{"title":"AOC Neuch\u00e2tel, Chardonnay, 2023, 75cl","description":"AOC Neuch\u00e2tel, Chardonnay, 2023, 75cl, \u00c0 la teinte paille illumin\u00e9e de reflets verts, il s\u00e9duit le nez par des ar\u00f4mes de fleur d\u2019acacia et de fruits frais.En bouche, on per\u00e7oit la verveine et le miel sur un fond min\u00e9ral. Une fine acidit\u00e9 \u00e9quilibre la richesse aromatique et la g\u00e9n\u00e9rosit\u00e9 alcoolique de ce Chardonnay.Fils d\u2019un c\u00e9page grand seigneur, son raisin savoureux aromatise un breuvage d\u2019une longue tenue en bouche","robots":{"index":"index","follow":"follow","max-snippet":"max-snippet:-1","max-image-preview":"max-image-preview:large","max-video-preview":"max-video-preview:-1"},"canonical":"https:\/\/domainepourtales.ch\/en\/product\/chardonnay-eleve-en-fut-de-chene\/","og_locale":"en_GB","og_type":"article","og_title":"AOC Neuch\u00e2tel, Chardonnay, 2023, 75cl","og_description":"AOC Neuch\u00e2tel, Chardonnay, 2023, 75cl, \u00c0 la teinte paille illumin\u00e9e de reflets verts, il s\u00e9duit le nez par des ar\u00f4mes de fleur d\u2019acacia et de fruits frais.En bouche, on per\u00e7oit la verveine et le miel sur un fond min\u00e9ral. Une fine acidit\u00e9 \u00e9quilibre la richesse aromatique et la g\u00e9n\u00e9rosit\u00e9 alcoolique de ce Chardonnay.Fils d\u2019un c\u00e9page grand seigneur, son raisin savoureux aromatise un breuvage d\u2019une longue tenue en bouche","og_url":"https:\/\/domainepourtales.ch\/en\/product\/chardonnay-eleve-en-fut-de-chene\/","og_site_name":"Domaine H\u00f4pital Pourtal\u00e8s","article_modified_time":"2026-01-07T15:34:46+00:00","og_image":[{"width":1080,"height":1080,"url":"https:\/\/domainepourtales.ch\/wp-content\/uploads\/2025\/05\/Chardonnay-Fut-de-Chene-75cl.png","type":"image\/png"}],"twitter_card":"summary_large_image","twitter_misc":{"Estimated reading time":"1 minute"},"schema":{"@context":"https:\/\/schema.org","@graph":[{"@type":"WebPage","@id":"https:\/\/domainepourtales.ch\/produit\/chardonnay-eleve-en-fut-de-chene\/","url":"https:\/\/domainepourtales.ch\/produit\/chardonnay-eleve-en-fut-de-chene\/","name":"AOC Neuch\u00e2tel, Chardonnay, 2023, 75cl","isPartOf":{"@id":"https:\/\/domainepourtales.ch\/#website"},"primaryImageOfPage":{"@id":"https:\/\/domainepourtales.ch\/produit\/chardonnay-eleve-en-fut-de-chene\/#primaryimage"},"image":{"@id":"https:\/\/domainepourtales.ch\/produit\/chardonnay-eleve-en-fut-de-chene\/#primaryimage"},"thumbnailUrl":"https:\/\/domainepourtales.ch\/wp-content\/uploads\/2025\/05\/Chardonnay-Fut-de-Chene-75cl.png","datePublished":"2024-07-16T13:02:10+00:00","dateModified":"2026-01-07T15:34:46+00:00","description":"AOC Neuch\u00e2tel, Chardonnay, 2023, 75cl, \u00c0 la teinte paille illumin\u00e9e de reflets verts, il s\u00e9duit le nez par des ar\u00f4mes de fleur d\u2019acacia et de fruits frais.En bouche, on per\u00e7oit la verveine et le miel sur un fond min\u00e9ral. Une fine acidit\u00e9 \u00e9quilibre la richesse aromatique et la g\u00e9n\u00e9rosit\u00e9 alcoolique de ce Chardonnay.Fils d\u2019un c\u00e9page grand seigneur, son raisin savoureux aromatise un breuvage d\u2019une longue tenue en bouche","breadcrumb":{"@id":"https:\/\/domainepourtales.ch\/produit\/chardonnay-eleve-en-fut-de-chene\/#breadcrumb"},"inLanguage":"en-GB","potentialAction":[{"@type":"ReadAction","target":["https:\/\/domainepourtales.ch\/produit\/chardonnay-eleve-en-fut-de-chene\/"]}]},{"@type":"ImageObject","inLanguage":"en-GB","@id":"https:\/\/domainepourtales.ch\/produit\/chardonnay-eleve-en-fut-de-chene\/#primaryimage","url":"https:\/\/domainepourtales.ch\/wp-content\/uploads\/2025\/05\/Chardonnay-Fut-de-Chene-75cl.png","contentUrl":"https:\/\/domainepourtales.ch\/wp-content\/uploads\/2025\/05\/Chardonnay-Fut-de-Chene-75cl.png","width":1080,"height":1080},{"@type":"BreadcrumbList","@id":"https:\/\/domainepourtales.ch\/produit\/chardonnay-eleve-en-fut-de-chene\/#breadcrumb","itemListElement":[{"@type":"ListItem","position":1,"name":"Accueil","item":"https:\/\/domainepourtales.ch\/"},{"@type":"ListItem","position":2,"name":"Nos Vins","item":"https:\/\/domainepourtales.ch\/nos-vins\/"},{"@type":"ListItem","position":3,"name":"Chardonnay \u00e9lev\u00e9 en f\u00fbt de ch\u00eane 2023 &#8211; 75cl"}]},{"@type":"WebSite","@id":"https:\/\/domainepourtales.ch\/#website","url":"https:\/\/domainepourtales.ch\/","name":"Domaine H\u00f4pital Pourtal\u00e8s","description":"Our wines, for the well-being of patients","potentialAction":[{"@type":"SearchAction","target":{"@type":"EntryPoint","urlTemplate":"https:\/\/domainepourtales.ch\/?s={search_term_string}"},"query-input":{"@type":"PropertyValueSpecification","valueRequired":true,"valueName":"search_term_string"}}],"inLanguage":"en-GB"}]}},"thumbnail":"https:\/\/domainepourtales.ch\/wp-content\/uploads\/2025\/05\/Chardonnay-Fut-de-Chene-75cl.png","price_html":"<span class=\"woocommerce-Price-amount amount\"><bdi>28.00&nbsp;<span class=\"woocommerce-Price-currencySymbol\">&#67;&#72;&#70;<\/span><\/bdi><\/span>","on_sale":false,"stock_status":"instock","rating_html":"","rating_count":0,"_links":{"self":[{"href":"https:\/\/domainepourtales.ch\/en\/wp-json\/wp\/v2\/product\/32533","targetHints":{"allow":["GET"]}}],"collection":[{"href":"https:\/\/domainepourtales.ch\/en\/wp-json\/wp\/v2\/product"}],"about":[{"href":"https:\/\/domainepourtales.ch\/en\/wp-json\/wp\/v2\/types\/product"}],"replies":[{"embeddable":true,"href":"https:\/\/domainepourtales.ch\/en\/wp-json\/wp\/v2\/comments?post=32533"}],"wp:featuredmedia":[{"embeddable":true,"href":"https:\/\/domainepourtales.ch\/en\/wp-json\/wp\/v2\/media\/35111"}],"wp:attachment":[{"href":"https:\/\/domainepourtales.ch\/en\/wp-json\/wp\/v2\/media?parent=32533"}],"wp:term":[{"taxonomy":"product_brand","embeddable":true,"href":"https:\/\/domainepourtales.ch\/en\/wp-json\/wp\/v2\/product_brand?post=32533"},{"taxonomy":"product_cat","embeddable":true,"href":"https:\/\/domainepourtales.ch\/en\/wp-json\/wp\/v2\/product_cat?post=32533"},{"taxonomy":"product_tag","embeddable":true,"href":"https:\/\/domainepourtales.ch\/en\/wp-json\/wp\/v2\/product_tag?post=32533"}],"curies":[{"name":"wp","href":"https:\/\/api.w.org\/{rel}","templated":true}]}}