{"id":32531,"date":"2024-07-16T15:02:10","date_gmt":"2024-07-16T13:02:10","guid":{"rendered":"https:\/\/domainepourtales.ch\/produit\/le-1808\/"},"modified":"2026-02-06T10:40:44","modified_gmt":"2026-02-06T09:40:44","slug":"le-1808","status":"publish","type":"product","link":"https:\/\/domainepourtales.ch\/en\/product\/le-1808\/","title":{"rendered":"Le 1808"},"content":{"rendered":"<p>Culture et production :<br \/>\nLes vignes poss\u00e8dent un des meilleurs ensoleillements possibles, elles sont travaill\u00e9es en m\u00e9thode biologique, la production varie entre 700 et 900gr\/m2, les vendanges sont effectu\u00e9es de mani\u00e8re manuelle.<\/p>\n<p>Vinification :<br \/>\nCe vin qui est produit \u00e0 100% \u00e0 base de chasselas. La 1\u00e8re fermentation va se passer enti\u00e8rement dans des cuves en acier \u00e9maill\u00e9, La prise de mousse se fera en bouteille.<\/p>\n<p>Accord mets et vins :<br \/>\nIl s\u2019alliera tr\u00e8s bien avec des fruits de mers, ou tout simplement \u00e0 l\u2019ap\u00e9ritif accompagn\u00e9 d\u2019une s\u00e8che aux beurres<\/p>\n<p>D\u00e9tails techniques :<br \/>\nProduced using the Champagne method, it is then aged for 10-12 months on laths. Contains sulphites.<\/p>\n<p>Commentaire d\u2019Yves Beck :<br \/>\nLe bouquet affiche de la fra\u00eecheur. Il r\u00e9v\u00e8le des nuances de brioches ainsi que des notes florales et se distingue par sa finesse. On retrouve la fra\u00eecheur annonc\u00e9e par le bouquet d\u00e8s l\u2019attaque. Le vin est filigrane, subtilement p\u00e9tillant et harmonieux. Un mousseux sapide et d\u00e9salt\u00e9rant.<\/p>\n<p>Distinctions :<br \/>\n\u2b50 2024 - Gold medal at the Grand Prix des Vins Suisse in the sparkling wine category<br \/>\n\u2b50 2024 \u2013 1\u00e8re place dans la cat\u00e9gorie vinification sp\u00e9ciale au mondial du chasselas<br \/>\n\u2b50 2023 \u2013 M\u00e9daille d\u2019argent au Grand Prix du Vin Suisse<br \/>\n\u2b50 2023 \u2013 S\u00e9lection OR cantonale neuch\u00e2teloise<\/p>","protected":false},"excerpt":{"rendered":"<p>Nez el\u00e9gant avec des ar\u00f4mes floraux (sureau) et agrumes. Bouche dynamique, belle finesse des bulles et longue. Il accompagnera parfaitement l\u2019ensemble de vos moments festifs.<\/p>","protected":false},"featured_media":32476,"comment_status":"open","ping_status":"closed","template":"","meta":{"_et_pb_use_builder":"","_et_pb_old_content":"","_et_gb_content_width":""},"product_brand":[],"product_cat":[175,73],"product_tag":[],"class_list":{"0":"post-32531","1":"product","2":"type-product","3":"status-publish","4":"has-post-thumbnail","6":"product_cat-75cl","7":"product_cat-chasselas","8":"pa_appellation-aoc-neuchatel","9":"pa_contenance-75cl","10":"pa_elevage-traditionnel","11":"pa_millesime-189","13":"first","14":"outofstock","15":"taxable","16":"shipping-taxable","17":"purchasable","18":"product-type-simple"},"yoast_head":"<!-- This site is optimized with the Yoast SEO plugin v27.5 - https:\/\/yoast.com\/product\/yoast-seo-wordpress\/ -->\n<title>AOC Neuch\u00e2tel, Chasselas, -, 75cl<\/title>\n<meta name=\"description\" content=\"AOC Neuch\u00e2tel, Chasselas, -, 75cl, Nez el\u00e9gant avec des ar\u00f4mes floraux (sureau) et agrumes. Bouche dynamique, belle finesse des bulles et longue. Il accompagnera parfaitement l\u2019ensemble de vos moments festifs.\" \/>\n<meta name=\"robots\" content=\"index, follow, max-snippet:-1, max-image-preview:large, max-video-preview:-1\" \/>\n<link rel=\"canonical\" href=\"https:\/\/domainepourtales.ch\/en\/product\/le-1808\/\" \/>\n<meta property=\"og:locale\" content=\"en_GB\" \/>\n<meta property=\"og:type\" content=\"article\" \/>\n<meta property=\"og:title\" content=\"AOC Neuch\u00e2tel, Chasselas, -, 75cl\" \/>\n<meta property=\"og:description\" content=\"AOC Neuch\u00e2tel, Chasselas, -, 75cl, Nez el\u00e9gant avec des ar\u00f4mes floraux (sureau) et agrumes. Bouche dynamique, belle finesse des bulles et longue. Il accompagnera parfaitement l\u2019ensemble de vos moments festifs.\" \/>\n<meta property=\"og:url\" content=\"https:\/\/domainepourtales.ch\/en\/product\/le-1808\/\" \/>\n<meta property=\"og:site_name\" content=\"Domaine H\u00f4pital Pourtal\u00e8s\" \/>\n<meta property=\"article:modified_time\" content=\"2026-02-06T09:40:44+00:00\" \/>\n<meta property=\"og:image\" content=\"https:\/\/domainepourtales.ch\/wp-content\/uploads\/2024\/07\/Mousseux.png\" \/>\n\t<meta property=\"og:image:width\" content=\"1182\" \/>\n\t<meta property=\"og:image:height\" content=\"1500\" \/>\n\t<meta property=\"og:image:type\" content=\"image\/png\" \/>\n<meta name=\"twitter:card\" content=\"summary_large_image\" \/>\n<meta name=\"twitter:label1\" content=\"Estimated reading time\" \/>\n\t<meta name=\"twitter:data1\" content=\"2 minutes\" \/>\n<script type=\"application\/ld+json\" class=\"yoast-schema-graph\">{\"@context\":\"https:\\\/\\\/schema.org\",\"@graph\":[{\"@type\":\"WebPage\",\"@id\":\"https:\\\/\\\/domainepourtales.ch\\\/produit\\\/le-1808\\\/\",\"url\":\"https:\\\/\\\/domainepourtales.ch\\\/produit\\\/le-1808\\\/\",\"name\":\"AOC Neuch\u00e2tel, Chasselas, -, 75cl\",\"isPartOf\":{\"@id\":\"https:\\\/\\\/domainepourtales.ch\\\/#website\"},\"primaryImageOfPage\":{\"@id\":\"https:\\\/\\\/domainepourtales.ch\\\/produit\\\/le-1808\\\/#primaryimage\"},\"image\":{\"@id\":\"https:\\\/\\\/domainepourtales.ch\\\/produit\\\/le-1808\\\/#primaryimage\"},\"thumbnailUrl\":\"https:\\\/\\\/domainepourtales.ch\\\/wp-content\\\/uploads\\\/2024\\\/07\\\/Mousseux.png\",\"datePublished\":\"2024-07-16T13:02:10+00:00\",\"dateModified\":\"2026-02-06T09:40:44+00:00\",\"description\":\"AOC Neuch\u00e2tel, Chasselas, -, 75cl, Nez el\u00e9gant avec des ar\u00f4mes floraux (sureau) et agrumes. Bouche dynamique, belle finesse des bulles et longue. Il accompagnera parfaitement l\u2019ensemble de vos moments festifs.\",\"breadcrumb\":{\"@id\":\"https:\\\/\\\/domainepourtales.ch\\\/produit\\\/le-1808\\\/#breadcrumb\"},\"inLanguage\":\"en-GB\",\"potentialAction\":[{\"@type\":\"ReadAction\",\"target\":[\"https:\\\/\\\/domainepourtales.ch\\\/produit\\\/le-1808\\\/\"]}]},{\"@type\":\"ImageObject\",\"inLanguage\":\"en-GB\",\"@id\":\"https:\\\/\\\/domainepourtales.ch\\\/produit\\\/le-1808\\\/#primaryimage\",\"url\":\"https:\\\/\\\/domainepourtales.ch\\\/wp-content\\\/uploads\\\/2024\\\/07\\\/Mousseux.png\",\"contentUrl\":\"https:\\\/\\\/domainepourtales.ch\\\/wp-content\\\/uploads\\\/2024\\\/07\\\/Mousseux.png\",\"width\":1182,\"height\":1500},{\"@type\":\"BreadcrumbList\",\"@id\":\"https:\\\/\\\/domainepourtales.ch\\\/produit\\\/le-1808\\\/#breadcrumb\",\"itemListElement\":[{\"@type\":\"ListItem\",\"position\":1,\"name\":\"Accueil\",\"item\":\"https:\\\/\\\/domainepourtales.ch\\\/\"},{\"@type\":\"ListItem\",\"position\":2,\"name\":\"Nos Vins\",\"item\":\"https:\\\/\\\/domainepourtales.ch\\\/nos-vins\\\/\"},{\"@type\":\"ListItem\",\"position\":3,\"name\":\"Le 1808\"}]},{\"@type\":\"WebSite\",\"@id\":\"https:\\\/\\\/domainepourtales.ch\\\/#website\",\"url\":\"https:\\\/\\\/domainepourtales.ch\\\/\",\"name\":\"Domaine H\u00f4pital Pourtal\u00e8s\",\"description\":\"Nos vins, pour le bien-\u00eatre des patients\",\"potentialAction\":[{\"@type\":\"SearchAction\",\"target\":{\"@type\":\"EntryPoint\",\"urlTemplate\":\"https:\\\/\\\/domainepourtales.ch\\\/?s={search_term_string}\"},\"query-input\":{\"@type\":\"PropertyValueSpecification\",\"valueRequired\":true,\"valueName\":\"search_term_string\"}}],\"inLanguage\":\"en-GB\"}]}<\/script>\n<!-- \/ Yoast SEO plugin. -->","yoast_head_json":{"title":"AOC Neuch\u00e2tel, Chasselas, -, 75cl","description":"AOC Neuch\u00e2tel, Chasselas, -, 75cl, Nez el\u00e9gant avec des ar\u00f4mes floraux (sureau) et agrumes. Bouche dynamique, belle finesse des bulles et longue. Il accompagnera parfaitement l\u2019ensemble de vos moments festifs.","robots":{"index":"index","follow":"follow","max-snippet":"max-snippet:-1","max-image-preview":"max-image-preview:large","max-video-preview":"max-video-preview:-1"},"canonical":"https:\/\/domainepourtales.ch\/en\/product\/le-1808\/","og_locale":"en_GB","og_type":"article","og_title":"AOC Neuch\u00e2tel, Chasselas, -, 75cl","og_description":"AOC Neuch\u00e2tel, Chasselas, -, 75cl, Nez el\u00e9gant avec des ar\u00f4mes floraux (sureau) et agrumes. Bouche dynamique, belle finesse des bulles et longue. Il accompagnera parfaitement l\u2019ensemble de vos moments festifs.","og_url":"https:\/\/domainepourtales.ch\/en\/product\/le-1808\/","og_site_name":"Domaine H\u00f4pital Pourtal\u00e8s","article_modified_time":"2026-02-06T09:40:44+00:00","og_image":[{"width":1182,"height":1500,"url":"https:\/\/domainepourtales.ch\/wp-content\/uploads\/2024\/07\/Mousseux.png","type":"image\/png"}],"twitter_card":"summary_large_image","twitter_misc":{"Estimated reading time":"2 minutes"},"schema":{"@context":"https:\/\/schema.org","@graph":[{"@type":"WebPage","@id":"https:\/\/domainepourtales.ch\/produit\/le-1808\/","url":"https:\/\/domainepourtales.ch\/produit\/le-1808\/","name":"AOC Neuch\u00e2tel, Chasselas, -, 75cl","isPartOf":{"@id":"https:\/\/domainepourtales.ch\/#website"},"primaryImageOfPage":{"@id":"https:\/\/domainepourtales.ch\/produit\/le-1808\/#primaryimage"},"image":{"@id":"https:\/\/domainepourtales.ch\/produit\/le-1808\/#primaryimage"},"thumbnailUrl":"https:\/\/domainepourtales.ch\/wp-content\/uploads\/2024\/07\/Mousseux.png","datePublished":"2024-07-16T13:02:10+00:00","dateModified":"2026-02-06T09:40:44+00:00","description":"AOC Neuch\u00e2tel, Chasselas, -, 75cl, Nez el\u00e9gant avec des ar\u00f4mes floraux (sureau) et agrumes. Bouche dynamique, belle finesse des bulles et longue. Il accompagnera parfaitement l\u2019ensemble de vos moments festifs.","breadcrumb":{"@id":"https:\/\/domainepourtales.ch\/produit\/le-1808\/#breadcrumb"},"inLanguage":"en-GB","potentialAction":[{"@type":"ReadAction","target":["https:\/\/domainepourtales.ch\/produit\/le-1808\/"]}]},{"@type":"ImageObject","inLanguage":"en-GB","@id":"https:\/\/domainepourtales.ch\/produit\/le-1808\/#primaryimage","url":"https:\/\/domainepourtales.ch\/wp-content\/uploads\/2024\/07\/Mousseux.png","contentUrl":"https:\/\/domainepourtales.ch\/wp-content\/uploads\/2024\/07\/Mousseux.png","width":1182,"height":1500},{"@type":"BreadcrumbList","@id":"https:\/\/domainepourtales.ch\/produit\/le-1808\/#breadcrumb","itemListElement":[{"@type":"ListItem","position":1,"name":"Accueil","item":"https:\/\/domainepourtales.ch\/"},{"@type":"ListItem","position":2,"name":"Nos Vins","item":"https:\/\/domainepourtales.ch\/nos-vins\/"},{"@type":"ListItem","position":3,"name":"Le 1808"}]},{"@type":"WebSite","@id":"https:\/\/domainepourtales.ch\/#website","url":"https:\/\/domainepourtales.ch\/","name":"Domaine H\u00f4pital Pourtal\u00e8s","description":"Our wines, for the well-being of patients","potentialAction":[{"@type":"SearchAction","target":{"@type":"EntryPoint","urlTemplate":"https:\/\/domainepourtales.ch\/?s={search_term_string}"},"query-input":{"@type":"PropertyValueSpecification","valueRequired":true,"valueName":"search_term_string"}}],"inLanguage":"en-GB"}]}},"thumbnail":"https:\/\/domainepourtales.ch\/wp-content\/uploads\/2024\/07\/Mousseux.png","price_html":"<span class=\"woocommerce-Price-amount amount\"><bdi>27.00&nbsp;<span class=\"woocommerce-Price-currencySymbol\">&#67;&#72;&#70;<\/span><\/bdi><\/span>","on_sale":false,"stock_status":"outofstock","rating_html":"","rating_count":0,"_links":{"self":[{"href":"https:\/\/domainepourtales.ch\/en\/wp-json\/wp\/v2\/product\/32531","targetHints":{"allow":["GET"]}}],"collection":[{"href":"https:\/\/domainepourtales.ch\/en\/wp-json\/wp\/v2\/product"}],"about":[{"href":"https:\/\/domainepourtales.ch\/en\/wp-json\/wp\/v2\/types\/product"}],"replies":[{"embeddable":true,"href":"https:\/\/domainepourtales.ch\/en\/wp-json\/wp\/v2\/comments?post=32531"}],"wp:featuredmedia":[{"embeddable":true,"href":"https:\/\/domainepourtales.ch\/en\/wp-json\/wp\/v2\/media\/32476"}],"wp:attachment":[{"href":"https:\/\/domainepourtales.ch\/en\/wp-json\/wp\/v2\/media?parent=32531"}],"wp:term":[{"taxonomy":"product_brand","embeddable":true,"href":"https:\/\/domainepourtales.ch\/en\/wp-json\/wp\/v2\/product_brand?post=32531"},{"taxonomy":"product_cat","embeddable":true,"href":"https:\/\/domainepourtales.ch\/en\/wp-json\/wp\/v2\/product_cat?post=32531"},{"taxonomy":"product_tag","embeddable":true,"href":"https:\/\/domainepourtales.ch\/en\/wp-json\/wp\/v2\/product_tag?post=32531"}],"curies":[{"name":"wp","href":"https:\/\/api.w.org\/{rel}","templated":true}]}}