{"id":28943,"date":"2023-03-03T13:42:13","date_gmt":"2023-03-03T12:42:13","guid":{"rendered":"https:\/\/domainepourtales.ch\/?page_id=28943"},"modified":"2023-04-11T17:10:27","modified_gmt":"2023-04-11T15:10:27","slug":"contact","status":"publish","type":"page","link":"https:\/\/domainepourtales.ch\/en\/le-domaine\/contact\/","title":{"rendered":"Contact"},"content":{"rendered":"\n[et_pb_section fb_built=\u00a0\u00bb1&Prime; module_id=\u00a0\u00bbDomaine\u00a0\u00bb _builder_version=\u00a0\u00bb4.20.4&Prime; _module_preset=\u00a0\u00bbdefault\u00a0\u00bb background_color=\u00a0\u00bb#202020&Prime; background_image=\u00a0\u00bbhttps:\/\/domainepourtales.ch\/wp-content\/uploads\/2023\/03\/Domaine-Hopital-Pourtales-Photos-YETINC.ch-8.jpg\u00a0\u00bb background_blend=\u00a0\u00bboverlay\u00a0\u00bb custom_margin=\u00a0\u00bb||||false|false\u00a0\u00bb custom_padding=\u00a0\u00bb3vh||0vh||false|false\u00a0\u00bb bottom_divider_height=\u00a0\u00bb13px\u00a0\u00bb hover_enabled=\u00a0\u00bb0&Prime; global_colors_info=\u00a0\u00bb{}\u00a0\u00bb title_text=\u00a0\u00bbDomaine Ho\u0302pital Pourtale\u0300s &#8211; Photos YETINC.ch-8&Prime; sticky_enabled=\u00a0\u00bb0&Prime;][et_pb_row _builder_version=\u00a0\u00bb4.20.2&Prime; _module_preset=\u00a0\u00bbdefault\u00a0\u00bb width=\u00a0\u00bb90%\u00a0\u00bb max_width=\u00a0\u00bb2560px\u00a0\u00bb custom_margin=\u00a0\u00bb20vh|auto|27vh|auto|false|false\u00a0\u00bb global_colors_info=\u00a0\u00bb{}\u00a0\u00bb][et_pb_column type=\u00a0\u00bb4_4&Prime; _builder_version=\u00a0\u00bb4.20.0&Prime; _module_preset=\u00a0\u00bbdefault\u00a0\u00bb global_colors_info=\u00a0\u00bb{}\u00a0\u00bb][et_pb_text _builder_version=\u00a0\u00bb4.20.2&Prime; _module_preset=\u00a0\u00bbdefault\u00a0\u00bb text_font=\u00a0\u00bbPlayfair Display||||||||\u00a0\u00bb text_text_color=\u00a0\u00bb#ee7674&Prime; text_font_size=\u00a0\u00bb55px\u00a0\u00bb text_line_height=\u00a0\u00bb1em\u00a0\u00bb header_font=\u00a0\u00bbPlayfair Display||||||||\u00a0\u00bb header_text_color=\u00a0\u00bb#FFFFFF\u00a0\u00bb header_font_size=\u00a0\u00bb85px\u00a0\u00bb hover_enabled=\u00a0\u00bb0&Prime; global_colors_info=\u00a0\u00bb{}\u00a0\u00bb sticky_enabled=\u00a0\u00bb0&Prime;]<h1><strong>Contacter<\/strong><\/h1>\n<p><strong>le Domaine H\u00f4pital Pourtal\u00e8s<\/strong><\/p>[\/et_pb_text][\/et_pb_column][\/et_pb_row][et_pb_row _builder_version=\u00a0\u00bb4.20.0&Prime; _module_preset=\u00a0\u00bbdefault\u00a0\u00bb custom_margin=\u00a0\u00bb-100px||||false|false\u00a0\u00bb custom_padding=\u00a0\u00bb0px||0px||false|false\u00a0\u00bb global_colors_info=\u00a0\u00bb{}\u00a0\u00bb][et_pb_column type=\u00a0\u00bb4_4&Prime; _builder_version=\u00a0\u00bb4.20.0&Prime; _module_preset=\u00a0\u00bbdefault\u00a0\u00bb global_colors_info=\u00a0\u00bb{}\u00a0\u00bb][et_pb_icon font_icon=\u00a0\u00bb&#x33;||divi||400&Prime; icon_color=\u00a0\u00bb#FFFFFF\u00a0\u00bb icon_width=\u00a0\u00bb70px\u00a0\u00bb url=\u00a0\u00bb#ProchaineEvenement\u00a0\u00bb _builder_version=\u00a0\u00bb4.20.0&Prime; _module_preset=\u00a0\u00bbdefault\u00a0\u00bb global_colors_info=\u00a0\u00bb{}\u00a0\u00bb][\/et_pb_icon][\/et_pb_column][\/et_pb_row][\/et_pb_section][et_pb_section fb_built=\u00a0\u00bb1&Prime; _builder_version=\u00a0\u00bb4.20.2&Prime; _module_preset=\u00a0\u00bbdefault\u00a0\u00bb global_colors_info=\u00a0\u00bb{}\u00a0\u00bb custom_padding=\u00a0\u00bb2px||0px|||\u00a0\u00bb][et_pb_row _builder_version=\u00a0\u00bb4.20.4&Prime; _module_preset=\u00a0\u00bbdefault\u00a0\u00bb hover_enabled=\u00a0\u00bb0&Prime; global_colors_info=\u00a0\u00bb{}\u00a0\u00bb custom_padding=\u00a0\u00bb12vh||0px||false|false\u00a0\u00bb sticky_enabled=\u00a0\u00bb0&Prime;][et_pb_column type=\u00a0\u00bb4_4&Prime; _builder_version=\u00a0\u00bb4.20.2&Prime; _module_preset=\u00a0\u00bbdefault\u00a0\u00bb global_colors_info=\u00a0\u00bb{}\u00a0\u00bb][et_pb_text _builder_version=\u00a0\u00bb4.20.4&Prime; _module_preset=\u00a0\u00bbdefault\u00a0\u00bb header_2_font=\u00a0\u00bbPlayfair Display||||||||\u00a0\u00bb header_2_font_size=\u00a0\u00bb35px\u00a0\u00bb hover_enabled=\u00a0\u00bb0&Prime; sticky_enabled=\u00a0\u00bb0&Prime; text_font_size=\u00a0\u00bb20px\u00a0\u00bb]<h2 style=\"text-align: center;\">Nous contacter<\/h2>\n<p>&nbsp;<\/p>\n<p style=\"text-align: center;\">T\u00e9l\u00e9phone : +41 32 757 26 49<\/p>\n<p style=\"text-align: center;\">\n<p style=\"text-align: center;\">Pour les demandes par mail, merci d&rsquo;utiliser le formulaire ci-dessous.<\/p>[\/et_pb_text][et_pb_wpt_contact_form_7 contact_form_id=\u00a0\u00bbcf7-28835&Prime; _builder_version=\u00a0\u00bb4.20.2&Prime; _module_preset=\u00a0\u00bbdefault\u00a0\u00bb custom_form_button=\u00a0\u00bbon\u00a0\u00bb form_button_text_color=\u00a0\u00bb#000000&Prime; form_button_alignment=\u00a0\u00bbcenter\u00a0\u00bb global_colors_info=\u00a0\u00bb{}\u00a0\u00bb][\/et_pb_wpt_contact_form_7][\/et_pb_column][\/et_pb_row][\/et_pb_section]\n","protected":false},"excerpt":{"rendered":"<p>Contact Domaine H\u00f4pital Pourtal\u00e8sContact us Telephone: +41 32 757 26 49 For requests by e-mail, please use the form below.<\/p>","protected":false},"author":1,"featured_media":0,"parent":28932,"menu_order":0,"comment_status":"closed","ping_status":"closed","template":"","meta":{"_et_pb_use_builder":"on","_et_pb_old_content":"","_et_gb_content_width":"","footnotes":""},"class_list":["post-28943","page","type-page","status-publish","hentry"],"yoast_head":"<!-- This site is optimized with the Yoast SEO plugin v27.4 - https:\/\/yoast.com\/product\/yoast-seo-wordpress\/ -->\n<title>Contact - Domaine H\u00f4pital Pourtal\u00e8s<\/title>\n<meta name=\"description\" content=\"T\u00e9l\u00e9phone : +41 32 757 26 49. Pour les demandes par mail, merci d\u2019utiliser le formulaire de contact.\" \/>\n<meta name=\"robots\" content=\"index, follow, max-snippet:-1, max-image-preview:large, max-video-preview:-1\" \/>\n<link rel=\"canonical\" href=\"https:\/\/domainepourtales.ch\/en\/le-domaine\/contact\/\" \/>\n<meta property=\"og:locale\" content=\"en_GB\" \/>\n<meta property=\"og:type\" content=\"article\" \/>\n<meta property=\"og:title\" content=\"Contact - Domaine H\u00f4pital Pourtal\u00e8s\" \/>\n<meta property=\"og:description\" content=\"T\u00e9l\u00e9phone : +41 32 757 26 49. Pour les demandes par mail, merci d\u2019utiliser le formulaire de contact.\" \/>\n<meta property=\"og:url\" content=\"https:\/\/domainepourtales.ch\/en\/le-domaine\/contact\/\" \/>\n<meta property=\"og:site_name\" content=\"Domaine H\u00f4pital Pourtal\u00e8s\" \/>\n<meta property=\"article:modified_time\" content=\"2023-04-11T15:10:27+00:00\" \/>\n<meta name=\"twitter:card\" content=\"summary_large_image\" \/>\n<meta name=\"twitter:label1\" content=\"Estimated reading time\" \/>\n\t<meta name=\"twitter:data1\" content=\"1 minute\" \/>\n<script type=\"application\/ld+json\" class=\"yoast-schema-graph\">{\"@context\":\"https:\\\/\\\/schema.org\",\"@graph\":[{\"@type\":\"WebPage\",\"@id\":\"https:\\\/\\\/domainepourtales.ch\\\/le-domaine\\\/contact\\\/\",\"url\":\"https:\\\/\\\/domainepourtales.ch\\\/le-domaine\\\/contact\\\/\",\"name\":\"Contact - Domaine H\u00f4pital Pourtal\u00e8s\",\"isPartOf\":{\"@id\":\"https:\\\/\\\/domainepourtales.ch\\\/#website\"},\"datePublished\":\"2023-03-03T12:42:13+00:00\",\"dateModified\":\"2023-04-11T15:10:27+00:00\",\"description\":\"T\u00e9l\u00e9phone : +41 32 757 26 49. Pour les demandes par mail, merci d\u2019utiliser le formulaire de contact.\",\"breadcrumb\":{\"@id\":\"https:\\\/\\\/domainepourtales.ch\\\/le-domaine\\\/contact\\\/#breadcrumb\"},\"inLanguage\":\"en-GB\",\"potentialAction\":[{\"@type\":\"ReadAction\",\"target\":[\"https:\\\/\\\/domainepourtales.ch\\\/le-domaine\\\/contact\\\/\"]}]},{\"@type\":\"BreadcrumbList\",\"@id\":\"https:\\\/\\\/domainepourtales.ch\\\/le-domaine\\\/contact\\\/#breadcrumb\",\"itemListElement\":[{\"@type\":\"ListItem\",\"position\":1,\"name\":\"Accueil\",\"item\":\"https:\\\/\\\/domainepourtales.ch\\\/\"},{\"@type\":\"ListItem\",\"position\":2,\"name\":\"Le Domaine\",\"item\":\"https:\\\/\\\/domainepourtales.ch\\\/le-domaine\\\/\"},{\"@type\":\"ListItem\",\"position\":3,\"name\":\"Contact\"}]},{\"@type\":\"WebSite\",\"@id\":\"https:\\\/\\\/domainepourtales.ch\\\/#website\",\"url\":\"https:\\\/\\\/domainepourtales.ch\\\/\",\"name\":\"Domaine H\u00f4pital Pourtal\u00e8s\",\"description\":\"Nos vins, pour le bien-\u00eatre des patients\",\"potentialAction\":[{\"@type\":\"SearchAction\",\"target\":{\"@type\":\"EntryPoint\",\"urlTemplate\":\"https:\\\/\\\/domainepourtales.ch\\\/?s={search_term_string}\"},\"query-input\":{\"@type\":\"PropertyValueSpecification\",\"valueRequired\":true,\"valueName\":\"search_term_string\"}}],\"inLanguage\":\"en-GB\"}]}<\/script>\n<!-- \/ Yoast SEO plugin. -->","yoast_head_json":{"title":"Contact - Domaine H\u00f4pital Pourtal\u00e8s","description":"T\u00e9l\u00e9phone : +41 32 757 26 49. Pour les demandes par mail, merci d\u2019utiliser le formulaire de contact.","robots":{"index":"index","follow":"follow","max-snippet":"max-snippet:-1","max-image-preview":"max-image-preview:large","max-video-preview":"max-video-preview:-1"},"canonical":"https:\/\/domainepourtales.ch\/en\/le-domaine\/contact\/","og_locale":"en_GB","og_type":"article","og_title":"Contact - Domaine H\u00f4pital Pourtal\u00e8s","og_description":"T\u00e9l\u00e9phone : +41 32 757 26 49. Pour les demandes par mail, merci d\u2019utiliser le formulaire de contact.","og_url":"https:\/\/domainepourtales.ch\/en\/le-domaine\/contact\/","og_site_name":"Domaine H\u00f4pital Pourtal\u00e8s","article_modified_time":"2023-04-11T15:10:27+00:00","twitter_card":"summary_large_image","twitter_misc":{"Estimated reading time":"1 minute"},"schema":{"@context":"https:\/\/schema.org","@graph":[{"@type":"WebPage","@id":"https:\/\/domainepourtales.ch\/le-domaine\/contact\/","url":"https:\/\/domainepourtales.ch\/le-domaine\/contact\/","name":"Contact - Domaine H\u00f4pital Pourtal\u00e8s","isPartOf":{"@id":"https:\/\/domainepourtales.ch\/#website"},"datePublished":"2023-03-03T12:42:13+00:00","dateModified":"2023-04-11T15:10:27+00:00","description":"T\u00e9l\u00e9phone : +41 32 757 26 49. Pour les demandes par mail, merci d\u2019utiliser le formulaire de contact.","breadcrumb":{"@id":"https:\/\/domainepourtales.ch\/le-domaine\/contact\/#breadcrumb"},"inLanguage":"en-GB","potentialAction":[{"@type":"ReadAction","target":["https:\/\/domainepourtales.ch\/le-domaine\/contact\/"]}]},{"@type":"BreadcrumbList","@id":"https:\/\/domainepourtales.ch\/le-domaine\/contact\/#breadcrumb","itemListElement":[{"@type":"ListItem","position":1,"name":"Accueil","item":"https:\/\/domainepourtales.ch\/"},{"@type":"ListItem","position":2,"name":"Le Domaine","item":"https:\/\/domainepourtales.ch\/le-domaine\/"},{"@type":"ListItem","position":3,"name":"Contact"}]},{"@type":"WebSite","@id":"https:\/\/domainepourtales.ch\/#website","url":"https:\/\/domainepourtales.ch\/","name":"Domaine H\u00f4pital Pourtal\u00e8s","description":"Our wines, for the well-being of patients","potentialAction":[{"@type":"SearchAction","target":{"@type":"EntryPoint","urlTemplate":"https:\/\/domainepourtales.ch\/?s={search_term_string}"},"query-input":{"@type":"PropertyValueSpecification","valueRequired":true,"valueName":"search_term_string"}}],"inLanguage":"en-GB"}]}},"_links":{"self":[{"href":"https:\/\/domainepourtales.ch\/en\/wp-json\/wp\/v2\/pages\/28943","targetHints":{"allow":["GET"]}}],"collection":[{"href":"https:\/\/domainepourtales.ch\/en\/wp-json\/wp\/v2\/pages"}],"about":[{"href":"https:\/\/domainepourtales.ch\/en\/wp-json\/wp\/v2\/types\/page"}],"author":[{"embeddable":true,"href":"https:\/\/domainepourtales.ch\/en\/wp-json\/wp\/v2\/users\/1"}],"replies":[{"embeddable":true,"href":"https:\/\/domainepourtales.ch\/en\/wp-json\/wp\/v2\/comments?post=28943"}],"version-history":[{"count":0,"href":"https:\/\/domainepourtales.ch\/en\/wp-json\/wp\/v2\/pages\/28943\/revisions"}],"up":[{"embeddable":true,"href":"https:\/\/domainepourtales.ch\/en\/wp-json\/wp\/v2\/pages\/28932"}],"wp:attachment":[{"href":"https:\/\/domainepourtales.ch\/en\/wp-json\/wp\/v2\/media?parent=28943"}],"curies":[{"name":"wp","href":"https:\/\/api.w.org\/{rel}","templated":true}]}}