{"id":28937,"date":"2023-03-03T13:40:50","date_gmt":"2023-03-03T12:40:50","guid":{"rendered":"https:\/\/domainepourtales.ch\/?page_id=28937"},"modified":"2023-04-11T17:15:28","modified_gmt":"2023-04-11T15:15:28","slug":"la-cave-de-troub","status":"publish","type":"page","link":"https:\/\/domainepourtales.ch\/en\/le-domaine\/la-cave-de-troub\/","title":{"rendered":"La Cave de Troub"},"content":{"rendered":"\n[et_pb_section fb_built=\u00a0\u00bb1&Prime; module_id=\u00a0\u00bbDomaine\u00a0\u00bb _builder_version=\u00a0\u00bb4.20.4&Prime; _module_preset=\u00a0\u00bbdefault\u00a0\u00bb background_color=\u00a0\u00bb#202020&Prime; background_image=\u00a0\u00bbhttps:\/\/domainepourtales.ch\/wp-content\/uploads\/2023\/04\/IMG_7893-Modifier-Copie-1024&#215;683-1.jpg\u00a0\u00bb background_blend=\u00a0\u00bboverlay\u00a0\u00bb custom_margin=\u00a0\u00bb||||false|false\u00a0\u00bb custom_padding=\u00a0\u00bb3vh||0vh||false|false\u00a0\u00bb bottom_divider_height=\u00a0\u00bb13px\u00a0\u00bb hover_enabled=\u00a0\u00bb0&Prime; global_colors_info=\u00a0\u00bb{}\u00a0\u00bb title_text=\u00a0\u00bbIMG_7893-Modifier-Copie-1024&#215;683&Prime; sticky_enabled=\u00a0\u00bb0&Prime;][et_pb_row module_id=\u00a0\u00bbLaCave\u00a0\u00bb _builder_version=\u00a0\u00bb4.20.4&Prime; _module_preset=\u00a0\u00bbdefault\u00a0\u00bb width=\u00a0\u00bb90%\u00a0\u00bb max_width=\u00a0\u00bb2560px\u00a0\u00bb custom_margin=\u00a0\u00bb22vh|auto|27vh|auto|false|false\u00a0\u00bb global_colors_info=\u00a0\u00bb{}\u00a0\u00bb][et_pb_column type=\u00a0\u00bb4_4&Prime; _builder_version=\u00a0\u00bb4.20.0&Prime; _module_preset=\u00a0\u00bbdefault\u00a0\u00bb global_colors_info=\u00a0\u00bb{}\u00a0\u00bb][et_pb_text _builder_version=\u00a0\u00bb4.20.2&Prime; _module_preset=\u00a0\u00bbdefault\u00a0\u00bb text_font=\u00a0\u00bbPlayfair Display||||||||\u00a0\u00bb text_text_color=\u00a0\u00bb#ee7674&Prime; text_font_size=\u00a0\u00bb55px\u00a0\u00bb text_line_height=\u00a0\u00bb1em\u00a0\u00bb header_font=\u00a0\u00bbPlayfair Display||||||||\u00a0\u00bb header_text_color=\u00a0\u00bb#FFFFFF\u00a0\u00bb header_font_size=\u00a0\u00bb85px\u00a0\u00bb global_colors_info=\u00a0\u00bb{}\u00a0\u00bb]<h1>La Cave de Troub<\/h1>\n<strong>Les meilleurs crus<\/strong>[\/et_pb_text][\/et_pb_column][\/et_pb_row][et_pb_row _builder_version=\u00a0\u00bb4.20.0&Prime; _module_preset=\u00a0\u00bbdefault\u00a0\u00bb custom_margin=\u00a0\u00bb-100px||||false|false\u00a0\u00bb custom_padding=\u00a0\u00bb0px||0px||false|false\u00a0\u00bb global_colors_info=\u00a0\u00bb{}\u00a0\u00bb][et_pb_column type=\u00a0\u00bb4_4&Prime; _builder_version=\u00a0\u00bb4.20.0&Prime; _module_preset=\u00a0\u00bbdefault\u00a0\u00bb global_colors_info=\u00a0\u00bb{}\u00a0\u00bb][et_pb_icon font_icon=\u00a0\u00bb&#x33;||divi||400&Prime; icon_color=\u00a0\u00bb#FFFFFF\u00a0\u00bb icon_width=\u00a0\u00bb70px\u00a0\u00bb url=\u00a0\u00bb#lescaves\u00a0\u00bb _builder_version=\u00a0\u00bb4.20.4&Prime; _module_preset=\u00a0\u00bbdefault\u00a0\u00bb global_colors_info=\u00a0\u00bb{}\u00a0\u00bb][\/et_pb_icon][\/et_pb_column][\/et_pb_row][\/et_pb_section][et_pb_section fb_built=\u00a0\u00bb1&Prime; next_background_color=\u00a0\u00bb#ae9a63&Prime; _builder_version=\u00a0\u00bb4.20.4&Prime; background_color=\u00a0\u00bb#202020&Prime; custom_padding=\u00a0\u00bb0px||||false|false\u00a0\u00bb bottom_divider_style=\u00a0\u00bbslant\u00a0\u00bb global_colors_info=\u00a0\u00bb{}\u00a0\u00bb][et_pb_row _builder_version=\u00a0\u00bb4.20.4&Prime; _module_preset=\u00a0\u00bbdefault\u00a0\u00bb custom_padding=\u00a0\u00bb0px||0px||false|false\u00a0\u00bb global_colors_info=\u00a0\u00bb{}\u00a0\u00bb][et_pb_column type=\u00a0\u00bb4_4&Prime; _builder_version=\u00a0\u00bb4.20.4&Prime; _module_preset=\u00a0\u00bbdefault\u00a0\u00bb global_colors_info=\u00a0\u00bb{}\u00a0\u00bb][et_pb_icon font_icon=\u00a0\u00bb&#x32;||divi||400&Prime; icon_color=\u00a0\u00bb#FFFFFF\u00a0\u00bb icon_width=\u00a0\u00bb70px\u00a0\u00bb url=\u00a0\u00bb#LaCave\u00a0\u00bb _builder_version=\u00a0\u00bb4.20.4&Prime; _module_preset=\u00a0\u00bbdefault\u00a0\u00bb global_colors_info=\u00a0\u00bb{}\u00a0\u00bb][\/et_pb_icon][\/et_pb_column][\/et_pb_row][et_pb_row module_id=\u00a0\u00bblescaves\u00a0\u00bb _builder_version=\u00a0\u00bb4.20.4&Prime; background_size=\u00a0\u00bbinitial\u00a0\u00bb background_position=\u00a0\u00bbtop_left\u00a0\u00bb background_repeat=\u00a0\u00bbrepeat\u00a0\u00bb custom_margin=\u00a0\u00bb12vh||12vh||true|false\u00a0\u00bb hover_enabled=\u00a0\u00bb0&Prime; global_colors_info=\u00a0\u00bb{}\u00a0\u00bb max_width=\u00a0\u00bb2560px\u00a0\u00bb sticky_enabled=\u00a0\u00bb0&Prime;][et_pb_column type=\u00a0\u00bb4_4&Prime; _builder_version=\u00a0\u00bb4.16&Prime; custom_padding=\u00a0\u00bb|||\u00a0\u00bb global_colors_info=\u00a0\u00bb{}\u00a0\u00bb custom_padding__hover=\u00a0\u00bb|||\u00a0\u00bb][et_pb_text _builder_version=\u00a0\u00bb4.20.2&Prime; text_font=\u00a0\u00bbMontserrat||||||||\u00a0\u00bb text_text_color=\u00a0\u00bb#FFFFFF\u00a0\u00bb text_font_size=\u00a0\u00bb18px\u00a0\u00bb header_2_font=\u00a0\u00bbMontserrat||||||||\u00a0\u00bb header_2_text_color=\u00a0\u00bb#FFFFFF\u00a0\u00bb background_size=\u00a0\u00bbinitial\u00a0\u00bb background_position=\u00a0\u00bbtop_left\u00a0\u00bb background_repeat=\u00a0\u00bbrepeat\u00a0\u00bb global_colors_info=\u00a0\u00bb{}\u00a0\u00bb]<p>Les caves du Domaine \u00e0 Cressier, nomm\u00e9es \u00ab caves de Troub \u00bb, sont de celles que l\u2019on aime visiter.<\/p>\n<p><!-- \/divi:paragraph --><\/p>\n<p><!-- divi:paragraph -->Pass\u00e9 la porte qui arbore les armoiries de la famille Pourtal\u00e8s, un escalier descend vers de v\u00e9n\u00e9rables caves monacales, aux plafonds form\u00e9s de solives soutenues par des piliers en bois. Le temps y est \u00e0 ce point rest\u00e9 fig\u00e9, que l\u2019on y aper\u00e7oit presque les ombres en soutane des moines de Troub qui, les premiers, ont arpent\u00e9 ces espaces souterrains.<\/p>\n<p><!-- \/divi:paragraph --><\/p>\n<p>&nbsp;<\/p>\n<p><!-- \/divi:paragraph --><\/p>[\/et_pb_text][\/et_pb_column][\/et_pb_row][et_pb_row _builder_version=\u00a0\u00bb4.20.4&Prime; _module_preset=\u00a0\u00bbdefault\u00a0\u00bb global_colors_info=\u00a0\u00bb{}\u00a0\u00bb][et_pb_column type=\u00a0\u00bb4_4&Prime; _builder_version=\u00a0\u00bb4.20.4&Prime; _module_preset=\u00a0\u00bbdefault\u00a0\u00bb global_colors_info=\u00a0\u00bb{}\u00a0\u00bb][et_pb_icon font_icon=\u00a0\u00bb&#x33;||divi||400&Prime; icon_color=\u00a0\u00bb#FFFFFF\u00a0\u00bb icon_width=\u00a0\u00bb70px\u00a0\u00bb url=\u00a0\u00bb#DansLesSousSols\u00a0\u00bb _builder_version=\u00a0\u00bb4.20.4&Prime; _module_preset=\u00a0\u00bbdefault\u00a0\u00bb global_colors_info=\u00a0\u00bb{}\u00a0\u00bb][\/et_pb_icon][\/et_pb_column][\/et_pb_row][\/et_pb_section][et_pb_section fb_built=\u00a0\u00bb1&Prime; _builder_version=\u00a0\u00bb4.20.4&Prime; background_color=\u00a0\u00bb#ae9a63&Prime; custom_padding=\u00a0\u00bb0px||||false|false\u00a0\u00bb global_colors_info=\u00a0\u00bb{}\u00a0\u00bb][et_pb_row _builder_version=\u00a0\u00bb4.20.4&Prime; _module_preset=\u00a0\u00bbdefault\u00a0\u00bb custom_padding=\u00a0\u00bb0px||0px||false|false\u00a0\u00bb global_colors_info=\u00a0\u00bb{}\u00a0\u00bb][et_pb_column type=\u00a0\u00bb4_4&Prime; _builder_version=\u00a0\u00bb4.20.4&Prime; _module_preset=\u00a0\u00bbdefault\u00a0\u00bb global_colors_info=\u00a0\u00bb{}\u00a0\u00bb][et_pb_icon font_icon=\u00a0\u00bb&#x32;||divi||400&Prime; icon_color=\u00a0\u00bb#FFFFFF\u00a0\u00bb icon_width=\u00a0\u00bb70px\u00a0\u00bb url=\u00a0\u00bb#lescaves\u00a0\u00bb _builder_version=\u00a0\u00bb4.20.4&Prime; _module_preset=\u00a0\u00bbdefault\u00a0\u00bb custom_padding=\u00a0\u00bb||||false|false\u00a0\u00bb global_colors_info=\u00a0\u00bb{}\u00a0\u00bb][\/et_pb_icon][\/et_pb_column][\/et_pb_row][et_pb_row module_id=\u00a0\u00bbDansLesSousSols\u00a0\u00bb _builder_version=\u00a0\u00bb4.20.4&Prime; background_size=\u00a0\u00bbinitial\u00a0\u00bb background_position=\u00a0\u00bbtop_left\u00a0\u00bb background_repeat=\u00a0\u00bbrepeat\u00a0\u00bb custom_margin=\u00a0\u00bb12vh||12vh||true|false\u00a0\u00bb hover_enabled=\u00a0\u00bb0&Prime; global_colors_info=\u00a0\u00bb{}\u00a0\u00bb max_width=\u00a0\u00bb2560px\u00a0\u00bb sticky_enabled=\u00a0\u00bb0&Prime;][et_pb_column type=\u00a0\u00bb4_4&Prime; _builder_version=\u00a0\u00bb4.16&Prime; custom_padding=\u00a0\u00bb|||\u00a0\u00bb global_colors_info=\u00a0\u00bb{}\u00a0\u00bb custom_padding__hover=\u00a0\u00bb|||\u00a0\u00bb][et_pb_text _builder_version=\u00a0\u00bb4.20.4&Prime; text_font=\u00a0\u00bbMontserrat||||||||\u00a0\u00bb text_text_color=\u00a0\u00bb#FFFFFF\u00a0\u00bb text_font_size=\u00a0\u00bb18px\u00a0\u00bb background_size=\u00a0\u00bbinitial\u00a0\u00bb background_position=\u00a0\u00bbtop_left\u00a0\u00bb background_repeat=\u00a0\u00bbrepeat\u00a0\u00bb global_colors_info=\u00a0\u00bb{}\u00a0\u00bb]<p>Dans les sous-sols de la \u00ab Maison de Troub \u00bb, reconstruite au milieu du XVIIIe si\u00e8cle, tr\u00f4nent de magnifiques foudres en bois de ch\u00eane qui ont d\u00e9j\u00e0 accueilli de nombreux mill\u00e9simes. Ces impressionnants tonneaux ont la capacit\u00e9 de contenir entre 2000 \u00e0 4000 litres de vin. Ils sont rempla\u00e7\u00e9s tous les 80 ans \u00e0 100 ans.<\/p>\n<p><!-- divi:paragraph -->En 2013, la cave a \u00e9t\u00e9 agrandie et \u00e9quip\u00e9e d\u2019un chai \u00e0 barriques o\u00f9 les meilleurs crus du Domaine H\u00f4pital Pourtal\u00e8s sont bonifi\u00e9s.<\/p>\n<p><!-- divi:paragraph -->Les gestionnaires du Domaine se feront un plaisir de vous montrer ces lieux, lors de l\u2019une de vos prochaines visites pour une d\u00e9gustation ou une r\u00e9ception.<\/p>\n<p><!-- \/divi:paragraph --><\/p>[\/et_pb_text][\/et_pb_column][\/et_pb_row][\/et_pb_section]\n","protected":false},"excerpt":{"rendered":"<p>La Cave de Troub Les meilleurs crusLes caves du Domaine \u00e0 Cressier, nomm\u00e9es \u00ab caves de Troub \u00bb, sont de celles que l\u2019on aime visiter. Pass\u00e9 la porte qui arbore les armoiries de la famille Pourtal\u00e8s, un escalier descend vers de v\u00e9n\u00e9rables caves monacales, aux plafonds form\u00e9s de solives soutenues par des piliers en bois. [&hellip;]<\/p>\n","protected":false},"author":1,"featured_media":0,"parent":28932,"menu_order":0,"comment_status":"closed","ping_status":"closed","template":"","meta":{"_et_pb_use_builder":"on","_et_pb_old_content":"<!-- wp:paragraph -->\n<p>Les caves du Domaine \u00e0 Cressier, nomm\u00e9es \u00ab caves de Troub \u00bb, sont de celles que l\u2019on aime visiter.<\/p>\n<!-- \/wp:paragraph -->\n\n<!-- wp:paragraph -->\n<p>Pass\u00e9 la porte qui arbore les armoiries de la famille Pourtal\u00e8s, un escalier descend vers de v\u00e9n\u00e9rables caves monacales, aux plafonds form\u00e9s de solives soutenues par des piliers en bois. Le temps y est \u00e0 ce point rest\u00e9 fig\u00e9, que l\u2019on y aper\u00e7oit presque les ombres en soutane des moines de Troub qui, les premiers, ont arpent\u00e9 ces espaces souterrains.<\/p>\n<!-- \/wp:paragraph -->\n\n<!-- wp:paragraph -->\n<p>Dans les sous-sols de la \u00ab Maison de Troub \u00bb, reconstruite au milieu du XVIIIe si\u00e8cle, tr\u00f4nent de magnifiques foudres en bois de ch\u00eane qui ont d\u00e9j\u00e0 accueilli de nombreux mill\u00e9simes. Ces impressionnants tonneaux ont la capacit\u00e9 de contenir entre 2000 \u00e0 4000 litres de vin. Ils sont rempla\u00e7\u00e9s tous les 80 ans \u00e0 100 ans.<\/p>\n<!-- \/wp:paragraph -->\n\n<!-- wp:paragraph -->\n<p>En 2013, la cave a \u00e9t\u00e9 agrandie et \u00e9quip\u00e9e d\u2019un chai \u00e0 barriques o\u00f9 les meilleurs crus du Domaine H\u00f4pital Pourtal\u00e8s sont bonifi\u00e9s.<\/p>\n<!-- \/wp:paragraph -->\n\n<!-- wp:paragraph -->\n<p>Les gestionnaires du Domaine se feront un plaisir de vous montrer ces lieux, lors de l\u2019une de vos prochaines visites pour une d\u00e9gustation ou une r\u00e9ception.<\/p>\n<!-- \/wp:paragraph -->","_et_gb_content_width":"","footnotes":""},"class_list":["post-28937","page","type-page","status-publish","hentry"],"yoast_head":"<!-- This site is optimized with the Yoast SEO plugin v27.4 - https:\/\/yoast.com\/product\/yoast-seo-wordpress\/ -->\n<title>La Cave de Troub - Domaine H\u00f4pital Pourtal\u00e8s<\/title>\n<meta name=\"description\" content=\"Les caves du Domaine \u00e0 Cressier, nomm\u00e9es \u00ab caves de Troub \u00bb, sont de celles que l\u2019on aime visiter.Pass\u00e9 la porte qui arbore les armoiries de la famille Pourtal\u00e8s, un escalier descend vers de v\u00e9n\u00e9rables caves monacales, aux plafonds form\u00e9s de solives soutenues par des piliers en bois. Le temps y est \u00e0 ce point rest\u00e9 fig\u00e9, que l\u2019on y aper\u00e7oit presque les ombres en soutane des moines de Troub qui, les premiers, ont arpent\u00e9 ces espaces souterrains.\" \/>\n<meta name=\"robots\" content=\"index, follow, max-snippet:-1, max-image-preview:large, max-video-preview:-1\" \/>\n<link rel=\"canonical\" href=\"https:\/\/domainepourtales.ch\/en\/le-domaine\/la-cave-de-troub\/\" \/>\n<meta property=\"og:locale\" content=\"en_GB\" \/>\n<meta property=\"og:type\" content=\"article\" \/>\n<meta property=\"og:title\" content=\"La Cave de Troub - Domaine H\u00f4pital Pourtal\u00e8s\" \/>\n<meta property=\"og:description\" content=\"Les caves du Domaine \u00e0 Cressier, nomm\u00e9es \u00ab caves de Troub \u00bb, sont de celles que l\u2019on aime visiter.Pass\u00e9 la porte qui arbore les armoiries de la famille Pourtal\u00e8s, un escalier descend vers de v\u00e9n\u00e9rables caves monacales, aux plafonds form\u00e9s de solives soutenues par des piliers en bois. Le temps y est \u00e0 ce point rest\u00e9 fig\u00e9, que l\u2019on y aper\u00e7oit presque les ombres en soutane des moines de Troub qui, les premiers, ont arpent\u00e9 ces espaces souterrains.\" \/>\n<meta property=\"og:url\" content=\"https:\/\/domainepourtales.ch\/en\/le-domaine\/la-cave-de-troub\/\" \/>\n<meta property=\"og:site_name\" content=\"Domaine H\u00f4pital Pourtal\u00e8s\" \/>\n<meta property=\"article:modified_time\" content=\"2023-04-11T15:15:28+00:00\" \/>\n<meta name=\"twitter:card\" content=\"summary_large_image\" \/>\n<meta name=\"twitter:label1\" content=\"Estimated reading time\" \/>\n\t<meta name=\"twitter:data1\" content=\"2 minutes\" \/>\n<script type=\"application\/ld+json\" class=\"yoast-schema-graph\">{\"@context\":\"https:\\\/\\\/schema.org\",\"@graph\":[{\"@type\":\"WebPage\",\"@id\":\"https:\\\/\\\/domainepourtales.ch\\\/le-domaine\\\/la-cave-de-troub\\\/\",\"url\":\"https:\\\/\\\/domainepourtales.ch\\\/le-domaine\\\/la-cave-de-troub\\\/\",\"name\":\"La Cave de Troub - Domaine H\u00f4pital Pourtal\u00e8s\",\"isPartOf\":{\"@id\":\"https:\\\/\\\/domainepourtales.ch\\\/#website\"},\"datePublished\":\"2023-03-03T12:40:50+00:00\",\"dateModified\":\"2023-04-11T15:15:28+00:00\",\"description\":\"Les caves du Domaine \u00e0 Cressier, nomm\u00e9es \u00ab caves de Troub \u00bb, sont de celles que l\u2019on aime visiter.Pass\u00e9 la porte qui arbore les armoiries de la famille Pourtal\u00e8s, un escalier descend vers de v\u00e9n\u00e9rables caves monacales, aux plafonds form\u00e9s de solives soutenues par des piliers en bois. Le temps y est \u00e0 ce point rest\u00e9 fig\u00e9, que l\u2019on y aper\u00e7oit presque les ombres en soutane des moines de Troub qui, les premiers, ont arpent\u00e9 ces espaces souterrains.\",\"breadcrumb\":{\"@id\":\"https:\\\/\\\/domainepourtales.ch\\\/le-domaine\\\/la-cave-de-troub\\\/#breadcrumb\"},\"inLanguage\":\"en-GB\",\"potentialAction\":[{\"@type\":\"ReadAction\",\"target\":[\"https:\\\/\\\/domainepourtales.ch\\\/le-domaine\\\/la-cave-de-troub\\\/\"]}]},{\"@type\":\"BreadcrumbList\",\"@id\":\"https:\\\/\\\/domainepourtales.ch\\\/le-domaine\\\/la-cave-de-troub\\\/#breadcrumb\",\"itemListElement\":[{\"@type\":\"ListItem\",\"position\":1,\"name\":\"Accueil\",\"item\":\"https:\\\/\\\/domainepourtales.ch\\\/\"},{\"@type\":\"ListItem\",\"position\":2,\"name\":\"Le Domaine\",\"item\":\"https:\\\/\\\/domainepourtales.ch\\\/le-domaine\\\/\"},{\"@type\":\"ListItem\",\"position\":3,\"name\":\"La Cave de Troub\"}]},{\"@type\":\"WebSite\",\"@id\":\"https:\\\/\\\/domainepourtales.ch\\\/#website\",\"url\":\"https:\\\/\\\/domainepourtales.ch\\\/\",\"name\":\"Domaine H\u00f4pital Pourtal\u00e8s\",\"description\":\"Nos vins, pour le bien-\u00eatre des patients\",\"potentialAction\":[{\"@type\":\"SearchAction\",\"target\":{\"@type\":\"EntryPoint\",\"urlTemplate\":\"https:\\\/\\\/domainepourtales.ch\\\/?s={search_term_string}\"},\"query-input\":{\"@type\":\"PropertyValueSpecification\",\"valueRequired\":true,\"valueName\":\"search_term_string\"}}],\"inLanguage\":\"en-GB\"}]}<\/script>\n<!-- \/ Yoast SEO plugin. -->","yoast_head_json":{"title":"La Cave de Troub - Domaine H\u00f4pital Pourtal\u00e8s","description":"Les caves du Domaine \u00e0 Cressier, nomm\u00e9es \u00ab caves de Troub \u00bb, sont de celles que l\u2019on aime visiter.Pass\u00e9 la porte qui arbore les armoiries de la famille Pourtal\u00e8s, un escalier descend vers de v\u00e9n\u00e9rables caves monacales, aux plafonds form\u00e9s de solives soutenues par des piliers en bois. Le temps y est \u00e0 ce point rest\u00e9 fig\u00e9, que l\u2019on y aper\u00e7oit presque les ombres en soutane des moines de Troub qui, les premiers, ont arpent\u00e9 ces espaces souterrains.","robots":{"index":"index","follow":"follow","max-snippet":"max-snippet:-1","max-image-preview":"max-image-preview:large","max-video-preview":"max-video-preview:-1"},"canonical":"https:\/\/domainepourtales.ch\/en\/le-domaine\/la-cave-de-troub\/","og_locale":"en_GB","og_type":"article","og_title":"La Cave de Troub - Domaine H\u00f4pital Pourtal\u00e8s","og_description":"Les caves du Domaine \u00e0 Cressier, nomm\u00e9es \u00ab caves de Troub \u00bb, sont de celles que l\u2019on aime visiter.Pass\u00e9 la porte qui arbore les armoiries de la famille Pourtal\u00e8s, un escalier descend vers de v\u00e9n\u00e9rables caves monacales, aux plafonds form\u00e9s de solives soutenues par des piliers en bois. Le temps y est \u00e0 ce point rest\u00e9 fig\u00e9, que l\u2019on y aper\u00e7oit presque les ombres en soutane des moines de Troub qui, les premiers, ont arpent\u00e9 ces espaces souterrains.","og_url":"https:\/\/domainepourtales.ch\/en\/le-domaine\/la-cave-de-troub\/","og_site_name":"Domaine H\u00f4pital Pourtal\u00e8s","article_modified_time":"2023-04-11T15:15:28+00:00","twitter_card":"summary_large_image","twitter_misc":{"Estimated reading time":"2 minutes"},"schema":{"@context":"https:\/\/schema.org","@graph":[{"@type":"WebPage","@id":"https:\/\/domainepourtales.ch\/le-domaine\/la-cave-de-troub\/","url":"https:\/\/domainepourtales.ch\/le-domaine\/la-cave-de-troub\/","name":"La Cave de Troub - Domaine H\u00f4pital Pourtal\u00e8s","isPartOf":{"@id":"https:\/\/domainepourtales.ch\/#website"},"datePublished":"2023-03-03T12:40:50+00:00","dateModified":"2023-04-11T15:15:28+00:00","description":"Les caves du Domaine \u00e0 Cressier, nomm\u00e9es \u00ab caves de Troub \u00bb, sont de celles que l\u2019on aime visiter.Pass\u00e9 la porte qui arbore les armoiries de la famille Pourtal\u00e8s, un escalier descend vers de v\u00e9n\u00e9rables caves monacales, aux plafonds form\u00e9s de solives soutenues par des piliers en bois. Le temps y est \u00e0 ce point rest\u00e9 fig\u00e9, que l\u2019on y aper\u00e7oit presque les ombres en soutane des moines de Troub qui, les premiers, ont arpent\u00e9 ces espaces souterrains.","breadcrumb":{"@id":"https:\/\/domainepourtales.ch\/le-domaine\/la-cave-de-troub\/#breadcrumb"},"inLanguage":"en-GB","potentialAction":[{"@type":"ReadAction","target":["https:\/\/domainepourtales.ch\/le-domaine\/la-cave-de-troub\/"]}]},{"@type":"BreadcrumbList","@id":"https:\/\/domainepourtales.ch\/le-domaine\/la-cave-de-troub\/#breadcrumb","itemListElement":[{"@type":"ListItem","position":1,"name":"Accueil","item":"https:\/\/domainepourtales.ch\/"},{"@type":"ListItem","position":2,"name":"Le Domaine","item":"https:\/\/domainepourtales.ch\/le-domaine\/"},{"@type":"ListItem","position":3,"name":"La Cave de Troub"}]},{"@type":"WebSite","@id":"https:\/\/domainepourtales.ch\/#website","url":"https:\/\/domainepourtales.ch\/","name":"Domaine H\u00f4pital Pourtal\u00e8s","description":"Our wines, for the well-being of patients","potentialAction":[{"@type":"SearchAction","target":{"@type":"EntryPoint","urlTemplate":"https:\/\/domainepourtales.ch\/?s={search_term_string}"},"query-input":{"@type":"PropertyValueSpecification","valueRequired":true,"valueName":"search_term_string"}}],"inLanguage":"en-GB"}]}},"_links":{"self":[{"href":"https:\/\/domainepourtales.ch\/en\/wp-json\/wp\/v2\/pages\/28937","targetHints":{"allow":["GET"]}}],"collection":[{"href":"https:\/\/domainepourtales.ch\/en\/wp-json\/wp\/v2\/pages"}],"about":[{"href":"https:\/\/domainepourtales.ch\/en\/wp-json\/wp\/v2\/types\/page"}],"author":[{"embeddable":true,"href":"https:\/\/domainepourtales.ch\/en\/wp-json\/wp\/v2\/users\/1"}],"replies":[{"embeddable":true,"href":"https:\/\/domainepourtales.ch\/en\/wp-json\/wp\/v2\/comments?post=28937"}],"version-history":[{"count":0,"href":"https:\/\/domainepourtales.ch\/en\/wp-json\/wp\/v2\/pages\/28937\/revisions"}],"up":[{"embeddable":true,"href":"https:\/\/domainepourtales.ch\/en\/wp-json\/wp\/v2\/pages\/28932"}],"wp:attachment":[{"href":"https:\/\/domainepourtales.ch\/en\/wp-json\/wp\/v2\/media?parent=28937"}],"curies":[{"name":"wp","href":"https:\/\/api.w.org\/{rel}","templated":true}]}}