{"id":37391,"date":"2026-05-05T15:18:44","date_gmt":"2026-05-05T13:18:44","guid":{"rendered":"https:\/\/domainepourtales.ch\/?post_type=product&#038;p=37391"},"modified":"2026-05-05T16:09:24","modified_gmt":"2026-05-05T14:09:24","slug":"perdrix-blanche-2025-75cl","status":"publish","type":"product","link":"https:\/\/domainepourtales.ch\/de\/produkt\/perdrix-blanche-2025-75cl\/","title":{"rendered":"Perdrix Blanche 2025 &#8211; 75cl"},"content":{"rendered":"<p>Culture et production :<br \/>\nL\u2019essentiel du raisin pour ce vin provient de nos terrasses de pinot noir, avec un rendement situ\u00e9 entre 600 et 800gr\/m2. <\/p>\n<p>Vinification :<br \/>\nSans mac\u00e9ration p\u00e9lliculaire, qui va nous permettre d\u2019avoir un blanc de noir issus de Pinot Noir, <\/p>\n<p>Accord mets et vins :<br \/>\nCe vin ira parfaitement lors des ap\u00e9ros estivales, pour accompagn\u00e9es des entr\u00e9es tels que tartares de saumons ou une bondelle fum\u00e9es.<\/p>\n<p>D\u00e9tails techniques :<br \/>\nCette Perdrix Blanche a \u00e9t\u00e9 \u00e9labor\u00e9 en une seule et unique cuv\u00e9e, en voulant mettre en avant le profil aromatique du c\u00e9page.<\/p>\n<p>Commentaire d\u2019Yves Beck :<br \/>\nQue de fruit, de maturit\u00e9, dans le bouquet de cette Perdrix Blanche qui s&rsquo;illustre \u00e9galement par des nuances \u00e9pic\u00e9es. En bouche, le vin surprend par sa largeur et par sa fra\u00eecheur. Il a de la structure, du corps et de la persistance, tout en soulignant son temp\u00e9rament ponctu\u00e9 par une touche salivante.<\/p>","protected":false},"excerpt":{"rendered":"<p>Que de fruit, de maturit\u00e9, dans le bouquet de cette Perdrix Blanche qui s&rsquo;illustre \u00e9galement par des nuances \u00e9pic\u00e9es. En bouche, le vin surprend par sa largeur et par sa fra\u00eecheur. Il a de la structure, du corps et de la persistance, tout en soulignant son temp\u00e9rament ponctu\u00e9 par une touche salivante.<\/p>","protected":false},"featured_media":37388,"comment_status":"open","ping_status":"closed","template":"","meta":{"_et_pb_use_builder":"","_et_pb_old_content":"","_et_gb_content_width":""},"product_brand":[],"product_cat":[175],"product_tag":[],"class_list":{"0":"post-37391","1":"product","2":"type-product","3":"status-publish","4":"has-post-thumbnail","6":"product_cat-75cl","7":"pa_appellation-aoc-neuchatel","8":"pa_contenance-75cl","9":"pa_elevage-traditionnel","10":"pa_millesime-261","12":"first","13":"instock","14":"featured","15":"taxable","16":"shipping-taxable","17":"purchasable","18":"product-type-simple"},"yoast_head":"<!-- This site is optimized with the Yoast SEO plugin v27.5 - https:\/\/yoast.com\/product\/yoast-seo-wordpress\/ -->\n<title>AOC Neuch\u00e2tel, Perdrix Blanche, 2025, 75cl<\/title>\n<meta name=\"description\" content=\"Que de fruit, de maturit\u00e9, dans le bouquet de cette Perdrix Blanche qui s&#039;illustre \u00e9galement pardes nuances \u00e9pic\u00e9es. En bouche, le vin surprend par sa largeur et par sa fra\u00eecheur. Il a de la structure,du corps et de la persistance, tout en soulignant son temp\u00e9rament ponctu\u00e9 par une touchesalivante.\" \/>\n<meta name=\"robots\" content=\"index, follow, max-snippet:-1, max-image-preview:large, max-video-preview:-1\" \/>\n<link rel=\"canonical\" href=\"https:\/\/domainepourtales.ch\/de\/produkt\/perdrix-blanche-2025-75cl\/\" \/>\n<meta property=\"og:locale\" content=\"de_DE\" \/>\n<meta property=\"og:type\" content=\"article\" \/>\n<meta property=\"og:title\" content=\"AOC Neuch\u00e2tel, Perdrix Blanche, 2025, 75cl\" \/>\n<meta property=\"og:description\" content=\"Que de fruit, de maturit\u00e9, dans le bouquet de cette Perdrix Blanche qui s&#039;illustre \u00e9galement pardes nuances \u00e9pic\u00e9es. En bouche, le vin surprend par sa largeur et par sa fra\u00eecheur. Il a de la structure,du corps et de la persistance, tout en soulignant son temp\u00e9rament ponctu\u00e9 par une touchesalivante.\" \/>\n<meta property=\"og:url\" content=\"https:\/\/domainepourtales.ch\/de\/produkt\/perdrix-blanche-2025-75cl\/\" \/>\n<meta property=\"og:site_name\" content=\"Domaine H\u00f4pital Pourtal\u00e8s\" \/>\n<meta property=\"article:modified_time\" content=\"2026-05-05T14:09:24+00:00\" \/>\n<meta property=\"og:image\" content=\"https:\/\/domainepourtales.ch\/wp-content\/uploads\/2026\/05\/Bouteilles-Domaine-Pourtales-30-scaled.jpg\" \/>\n\t<meta property=\"og:image:width\" content=\"2880\" \/>\n\t<meta property=\"og:image:height\" content=\"1920\" \/>\n\t<meta property=\"og:image:type\" content=\"image\/jpeg\" \/>\n<meta name=\"twitter:card\" content=\"summary_large_image\" \/>\n<meta name=\"twitter:label1\" content=\"Gesch\u00e4tzte Lesezeit\" \/>\n\t<meta name=\"twitter:data1\" content=\"1\u00a0Minute\" \/>\n<script type=\"application\/ld+json\" class=\"yoast-schema-graph\">{\"@context\":\"https:\\\/\\\/schema.org\",\"@graph\":[{\"@type\":\"WebPage\",\"@id\":\"https:\\\/\\\/domainepourtales.ch\\\/produit\\\/perdrix-blanche-2025-75cl\\\/\",\"url\":\"https:\\\/\\\/domainepourtales.ch\\\/produit\\\/perdrix-blanche-2025-75cl\\\/\",\"name\":\"AOC Neuch\u00e2tel, Perdrix Blanche, 2025, 75cl\",\"isPartOf\":{\"@id\":\"https:\\\/\\\/domainepourtales.ch\\\/#website\"},\"primaryImageOfPage\":{\"@id\":\"https:\\\/\\\/domainepourtales.ch\\\/produit\\\/perdrix-blanche-2025-75cl\\\/#primaryimage\"},\"image\":{\"@id\":\"https:\\\/\\\/domainepourtales.ch\\\/produit\\\/perdrix-blanche-2025-75cl\\\/#primaryimage\"},\"thumbnailUrl\":\"https:\\\/\\\/domainepourtales.ch\\\/wp-content\\\/uploads\\\/2026\\\/05\\\/Bouteilles-Domaine-Pourtales-30-scaled.jpg\",\"datePublished\":\"2026-05-05T13:18:44+00:00\",\"dateModified\":\"2026-05-05T14:09:24+00:00\",\"description\":\"Que de fruit, de maturit\u00e9, dans le bouquet de cette Perdrix Blanche qui s'illustre \u00e9galement pardes nuances \u00e9pic\u00e9es. En bouche, le vin surprend par sa largeur et par sa fra\u00eecheur. Il a de la structure,du corps et de la persistance, tout en soulignant son temp\u00e9rament ponctu\u00e9 par une touchesalivante.\",\"breadcrumb\":{\"@id\":\"https:\\\/\\\/domainepourtales.ch\\\/produit\\\/perdrix-blanche-2025-75cl\\\/#breadcrumb\"},\"inLanguage\":\"de\",\"potentialAction\":[{\"@type\":\"ReadAction\",\"target\":[\"https:\\\/\\\/domainepourtales.ch\\\/produit\\\/perdrix-blanche-2025-75cl\\\/\"]}]},{\"@type\":\"ImageObject\",\"inLanguage\":\"de\",\"@id\":\"https:\\\/\\\/domainepourtales.ch\\\/produit\\\/perdrix-blanche-2025-75cl\\\/#primaryimage\",\"url\":\"https:\\\/\\\/domainepourtales.ch\\\/wp-content\\\/uploads\\\/2026\\\/05\\\/Bouteilles-Domaine-Pourtales-30-scaled.jpg\",\"contentUrl\":\"https:\\\/\\\/domainepourtales.ch\\\/wp-content\\\/uploads\\\/2026\\\/05\\\/Bouteilles-Domaine-Pourtales-30-scaled.jpg\",\"width\":2880,\"height\":1920},{\"@type\":\"BreadcrumbList\",\"@id\":\"https:\\\/\\\/domainepourtales.ch\\\/produit\\\/perdrix-blanche-2025-75cl\\\/#breadcrumb\",\"itemListElement\":[{\"@type\":\"ListItem\",\"position\":1,\"name\":\"Accueil\",\"item\":\"https:\\\/\\\/domainepourtales.ch\\\/\"},{\"@type\":\"ListItem\",\"position\":2,\"name\":\"Nos Vins\",\"item\":\"https:\\\/\\\/domainepourtales.ch\\\/nos-vins\\\/\"},{\"@type\":\"ListItem\",\"position\":3,\"name\":\"Perdrix Blanche 2025 &#8211; 75cl\"}]},{\"@type\":\"WebSite\",\"@id\":\"https:\\\/\\\/domainepourtales.ch\\\/#website\",\"url\":\"https:\\\/\\\/domainepourtales.ch\\\/\",\"name\":\"Domaine H\u00f4pital Pourtal\u00e8s\",\"description\":\"Nos vins, pour le bien-\u00eatre des patients\",\"potentialAction\":[{\"@type\":\"SearchAction\",\"target\":{\"@type\":\"EntryPoint\",\"urlTemplate\":\"https:\\\/\\\/domainepourtales.ch\\\/?s={search_term_string}\"},\"query-input\":{\"@type\":\"PropertyValueSpecification\",\"valueRequired\":true,\"valueName\":\"search_term_string\"}}],\"inLanguage\":\"de\"}]}<\/script>\n<!-- \/ Yoast SEO plugin. -->","yoast_head_json":{"title":"AOC Neuch\u00e2tel, Perdrix Blanche, 2025, 75cl","description":"Que de fruit, de maturit\u00e9, dans le bouquet de cette Perdrix Blanche qui s'illustre \u00e9galement pardes nuances \u00e9pic\u00e9es. En bouche, le vin surprend par sa largeur et par sa fra\u00eecheur. Il a de la structure,du corps et de la persistance, tout en soulignant son temp\u00e9rament ponctu\u00e9 par une touchesalivante.","robots":{"index":"index","follow":"follow","max-snippet":"max-snippet:-1","max-image-preview":"max-image-preview:large","max-video-preview":"max-video-preview:-1"},"canonical":"https:\/\/domainepourtales.ch\/de\/produkt\/perdrix-blanche-2025-75cl\/","og_locale":"de_DE","og_type":"article","og_title":"AOC Neuch\u00e2tel, Perdrix Blanche, 2025, 75cl","og_description":"Que de fruit, de maturit\u00e9, dans le bouquet de cette Perdrix Blanche qui s'illustre \u00e9galement pardes nuances \u00e9pic\u00e9es. En bouche, le vin surprend par sa largeur et par sa fra\u00eecheur. Il a de la structure,du corps et de la persistance, tout en soulignant son temp\u00e9rament ponctu\u00e9 par une touchesalivante.","og_url":"https:\/\/domainepourtales.ch\/de\/produkt\/perdrix-blanche-2025-75cl\/","og_site_name":"Domaine H\u00f4pital Pourtal\u00e8s","article_modified_time":"2026-05-05T14:09:24+00:00","og_image":[{"width":2880,"height":1920,"url":"https:\/\/domainepourtales.ch\/wp-content\/uploads\/2026\/05\/Bouteilles-Domaine-Pourtales-30-scaled.jpg","type":"image\/jpeg"}],"twitter_card":"summary_large_image","twitter_misc":{"Gesch\u00e4tzte Lesezeit":"1\u00a0Minute"},"schema":{"@context":"https:\/\/schema.org","@graph":[{"@type":"WebPage","@id":"https:\/\/domainepourtales.ch\/produit\/perdrix-blanche-2025-75cl\/","url":"https:\/\/domainepourtales.ch\/produit\/perdrix-blanche-2025-75cl\/","name":"AOC Neuch\u00e2tel, Perdrix Blanche, 2025, 75cl","isPartOf":{"@id":"https:\/\/domainepourtales.ch\/#website"},"primaryImageOfPage":{"@id":"https:\/\/domainepourtales.ch\/produit\/perdrix-blanche-2025-75cl\/#primaryimage"},"image":{"@id":"https:\/\/domainepourtales.ch\/produit\/perdrix-blanche-2025-75cl\/#primaryimage"},"thumbnailUrl":"https:\/\/domainepourtales.ch\/wp-content\/uploads\/2026\/05\/Bouteilles-Domaine-Pourtales-30-scaled.jpg","datePublished":"2026-05-05T13:18:44+00:00","dateModified":"2026-05-05T14:09:24+00:00","description":"Que de fruit, de maturit\u00e9, dans le bouquet de cette Perdrix Blanche qui s'illustre \u00e9galement pardes nuances \u00e9pic\u00e9es. En bouche, le vin surprend par sa largeur et par sa fra\u00eecheur. Il a de la structure,du corps et de la persistance, tout en soulignant son temp\u00e9rament ponctu\u00e9 par une touchesalivante.","breadcrumb":{"@id":"https:\/\/domainepourtales.ch\/produit\/perdrix-blanche-2025-75cl\/#breadcrumb"},"inLanguage":"de","potentialAction":[{"@type":"ReadAction","target":["https:\/\/domainepourtales.ch\/produit\/perdrix-blanche-2025-75cl\/"]}]},{"@type":"ImageObject","inLanguage":"de","@id":"https:\/\/domainepourtales.ch\/produit\/perdrix-blanche-2025-75cl\/#primaryimage","url":"https:\/\/domainepourtales.ch\/wp-content\/uploads\/2026\/05\/Bouteilles-Domaine-Pourtales-30-scaled.jpg","contentUrl":"https:\/\/domainepourtales.ch\/wp-content\/uploads\/2026\/05\/Bouteilles-Domaine-Pourtales-30-scaled.jpg","width":2880,"height":1920},{"@type":"BreadcrumbList","@id":"https:\/\/domainepourtales.ch\/produit\/perdrix-blanche-2025-75cl\/#breadcrumb","itemListElement":[{"@type":"ListItem","position":1,"name":"Accueil","item":"https:\/\/domainepourtales.ch\/"},{"@type":"ListItem","position":2,"name":"Nos Vins","item":"https:\/\/domainepourtales.ch\/nos-vins\/"},{"@type":"ListItem","position":3,"name":"Perdrix Blanche 2025 &#8211; 75cl"}]},{"@type":"WebSite","@id":"https:\/\/domainepourtales.ch\/#website","url":"https:\/\/domainepourtales.ch\/","name":"Domaine H\u00f4pital Pourtal\u00e8s","description":"Unsere Weine, f\u00fcr das Wohlbefinden der Patienten","potentialAction":[{"@type":"SearchAction","target":{"@type":"EntryPoint","urlTemplate":"https:\/\/domainepourtales.ch\/?s={search_term_string}"},"query-input":{"@type":"PropertyValueSpecification","valueRequired":true,"valueName":"search_term_string"}}],"inLanguage":"de"}]}},"thumbnail":"https:\/\/domainepourtales.ch\/wp-content\/uploads\/2026\/05\/Bouteilles-Domaine-Pourtales-30-scaled.jpg","price_html":"<span class=\"woocommerce-Price-amount amount\"><bdi>18.50&nbsp;<span class=\"woocommerce-Price-currencySymbol\">&#67;&#72;&#70;<\/span><\/bdi><\/span>","on_sale":false,"stock_status":"instock","rating_html":"","rating_count":0,"_links":{"self":[{"href":"https:\/\/domainepourtales.ch\/de\/wp-json\/wp\/v2\/product\/37391","targetHints":{"allow":["GET"]}}],"collection":[{"href":"https:\/\/domainepourtales.ch\/de\/wp-json\/wp\/v2\/product"}],"about":[{"href":"https:\/\/domainepourtales.ch\/de\/wp-json\/wp\/v2\/types\/product"}],"replies":[{"embeddable":true,"href":"https:\/\/domainepourtales.ch\/de\/wp-json\/wp\/v2\/comments?post=37391"}],"wp:featuredmedia":[{"embeddable":true,"href":"https:\/\/domainepourtales.ch\/de\/wp-json\/wp\/v2\/media\/37388"}],"wp:attachment":[{"href":"https:\/\/domainepourtales.ch\/de\/wp-json\/wp\/v2\/media?parent=37391"}],"wp:term":[{"taxonomy":"product_brand","embeddable":true,"href":"https:\/\/domainepourtales.ch\/de\/wp-json\/wp\/v2\/product_brand?post=37391"},{"taxonomy":"product_cat","embeddable":true,"href":"https:\/\/domainepourtales.ch\/de\/wp-json\/wp\/v2\/product_cat?post=37391"},{"taxonomy":"product_tag","embeddable":true,"href":"https:\/\/domainepourtales.ch\/de\/wp-json\/wp\/v2\/product_tag?post=37391"}],"curies":[{"name":"wp","href":"https:\/\/api.w.org\/{rel}","templated":true}]}}