{"id":35131,"date":"2025-05-13T15:36:19","date_gmt":"2025-05-13T13:36:19","guid":{"rendered":"https:\/\/domainepourtales.ch\/?post_type=product&#038;p=35131"},"modified":"2026-01-07T16:30:32","modified_gmt":"2026-01-07T15:30:32","slug":"chasselas-2024-50cl","status":"publish","type":"product","link":"https:\/\/domainepourtales.ch\/de\/produkt\/chasselas-2024-50cl\/","title":{"rendered":"Chasselas 2024 - 50cl"},"content":{"rendered":"<p>Culture et production :<br \/>\nDie Weinberge haben eine der bestm\u00f6glichen Sonneneinstrahlungen und werden nach biologischen Methoden bearbeitet. Der Ertrag schwankt zwischen 700 und 900 gr\/m2.<\/p>\n<p>Vinification :<br \/>\nNachdem die Trauben gepresst wurden, erfolgt die G\u00e4rung des Chasselas ausschlie\u00dflich in Holzf\u00e4ssern mit einem Fassungsverm\u00f6gen von 2.800 bis 4.300 Litern.<\/p>\n<p>Accord mets et vins :<br \/>\nEine \"fera \u00e0 la neuch\u00e2teloise\" oder Kutteln passen hervorragend zum Chasselas. Einfacher gesagt: Ein Moreau aus Hartk\u00e4se passt perfekt zu diesem Wein.<\/p>\n<p>D\u00e9tails techniques :<br \/>\nWird zum gr\u00f6\u00dften Teil in F\u00e4ssern und auf Feinhefe ausgebaut. Enth\u00e4lt Sulfite.<\/p>\n<p>Commentaire d\u2019Yves Beck :<br \/>\nDas Bouquet ist elegant, blumig mit Nuancen von Akazienbl\u00fcten. Lecker und harmonisch, der Wein ist frisch, durstl\u00f6schend und speicheltreibend. Ein Wein, den Sie in aller Ruhe ab 11.00 Uhr genie\u00dfen k\u00f6nnen!<\/p>\n<p>Distinctions :<br \/>\n\u2b502025 - Kantonale Neuenburger OR-Auswahl - Jahrgang 2024<\/p>","protected":false},"excerpt":{"rendered":"<p>Dieser Wein mit einer Farbe von Lindenbl\u00fcten und einer je nach Jahrgang fein prickelnden Optik verstr\u00f6mt in der Nase ein Bouquet von bl\u00fchendem Holunder auf dem Hintergrund von Aromen der Rebsorte.<\/p>\n<p>Im Mund wird seine Mineralit\u00e4t durch sein unnachahmliches Prickeln verherrlicht. Geschmack nach Chasselas und kalkhaltigem Terroir; gute S\u00e4ure, die Frische und Lebendigkeit verleiht. Ein klarer, leicht kohlens\u00e4urehaltiger Auftakt sowie eine sch\u00f6ne Rundheit sind Ausdruck der perfekten Harmonie dieses Neuenburger Wei\u00dfweins.<\/p>\n<p>Der m\u00e4\u00dfige Alkoholgehalt macht ihn zu einem s\u00fcffigen und eleganten Wein mit feinem Aroma. Er ist sowohl durstl\u00f6schend als auch erfrischend und kann sowohl als Aperitif als auch als Festwein getrunken werden.<\/p>","protected":false},"featured_media":35091,"comment_status":"open","ping_status":"closed","template":"","meta":{"_et_pb_use_builder":"","_et_pb_old_content":"","_et_gb_content_width":""},"product_brand":[],"product_cat":[73],"product_tag":[],"class_list":{"0":"post-35131","1":"product","2":"type-product","3":"status-publish","4":"has-post-thumbnail","6":"product_cat-chasselas","7":"pa_appellation-aoc-neuchatel","8":"pa_contenance-50cl","9":"pa_elevage-traditionnel","10":"pa_millesime-199","12":"first","13":"outofstock","14":"taxable","15":"shipping-taxable","16":"purchasable","17":"product-type-simple"},"yoast_head":"<!-- This site is optimized with the Yoast SEO plugin v27.4 - https:\/\/yoast.com\/product\/yoast-seo-wordpress\/ -->\n<title>AOC Neuch\u00e2tel, Chasselas, 2024, 50cl<\/title>\n<meta name=\"description\" content=\"AOC Neuch\u00e2tel, Chasselas, 2024, 50cl, D\u2019une couleur de fleur de tilleul, au visuel finement p\u00e9tillant selon les ann\u00e9es, ce vin d\u00e9gage, au nez, un bouquet de sureau en fleur sur fond d\u2019ar\u00f4mes de c\u00e9page.En bouche, sa min\u00e9ralit\u00e9 est magnifi\u00e9e par son inimitable p\u00e9tillant. Go\u00fbt de chasselas et de terroir calcaire ; acidit\u00e9 de bon aloi conf\u00e9rant fra\u00eecheur et vivacit\u00e9. Une attaque franche, l\u00e9g\u00e8rement carbonique, ainsi qu\u2019une belle rondeur sont l\u2019expression de la parfaite harmonie de ce blanc neuch\u00e2telois.D\u2019une grande finesse aromatique, la teneur mod\u00e9r\u00e9e en alcool en fait un vin friand et \u00e9l\u00e9gant. A la fois d\u00e9salt\u00e9rant et rafra\u00eechissant, il est consommable aussi bien pour l\u2019ap\u00e9ritif que comme vin festif\" \/>\n<meta name=\"robots\" content=\"index, follow, max-snippet:-1, max-image-preview:large, max-video-preview:-1\" \/>\n<link rel=\"canonical\" href=\"https:\/\/domainepourtales.ch\/de\/produkt\/chasselas-2024-50cl\/\" \/>\n<meta property=\"og:locale\" content=\"de_DE\" \/>\n<meta property=\"og:type\" content=\"article\" \/>\n<meta property=\"og:title\" content=\"AOC Neuch\u00e2tel, Chasselas, 2024, 50cl\" \/>\n<meta property=\"og:description\" content=\"AOC Neuch\u00e2tel, Chasselas, 2024, 50cl, D\u2019une couleur de fleur de tilleul, au visuel finement p\u00e9tillant selon les ann\u00e9es, ce vin d\u00e9gage, au nez, un bouquet de sureau en fleur sur fond d\u2019ar\u00f4mes de c\u00e9page.En bouche, sa min\u00e9ralit\u00e9 est magnifi\u00e9e par son inimitable p\u00e9tillant. Go\u00fbt de chasselas et de terroir calcaire ; acidit\u00e9 de bon aloi conf\u00e9rant fra\u00eecheur et vivacit\u00e9. Une attaque franche, l\u00e9g\u00e8rement carbonique, ainsi qu\u2019une belle rondeur sont l\u2019expression de la parfaite harmonie de ce blanc neuch\u00e2telois.D\u2019une grande finesse aromatique, la teneur mod\u00e9r\u00e9e en alcool en fait un vin friand et \u00e9l\u00e9gant. A la fois d\u00e9salt\u00e9rant et rafra\u00eechissant, il est consommable aussi bien pour l\u2019ap\u00e9ritif que comme vin festif\" \/>\n<meta property=\"og:url\" content=\"https:\/\/domainepourtales.ch\/de\/produkt\/chasselas-2024-50cl\/\" \/>\n<meta property=\"og:site_name\" content=\"Domaine H\u00f4pital Pourtal\u00e8s\" \/>\n<meta property=\"article:modified_time\" content=\"2026-01-07T15:30:32+00:00\" \/>\n<meta property=\"og:image\" content=\"https:\/\/domainepourtales.ch\/wp-content\/uploads\/2025\/05\/Chasselas-50cl.png\" \/>\n\t<meta property=\"og:image:width\" content=\"1080\" \/>\n\t<meta property=\"og:image:height\" content=\"1080\" \/>\n\t<meta property=\"og:image:type\" content=\"image\/png\" \/>\n<meta name=\"twitter:card\" content=\"summary_large_image\" \/>\n<meta name=\"twitter:label1\" content=\"Gesch\u00e4tzte Lesezeit\" \/>\n\t<meta name=\"twitter:data1\" content=\"1\u00a0Minute\" \/>\n<script type=\"application\/ld+json\" class=\"yoast-schema-graph\">{\"@context\":\"https:\\\/\\\/schema.org\",\"@graph\":[{\"@type\":\"WebPage\",\"@id\":\"https:\\\/\\\/domainepourtales.ch\\\/produit\\\/chasselas-2024-50cl\\\/\",\"url\":\"https:\\\/\\\/domainepourtales.ch\\\/produit\\\/chasselas-2024-50cl\\\/\",\"name\":\"AOC Neuch\u00e2tel, Chasselas, 2024, 50cl\",\"isPartOf\":{\"@id\":\"https:\\\/\\\/domainepourtales.ch\\\/#website\"},\"primaryImageOfPage\":{\"@id\":\"https:\\\/\\\/domainepourtales.ch\\\/produit\\\/chasselas-2024-50cl\\\/#primaryimage\"},\"image\":{\"@id\":\"https:\\\/\\\/domainepourtales.ch\\\/produit\\\/chasselas-2024-50cl\\\/#primaryimage\"},\"thumbnailUrl\":\"https:\\\/\\\/domainepourtales.ch\\\/wp-content\\\/uploads\\\/2025\\\/05\\\/Chasselas-50cl.png\",\"datePublished\":\"2025-05-13T13:36:19+00:00\",\"dateModified\":\"2026-01-07T15:30:32+00:00\",\"description\":\"AOC Neuch\u00e2tel, Chasselas, 2024, 50cl, D\u2019une couleur de fleur de tilleul, au visuel finement p\u00e9tillant selon les ann\u00e9es, ce vin d\u00e9gage, au nez, un bouquet de sureau en fleur sur fond d\u2019ar\u00f4mes de c\u00e9page.En bouche, sa min\u00e9ralit\u00e9 est magnifi\u00e9e par son inimitable p\u00e9tillant. Go\u00fbt de chasselas et de terroir calcaire ; acidit\u00e9 de bon aloi conf\u00e9rant fra\u00eecheur et vivacit\u00e9. Une attaque franche, l\u00e9g\u00e8rement carbonique, ainsi qu\u2019une belle rondeur sont l\u2019expression de la parfaite harmonie de ce blanc neuch\u00e2telois.D\u2019une grande finesse aromatique, la teneur mod\u00e9r\u00e9e en alcool en fait un vin friand et \u00e9l\u00e9gant. A la fois d\u00e9salt\u00e9rant et rafra\u00eechissant, il est consommable aussi bien pour l\u2019ap\u00e9ritif que comme vin festif\",\"breadcrumb\":{\"@id\":\"https:\\\/\\\/domainepourtales.ch\\\/produit\\\/chasselas-2024-50cl\\\/#breadcrumb\"},\"inLanguage\":\"de\",\"potentialAction\":[{\"@type\":\"ReadAction\",\"target\":[\"https:\\\/\\\/domainepourtales.ch\\\/produit\\\/chasselas-2024-50cl\\\/\"]}]},{\"@type\":\"ImageObject\",\"inLanguage\":\"de\",\"@id\":\"https:\\\/\\\/domainepourtales.ch\\\/produit\\\/chasselas-2024-50cl\\\/#primaryimage\",\"url\":\"https:\\\/\\\/domainepourtales.ch\\\/wp-content\\\/uploads\\\/2025\\\/05\\\/Chasselas-50cl.png\",\"contentUrl\":\"https:\\\/\\\/domainepourtales.ch\\\/wp-content\\\/uploads\\\/2025\\\/05\\\/Chasselas-50cl.png\",\"width\":1080,\"height\":1080},{\"@type\":\"BreadcrumbList\",\"@id\":\"https:\\\/\\\/domainepourtales.ch\\\/produit\\\/chasselas-2024-50cl\\\/#breadcrumb\",\"itemListElement\":[{\"@type\":\"ListItem\",\"position\":1,\"name\":\"Accueil\",\"item\":\"https:\\\/\\\/domainepourtales.ch\\\/\"},{\"@type\":\"ListItem\",\"position\":2,\"name\":\"Nos Vins\",\"item\":\"https:\\\/\\\/domainepourtales.ch\\\/nos-vins\\\/\"},{\"@type\":\"ListItem\",\"position\":3,\"name\":\"Chasselas 2024 &#8211; 50cl\"}]},{\"@type\":\"WebSite\",\"@id\":\"https:\\\/\\\/domainepourtales.ch\\\/#website\",\"url\":\"https:\\\/\\\/domainepourtales.ch\\\/\",\"name\":\"Domaine H\u00f4pital Pourtal\u00e8s\",\"description\":\"Nos vins, pour le bien-\u00eatre des patients\",\"potentialAction\":[{\"@type\":\"SearchAction\",\"target\":{\"@type\":\"EntryPoint\",\"urlTemplate\":\"https:\\\/\\\/domainepourtales.ch\\\/?s={search_term_string}\"},\"query-input\":{\"@type\":\"PropertyValueSpecification\",\"valueRequired\":true,\"valueName\":\"search_term_string\"}}],\"inLanguage\":\"de\"}]}<\/script>\n<!-- \/ Yoast SEO plugin. -->","yoast_head_json":{"title":"AOC Neuch\u00e2tel, Chasselas, 2024, 50cl","description":"AOC Neuch\u00e2tel, Chasselas, 2024, 50cl, D\u2019une couleur de fleur de tilleul, au visuel finement p\u00e9tillant selon les ann\u00e9es, ce vin d\u00e9gage, au nez, un bouquet de sureau en fleur sur fond d\u2019ar\u00f4mes de c\u00e9page.En bouche, sa min\u00e9ralit\u00e9 est magnifi\u00e9e par son inimitable p\u00e9tillant. Go\u00fbt de chasselas et de terroir calcaire ; acidit\u00e9 de bon aloi conf\u00e9rant fra\u00eecheur et vivacit\u00e9. Une attaque franche, l\u00e9g\u00e8rement carbonique, ainsi qu\u2019une belle rondeur sont l\u2019expression de la parfaite harmonie de ce blanc neuch\u00e2telois.D\u2019une grande finesse aromatique, la teneur mod\u00e9r\u00e9e en alcool en fait un vin friand et \u00e9l\u00e9gant. A la fois d\u00e9salt\u00e9rant et rafra\u00eechissant, il est consommable aussi bien pour l\u2019ap\u00e9ritif que comme vin festif","robots":{"index":"index","follow":"follow","max-snippet":"max-snippet:-1","max-image-preview":"max-image-preview:large","max-video-preview":"max-video-preview:-1"},"canonical":"https:\/\/domainepourtales.ch\/de\/produkt\/chasselas-2024-50cl\/","og_locale":"de_DE","og_type":"article","og_title":"AOC Neuch\u00e2tel, Chasselas, 2024, 50cl","og_description":"AOC Neuch\u00e2tel, Chasselas, 2024, 50cl, D\u2019une couleur de fleur de tilleul, au visuel finement p\u00e9tillant selon les ann\u00e9es, ce vin d\u00e9gage, au nez, un bouquet de sureau en fleur sur fond d\u2019ar\u00f4mes de c\u00e9page.En bouche, sa min\u00e9ralit\u00e9 est magnifi\u00e9e par son inimitable p\u00e9tillant. Go\u00fbt de chasselas et de terroir calcaire ; acidit\u00e9 de bon aloi conf\u00e9rant fra\u00eecheur et vivacit\u00e9. Une attaque franche, l\u00e9g\u00e8rement carbonique, ainsi qu\u2019une belle rondeur sont l\u2019expression de la parfaite harmonie de ce blanc neuch\u00e2telois.D\u2019une grande finesse aromatique, la teneur mod\u00e9r\u00e9e en alcool en fait un vin friand et \u00e9l\u00e9gant. A la fois d\u00e9salt\u00e9rant et rafra\u00eechissant, il est consommable aussi bien pour l\u2019ap\u00e9ritif que comme vin festif","og_url":"https:\/\/domainepourtales.ch\/de\/produkt\/chasselas-2024-50cl\/","og_site_name":"Domaine H\u00f4pital Pourtal\u00e8s","article_modified_time":"2026-01-07T15:30:32+00:00","og_image":[{"width":1080,"height":1080,"url":"https:\/\/domainepourtales.ch\/wp-content\/uploads\/2025\/05\/Chasselas-50cl.png","type":"image\/png"}],"twitter_card":"summary_large_image","twitter_misc":{"Gesch\u00e4tzte Lesezeit":"1\u00a0Minute"},"schema":{"@context":"https:\/\/schema.org","@graph":[{"@type":"WebPage","@id":"https:\/\/domainepourtales.ch\/produit\/chasselas-2024-50cl\/","url":"https:\/\/domainepourtales.ch\/produit\/chasselas-2024-50cl\/","name":"AOC Neuch\u00e2tel, Chasselas, 2024, 50cl","isPartOf":{"@id":"https:\/\/domainepourtales.ch\/#website"},"primaryImageOfPage":{"@id":"https:\/\/domainepourtales.ch\/produit\/chasselas-2024-50cl\/#primaryimage"},"image":{"@id":"https:\/\/domainepourtales.ch\/produit\/chasselas-2024-50cl\/#primaryimage"},"thumbnailUrl":"https:\/\/domainepourtales.ch\/wp-content\/uploads\/2025\/05\/Chasselas-50cl.png","datePublished":"2025-05-13T13:36:19+00:00","dateModified":"2026-01-07T15:30:32+00:00","description":"AOC Neuch\u00e2tel, Chasselas, 2024, 50cl, D\u2019une couleur de fleur de tilleul, au visuel finement p\u00e9tillant selon les ann\u00e9es, ce vin d\u00e9gage, au nez, un bouquet de sureau en fleur sur fond d\u2019ar\u00f4mes de c\u00e9page.En bouche, sa min\u00e9ralit\u00e9 est magnifi\u00e9e par son inimitable p\u00e9tillant. Go\u00fbt de chasselas et de terroir calcaire ; acidit\u00e9 de bon aloi conf\u00e9rant fra\u00eecheur et vivacit\u00e9. Une attaque franche, l\u00e9g\u00e8rement carbonique, ainsi qu\u2019une belle rondeur sont l\u2019expression de la parfaite harmonie de ce blanc neuch\u00e2telois.D\u2019une grande finesse aromatique, la teneur mod\u00e9r\u00e9e en alcool en fait un vin friand et \u00e9l\u00e9gant. A la fois d\u00e9salt\u00e9rant et rafra\u00eechissant, il est consommable aussi bien pour l\u2019ap\u00e9ritif que comme vin festif","breadcrumb":{"@id":"https:\/\/domainepourtales.ch\/produit\/chasselas-2024-50cl\/#breadcrumb"},"inLanguage":"de","potentialAction":[{"@type":"ReadAction","target":["https:\/\/domainepourtales.ch\/produit\/chasselas-2024-50cl\/"]}]},{"@type":"ImageObject","inLanguage":"de","@id":"https:\/\/domainepourtales.ch\/produit\/chasselas-2024-50cl\/#primaryimage","url":"https:\/\/domainepourtales.ch\/wp-content\/uploads\/2025\/05\/Chasselas-50cl.png","contentUrl":"https:\/\/domainepourtales.ch\/wp-content\/uploads\/2025\/05\/Chasselas-50cl.png","width":1080,"height":1080},{"@type":"BreadcrumbList","@id":"https:\/\/domainepourtales.ch\/produit\/chasselas-2024-50cl\/#breadcrumb","itemListElement":[{"@type":"ListItem","position":1,"name":"Accueil","item":"https:\/\/domainepourtales.ch\/"},{"@type":"ListItem","position":2,"name":"Nos Vins","item":"https:\/\/domainepourtales.ch\/nos-vins\/"},{"@type":"ListItem","position":3,"name":"Chasselas 2024 &#8211; 50cl"}]},{"@type":"WebSite","@id":"https:\/\/domainepourtales.ch\/#website","url":"https:\/\/domainepourtales.ch\/","name":"Domaine H\u00f4pital Pourtal\u00e8s","description":"Unsere Weine, f\u00fcr das Wohlbefinden der Patienten","potentialAction":[{"@type":"SearchAction","target":{"@type":"EntryPoint","urlTemplate":"https:\/\/domainepourtales.ch\/?s={search_term_string}"},"query-input":{"@type":"PropertyValueSpecification","valueRequired":true,"valueName":"search_term_string"}}],"inLanguage":"de"}]}},"thumbnail":"https:\/\/domainepourtales.ch\/wp-content\/uploads\/2025\/05\/Chasselas-50cl.png","price_html":"<span class=\"woocommerce-Price-amount amount\"><bdi>8.80&nbsp;<span class=\"woocommerce-Price-currencySymbol\">&#67;&#72;&#70;<\/span><\/bdi><\/span>","on_sale":false,"stock_status":"outofstock","rating_html":"","rating_count":0,"_links":{"self":[{"href":"https:\/\/domainepourtales.ch\/de\/wp-json\/wp\/v2\/product\/35131","targetHints":{"allow":["GET"]}}],"collection":[{"href":"https:\/\/domainepourtales.ch\/de\/wp-json\/wp\/v2\/product"}],"about":[{"href":"https:\/\/domainepourtales.ch\/de\/wp-json\/wp\/v2\/types\/product"}],"replies":[{"embeddable":true,"href":"https:\/\/domainepourtales.ch\/de\/wp-json\/wp\/v2\/comments?post=35131"}],"wp:featuredmedia":[{"embeddable":true,"href":"https:\/\/domainepourtales.ch\/de\/wp-json\/wp\/v2\/media\/35091"}],"wp:attachment":[{"href":"https:\/\/domainepourtales.ch\/de\/wp-json\/wp\/v2\/media?parent=35131"}],"wp:term":[{"taxonomy":"product_brand","embeddable":true,"href":"https:\/\/domainepourtales.ch\/de\/wp-json\/wp\/v2\/product_brand?post=35131"},{"taxonomy":"product_cat","embeddable":true,"href":"https:\/\/domainepourtales.ch\/de\/wp-json\/wp\/v2\/product_cat?post=35131"},{"taxonomy":"product_tag","embeddable":true,"href":"https:\/\/domainepourtales.ch\/de\/wp-json\/wp\/v2\/product_tag?post=35131"}],"curies":[{"name":"wp","href":"https:\/\/api.w.org\/{rel}","templated":true}]}}