{"id":33332,"date":"2024-10-28T14:10:21","date_gmt":"2024-10-28T13:10:21","guid":{"rendered":"https:\/\/domainepourtales.ch\/?post_type=product&#038;p=33332"},"modified":"2025-07-14T17:40:59","modified_gmt":"2025-07-14T15:40:59","slug":"coffret-3-bouteilles-comte-louis","status":"publish","type":"product","link":"https:\/\/domainepourtales.ch\/de\/produkt\/coffret-3-bouteilles-comte-louis\/","title":{"rendered":"Kiste mit 3 Flaschen - Comte Louis - 2022"},"content":{"rendered":"<p>Culture et production :<br \/>\nAvec un rendement de 600 \u00e0 800gr\/m2 ce c\u00e9page parfaitement plant\u00e9 dans les parcelles qui lui sont propice arrive pleinement \u00e0 maturit\u00e9 au moment opportun, enti\u00e8rement travaill\u00e9 \u00e0 la main et tri\u00e9 d\u00e8s la vendange.<\/p>\n<p>Vinification :<br \/>\nMac\u00e9rer et fermenter dans des cuves en inox, nous travaillons essentiellement \u00e0 la d\u00e9gustations pour d\u00e9cid\u00e9 de quand le presser, le reste de son \u00e9levage de plusieurs mois il va l\u2019effectu\u00e9 en foudre.<\/p>\n<p>Accord mets et vins :<br \/>\nCe vin s\u2019accordera parfaitement avec des viandes blanches tel que des filets de poulet sauce moutarde ou la dinde \u00e0 no\u00ebl. <\/p>\n<p>D\u00e9tails techniques :<br \/>\nNach dem Pressen werden die Tanks getrennt verkostet, um zu wissen, welche Partien in welche F\u00e4sser kommen, damit sie ihr Potenzial maximal entfalten k\u00f6nnen. Enth\u00e4lt Sulfite.<\/p>","protected":false},"excerpt":{"rendered":"<p>Diese Cuv\u00e9e wurde f\u00fcr unsere 200. Versteigerung hergestellt, die im Februar 2025 stattfand. Profitieren Sie jetzt von dieser einzigartigen Kiste mit drei Flaschen. Beim Jahrgang 2022 haben wir eine neue Vase von 1900lt angeschafft, da kam uns die Idee, einen Wein f\u00fcr dieses gro\u00dfe Jubil\u00e4um zu machen.<\/p>\n<p>Ab sofort in Holzkisten mit drei Flaschen erh\u00e4ltlich<\/p>\n<p><strong>LIEFERKOSTEN WERDEN ZUS\u00c4TZLICH BERECHNET<\/strong><\/p>","protected":false},"featured_media":35093,"comment_status":"open","ping_status":"closed","template":"","meta":{"_et_pb_use_builder":"","_et_pb_old_content":"","_et_gb_content_width":""},"product_brand":[],"product_cat":[175,198,72],"product_tag":[],"class_list":{"0":"post-33332","1":"product","2":"type-product","3":"status-publish","4":"has-post-thumbnail","6":"product_cat-75cl","7":"product_cat-coffret","8":"product_cat-pinot-noir","9":"pa_appellation-aoc-neuchatel","10":"pa_contenance-75cl","11":"pa_elevage-traditionnel","12":"pa_millesime-187","14":"first","15":"instock","16":"taxable","17":"shipping-taxable","18":"purchasable","19":"product-type-simple"},"yoast_head":"<!-- This site is optimized with the Yoast SEO plugin v27.4 - https:\/\/yoast.com\/product\/yoast-seo-wordpress\/ -->\n<title>AOC Neuch\u00e2tel, Pinot Noir, 2022, 75cl<\/title>\n<meta name=\"description\" content=\"AOC Neuch\u00e2tel, Comte Louis, 2022, 3x75cl, Le rouge de Pinot noir est un vin rac\u00e9 et distingu\u00e9 qui se reconna\u00eet \u00e0 sa teinte fonc\u00e9e et \u00e0 sa robe rubis, plus ou moins marqu\u00e9e selon les ann\u00e9es. Avec le vieillissement, la robe aura tendance \u00e0 \u00e9voquer la brique. Au nez, il est \u00e9pic\u00e9 et pr\u00e9sente des ar\u00f4mes de fruits rouges. Le bouquet de framboises, de cassis, parfois m\u00eame de griottes, se retrouve en bouche, o\u00f9 une fra\u00eecheur et une min\u00e9ralit\u00e9 int\u00e9ressantes soutiennent des tanins agr\u00e9ables et d\u2019une grande finesse. L\u00e9g\u00e8rement poivr\u00e9, on peut y percevoir l\u2019accent calcaire du terroir.\" \/>\n<meta name=\"robots\" content=\"index, follow, max-snippet:-1, max-image-preview:large, max-video-preview:-1\" \/>\n<link rel=\"canonical\" href=\"https:\/\/domainepourtales.ch\/de\/produkt\/coffret-3-bouteilles-comte-louis\/\" \/>\n<meta property=\"og:locale\" content=\"de_DE\" \/>\n<meta property=\"og:type\" content=\"article\" \/>\n<meta property=\"og:title\" content=\"AOC Neuch\u00e2tel, Pinot Noir, 2022, 75cl\" \/>\n<meta property=\"og:description\" content=\"AOC Neuch\u00e2tel, Comte Louis, 2022, 3x75cl, Le rouge de Pinot noir est un vin rac\u00e9 et distingu\u00e9 qui se reconna\u00eet \u00e0 sa teinte fonc\u00e9e et \u00e0 sa robe rubis, plus ou moins marqu\u00e9e selon les ann\u00e9es. Avec le vieillissement, la robe aura tendance \u00e0 \u00e9voquer la brique. Au nez, il est \u00e9pic\u00e9 et pr\u00e9sente des ar\u00f4mes de fruits rouges. Le bouquet de framboises, de cassis, parfois m\u00eame de griottes, se retrouve en bouche, o\u00f9 une fra\u00eecheur et une min\u00e9ralit\u00e9 int\u00e9ressantes soutiennent des tanins agr\u00e9ables et d\u2019une grande finesse. L\u00e9g\u00e8rement poivr\u00e9, on peut y percevoir l\u2019accent calcaire du terroir.\" \/>\n<meta property=\"og:url\" content=\"https:\/\/domainepourtales.ch\/de\/produkt\/coffret-3-bouteilles-comte-louis\/\" \/>\n<meta property=\"og:site_name\" content=\"Domaine H\u00f4pital Pourtal\u00e8s\" \/>\n<meta property=\"article:modified_time\" content=\"2025-07-14T15:40:59+00:00\" \/>\n<meta property=\"og:image\" content=\"https:\/\/domainepourtales.ch\/wp-content\/uploads\/2025\/05\/Comte-Louis-75cl.png\" \/>\n\t<meta property=\"og:image:width\" content=\"1080\" \/>\n\t<meta property=\"og:image:height\" content=\"1080\" \/>\n\t<meta property=\"og:image:type\" content=\"image\/png\" \/>\n<meta name=\"twitter:card\" content=\"summary_large_image\" \/>\n<meta name=\"twitter:label1\" content=\"Gesch\u00e4tzte Lesezeit\" \/>\n\t<meta name=\"twitter:data1\" content=\"1\u00a0Minute\" \/>\n<script type=\"application\/ld+json\" class=\"yoast-schema-graph\">{\"@context\":\"https:\\\/\\\/schema.org\",\"@graph\":[{\"@type\":\"WebPage\",\"@id\":\"https:\\\/\\\/domainepourtales.ch\\\/produit\\\/coffret-3-bouteilles-comte-louis\\\/\",\"url\":\"https:\\\/\\\/domainepourtales.ch\\\/produit\\\/coffret-3-bouteilles-comte-louis\\\/\",\"name\":\"AOC Neuch\u00e2tel, Pinot Noir, 2022, 75cl\",\"isPartOf\":{\"@id\":\"https:\\\/\\\/domainepourtales.ch\\\/#website\"},\"primaryImageOfPage\":{\"@id\":\"https:\\\/\\\/domainepourtales.ch\\\/produit\\\/coffret-3-bouteilles-comte-louis\\\/#primaryimage\"},\"image\":{\"@id\":\"https:\\\/\\\/domainepourtales.ch\\\/produit\\\/coffret-3-bouteilles-comte-louis\\\/#primaryimage\"},\"thumbnailUrl\":\"https:\\\/\\\/domainepourtales.ch\\\/wp-content\\\/uploads\\\/2025\\\/05\\\/Comte-Louis-75cl.png\",\"datePublished\":\"2024-10-28T13:10:21+00:00\",\"dateModified\":\"2025-07-14T15:40:59+00:00\",\"description\":\"AOC Neuch\u00e2tel, Comte Louis, 2022, 3x75cl, Le rouge de Pinot noir est un vin rac\u00e9 et distingu\u00e9 qui se reconna\u00eet \u00e0 sa teinte fonc\u00e9e et \u00e0 sa robe rubis, plus ou moins marqu\u00e9e selon les ann\u00e9es. Avec le vieillissement, la robe aura tendance \u00e0 \u00e9voquer la brique. Au nez, il est \u00e9pic\u00e9 et pr\u00e9sente des ar\u00f4mes de fruits rouges. Le bouquet de framboises, de cassis, parfois m\u00eame de griottes, se retrouve en bouche, o\u00f9 une fra\u00eecheur et une min\u00e9ralit\u00e9 int\u00e9ressantes soutiennent des tanins agr\u00e9ables et d\u2019une grande finesse. L\u00e9g\u00e8rement poivr\u00e9, on peut y percevoir l\u2019accent calcaire du terroir.\",\"breadcrumb\":{\"@id\":\"https:\\\/\\\/domainepourtales.ch\\\/produit\\\/coffret-3-bouteilles-comte-louis\\\/#breadcrumb\"},\"inLanguage\":\"de\",\"potentialAction\":[{\"@type\":\"ReadAction\",\"target\":[\"https:\\\/\\\/domainepourtales.ch\\\/produit\\\/coffret-3-bouteilles-comte-louis\\\/\"]}]},{\"@type\":\"ImageObject\",\"inLanguage\":\"de\",\"@id\":\"https:\\\/\\\/domainepourtales.ch\\\/produit\\\/coffret-3-bouteilles-comte-louis\\\/#primaryimage\",\"url\":\"https:\\\/\\\/domainepourtales.ch\\\/wp-content\\\/uploads\\\/2025\\\/05\\\/Comte-Louis-75cl.png\",\"contentUrl\":\"https:\\\/\\\/domainepourtales.ch\\\/wp-content\\\/uploads\\\/2025\\\/05\\\/Comte-Louis-75cl.png\",\"width\":1080,\"height\":1080},{\"@type\":\"BreadcrumbList\",\"@id\":\"https:\\\/\\\/domainepourtales.ch\\\/produit\\\/coffret-3-bouteilles-comte-louis\\\/#breadcrumb\",\"itemListElement\":[{\"@type\":\"ListItem\",\"position\":1,\"name\":\"Accueil\",\"item\":\"https:\\\/\\\/domainepourtales.ch\\\/\"},{\"@type\":\"ListItem\",\"position\":2,\"name\":\"Nos Vins\",\"item\":\"https:\\\/\\\/domainepourtales.ch\\\/nos-vins\\\/\"},{\"@type\":\"ListItem\",\"position\":3,\"name\":\"Coffret 3 bouteilles &#8211; Comte Louis &#8211; 2022\"}]},{\"@type\":\"WebSite\",\"@id\":\"https:\\\/\\\/domainepourtales.ch\\\/#website\",\"url\":\"https:\\\/\\\/domainepourtales.ch\\\/\",\"name\":\"Domaine H\u00f4pital Pourtal\u00e8s\",\"description\":\"Nos vins, pour le bien-\u00eatre des patients\",\"potentialAction\":[{\"@type\":\"SearchAction\",\"target\":{\"@type\":\"EntryPoint\",\"urlTemplate\":\"https:\\\/\\\/domainepourtales.ch\\\/?s={search_term_string}\"},\"query-input\":{\"@type\":\"PropertyValueSpecification\",\"valueRequired\":true,\"valueName\":\"search_term_string\"}}],\"inLanguage\":\"de\"}]}<\/script>\n<!-- \/ Yoast SEO plugin. -->","yoast_head_json":{"title":"AOC Neuch\u00e2tel, Pinot Noir, 2022, 75cl","description":"AOC Neuch\u00e2tel, Comte Louis, 2022, 3x75cl, Le rouge de Pinot noir est un vin rac\u00e9 et distingu\u00e9 qui se reconna\u00eet \u00e0 sa teinte fonc\u00e9e et \u00e0 sa robe rubis, plus ou moins marqu\u00e9e selon les ann\u00e9es. Avec le vieillissement, la robe aura tendance \u00e0 \u00e9voquer la brique. Au nez, il est \u00e9pic\u00e9 et pr\u00e9sente des ar\u00f4mes de fruits rouges. Le bouquet de framboises, de cassis, parfois m\u00eame de griottes, se retrouve en bouche, o\u00f9 une fra\u00eecheur et une min\u00e9ralit\u00e9 int\u00e9ressantes soutiennent des tanins agr\u00e9ables et d\u2019une grande finesse. L\u00e9g\u00e8rement poivr\u00e9, on peut y percevoir l\u2019accent calcaire du terroir.","robots":{"index":"index","follow":"follow","max-snippet":"max-snippet:-1","max-image-preview":"max-image-preview:large","max-video-preview":"max-video-preview:-1"},"canonical":"https:\/\/domainepourtales.ch\/de\/produkt\/coffret-3-bouteilles-comte-louis\/","og_locale":"de_DE","og_type":"article","og_title":"AOC Neuch\u00e2tel, Pinot Noir, 2022, 75cl","og_description":"AOC Neuch\u00e2tel, Comte Louis, 2022, 3x75cl, Le rouge de Pinot noir est un vin rac\u00e9 et distingu\u00e9 qui se reconna\u00eet \u00e0 sa teinte fonc\u00e9e et \u00e0 sa robe rubis, plus ou moins marqu\u00e9e selon les ann\u00e9es. Avec le vieillissement, la robe aura tendance \u00e0 \u00e9voquer la brique. Au nez, il est \u00e9pic\u00e9 et pr\u00e9sente des ar\u00f4mes de fruits rouges. Le bouquet de framboises, de cassis, parfois m\u00eame de griottes, se retrouve en bouche, o\u00f9 une fra\u00eecheur et une min\u00e9ralit\u00e9 int\u00e9ressantes soutiennent des tanins agr\u00e9ables et d\u2019une grande finesse. L\u00e9g\u00e8rement poivr\u00e9, on peut y percevoir l\u2019accent calcaire du terroir.","og_url":"https:\/\/domainepourtales.ch\/de\/produkt\/coffret-3-bouteilles-comte-louis\/","og_site_name":"Domaine H\u00f4pital Pourtal\u00e8s","article_modified_time":"2025-07-14T15:40:59+00:00","og_image":[{"width":1080,"height":1080,"url":"https:\/\/domainepourtales.ch\/wp-content\/uploads\/2025\/05\/Comte-Louis-75cl.png","type":"image\/png"}],"twitter_card":"summary_large_image","twitter_misc":{"Gesch\u00e4tzte Lesezeit":"1\u00a0Minute"},"schema":{"@context":"https:\/\/schema.org","@graph":[{"@type":"WebPage","@id":"https:\/\/domainepourtales.ch\/produit\/coffret-3-bouteilles-comte-louis\/","url":"https:\/\/domainepourtales.ch\/produit\/coffret-3-bouteilles-comte-louis\/","name":"AOC Neuch\u00e2tel, Pinot Noir, 2022, 75cl","isPartOf":{"@id":"https:\/\/domainepourtales.ch\/#website"},"primaryImageOfPage":{"@id":"https:\/\/domainepourtales.ch\/produit\/coffret-3-bouteilles-comte-louis\/#primaryimage"},"image":{"@id":"https:\/\/domainepourtales.ch\/produit\/coffret-3-bouteilles-comte-louis\/#primaryimage"},"thumbnailUrl":"https:\/\/domainepourtales.ch\/wp-content\/uploads\/2025\/05\/Comte-Louis-75cl.png","datePublished":"2024-10-28T13:10:21+00:00","dateModified":"2025-07-14T15:40:59+00:00","description":"AOC Neuch\u00e2tel, Comte Louis, 2022, 3x75cl, Le rouge de Pinot noir est un vin rac\u00e9 et distingu\u00e9 qui se reconna\u00eet \u00e0 sa teinte fonc\u00e9e et \u00e0 sa robe rubis, plus ou moins marqu\u00e9e selon les ann\u00e9es. Avec le vieillissement, la robe aura tendance \u00e0 \u00e9voquer la brique. Au nez, il est \u00e9pic\u00e9 et pr\u00e9sente des ar\u00f4mes de fruits rouges. Le bouquet de framboises, de cassis, parfois m\u00eame de griottes, se retrouve en bouche, o\u00f9 une fra\u00eecheur et une min\u00e9ralit\u00e9 int\u00e9ressantes soutiennent des tanins agr\u00e9ables et d\u2019une grande finesse. L\u00e9g\u00e8rement poivr\u00e9, on peut y percevoir l\u2019accent calcaire du terroir.","breadcrumb":{"@id":"https:\/\/domainepourtales.ch\/produit\/coffret-3-bouteilles-comte-louis\/#breadcrumb"},"inLanguage":"de","potentialAction":[{"@type":"ReadAction","target":["https:\/\/domainepourtales.ch\/produit\/coffret-3-bouteilles-comte-louis\/"]}]},{"@type":"ImageObject","inLanguage":"de","@id":"https:\/\/domainepourtales.ch\/produit\/coffret-3-bouteilles-comte-louis\/#primaryimage","url":"https:\/\/domainepourtales.ch\/wp-content\/uploads\/2025\/05\/Comte-Louis-75cl.png","contentUrl":"https:\/\/domainepourtales.ch\/wp-content\/uploads\/2025\/05\/Comte-Louis-75cl.png","width":1080,"height":1080},{"@type":"BreadcrumbList","@id":"https:\/\/domainepourtales.ch\/produit\/coffret-3-bouteilles-comte-louis\/#breadcrumb","itemListElement":[{"@type":"ListItem","position":1,"name":"Accueil","item":"https:\/\/domainepourtales.ch\/"},{"@type":"ListItem","position":2,"name":"Nos Vins","item":"https:\/\/domainepourtales.ch\/nos-vins\/"},{"@type":"ListItem","position":3,"name":"Coffret 3 bouteilles &#8211; Comte Louis &#8211; 2022"}]},{"@type":"WebSite","@id":"https:\/\/domainepourtales.ch\/#website","url":"https:\/\/domainepourtales.ch\/","name":"Domaine H\u00f4pital Pourtal\u00e8s","description":"Unsere Weine, f\u00fcr das Wohlbefinden der Patienten","potentialAction":[{"@type":"SearchAction","target":{"@type":"EntryPoint","urlTemplate":"https:\/\/domainepourtales.ch\/?s={search_term_string}"},"query-input":{"@type":"PropertyValueSpecification","valueRequired":true,"valueName":"search_term_string"}}],"inLanguage":"de"}]}},"thumbnail":"https:\/\/domainepourtales.ch\/wp-content\/uploads\/2025\/05\/Comte-Louis-75cl.png","price_html":"<span class=\"woocommerce-Price-amount amount\"><bdi>130.00&nbsp;<span class=\"woocommerce-Price-currencySymbol\">&#67;&#72;&#70;<\/span><\/bdi><\/span>","on_sale":false,"stock_status":"instock","rating_html":"","rating_count":0,"_links":{"self":[{"href":"https:\/\/domainepourtales.ch\/de\/wp-json\/wp\/v2\/product\/33332","targetHints":{"allow":["GET"]}}],"collection":[{"href":"https:\/\/domainepourtales.ch\/de\/wp-json\/wp\/v2\/product"}],"about":[{"href":"https:\/\/domainepourtales.ch\/de\/wp-json\/wp\/v2\/types\/product"}],"replies":[{"embeddable":true,"href":"https:\/\/domainepourtales.ch\/de\/wp-json\/wp\/v2\/comments?post=33332"}],"wp:featuredmedia":[{"embeddable":true,"href":"https:\/\/domainepourtales.ch\/de\/wp-json\/wp\/v2\/media\/35093"}],"wp:attachment":[{"href":"https:\/\/domainepourtales.ch\/de\/wp-json\/wp\/v2\/media?parent=33332"}],"wp:term":[{"taxonomy":"product_brand","embeddable":true,"href":"https:\/\/domainepourtales.ch\/de\/wp-json\/wp\/v2\/product_brand?post=33332"},{"taxonomy":"product_cat","embeddable":true,"href":"https:\/\/domainepourtales.ch\/de\/wp-json\/wp\/v2\/product_cat?post=33332"},{"taxonomy":"product_tag","embeddable":true,"href":"https:\/\/domainepourtales.ch\/de\/wp-json\/wp\/v2\/product_tag?post=33332"}],"curies":[{"name":"wp","href":"https:\/\/api.w.org\/{rel}","templated":true}]}}