{"id":32919,"date":"2024-09-03T11:38:38","date_gmt":"2024-09-03T09:38:38","guid":{"rendered":"https:\/\/domainepourtales.ch\/?post_type=product&#038;p=32919"},"modified":"2025-07-14T17:41:42","modified_gmt":"2025-07-14T15:41:42","slug":"pinot-noir-2023-150cl","status":"publish","type":"product","link":"https:\/\/domainepourtales.ch\/de\/produkt\/pinot-noir-2023-150cl\/","title":{"rendered":"Pinot Noir 2023 - 150cl"},"content":{"rendered":"<p>Culture et production :<br \/>\nAvec un rendement de 600 \u00e0 800gr\/m2 ce c\u00e9page parfaitement plant\u00e9 dans les parcelles qui lui sont propice arrive pleinement \u00e0 maturit\u00e9 au moment opportun, enti\u00e8rement travaill\u00e9 \u00e0 la main et tri\u00e9 d\u00e8s la vendange.<\/p>\n<p>Vinification :<br \/>\nMac\u00e9rer et fermenter dans des cuves en inox, nous travaillons essentiellement \u00e0 la d\u00e9gustations pour d\u00e9cid\u00e9 de quand le presser, le reste de son \u00e9levage de plusieurs mois il va l\u2019effectu\u00e9 en foudre.<\/p>\n<p>Accord mets et vins :<br \/>\nCe vin s\u2019accordera parfaitement avec des viandes blanches tel que des filets de poulet sauce moutarde ou la dinde \u00e0 no\u00ebl.<\/p>\n<p>D\u00e9tails techniques :<br \/>\nNach dem Pressen werden die Tanks getrennt verkostet, um zu wissen, welche Partien in welche F\u00e4sser kommen, damit sie ihr Potenzial maximal entfalten k\u00f6nnen. Enth\u00e4lt Sulfite.<\/p>\n<p>Commentaire d\u2019Yves Beck :<br \/>\nDas Bouquet ist von guter Intensit\u00e4t und von Sauerkirscharomen gepr\u00e4gt. Der Wein hat K\u00f6rper und samtige, perfekt eingebundene Tannine. Gute Reflexion der olfaktorischen Eigenschaften im Mund. Ein Wein mit Kaukraft und Charakter, der ein wenig Entfaltung verdient.<\/p>\n<p>Distinctions :<br \/>\n\u2b502025 - Silbermedaille bei der Pinot-Weltmeisterschaft - Jahrgang 2023<br \/>\n\u2b502024 - Goldmedaille beim World Pinot - Jahrgang 2022<br \/>\n\u2b502023 - Goldmedaille bei der Weltmeisterschaft der Pinots - Jahrgang 2021<br \/>\n\u2b502020 - Silbermedaille beim Gro\u00dfen Preis der Schweizer Weine - Jahrgang 2018.<br \/>\n\u2b502020 \u2013 S\u00e9lection OR cantonale neuch\u00e2teloise \u2013 mill\u00e9sime 2018<br \/>\n\u2b502018 \u2013 S\u00e9lection OR cantonale neuch\u00e2teloise \u2013 mill\u00e9sime 2019<\/p>","protected":false},"excerpt":{"rendered":"<p>Der Rotwein aus Pinot Noir ist ein rassiger und vornehmer Wein, den man an seiner dunklen F\u00e4rbung und seiner rubinroten Robe erkennt, die je nach Jahrgang mehr oder weniger ausgepr\u00e4gt ist. Mit zunehmendem Alter neigt die Farbe dazu, an Ziegelstein zu erinnern.<\/p>\n<p>In der Nase ist er w\u00fcrzig und weist Aromen von roten Fr\u00fcchten auf. Das Bukett von Himbeeren, schwarzen Johannisbeeren, manchmal sogar Sauerkirschen, findet sich auch am Gaumen wieder, wo eine interessante Frische und Mineralit\u00e4t angenehme Tannine von gro\u00dfer Feinheit unterst\u00fctzen. Leicht pfeffrig, kann man den kalkhaltigen Akzent des Terroirs wahrnehmen.<\/p>","protected":false},"featured_media":35106,"comment_status":"open","ping_status":"closed","template":"","meta":{"_et_pb_use_builder":"","_et_pb_old_content":"","_et_gb_content_width":""},"product_brand":[],"product_cat":[72],"product_tag":[],"class_list":{"0":"post-32919","1":"product","2":"type-product","3":"status-publish","4":"has-post-thumbnail","6":"product_cat-pinot-noir","7":"pa_appellation-aoc-neuchatel","8":"pa_contenance-150cl","9":"pa_elevage-traditionnel","10":"pa_millesime-181","12":"first","13":"instock","14":"taxable","15":"shipping-taxable","16":"purchasable","17":"product-type-simple"},"yoast_head":"<!-- This site is optimized with the Yoast SEO plugin v27.5 - https:\/\/yoast.com\/product\/yoast-seo-wordpress\/ -->\n<title>AOC Neuch\u00e2tel, Pinot Noir, 2023, 150cl<\/title>\n<meta name=\"description\" content=\"AOC Neuch\u00e2tel, Pinot Noir, 2023, 150cl, Le rouge de Pinot noir est un vin rac\u00e9 et distingu\u00e9 qui se reconna\u00eet \u00e0 sa teinte fonc\u00e9e et \u00e0 sa robe rubis, plus ou moins marqu\u00e9e selon les ann\u00e9es. Avec le vieillissement, la robe aura tendance \u00e0 \u00e9voquer la brique. Au nez, il est \u00e9pic\u00e9 et pr\u00e9sente des ar\u00f4mes de fruits rouges. Le bouquet de framboises, de cassis, parfois m\u00eame de griottes, se retrouve en bouche, o\u00f9 une fra\u00eecheur et une min\u00e9ralit\u00e9 int\u00e9ressantes soutiennent des tanins agr\u00e9ables et d\u2019une grande finesse. L\u00e9g\u00e8rement poivr\u00e9, on peut y percevoir l\u2019accent calcaire du terroir.\" \/>\n<meta name=\"robots\" content=\"index, follow, max-snippet:-1, max-image-preview:large, max-video-preview:-1\" \/>\n<link rel=\"canonical\" href=\"https:\/\/domainepourtales.ch\/de\/produkt\/pinot-noir-2023-150cl\/\" \/>\n<meta property=\"og:locale\" content=\"de_DE\" \/>\n<meta property=\"og:type\" content=\"article\" \/>\n<meta property=\"og:title\" content=\"AOC Neuch\u00e2tel, Pinot Noir, 2023, 150cl\" \/>\n<meta property=\"og:description\" content=\"AOC Neuch\u00e2tel, Pinot Noir, 2023, 150cl, Le rouge de Pinot noir est un vin rac\u00e9 et distingu\u00e9 qui se reconna\u00eet \u00e0 sa teinte fonc\u00e9e et \u00e0 sa robe rubis, plus ou moins marqu\u00e9e selon les ann\u00e9es. Avec le vieillissement, la robe aura tendance \u00e0 \u00e9voquer la brique. Au nez, il est \u00e9pic\u00e9 et pr\u00e9sente des ar\u00f4mes de fruits rouges. Le bouquet de framboises, de cassis, parfois m\u00eame de griottes, se retrouve en bouche, o\u00f9 une fra\u00eecheur et une min\u00e9ralit\u00e9 int\u00e9ressantes soutiennent des tanins agr\u00e9ables et d\u2019une grande finesse. L\u00e9g\u00e8rement poivr\u00e9, on peut y percevoir l\u2019accent calcaire du terroir.\" \/>\n<meta property=\"og:url\" content=\"https:\/\/domainepourtales.ch\/de\/produkt\/pinot-noir-2023-150cl\/\" \/>\n<meta property=\"og:site_name\" content=\"Domaine H\u00f4pital Pourtal\u00e8s\" \/>\n<meta property=\"article:modified_time\" content=\"2025-07-14T15:41:42+00:00\" \/>\n<meta property=\"og:image\" content=\"https:\/\/domainepourtales.ch\/wp-content\/uploads\/2025\/05\/Pinot-Noir-150cl.png\" \/>\n\t<meta property=\"og:image:width\" content=\"1080\" \/>\n\t<meta property=\"og:image:height\" content=\"1080\" \/>\n\t<meta property=\"og:image:type\" content=\"image\/png\" \/>\n<meta name=\"twitter:card\" content=\"summary_large_image\" \/>\n<meta name=\"twitter:label1\" content=\"Gesch\u00e4tzte Lesezeit\" \/>\n\t<meta name=\"twitter:data1\" content=\"2\u00a0Minuten\" \/>\n<script type=\"application\/ld+json\" class=\"yoast-schema-graph\">{\"@context\":\"https:\\\/\\\/schema.org\",\"@graph\":[{\"@type\":\"WebPage\",\"@id\":\"https:\\\/\\\/domainepourtales.ch\\\/produit\\\/pinot-noir-2023-150cl\\\/\",\"url\":\"https:\\\/\\\/domainepourtales.ch\\\/produit\\\/pinot-noir-2023-150cl\\\/\",\"name\":\"AOC Neuch\u00e2tel, Pinot Noir, 2023, 150cl\",\"isPartOf\":{\"@id\":\"https:\\\/\\\/domainepourtales.ch\\\/#website\"},\"primaryImageOfPage\":{\"@id\":\"https:\\\/\\\/domainepourtales.ch\\\/produit\\\/pinot-noir-2023-150cl\\\/#primaryimage\"},\"image\":{\"@id\":\"https:\\\/\\\/domainepourtales.ch\\\/produit\\\/pinot-noir-2023-150cl\\\/#primaryimage\"},\"thumbnailUrl\":\"https:\\\/\\\/domainepourtales.ch\\\/wp-content\\\/uploads\\\/2025\\\/05\\\/Pinot-Noir-150cl.png\",\"datePublished\":\"2024-09-03T09:38:38+00:00\",\"dateModified\":\"2025-07-14T15:41:42+00:00\",\"description\":\"AOC Neuch\u00e2tel, Pinot Noir, 2023, 150cl, Le rouge de Pinot noir est un vin rac\u00e9 et distingu\u00e9 qui se reconna\u00eet \u00e0 sa teinte fonc\u00e9e et \u00e0 sa robe rubis, plus ou moins marqu\u00e9e selon les ann\u00e9es. Avec le vieillissement, la robe aura tendance \u00e0 \u00e9voquer la brique. Au nez, il est \u00e9pic\u00e9 et pr\u00e9sente des ar\u00f4mes de fruits rouges. Le bouquet de framboises, de cassis, parfois m\u00eame de griottes, se retrouve en bouche, o\u00f9 une fra\u00eecheur et une min\u00e9ralit\u00e9 int\u00e9ressantes soutiennent des tanins agr\u00e9ables et d\u2019une grande finesse. L\u00e9g\u00e8rement poivr\u00e9, on peut y percevoir l\u2019accent calcaire du terroir.\",\"breadcrumb\":{\"@id\":\"https:\\\/\\\/domainepourtales.ch\\\/produit\\\/pinot-noir-2023-150cl\\\/#breadcrumb\"},\"inLanguage\":\"de\",\"potentialAction\":[{\"@type\":\"ReadAction\",\"target\":[\"https:\\\/\\\/domainepourtales.ch\\\/produit\\\/pinot-noir-2023-150cl\\\/\"]}]},{\"@type\":\"ImageObject\",\"inLanguage\":\"de\",\"@id\":\"https:\\\/\\\/domainepourtales.ch\\\/produit\\\/pinot-noir-2023-150cl\\\/#primaryimage\",\"url\":\"https:\\\/\\\/domainepourtales.ch\\\/wp-content\\\/uploads\\\/2025\\\/05\\\/Pinot-Noir-150cl.png\",\"contentUrl\":\"https:\\\/\\\/domainepourtales.ch\\\/wp-content\\\/uploads\\\/2025\\\/05\\\/Pinot-Noir-150cl.png\",\"width\":1080,\"height\":1080},{\"@type\":\"BreadcrumbList\",\"@id\":\"https:\\\/\\\/domainepourtales.ch\\\/produit\\\/pinot-noir-2023-150cl\\\/#breadcrumb\",\"itemListElement\":[{\"@type\":\"ListItem\",\"position\":1,\"name\":\"Accueil\",\"item\":\"https:\\\/\\\/domainepourtales.ch\\\/\"},{\"@type\":\"ListItem\",\"position\":2,\"name\":\"Nos Vins\",\"item\":\"https:\\\/\\\/domainepourtales.ch\\\/nos-vins\\\/\"},{\"@type\":\"ListItem\",\"position\":3,\"name\":\"Pinot Noir 2023 &#8211; 150cl\"}]},{\"@type\":\"WebSite\",\"@id\":\"https:\\\/\\\/domainepourtales.ch\\\/#website\",\"url\":\"https:\\\/\\\/domainepourtales.ch\\\/\",\"name\":\"Domaine H\u00f4pital Pourtal\u00e8s\",\"description\":\"Nos vins, pour le bien-\u00eatre des patients\",\"potentialAction\":[{\"@type\":\"SearchAction\",\"target\":{\"@type\":\"EntryPoint\",\"urlTemplate\":\"https:\\\/\\\/domainepourtales.ch\\\/?s={search_term_string}\"},\"query-input\":{\"@type\":\"PropertyValueSpecification\",\"valueRequired\":true,\"valueName\":\"search_term_string\"}}],\"inLanguage\":\"de\"}]}<\/script>\n<!-- \/ Yoast SEO plugin. -->","yoast_head_json":{"title":"AOC Neuch\u00e2tel, Pinot Noir, 2023, 150cl","description":"AOC Neuch\u00e2tel, Pinot Noir, 2023, 150cl, Le rouge de Pinot noir est un vin rac\u00e9 et distingu\u00e9 qui se reconna\u00eet \u00e0 sa teinte fonc\u00e9e et \u00e0 sa robe rubis, plus ou moins marqu\u00e9e selon les ann\u00e9es. Avec le vieillissement, la robe aura tendance \u00e0 \u00e9voquer la brique. Au nez, il est \u00e9pic\u00e9 et pr\u00e9sente des ar\u00f4mes de fruits rouges. Le bouquet de framboises, de cassis, parfois m\u00eame de griottes, se retrouve en bouche, o\u00f9 une fra\u00eecheur et une min\u00e9ralit\u00e9 int\u00e9ressantes soutiennent des tanins agr\u00e9ables et d\u2019une grande finesse. L\u00e9g\u00e8rement poivr\u00e9, on peut y percevoir l\u2019accent calcaire du terroir.","robots":{"index":"index","follow":"follow","max-snippet":"max-snippet:-1","max-image-preview":"max-image-preview:large","max-video-preview":"max-video-preview:-1"},"canonical":"https:\/\/domainepourtales.ch\/de\/produkt\/pinot-noir-2023-150cl\/","og_locale":"de_DE","og_type":"article","og_title":"AOC Neuch\u00e2tel, Pinot Noir, 2023, 150cl","og_description":"AOC Neuch\u00e2tel, Pinot Noir, 2023, 150cl, Le rouge de Pinot noir est un vin rac\u00e9 et distingu\u00e9 qui se reconna\u00eet \u00e0 sa teinte fonc\u00e9e et \u00e0 sa robe rubis, plus ou moins marqu\u00e9e selon les ann\u00e9es. Avec le vieillissement, la robe aura tendance \u00e0 \u00e9voquer la brique. Au nez, il est \u00e9pic\u00e9 et pr\u00e9sente des ar\u00f4mes de fruits rouges. Le bouquet de framboises, de cassis, parfois m\u00eame de griottes, se retrouve en bouche, o\u00f9 une fra\u00eecheur et une min\u00e9ralit\u00e9 int\u00e9ressantes soutiennent des tanins agr\u00e9ables et d\u2019une grande finesse. L\u00e9g\u00e8rement poivr\u00e9, on peut y percevoir l\u2019accent calcaire du terroir.","og_url":"https:\/\/domainepourtales.ch\/de\/produkt\/pinot-noir-2023-150cl\/","og_site_name":"Domaine H\u00f4pital Pourtal\u00e8s","article_modified_time":"2025-07-14T15:41:42+00:00","og_image":[{"width":1080,"height":1080,"url":"https:\/\/domainepourtales.ch\/wp-content\/uploads\/2025\/05\/Pinot-Noir-150cl.png","type":"image\/png"}],"twitter_card":"summary_large_image","twitter_misc":{"Gesch\u00e4tzte Lesezeit":"2\u00a0Minuten"},"schema":{"@context":"https:\/\/schema.org","@graph":[{"@type":"WebPage","@id":"https:\/\/domainepourtales.ch\/produit\/pinot-noir-2023-150cl\/","url":"https:\/\/domainepourtales.ch\/produit\/pinot-noir-2023-150cl\/","name":"AOC Neuch\u00e2tel, Pinot Noir, 2023, 150cl","isPartOf":{"@id":"https:\/\/domainepourtales.ch\/#website"},"primaryImageOfPage":{"@id":"https:\/\/domainepourtales.ch\/produit\/pinot-noir-2023-150cl\/#primaryimage"},"image":{"@id":"https:\/\/domainepourtales.ch\/produit\/pinot-noir-2023-150cl\/#primaryimage"},"thumbnailUrl":"https:\/\/domainepourtales.ch\/wp-content\/uploads\/2025\/05\/Pinot-Noir-150cl.png","datePublished":"2024-09-03T09:38:38+00:00","dateModified":"2025-07-14T15:41:42+00:00","description":"AOC Neuch\u00e2tel, Pinot Noir, 2023, 150cl, Le rouge de Pinot noir est un vin rac\u00e9 et distingu\u00e9 qui se reconna\u00eet \u00e0 sa teinte fonc\u00e9e et \u00e0 sa robe rubis, plus ou moins marqu\u00e9e selon les ann\u00e9es. Avec le vieillissement, la robe aura tendance \u00e0 \u00e9voquer la brique. Au nez, il est \u00e9pic\u00e9 et pr\u00e9sente des ar\u00f4mes de fruits rouges. Le bouquet de framboises, de cassis, parfois m\u00eame de griottes, se retrouve en bouche, o\u00f9 une fra\u00eecheur et une min\u00e9ralit\u00e9 int\u00e9ressantes soutiennent des tanins agr\u00e9ables et d\u2019une grande finesse. L\u00e9g\u00e8rement poivr\u00e9, on peut y percevoir l\u2019accent calcaire du terroir.","breadcrumb":{"@id":"https:\/\/domainepourtales.ch\/produit\/pinot-noir-2023-150cl\/#breadcrumb"},"inLanguage":"de","potentialAction":[{"@type":"ReadAction","target":["https:\/\/domainepourtales.ch\/produit\/pinot-noir-2023-150cl\/"]}]},{"@type":"ImageObject","inLanguage":"de","@id":"https:\/\/domainepourtales.ch\/produit\/pinot-noir-2023-150cl\/#primaryimage","url":"https:\/\/domainepourtales.ch\/wp-content\/uploads\/2025\/05\/Pinot-Noir-150cl.png","contentUrl":"https:\/\/domainepourtales.ch\/wp-content\/uploads\/2025\/05\/Pinot-Noir-150cl.png","width":1080,"height":1080},{"@type":"BreadcrumbList","@id":"https:\/\/domainepourtales.ch\/produit\/pinot-noir-2023-150cl\/#breadcrumb","itemListElement":[{"@type":"ListItem","position":1,"name":"Accueil","item":"https:\/\/domainepourtales.ch\/"},{"@type":"ListItem","position":2,"name":"Nos Vins","item":"https:\/\/domainepourtales.ch\/nos-vins\/"},{"@type":"ListItem","position":3,"name":"Pinot Noir 2023 &#8211; 150cl"}]},{"@type":"WebSite","@id":"https:\/\/domainepourtales.ch\/#website","url":"https:\/\/domainepourtales.ch\/","name":"Domaine H\u00f4pital Pourtal\u00e8s","description":"Unsere Weine, f\u00fcr das Wohlbefinden der Patienten","potentialAction":[{"@type":"SearchAction","target":{"@type":"EntryPoint","urlTemplate":"https:\/\/domainepourtales.ch\/?s={search_term_string}"},"query-input":{"@type":"PropertyValueSpecification","valueRequired":true,"valueName":"search_term_string"}}],"inLanguage":"de"}]}},"thumbnail":"https:\/\/domainepourtales.ch\/wp-content\/uploads\/2025\/05\/Pinot-Noir-150cl.png","price_html":"<span class=\"woocommerce-Price-amount amount\"><bdi>39.00&nbsp;<span class=\"woocommerce-Price-currencySymbol\">&#67;&#72;&#70;<\/span><\/bdi><\/span>","on_sale":false,"stock_status":"instock","rating_html":"","rating_count":0,"_links":{"self":[{"href":"https:\/\/domainepourtales.ch\/de\/wp-json\/wp\/v2\/product\/32919","targetHints":{"allow":["GET"]}}],"collection":[{"href":"https:\/\/domainepourtales.ch\/de\/wp-json\/wp\/v2\/product"}],"about":[{"href":"https:\/\/domainepourtales.ch\/de\/wp-json\/wp\/v2\/types\/product"}],"replies":[{"embeddable":true,"href":"https:\/\/domainepourtales.ch\/de\/wp-json\/wp\/v2\/comments?post=32919"}],"wp:featuredmedia":[{"embeddable":true,"href":"https:\/\/domainepourtales.ch\/de\/wp-json\/wp\/v2\/media\/35106"}],"wp:attachment":[{"href":"https:\/\/domainepourtales.ch\/de\/wp-json\/wp\/v2\/media?parent=32919"}],"wp:term":[{"taxonomy":"product_brand","embeddable":true,"href":"https:\/\/domainepourtales.ch\/de\/wp-json\/wp\/v2\/product_brand?post=32919"},{"taxonomy":"product_cat","embeddable":true,"href":"https:\/\/domainepourtales.ch\/de\/wp-json\/wp\/v2\/product_cat?post=32919"},{"taxonomy":"product_tag","embeddable":true,"href":"https:\/\/domainepourtales.ch\/de\/wp-json\/wp\/v2\/product_tag?post=32919"}],"curies":[{"name":"wp","href":"https:\/\/api.w.org\/{rel}","templated":true}]}}