{"id":32539,"date":"2024-07-16T15:02:10","date_gmt":"2024-07-16T13:02:10","guid":{"rendered":"https:\/\/domainepourtales.ch\/produit\/pinot-noir-eleve-en-fut-de-chene\/"},"modified":"2025-07-14T17:47:16","modified_gmt":"2025-07-14T15:47:16","slug":"pinot-noir-eleve-en-fut-de-chene","status":"publish","type":"product","link":"https:\/\/domainepourtales.ch\/de\/produkt\/pinot-noir-eleve-en-fut-de-chene\/","title":{"rendered":"Pinot Noir im Eichenfass gereift 2021 - 75cl"},"content":{"rendered":"<p>Culture et production :<br \/>\nIssus des meilleures parcelles de pinot noir du domaine. La vigne produit entre 500 et 700gr\/m2<\/p>\n<p>Vinification :<br \/>\nAvant le pressurage, une d\u00e9gustation du vin s&rsquo;effectue pour savoir quelle cuve ira en barrique ou en foudre. Pour les barriques, nous effectuons le choix le plus pr\u00e9cis possible;  environ 30% de f\u00fbts neufs sont utilis\u00e9s.<\/p>\n<p>Accord mets et vins :<br \/>\nCe vin s&rsquo;associe parfaitement avec un gigot d\u2019agneau r\u00f4ti ou des pi\u00e8ces de viande cuites au four \u00e0 bois ou sur un barbecue.<\/p>\n<p>D\u00e9tails techniques :<br \/>\nAusbau in burgundischen 228lt-St\u00fccken f\u00fcr eine Dauer von 18 bis 20 Monaten. Enth\u00e4lt Sulfite.<\/p>\n<p>Commentaire d\u2019Yves Beck :<br \/>\nLe bouquet est \u00e9panoui, agr\u00e9able, avec des nuances de r\u00e9glisse et de fruits noirs. L\u00e9g\u00e8rement cr\u00e9meux, le vin est dot\u00e9 de tannins velout\u00e9s, parfaitement int\u00e9gr\u00e9s qui assurent bien les arri\u00e8res et qui cr\u00e9ent la symbiose avec la structure acide. Un vin abouti et harmonieux.<\/p>\n<p>Distinctions :<br \/>\n\u2b50 2025 \u2013 M\u00e9daille d&rsquo;argent au mondial des Pinots \u2013 mill\u00e9sime 2022<br \/>\n\u2b50 2024 - Goldmedaille beim Gro\u00dfen Preis der Schweizer Weine in der Kategorie Pinot Noir - Jahrgang 2022<br \/>\n\u2b50 2024 \u2013 M\u00e9daille d&rsquo;argent au Mondial des pinots \u2013 mill\u00e9sime 2021<br \/>\n\u2b50 2022 \u2013 Gold Medal au Mondial des pinots \u2013 mill\u00e9sime 2019<br \/>\n\u2b50 2020 \u2013 M\u00e9daille d&rsquo;argent au Grand Prix des vins Suisse \u2013 mill\u00e9sime 2017<br \/>\n\u2b50 2020 \u2013 S\u00e9lection OR cantonale Neuch\u00e2teloise \u2013 mill\u00e9sime 2017<\/p>","protected":false},"excerpt":{"rendered":"<p>Robe rubis d\u2019intensit\u00e9 moyenne. Nez fin et \u00e9l\u00e9gant sur des notes de cerise rouge, de framboise et de menthe poivr\u00e9e. Sa bouche est d\u00e9licate et fra\u00eeche, les tanins sont tr\u00e8s fins. C\u2019est un vin d\u00e9licat, vineux \u2013 sans exc\u00e8s, \u00e9quilibr\u00e9 et au bois\u00e9 discret, ce qui laisse la place \u00e0 l\u2019expression tr\u00e8s net d\u2019un fruit\u00e9 pr\u00e9cis et intense. Belle longueur finale pour ce vin d\u2019une grande finesse \u00e0 l\u2019expression tr\u00e8s naturelle.<\/p>","protected":false},"featured_media":35108,"comment_status":"open","ping_status":"closed","template":"","meta":{"_et_pb_use_builder":"","_et_pb_old_content":"","_et_gb_content_width":""},"product_brand":[],"product_cat":[175,72],"product_tag":[],"class_list":{"0":"post-32539","1":"product","2":"type-product","3":"status-publish","4":"has-post-thumbnail","6":"product_cat-75cl","7":"product_cat-pinot-noir","8":"pa_appellation-aoc-neuchatel","9":"pa_contenance-75cl","10":"pa_elevage-eleve-en-fut-de-chene","11":"pa_millesime-192","13":"first","14":"instock","15":"taxable","16":"shipping-taxable","17":"purchasable","18":"product-type-simple"},"yoast_head":"<!-- This site is optimized with the Yoast SEO plugin v27.4 - https:\/\/yoast.com\/product\/yoast-seo-wordpress\/ -->\n<title>AOC Neuch\u00e2tel, Pinot Noir, 2021, 75cl<\/title>\n<meta name=\"description\" content=\"AOC Neuch\u00e2tel, Pinot Noir, 2021, 75cl, Robe rubis d\u2019intensit\u00e9 moyenne. Nez fin et \u00e9l\u00e9gant sur des notes de cerise rouge, de framboise et de menthe poivr\u00e9e. Sa bouche est d\u00e9licate et fra\u00eeche, les tanins sont tr\u00e8s fins. C\u2019est un vin d\u00e9licat, vineux \u2013 sans exc\u00e8s, \u00e9quilibr\u00e9 et au bois\u00e9 discret, ce qui laisse la place \u00e0 l\u2019expression tr\u00e8s net d\u2019un fruit\u00e9 pr\u00e9cis et intense. Belle longueur finale pour ce vin d\u2019une grande finesse \u00e0 l\u2019expression tr\u00e8s naturelle.\" \/>\n<meta name=\"robots\" content=\"index, follow, max-snippet:-1, max-image-preview:large, max-video-preview:-1\" \/>\n<link rel=\"canonical\" href=\"https:\/\/domainepourtales.ch\/de\/produkt\/pinot-noir-eleve-en-fut-de-chene\/\" \/>\n<meta property=\"og:locale\" content=\"de_DE\" \/>\n<meta property=\"og:type\" content=\"article\" \/>\n<meta property=\"og:title\" content=\"AOC Neuch\u00e2tel, Pinot Noir, 2021, 75cl\" \/>\n<meta property=\"og:description\" content=\"AOC Neuch\u00e2tel, Pinot Noir, 2021, 75cl, Robe rubis d\u2019intensit\u00e9 moyenne. Nez fin et \u00e9l\u00e9gant sur des notes de cerise rouge, de framboise et de menthe poivr\u00e9e. Sa bouche est d\u00e9licate et fra\u00eeche, les tanins sont tr\u00e8s fins. C\u2019est un vin d\u00e9licat, vineux \u2013 sans exc\u00e8s, \u00e9quilibr\u00e9 et au bois\u00e9 discret, ce qui laisse la place \u00e0 l\u2019expression tr\u00e8s net d\u2019un fruit\u00e9 pr\u00e9cis et intense. Belle longueur finale pour ce vin d\u2019une grande finesse \u00e0 l\u2019expression tr\u00e8s naturelle.\" \/>\n<meta property=\"og:url\" content=\"https:\/\/domainepourtales.ch\/de\/produkt\/pinot-noir-eleve-en-fut-de-chene\/\" \/>\n<meta property=\"og:site_name\" content=\"Domaine H\u00f4pital Pourtal\u00e8s\" \/>\n<meta property=\"article:modified_time\" content=\"2025-07-14T15:47:16+00:00\" \/>\n<meta property=\"og:image\" content=\"https:\/\/domainepourtales.ch\/wp-content\/uploads\/2025\/05\/Pinot-Noir-Fut-de-Chene-75cl.png\" \/>\n\t<meta property=\"og:image:width\" content=\"1080\" \/>\n\t<meta property=\"og:image:height\" content=\"1080\" \/>\n\t<meta property=\"og:image:type\" content=\"image\/png\" \/>\n<meta name=\"twitter:card\" content=\"summary_large_image\" \/>\n<meta name=\"twitter:label1\" content=\"Gesch\u00e4tzte Lesezeit\" \/>\n\t<meta name=\"twitter:data1\" content=\"2\u00a0Minuten\" \/>\n<script type=\"application\/ld+json\" class=\"yoast-schema-graph\">{\"@context\":\"https:\\\/\\\/schema.org\",\"@graph\":[{\"@type\":\"WebPage\",\"@id\":\"https:\\\/\\\/domainepourtales.ch\\\/produit\\\/pinot-noir-eleve-en-fut-de-chene\\\/\",\"url\":\"https:\\\/\\\/domainepourtales.ch\\\/produit\\\/pinot-noir-eleve-en-fut-de-chene\\\/\",\"name\":\"AOC Neuch\u00e2tel, Pinot Noir, 2021, 75cl\",\"isPartOf\":{\"@id\":\"https:\\\/\\\/domainepourtales.ch\\\/#website\"},\"primaryImageOfPage\":{\"@id\":\"https:\\\/\\\/domainepourtales.ch\\\/produit\\\/pinot-noir-eleve-en-fut-de-chene\\\/#primaryimage\"},\"image\":{\"@id\":\"https:\\\/\\\/domainepourtales.ch\\\/produit\\\/pinot-noir-eleve-en-fut-de-chene\\\/#primaryimage\"},\"thumbnailUrl\":\"https:\\\/\\\/domainepourtales.ch\\\/wp-content\\\/uploads\\\/2025\\\/05\\\/Pinot-Noir-Fut-de-Chene-75cl.png\",\"datePublished\":\"2024-07-16T13:02:10+00:00\",\"dateModified\":\"2025-07-14T15:47:16+00:00\",\"description\":\"AOC Neuch\u00e2tel, Pinot Noir, 2021, 75cl, Robe rubis d\u2019intensit\u00e9 moyenne. Nez fin et \u00e9l\u00e9gant sur des notes de cerise rouge, de framboise et de menthe poivr\u00e9e. Sa bouche est d\u00e9licate et fra\u00eeche, les tanins sont tr\u00e8s fins. C\u2019est un vin d\u00e9licat, vineux \u2013 sans exc\u00e8s, \u00e9quilibr\u00e9 et au bois\u00e9 discret, ce qui laisse la place \u00e0 l\u2019expression tr\u00e8s net d\u2019un fruit\u00e9 pr\u00e9cis et intense. Belle longueur finale pour ce vin d\u2019une grande finesse \u00e0 l\u2019expression tr\u00e8s naturelle.\",\"breadcrumb\":{\"@id\":\"https:\\\/\\\/domainepourtales.ch\\\/produit\\\/pinot-noir-eleve-en-fut-de-chene\\\/#breadcrumb\"},\"inLanguage\":\"de\",\"potentialAction\":[{\"@type\":\"ReadAction\",\"target\":[\"https:\\\/\\\/domainepourtales.ch\\\/produit\\\/pinot-noir-eleve-en-fut-de-chene\\\/\"]}]},{\"@type\":\"ImageObject\",\"inLanguage\":\"de\",\"@id\":\"https:\\\/\\\/domainepourtales.ch\\\/produit\\\/pinot-noir-eleve-en-fut-de-chene\\\/#primaryimage\",\"url\":\"https:\\\/\\\/domainepourtales.ch\\\/wp-content\\\/uploads\\\/2025\\\/05\\\/Pinot-Noir-Fut-de-Chene-75cl.png\",\"contentUrl\":\"https:\\\/\\\/domainepourtales.ch\\\/wp-content\\\/uploads\\\/2025\\\/05\\\/Pinot-Noir-Fut-de-Chene-75cl.png\",\"width\":1080,\"height\":1080},{\"@type\":\"BreadcrumbList\",\"@id\":\"https:\\\/\\\/domainepourtales.ch\\\/produit\\\/pinot-noir-eleve-en-fut-de-chene\\\/#breadcrumb\",\"itemListElement\":[{\"@type\":\"ListItem\",\"position\":1,\"name\":\"Accueil\",\"item\":\"https:\\\/\\\/domainepourtales.ch\\\/\"},{\"@type\":\"ListItem\",\"position\":2,\"name\":\"Nos Vins\",\"item\":\"https:\\\/\\\/domainepourtales.ch\\\/nos-vins\\\/\"},{\"@type\":\"ListItem\",\"position\":3,\"name\":\"Pinot Noir \u00e9lev\u00e9 en f\u00fbt de ch\u00eane 2021 &#8211; 75cl\"}]},{\"@type\":\"WebSite\",\"@id\":\"https:\\\/\\\/domainepourtales.ch\\\/#website\",\"url\":\"https:\\\/\\\/domainepourtales.ch\\\/\",\"name\":\"Domaine H\u00f4pital Pourtal\u00e8s\",\"description\":\"Nos vins, pour le bien-\u00eatre des patients\",\"potentialAction\":[{\"@type\":\"SearchAction\",\"target\":{\"@type\":\"EntryPoint\",\"urlTemplate\":\"https:\\\/\\\/domainepourtales.ch\\\/?s={search_term_string}\"},\"query-input\":{\"@type\":\"PropertyValueSpecification\",\"valueRequired\":true,\"valueName\":\"search_term_string\"}}],\"inLanguage\":\"de\"}]}<\/script>\n<!-- \/ Yoast SEO plugin. -->","yoast_head_json":{"title":"AOC Neuch\u00e2tel, Pinot Noir, 2021, 75cl","description":"AOC Neuch\u00e2tel, Pinot Noir, 2021, 75cl, Robe rubis d\u2019intensit\u00e9 moyenne. Nez fin et \u00e9l\u00e9gant sur des notes de cerise rouge, de framboise et de menthe poivr\u00e9e. Sa bouche est d\u00e9licate et fra\u00eeche, les tanins sont tr\u00e8s fins. C\u2019est un vin d\u00e9licat, vineux \u2013 sans exc\u00e8s, \u00e9quilibr\u00e9 et au bois\u00e9 discret, ce qui laisse la place \u00e0 l\u2019expression tr\u00e8s net d\u2019un fruit\u00e9 pr\u00e9cis et intense. Belle longueur finale pour ce vin d\u2019une grande finesse \u00e0 l\u2019expression tr\u00e8s naturelle.","robots":{"index":"index","follow":"follow","max-snippet":"max-snippet:-1","max-image-preview":"max-image-preview:large","max-video-preview":"max-video-preview:-1"},"canonical":"https:\/\/domainepourtales.ch\/de\/produkt\/pinot-noir-eleve-en-fut-de-chene\/","og_locale":"de_DE","og_type":"article","og_title":"AOC Neuch\u00e2tel, Pinot Noir, 2021, 75cl","og_description":"AOC Neuch\u00e2tel, Pinot Noir, 2021, 75cl, Robe rubis d\u2019intensit\u00e9 moyenne. Nez fin et \u00e9l\u00e9gant sur des notes de cerise rouge, de framboise et de menthe poivr\u00e9e. Sa bouche est d\u00e9licate et fra\u00eeche, les tanins sont tr\u00e8s fins. C\u2019est un vin d\u00e9licat, vineux \u2013 sans exc\u00e8s, \u00e9quilibr\u00e9 et au bois\u00e9 discret, ce qui laisse la place \u00e0 l\u2019expression tr\u00e8s net d\u2019un fruit\u00e9 pr\u00e9cis et intense. Belle longueur finale pour ce vin d\u2019une grande finesse \u00e0 l\u2019expression tr\u00e8s naturelle.","og_url":"https:\/\/domainepourtales.ch\/de\/produkt\/pinot-noir-eleve-en-fut-de-chene\/","og_site_name":"Domaine H\u00f4pital Pourtal\u00e8s","article_modified_time":"2025-07-14T15:47:16+00:00","og_image":[{"width":1080,"height":1080,"url":"https:\/\/domainepourtales.ch\/wp-content\/uploads\/2025\/05\/Pinot-Noir-Fut-de-Chene-75cl.png","type":"image\/png"}],"twitter_card":"summary_large_image","twitter_misc":{"Gesch\u00e4tzte Lesezeit":"2\u00a0Minuten"},"schema":{"@context":"https:\/\/schema.org","@graph":[{"@type":"WebPage","@id":"https:\/\/domainepourtales.ch\/produit\/pinot-noir-eleve-en-fut-de-chene\/","url":"https:\/\/domainepourtales.ch\/produit\/pinot-noir-eleve-en-fut-de-chene\/","name":"AOC Neuch\u00e2tel, Pinot Noir, 2021, 75cl","isPartOf":{"@id":"https:\/\/domainepourtales.ch\/#website"},"primaryImageOfPage":{"@id":"https:\/\/domainepourtales.ch\/produit\/pinot-noir-eleve-en-fut-de-chene\/#primaryimage"},"image":{"@id":"https:\/\/domainepourtales.ch\/produit\/pinot-noir-eleve-en-fut-de-chene\/#primaryimage"},"thumbnailUrl":"https:\/\/domainepourtales.ch\/wp-content\/uploads\/2025\/05\/Pinot-Noir-Fut-de-Chene-75cl.png","datePublished":"2024-07-16T13:02:10+00:00","dateModified":"2025-07-14T15:47:16+00:00","description":"AOC Neuch\u00e2tel, Pinot Noir, 2021, 75cl, Robe rubis d\u2019intensit\u00e9 moyenne. Nez fin et \u00e9l\u00e9gant sur des notes de cerise rouge, de framboise et de menthe poivr\u00e9e. Sa bouche est d\u00e9licate et fra\u00eeche, les tanins sont tr\u00e8s fins. C\u2019est un vin d\u00e9licat, vineux \u2013 sans exc\u00e8s, \u00e9quilibr\u00e9 et au bois\u00e9 discret, ce qui laisse la place \u00e0 l\u2019expression tr\u00e8s net d\u2019un fruit\u00e9 pr\u00e9cis et intense. Belle longueur finale pour ce vin d\u2019une grande finesse \u00e0 l\u2019expression tr\u00e8s naturelle.","breadcrumb":{"@id":"https:\/\/domainepourtales.ch\/produit\/pinot-noir-eleve-en-fut-de-chene\/#breadcrumb"},"inLanguage":"de","potentialAction":[{"@type":"ReadAction","target":["https:\/\/domainepourtales.ch\/produit\/pinot-noir-eleve-en-fut-de-chene\/"]}]},{"@type":"ImageObject","inLanguage":"de","@id":"https:\/\/domainepourtales.ch\/produit\/pinot-noir-eleve-en-fut-de-chene\/#primaryimage","url":"https:\/\/domainepourtales.ch\/wp-content\/uploads\/2025\/05\/Pinot-Noir-Fut-de-Chene-75cl.png","contentUrl":"https:\/\/domainepourtales.ch\/wp-content\/uploads\/2025\/05\/Pinot-Noir-Fut-de-Chene-75cl.png","width":1080,"height":1080},{"@type":"BreadcrumbList","@id":"https:\/\/domainepourtales.ch\/produit\/pinot-noir-eleve-en-fut-de-chene\/#breadcrumb","itemListElement":[{"@type":"ListItem","position":1,"name":"Accueil","item":"https:\/\/domainepourtales.ch\/"},{"@type":"ListItem","position":2,"name":"Nos Vins","item":"https:\/\/domainepourtales.ch\/nos-vins\/"},{"@type":"ListItem","position":3,"name":"Pinot Noir \u00e9lev\u00e9 en f\u00fbt de ch\u00eane 2021 &#8211; 75cl"}]},{"@type":"WebSite","@id":"https:\/\/domainepourtales.ch\/#website","url":"https:\/\/domainepourtales.ch\/","name":"Domaine H\u00f4pital Pourtal\u00e8s","description":"Unsere Weine, f\u00fcr das Wohlbefinden der Patienten","potentialAction":[{"@type":"SearchAction","target":{"@type":"EntryPoint","urlTemplate":"https:\/\/domainepourtales.ch\/?s={search_term_string}"},"query-input":{"@type":"PropertyValueSpecification","valueRequired":true,"valueName":"search_term_string"}}],"inLanguage":"de"}]}},"thumbnail":"https:\/\/domainepourtales.ch\/wp-content\/uploads\/2025\/05\/Pinot-Noir-Fut-de-Chene-75cl.png","price_html":"<span class=\"woocommerce-Price-amount amount\"><bdi>29.00&nbsp;<span class=\"woocommerce-Price-currencySymbol\">&#67;&#72;&#70;<\/span><\/bdi><\/span>","on_sale":false,"stock_status":"instock","rating_html":"","rating_count":0,"_links":{"self":[{"href":"https:\/\/domainepourtales.ch\/de\/wp-json\/wp\/v2\/product\/32539","targetHints":{"allow":["GET"]}}],"collection":[{"href":"https:\/\/domainepourtales.ch\/de\/wp-json\/wp\/v2\/product"}],"about":[{"href":"https:\/\/domainepourtales.ch\/de\/wp-json\/wp\/v2\/types\/product"}],"replies":[{"embeddable":true,"href":"https:\/\/domainepourtales.ch\/de\/wp-json\/wp\/v2\/comments?post=32539"}],"wp:featuredmedia":[{"embeddable":true,"href":"https:\/\/domainepourtales.ch\/de\/wp-json\/wp\/v2\/media\/35108"}],"wp:attachment":[{"href":"https:\/\/domainepourtales.ch\/de\/wp-json\/wp\/v2\/media?parent=32539"}],"wp:term":[{"taxonomy":"product_brand","embeddable":true,"href":"https:\/\/domainepourtales.ch\/de\/wp-json\/wp\/v2\/product_brand?post=32539"},{"taxonomy":"product_cat","embeddable":true,"href":"https:\/\/domainepourtales.ch\/de\/wp-json\/wp\/v2\/product_cat?post=32539"},{"taxonomy":"product_tag","embeddable":true,"href":"https:\/\/domainepourtales.ch\/de\/wp-json\/wp\/v2\/product_tag?post=32539"}],"curies":[{"name":"wp","href":"https:\/\/api.w.org\/{rel}","templated":true}]}}