{"id":32534,"date":"2024-07-16T15:02:10","date_gmt":"2024-07-16T13:02:10","guid":{"rendered":"https:\/\/domainepourtales.ch\/produit\/oeil-de-perdrix-50cl\/"},"modified":"2025-07-14T17:46:45","modified_gmt":"2025-07-14T15:46:45","slug":"oeil-de-perdrix-50cl","status":"publish","type":"product","link":"https:\/\/domainepourtales.ch\/de\/produkt\/oeil-de-perdrix-50cl\/","title":{"rendered":"Oeil de Perdrix 2023 - 50cl"},"content":{"rendered":"<p>Culture et production :<br \/>\nL\u2019essentiel du raisin pour ce vin provient de nos terrasses de pinot noir, avec un rendement situ\u00e9 entre 600 et 800gr\/m2.<\/p>\n<p>Vinification :<br \/>\nSans trop de mac\u00e9ration un pressurage dit \u00ab\u00a0direct\u00a0\u00bb est effectu\u00e9. Ceci signifie que le raisin est press\u00e9 une fois qu\u2019il arrive \u00e0 la cave. Les fermentations sont faites en cuve acier ou inox ainsi qu\u2019en foudre.<\/p>\n<p>Accord mets et vins :<br \/>\nSeul en ap\u00e9ritif ou avec une entr\u00e9e telle qu\u2019une terrine de chasse et doucette ou un tartare de pal\u00e9e.<\/p>\n<p>D\u00e9tails techniques :<br \/>\nDieser Wein wird wie eine wei\u00dfe Rebsorte vinifiziert, was ihm Frische und F\u00fclle verleiht. Enth\u00e4lt Sulfite.<\/p>\n<p>Commentaire d\u2019Yves Beck :<br \/>\nBelle couleur rose saumon. Le bouquet invite par sa fraicheur gr\u00e2ce \u00e0 des notes de fruits rouges. Le vin a du corps et du temp\u00e9rament. Sa structure conf\u00e8re soutient l\u2019expression aromatique jusqu\u2019en finale.<\/p>\n<p>Distinctions :<br \/>\n\u2b50Silbermedaille bei der World of Ros\u00e9 im Jahr 2023 f\u00fcr den Jahrgang 2022 mit 89 Punkten.<br \/>\n\u2b50Silbermedaille bei der Pinot-Weltmeisterschaft 2020 f\u00fcr den Jahrgang 2019<br \/>\n\u2b50Silbermedaille bei der Pinot-Weltmeisterschaft 2019 f\u00fcr den Jahrgang 2018.<br \/>\n\u2b50Silbermedaille beim Gro\u00dfen Preis des Schweizer Weins 2019 f\u00fcr den Jahrgang 2018.<br \/>\n\u2b50Silbermedaille beim Gro\u00dfen Preis des Schweizer Weins 2018 f\u00fcr den Jahrgang 2017.<\/p>","protected":false},"excerpt":{"rendered":"<p>Dieser Wein, dessen Name von der Farbe inspiriert ist, die das Auge eines Rebhuhns annimmt, wenn es vom Leben zum Tod \u00fcbergeht, ist eine reine Neuenburger Tradition.<\/p>\n<p>Er wird aus der besonderen Vinifizierung des Pinot Noir gewonnen und erfreut die Augen mit seiner wundersch\u00f6nen lachsfarbenen T\u00f6nung.<\/p>\n<p>Seine Nase deutet auf Aromen von Waldfr\u00fcchten hin.<\/p>\n<p>En bouche, il lib\u00e8re des saveurs \u00e9pic\u00e9es et min\u00e9rales, des ar\u00f4mes complexes de compote de fruits, le tout soutenu par une vivacit\u00e9 de bon aloi. Riche et onctueux, l\u2019\u0152il de perdrix est un v\u00e9ritable r\u00e9gal pour les papilles gustatives. Il se r\u00e9v\u00e8le \u00eatre un vin id\u00e9al pour l\u2019ap\u00e9ritif.<\/p>","protected":false},"featured_media":35101,"comment_status":"open","ping_status":"closed","template":"","meta":{"_et_pb_use_builder":"","_et_pb_old_content":"","_et_gb_content_width":""},"product_brand":[],"product_cat":[72],"product_tag":[],"class_list":{"0":"post-32534","1":"product","2":"type-product","3":"status-publish","4":"has-post-thumbnail","6":"product_cat-pinot-noir","7":"pa_appellation-aoc-neuchatel","8":"pa_contenance-50cl","9":"pa_elevage-traditionnel","10":"pa_millesime-181","12":"first","13":"instock","14":"taxable","15":"shipping-taxable","16":"purchasable","17":"product-type-simple"},"yoast_head":"<!-- This site is optimized with the Yoast SEO plugin v27.4 - https:\/\/yoast.com\/product\/yoast-seo-wordpress\/ -->\n<title>AOC Neuch\u00e2tel, Pinot Noir, 2023, 50cl<\/title>\n<meta name=\"description\" content=\"AOC Neuch\u00e2tel, Pinot Noir, 2023, 50cl, Ce vin, dont le nom est inspir\u00e9 par la couleur que prend l\u2019\u0153il d\u2019une perdrix lorsqu\u2019elle passe de vie \u00e0 tr\u00e9pas, est une pure tradition neuch\u00e2teloise.Issu de la vinification particuli\u00e8re du Pinot noir, il ravit les yeux par sa superbe teinte saumon\u00e9e.Son nez sugg\u00e8re des ar\u00f4mes de fruits des bois.En bouche, il lib\u00e8re des saveurs \u00e9pic\u00e9es et min\u00e9rales, des ar\u00f4mes complexes de compote de fruits, le tout soutenu par une vivacit\u00e9 de bon aloi. Riche et onctueux, l\u2019\u0152il de perdrix est un v\u00e9ritable r\u00e9gal pour les papilles gustatives. Il se r\u00e9v\u00e8le \u00eatre un vin id\u00e9al pour l\u2019ap\u00e9ritif.\" \/>\n<meta name=\"robots\" content=\"index, follow, max-snippet:-1, max-image-preview:large, max-video-preview:-1\" \/>\n<link rel=\"canonical\" href=\"https:\/\/domainepourtales.ch\/de\/produkt\/oeil-de-perdrix-50cl\/\" \/>\n<meta property=\"og:locale\" content=\"de_DE\" \/>\n<meta property=\"og:type\" content=\"article\" \/>\n<meta property=\"og:title\" content=\"AOC Neuch\u00e2tel, Pinot Noir, 2023, 50cl\" \/>\n<meta property=\"og:description\" content=\"AOC Neuch\u00e2tel, Pinot Noir, 2023, 50cl, Ce vin, dont le nom est inspir\u00e9 par la couleur que prend l\u2019\u0153il d\u2019une perdrix lorsqu\u2019elle passe de vie \u00e0 tr\u00e9pas, est une pure tradition neuch\u00e2teloise.Issu de la vinification particuli\u00e8re du Pinot noir, il ravit les yeux par sa superbe teinte saumon\u00e9e.Son nez sugg\u00e8re des ar\u00f4mes de fruits des bois.En bouche, il lib\u00e8re des saveurs \u00e9pic\u00e9es et min\u00e9rales, des ar\u00f4mes complexes de compote de fruits, le tout soutenu par une vivacit\u00e9 de bon aloi. Riche et onctueux, l\u2019\u0152il de perdrix est un v\u00e9ritable r\u00e9gal pour les papilles gustatives. Il se r\u00e9v\u00e8le \u00eatre un vin id\u00e9al pour l\u2019ap\u00e9ritif.\" \/>\n<meta property=\"og:url\" content=\"https:\/\/domainepourtales.ch\/de\/produkt\/oeil-de-perdrix-50cl\/\" \/>\n<meta property=\"og:site_name\" content=\"Domaine H\u00f4pital Pourtal\u00e8s\" \/>\n<meta property=\"article:modified_time\" content=\"2025-07-14T15:46:45+00:00\" \/>\n<meta property=\"og:image\" content=\"https:\/\/domainepourtales.ch\/wp-content\/uploads\/2025\/05\/Oeil-de-Perdrix-50cl.png\" \/>\n\t<meta property=\"og:image:width\" content=\"1080\" \/>\n\t<meta property=\"og:image:height\" content=\"1080\" \/>\n\t<meta property=\"og:image:type\" content=\"image\/png\" \/>\n<meta name=\"twitter:card\" content=\"summary_large_image\" \/>\n<meta name=\"twitter:label1\" content=\"Gesch\u00e4tzte Lesezeit\" \/>\n\t<meta name=\"twitter:data1\" content=\"2\u00a0Minuten\" \/>\n<script type=\"application\/ld+json\" class=\"yoast-schema-graph\">{\"@context\":\"https:\\\/\\\/schema.org\",\"@graph\":[{\"@type\":\"WebPage\",\"@id\":\"https:\\\/\\\/domainepourtales.ch\\\/produit\\\/oeil-de-perdrix-50cl\\\/\",\"url\":\"https:\\\/\\\/domainepourtales.ch\\\/produit\\\/oeil-de-perdrix-50cl\\\/\",\"name\":\"AOC Neuch\u00e2tel, Pinot Noir, 2023, 50cl\",\"isPartOf\":{\"@id\":\"https:\\\/\\\/domainepourtales.ch\\\/#website\"},\"primaryImageOfPage\":{\"@id\":\"https:\\\/\\\/domainepourtales.ch\\\/produit\\\/oeil-de-perdrix-50cl\\\/#primaryimage\"},\"image\":{\"@id\":\"https:\\\/\\\/domainepourtales.ch\\\/produit\\\/oeil-de-perdrix-50cl\\\/#primaryimage\"},\"thumbnailUrl\":\"https:\\\/\\\/domainepourtales.ch\\\/wp-content\\\/uploads\\\/2025\\\/05\\\/Oeil-de-Perdrix-50cl.png\",\"datePublished\":\"2024-07-16T13:02:10+00:00\",\"dateModified\":\"2025-07-14T15:46:45+00:00\",\"description\":\"AOC Neuch\u00e2tel, Pinot Noir, 2023, 50cl, Ce vin, dont le nom est inspir\u00e9 par la couleur que prend l\u2019\u0153il d\u2019une perdrix lorsqu\u2019elle passe de vie \u00e0 tr\u00e9pas, est une pure tradition neuch\u00e2teloise.Issu de la vinification particuli\u00e8re du Pinot noir, il ravit les yeux par sa superbe teinte saumon\u00e9e.Son nez sugg\u00e8re des ar\u00f4mes de fruits des bois.En bouche, il lib\u00e8re des saveurs \u00e9pic\u00e9es et min\u00e9rales, des ar\u00f4mes complexes de compote de fruits, le tout soutenu par une vivacit\u00e9 de bon aloi. Riche et onctueux, l\u2019\u0152il de perdrix est un v\u00e9ritable r\u00e9gal pour les papilles gustatives. Il se r\u00e9v\u00e8le \u00eatre un vin id\u00e9al pour l\u2019ap\u00e9ritif.\",\"breadcrumb\":{\"@id\":\"https:\\\/\\\/domainepourtales.ch\\\/produit\\\/oeil-de-perdrix-50cl\\\/#breadcrumb\"},\"inLanguage\":\"de\",\"potentialAction\":[{\"@type\":\"ReadAction\",\"target\":[\"https:\\\/\\\/domainepourtales.ch\\\/produit\\\/oeil-de-perdrix-50cl\\\/\"]}]},{\"@type\":\"ImageObject\",\"inLanguage\":\"de\",\"@id\":\"https:\\\/\\\/domainepourtales.ch\\\/produit\\\/oeil-de-perdrix-50cl\\\/#primaryimage\",\"url\":\"https:\\\/\\\/domainepourtales.ch\\\/wp-content\\\/uploads\\\/2025\\\/05\\\/Oeil-de-Perdrix-50cl.png\",\"contentUrl\":\"https:\\\/\\\/domainepourtales.ch\\\/wp-content\\\/uploads\\\/2025\\\/05\\\/Oeil-de-Perdrix-50cl.png\",\"width\":1080,\"height\":1080},{\"@type\":\"BreadcrumbList\",\"@id\":\"https:\\\/\\\/domainepourtales.ch\\\/produit\\\/oeil-de-perdrix-50cl\\\/#breadcrumb\",\"itemListElement\":[{\"@type\":\"ListItem\",\"position\":1,\"name\":\"Accueil\",\"item\":\"https:\\\/\\\/domainepourtales.ch\\\/\"},{\"@type\":\"ListItem\",\"position\":2,\"name\":\"Nos Vins\",\"item\":\"https:\\\/\\\/domainepourtales.ch\\\/nos-vins\\\/\"},{\"@type\":\"ListItem\",\"position\":3,\"name\":\"Oeil de Perdrix 2023 &#8211; 50cl\"}]},{\"@type\":\"WebSite\",\"@id\":\"https:\\\/\\\/domainepourtales.ch\\\/#website\",\"url\":\"https:\\\/\\\/domainepourtales.ch\\\/\",\"name\":\"Domaine H\u00f4pital Pourtal\u00e8s\",\"description\":\"Nos vins, pour le bien-\u00eatre des patients\",\"potentialAction\":[{\"@type\":\"SearchAction\",\"target\":{\"@type\":\"EntryPoint\",\"urlTemplate\":\"https:\\\/\\\/domainepourtales.ch\\\/?s={search_term_string}\"},\"query-input\":{\"@type\":\"PropertyValueSpecification\",\"valueRequired\":true,\"valueName\":\"search_term_string\"}}],\"inLanguage\":\"de\"}]}<\/script>\n<!-- \/ Yoast SEO plugin. -->","yoast_head_json":{"title":"AOC Neuch\u00e2tel, Pinot Noir, 2023, 50cl","description":"AOC Neuch\u00e2tel, Pinot Noir, 2023, 50cl, Ce vin, dont le nom est inspir\u00e9 par la couleur que prend l\u2019\u0153il d\u2019une perdrix lorsqu\u2019elle passe de vie \u00e0 tr\u00e9pas, est une pure tradition neuch\u00e2teloise.Issu de la vinification particuli\u00e8re du Pinot noir, il ravit les yeux par sa superbe teinte saumon\u00e9e.Son nez sugg\u00e8re des ar\u00f4mes de fruits des bois.En bouche, il lib\u00e8re des saveurs \u00e9pic\u00e9es et min\u00e9rales, des ar\u00f4mes complexes de compote de fruits, le tout soutenu par une vivacit\u00e9 de bon aloi. Riche et onctueux, l\u2019\u0152il de perdrix est un v\u00e9ritable r\u00e9gal pour les papilles gustatives. Il se r\u00e9v\u00e8le \u00eatre un vin id\u00e9al pour l\u2019ap\u00e9ritif.","robots":{"index":"index","follow":"follow","max-snippet":"max-snippet:-1","max-image-preview":"max-image-preview:large","max-video-preview":"max-video-preview:-1"},"canonical":"https:\/\/domainepourtales.ch\/de\/produkt\/oeil-de-perdrix-50cl\/","og_locale":"de_DE","og_type":"article","og_title":"AOC Neuch\u00e2tel, Pinot Noir, 2023, 50cl","og_description":"AOC Neuch\u00e2tel, Pinot Noir, 2023, 50cl, Ce vin, dont le nom est inspir\u00e9 par la couleur que prend l\u2019\u0153il d\u2019une perdrix lorsqu\u2019elle passe de vie \u00e0 tr\u00e9pas, est une pure tradition neuch\u00e2teloise.Issu de la vinification particuli\u00e8re du Pinot noir, il ravit les yeux par sa superbe teinte saumon\u00e9e.Son nez sugg\u00e8re des ar\u00f4mes de fruits des bois.En bouche, il lib\u00e8re des saveurs \u00e9pic\u00e9es et min\u00e9rales, des ar\u00f4mes complexes de compote de fruits, le tout soutenu par une vivacit\u00e9 de bon aloi. Riche et onctueux, l\u2019\u0152il de perdrix est un v\u00e9ritable r\u00e9gal pour les papilles gustatives. Il se r\u00e9v\u00e8le \u00eatre un vin id\u00e9al pour l\u2019ap\u00e9ritif.","og_url":"https:\/\/domainepourtales.ch\/de\/produkt\/oeil-de-perdrix-50cl\/","og_site_name":"Domaine H\u00f4pital Pourtal\u00e8s","article_modified_time":"2025-07-14T15:46:45+00:00","og_image":[{"width":1080,"height":1080,"url":"https:\/\/domainepourtales.ch\/wp-content\/uploads\/2025\/05\/Oeil-de-Perdrix-50cl.png","type":"image\/png"}],"twitter_card":"summary_large_image","twitter_misc":{"Gesch\u00e4tzte Lesezeit":"2\u00a0Minuten"},"schema":{"@context":"https:\/\/schema.org","@graph":[{"@type":"WebPage","@id":"https:\/\/domainepourtales.ch\/produit\/oeil-de-perdrix-50cl\/","url":"https:\/\/domainepourtales.ch\/produit\/oeil-de-perdrix-50cl\/","name":"AOC Neuch\u00e2tel, Pinot Noir, 2023, 50cl","isPartOf":{"@id":"https:\/\/domainepourtales.ch\/#website"},"primaryImageOfPage":{"@id":"https:\/\/domainepourtales.ch\/produit\/oeil-de-perdrix-50cl\/#primaryimage"},"image":{"@id":"https:\/\/domainepourtales.ch\/produit\/oeil-de-perdrix-50cl\/#primaryimage"},"thumbnailUrl":"https:\/\/domainepourtales.ch\/wp-content\/uploads\/2025\/05\/Oeil-de-Perdrix-50cl.png","datePublished":"2024-07-16T13:02:10+00:00","dateModified":"2025-07-14T15:46:45+00:00","description":"AOC Neuch\u00e2tel, Pinot Noir, 2023, 50cl, Ce vin, dont le nom est inspir\u00e9 par la couleur que prend l\u2019\u0153il d\u2019une perdrix lorsqu\u2019elle passe de vie \u00e0 tr\u00e9pas, est une pure tradition neuch\u00e2teloise.Issu de la vinification particuli\u00e8re du Pinot noir, il ravit les yeux par sa superbe teinte saumon\u00e9e.Son nez sugg\u00e8re des ar\u00f4mes de fruits des bois.En bouche, il lib\u00e8re des saveurs \u00e9pic\u00e9es et min\u00e9rales, des ar\u00f4mes complexes de compote de fruits, le tout soutenu par une vivacit\u00e9 de bon aloi. Riche et onctueux, l\u2019\u0152il de perdrix est un v\u00e9ritable r\u00e9gal pour les papilles gustatives. Il se r\u00e9v\u00e8le \u00eatre un vin id\u00e9al pour l\u2019ap\u00e9ritif.","breadcrumb":{"@id":"https:\/\/domainepourtales.ch\/produit\/oeil-de-perdrix-50cl\/#breadcrumb"},"inLanguage":"de","potentialAction":[{"@type":"ReadAction","target":["https:\/\/domainepourtales.ch\/produit\/oeil-de-perdrix-50cl\/"]}]},{"@type":"ImageObject","inLanguage":"de","@id":"https:\/\/domainepourtales.ch\/produit\/oeil-de-perdrix-50cl\/#primaryimage","url":"https:\/\/domainepourtales.ch\/wp-content\/uploads\/2025\/05\/Oeil-de-Perdrix-50cl.png","contentUrl":"https:\/\/domainepourtales.ch\/wp-content\/uploads\/2025\/05\/Oeil-de-Perdrix-50cl.png","width":1080,"height":1080},{"@type":"BreadcrumbList","@id":"https:\/\/domainepourtales.ch\/produit\/oeil-de-perdrix-50cl\/#breadcrumb","itemListElement":[{"@type":"ListItem","position":1,"name":"Accueil","item":"https:\/\/domainepourtales.ch\/"},{"@type":"ListItem","position":2,"name":"Nos Vins","item":"https:\/\/domainepourtales.ch\/nos-vins\/"},{"@type":"ListItem","position":3,"name":"Oeil de Perdrix 2023 &#8211; 50cl"}]},{"@type":"WebSite","@id":"https:\/\/domainepourtales.ch\/#website","url":"https:\/\/domainepourtales.ch\/","name":"Domaine H\u00f4pital Pourtal\u00e8s","description":"Unsere Weine, f\u00fcr das Wohlbefinden der Patienten","potentialAction":[{"@type":"SearchAction","target":{"@type":"EntryPoint","urlTemplate":"https:\/\/domainepourtales.ch\/?s={search_term_string}"},"query-input":{"@type":"PropertyValueSpecification","valueRequired":true,"valueName":"search_term_string"}}],"inLanguage":"de"}]}},"thumbnail":"https:\/\/domainepourtales.ch\/wp-content\/uploads\/2025\/05\/Oeil-de-Perdrix-50cl.png","price_html":"<span class=\"woocommerce-Price-amount amount\"><bdi>12.50&nbsp;<span class=\"woocommerce-Price-currencySymbol\">&#67;&#72;&#70;<\/span><\/bdi><\/span>","on_sale":false,"stock_status":"instock","rating_html":"","rating_count":0,"_links":{"self":[{"href":"https:\/\/domainepourtales.ch\/de\/wp-json\/wp\/v2\/product\/32534","targetHints":{"allow":["GET"]}}],"collection":[{"href":"https:\/\/domainepourtales.ch\/de\/wp-json\/wp\/v2\/product"}],"about":[{"href":"https:\/\/domainepourtales.ch\/de\/wp-json\/wp\/v2\/types\/product"}],"replies":[{"embeddable":true,"href":"https:\/\/domainepourtales.ch\/de\/wp-json\/wp\/v2\/comments?post=32534"}],"wp:featuredmedia":[{"embeddable":true,"href":"https:\/\/domainepourtales.ch\/de\/wp-json\/wp\/v2\/media\/35101"}],"wp:attachment":[{"href":"https:\/\/domainepourtales.ch\/de\/wp-json\/wp\/v2\/media?parent=32534"}],"wp:term":[{"taxonomy":"product_brand","embeddable":true,"href":"https:\/\/domainepourtales.ch\/de\/wp-json\/wp\/v2\/product_brand?post=32534"},{"taxonomy":"product_cat","embeddable":true,"href":"https:\/\/domainepourtales.ch\/de\/wp-json\/wp\/v2\/product_cat?post=32534"},{"taxonomy":"product_tag","embeddable":true,"href":"https:\/\/domainepourtales.ch\/de\/wp-json\/wp\/v2\/product_tag?post=32534"}],"curies":[{"name":"wp","href":"https:\/\/api.w.org\/{rel}","templated":true}]}}