{"id":31368,"date":"2024-02-14T11:51:22","date_gmt":"2024-02-14T10:51:22","guid":{"rendered":"https:\/\/domainepourtales.ch\/?page_id=31368"},"modified":"2026-02-18T14:13:21","modified_gmt":"2026-02-18T13:13:21","slug":"oeil-de-perdrix","status":"publish","type":"page","link":"https:\/\/domainepourtales.ch\/de\/vae2026\/oeil-de-perdrix\/","title":{"rendered":"Oeil de perdrix"},"content":{"rendered":"<p>[et_pb_section fb_built=\u00a0\u00bb1&Prime; custom_padding_last_edited=\u00a0\u00bbon|phone\u00a0\u00bb module_id=\u00a0\u00bbDomaine\u00a0\u00bb _builder_version=\u00a0\u00bb4.27.4&Prime; _module_preset=\u00a0\u00bbdefault\u00a0\u00bb background_color=\u00a0\u00bb#202020&Prime; background_enable_image=\u00a0\u00bboff\u00a0\u00bb background_size=\u00a0\u00bbinitial\u00a0\u00bb background_position=\u00a0\u00bbcenter_right\u00a0\u00bb background_horizontal_offset=\u00a0\u00bb-100%\u00a0\u00bb background_blend=\u00a0\u00bboverlay\u00a0\u00bb background_enable_video_mp4=\u00a0\u00bboff\u00a0\u00bb custom_margin=\u00a0\u00bb||||false|false\u00a0\u00bb custom_padding=\u00a0\u00bb10vh||0vh||false|false\u00a0\u00bb custom_padding_tablet=\u00a0\u00bb20vh||0vh||false|false\u00a0\u00bb custom_padding_phone=\u00a0\u00bb5vh||0vh||false|false\u00a0\u00bb bottom_divider_height=\u00a0\u00bb13px\u00a0\u00bb background_color_phone=\u00a0\u00bb#000000&Prime; background_last_edited=\u00a0\u00bbon|desktop\u00a0\u00bb background_enable_color_phone=\u00a0\u00bbon\u00a0\u00bb background_enable_video_mp4_phone=\u00a0\u00bboff\u00a0\u00bb global_colors_info=\u00a0\u00bb{}\u00a0\u00bb][et_pb_row column_structure=\u00a0\u00bb1_2,1_2&Prime; use_custom_gutter=\u00a0\u00bbon\u00a0\u00bb gutter_width=\u00a0\u00bb1&Prime; make_equal=\u00a0\u00bbon\u00a0\u00bb _builder_version=\u00a0\u00bb4.24.0&Prime; _module_preset=\u00a0\u00bbdefault\u00a0\u00bb width=\u00a0\u00bb90%\u00a0\u00bb max_width=\u00a0\u00bb2560px\u00a0\u00bb custom_margin=\u00a0\u00bb1vw|auto|0vw|4vw|false|false\u00a0\u00bb custom_padding=\u00a0\u00bb||79px|||\u00a0\u00bb animation_style=\u00a0\u00bbflip\u00a0\u00bb global_colors_info=\u00a0\u00bb{}\u00a0\u00bb][et_pb_column type=\u00a0\u00bb1_2&Prime; _builder_version=\u00a0\u00bb4.20.2&Prime; _module_preset=\u00a0\u00bbdefault\u00a0\u00bb global_colors_info=\u00a0\u00bb{}\u00a0\u00bb][et_pb_text _builder_version=\u00a0\u00bb4.27.5&Prime; _module_preset=\u00a0\u00bbdefault\u00a0\u00bb header_font=\u00a0\u00bbPlayfair Display||||||||\u00a0\u00bb header_text_color=\u00a0\u00bb#FFFFFF\u00a0\u00bb header_font_size=\u00a0\u00bb65px\u00a0\u00bb header_2_font=\u00a0\u00bbPlayfair Display|600|||||||\u00a0\u00bb header_2_text_color=\u00a0\u00bb#ee7674&Prime; header_2_font_size=\u00a0\u00bb40px\u00a0\u00bb hover_enabled=\u00a0\u00bb0&Prime; header_font_size_tablet=\u00a0\u00bb85px\u00a0\u00bb header_font_size_phone=\u00a0\u00bb25px\u00a0\u00bb header_font_size_last_edited=\u00a0\u00bbon|phone\u00a0\u00bb header_2_font_size_tablet=\u00a0\u00bb65px\u00a0\u00bb header_2_font_size_phone=\u00a0\u00bb20px\u00a0\u00bb header_2_font_size_last_edited=\u00a0\u00bbon|phone\u00a0\u00bb global_colors_info=\u00a0\u00bb{}\u00a0\u00bb sticky_enabled=\u00a0\u00bb0&Prime;]<\/p>\n<h1>\u0152il-de-Perdrix 2025<br \/>Vente aux ench\u00e8res<\/h1>\n<h2>Des vins du Domaine de<br \/>L&rsquo;H\u00f4pital Pourtal\u00e8s<\/h2>\n<p>[\/et_pb_text][\/et_pb_column][et_pb_column type=\u00a0\u00bb1_2&Prime; _builder_version=\u00a0\u00bb4.20.2&Prime; _module_preset=\u00a0\u00bbdefault\u00a0\u00bb global_colors_info=\u00a0\u00bb{}\u00a0\u00bb][\/et_pb_column][\/et_pb_row][\/et_pb_section][et_pb_section fb_built=\u00a0\u00bb1&Prime; _builder_version=\u00a0\u00bb4.24.0&Prime; _module_preset=\u00a0\u00bbdefault\u00a0\u00bb background_color=\u00a0\u00bb#101010&Prime; display_conditions=\u00a0\u00bbW10=\u00a0\u00bb custom_padding=\u00a0\u00bb0vw||0vw||true|false\u00a0\u00bb animation_style=\u00a0\u00bbflip\u00a0\u00bb global_colors_info=\u00a0\u00bb{}\u00a0\u00bb][et_pb_row use_custom_gutter=\u00a0\u00bbon\u00a0\u00bb gutter_width=\u00a0\u00bb2&Prime; make_equal=\u00a0\u00bbon\u00a0\u00bb _builder_version=\u00a0\u00bb4.27.4&Prime; _module_preset=\u00a0\u00bbdefault\u00a0\u00bb width=\u00a0\u00bb95%\u00a0\u00bb max_width=\u00a0\u00bb2560px\u00a0\u00bb custom_padding=\u00a0\u00bb0px||0px||true|\u00a0\u00bb global_colors_info=\u00a0\u00bb{}\u00a0\u00bb][et_pb_column type=\u00a0\u00bb4_4&Prime; _builder_version=\u00a0\u00bb4.24.0&Prime; _module_preset=\u00a0\u00bbdefault\u00a0\u00bb background_color=\u00a0\u00bb#ebebeb\u00a0\u00bb global_colors_info=\u00a0\u00bb{}\u00a0\u00bb][et_pb_text _builder_version=\u00a0\u00bb4.27.4&Prime; _module_preset=\u00a0\u00bbdefault\u00a0\u00bb header_font=\u00a0\u00bbPlayfair Display||||||||\u00a0\u00bb header_text_color=\u00a0\u00bb#FFFFFF\u00a0\u00bb header_font_size=\u00a0\u00bb47px\u00a0\u00bb header_2_font=\u00a0\u00bbPlayfair Display||||||||\u00a0\u00bb header_2_text_color=\u00a0\u00bb#FFFFFF\u00a0\u00bb header_2_font_size=\u00a0\u00bb39px\u00a0\u00bb header_3_font=\u00a0\u00bbPlayfair Display||||||||\u00a0\u00bb header_3_text_align=\u00a0\u00bbcenter\u00a0\u00bb header_3_text_color=\u00a0\u00bb#FFFFFF\u00a0\u00bb header_3_font_size=\u00a0\u00bb42px\u00a0\u00bb header_3_line_height=\u00a0\u00bb3em\u00a0\u00bb background_color=\u00a0\u00bb#000000&Prime; custom_padding=\u00a0\u00bb2vh||2vh||true|false\u00a0\u00bb global_colors_info=\u00a0\u00bb{}\u00a0\u00bb]<\/p>\n<h3>Vase 9<\/h3>\n<p>[\/et_pb_text][\/et_pb_column][\/et_pb_row][\/et_pb_section][et_pb_section fb_built=\u00a0\u00bb1&Prime; _builder_version=\u00a0\u00bb4.24.0&Prime; _module_preset=\u00a0\u00bbdefault\u00a0\u00bb background_color=\u00a0\u00bb#101010&Prime; display_conditions=\u00a0\u00bbW10=\u00a0\u00bb custom_padding=\u00a0\u00bb0vw||0vw||true|false\u00a0\u00bb animation_style=\u00a0\u00bbflip\u00a0\u00bb global_colors_info=\u00a0\u00bb{}\u00a0\u00bb][et_pb_row _builder_version=\u00a0\u00bb4.27.4&Prime; _module_preset=\u00a0\u00bbdefault\u00a0\u00bb width=\u00a0\u00bb95%\u00a0\u00bb max_width=\u00a0\u00bb2560px\u00a0\u00bb custom_padding=\u00a0\u00bb14px|||||\u00a0\u00bb global_colors_info=\u00a0\u00bb{}\u00a0\u00bb][et_pb_column type=\u00a0\u00bb4_4&Prime; _builder_version=\u00a0\u00bb4.24.0&Prime; _module_preset=\u00a0\u00bbdefault\u00a0\u00bb global_colors_info=\u00a0\u00bb{}\u00a0\u00bb][dnwoo_grid include_categories=\u00a0\u00bb303&Prime; products_number=\u00a0\u00bb20&Prime; orderby=\u00a0\u00bbID\u00a0\u00bb show_add_to_cart_icon=\u00a0\u00bboff\u00a0\u00bb show_wish_list_icon=\u00a0\u00bboff\u00a0\u00bb show_add_compare_icon=\u00a0\u00bboff\u00a0\u00bb show_quickview_icon=\u00a0\u00bboff\u00a0\u00bb dnwoo_show_add_to_cart_text=\u00a0\u00bbAjouter au panier\u00a0\u00bb show_quick_view_button=\u00a0\u00bboff\u00a0\u00bb show_category=\u00a0\u00bboff\u00a0\u00bb show_rating=\u00a0\u00bboff\u00a0\u00bb show_product_topbar=\u00a0\u00bboff\u00a0\u00bb dnwoo_grid_carousel_number=\u00a0\u00bb5&Prime; dnwoo_grid_carousel_gap=\u00a0\u00bb6px\u00a0\u00bb dnwoo_grid_carousel_number_tablet=\u00a0\u00bb5&Prime; dnwoo_grid_carousel_number_phone=\u00a0\u00bb2&Prime; dnwoo_grid_carousel_number_last_edited=\u00a0\u00bbon|phone\u00a0\u00bb _builder_version=\u00a0\u00bb4.27.5&Prime; _module_preset=\u00a0\u00bbdefault\u00a0\u00bb header_font=\u00a0\u00bbMontserrat||||||||\u00a0\u00bb header_text_align=\u00a0\u00bbleft\u00a0\u00bb regular_price_font=\u00a0\u00bb||||on||||\u00a0\u00bb regular_price_text_align=\u00a0\u00bbright\u00a0\u00bb regular_price_font_size=\u00a0\u00bb17px\u00a0\u00bb regular_price_line_height=\u00a0\u00bb1.7em\u00a0\u00bb add_to_card_font=\u00a0\u00bbMontserrat|500||on|||||\u00a0\u00bb add_to_card_font_size=\u00a0\u00bb14px\u00a0\u00bb hover_enabled=\u00a0\u00bb0&Prime; global_colors_info=\u00a0\u00bb{}\u00a0\u00bb sticky_enabled=\u00a0\u00bb0&Prime;][\/dnwoo_grid][\/et_pb_column][\/et_pb_row][\/et_pb_section][et_pb_section fb_built=\u00a0\u00bb1&Prime; fullwidth=\u00a0\u00bbon\u00a0\u00bb disabled_on=\u00a0\u00bboff|off|off\u00a0\u00bb _builder_version=\u00a0\u00bb4.27.5&Prime; _module_preset=\u00a0\u00bbdefault\u00a0\u00bb display_conditions=\u00a0\u00bbW3siaWQiOiIzN2E4MGM4OS0zOWE4LTRjNzctYjc3NS03YWE2MTY2Y2YzNTYiLCJjb25kaXRpb24iOiJkYXRlVGltZSIsImNvbmRpdGlvblNldHRpbmdzIjp7ImRpc3BsYXlSdWxlIjoiaXNBZnRlciIsImRhdGUiOiIyMDI1LTAyLTEzIiwidGltZSI6IjE0OjU5Iiwid2Vla2RheXMiOiJ8IiwiYWxsRGF5Ijoib24iLCJmcm9tVGltZSI6IjAwOjAwIiwidW50aWxUaW1lIjoiMDA6MDAiLCJyZXBlYXQiOiJvZmYiLCJyZXBlYXRGcmVxdWVuY3kiOiJtb250aGx5IiwicmVwZWF0RnJlcXVlbmN5U3BlY2lmaWNEYXlzIjoid2Vla2x5IiwicmVwZWF0RW5kIjoibmV2ZXIiLCJyZXBlYXRVbnRpbERhdGUiOiIyMDI1LTItMTIiLCJyZXBlYXRUaW1lcyI6IjMiLCJhZG1pbkxhYmVsIjoiRGF0ZSBldCBoZXVyZSIsImVuYWJsZUNvbmRpdGlvbiI6Im9uIn0sIm9wZXJhdG9yIjoiT1IifV0=\u00a0\u00bb global_colors_info=\u00a0\u00bb{}\u00a0\u00bb theme_builder_area=\u00a0\u00bbpost_content\u00a0\u00bb][et_pb_fullwidth_slider _builder_version=\u00a0\u00bb4.27.5&Prime; _module_preset=\u00a0\u00bbdefault\u00a0\u00bb display_conditions=\u00a0\u00bbW3siaWQiOiIyMjY5YWEwZi1iNWFjLTQyMmUtOWEzZS1iY2FmOTNlZWM3YzYiLCJjb25kaXRpb24iOiJkYXRlVGltZSIsImNvbmRpdGlvblNldHRpbmdzIjp7ImRpc3BsYXlSdWxlIjoiaXNBZnRlciIsImRhdGUiOiIyMDI0LTAyLTE1IiwidGltZSI6IjEzOjU1Iiwid2Vla2RheXMiOiJ8IiwiYWxsRGF5Ijoib24iLCJmcm9tVGltZSI6IjAwOjAwIiwidW50aWxUaW1lIjoiMDA6MDAiLCJyZXBlYXQiOiJvZmYiLCJyZXBlYXRGcmVxdWVuY3kiOiJtb250aGx5IiwicmVwZWF0RnJlcXVlbmN5U3BlY2lmaWNEYXlzIjoid2Vla2x5IiwicmVwZWF0RW5kIjoibmV2ZXIiLCJyZXBlYXRVbnRpbERhdGUiOiIyMDI0LTItMTQiLCJyZXBlYXRUaW1lcyI6IjMiLCJhZG1pbkxhYmVsIjoiRGF0ZSBldCBoZXVyZSIsImVuYWJsZUNvbmRpdGlvbiI6Im9uIn0sIm9wZXJhdG9yIjoiT1IifV0=\u00a0\u00bb custom_margin=\u00a0\u00bb||||false|false\u00a0\u00bb custom_padding=\u00a0\u00bb33vh||33vh||true|false\u00a0\u00bb custom_padding_tablet=\u00a0\u00bb33vh||33vh||true|false\u00a0\u00bb custom_padding_phone=\u00a0\u00bb4vh||4vh||true|false\u00a0\u00bb custom_padding_last_edited=\u00a0\u00bbon|phone\u00a0\u00bb hover_enabled=\u00a0\u00bb0&Prime; global_colors_info=\u00a0\u00bb{}\u00a0\u00bb theme_builder_area=\u00a0\u00bbpost_content\u00a0\u00bb sticky_enabled=\u00a0\u00bb0&Prime;][et_pb_slide heading=\u00a0\u00bbVentes aux ench\u00e8res Perdrix Blanche 2025&Prime; button_text=\u00a0\u00bbAcc\u00e9der \u00e0 la vente\u00a0\u00bb button_link=\u00a0\u00bb@ET-DC@eyJkeW5hbWljIjp0cnVlLCJjb250ZW50IjoicG9zdF9saW5rX3VybF9wYWdlIiwic2V0dGluZ3MiOnsicG9zdF9pZCI6IjM2NjQyIn19@\u00a0\u00bb _builder_version=\u00a0\u00bb4.27.5&Prime; _dynamic_attributes=\u00a0\u00bbbutton_link\u00a0\u00bb _module_preset=\u00a0\u00bbdefault\u00a0\u00bb header_font=\u00a0\u00bbPlayfair Display||||||||\u00a0\u00bb background_color=\u00a0\u00bb#101010&Prime; background_enable_color=\u00a0\u00bbon\u00a0\u00bb global_colors_info=\u00a0\u00bb{}\u00a0\u00bb sticky_transition=\u00a0\u00bbon\u00a0\u00bb theme_builder_area=\u00a0\u00bbpost_content\u00a0\u00bb][\/et_pb_slide][et_pb_slide heading=\u00a0\u00bbVentes aux ench\u00e8res du Pinot Gris 2025&Prime; button_text=\u00a0\u00bbAcc\u00e9der \u00e0 la vente\u00a0\u00bb button_link=\u00a0\u00bb@ET-DC@eyJkeW5hbWljIjp0cnVlLCJjb250ZW50IjoicG9zdF9saW5rX3VybF9wYWdlIiwic2V0dGluZ3MiOnsicG9zdF9pZCI6IjM2NjQ0In19@\u00a0\u00bb image=\u00a0\u00bbhttps:\/\/domainepourtales.ch\/wp-content\/uploads\/2025\/05\/Pinot-Gris-75cl.png\u00a0\u00bb _builder_version=\u00a0\u00bb4.27.5&Prime; _dynamic_attributes=\u00a0\u00bbbutton_link\u00a0\u00bb _module_preset=\u00a0\u00bbdefault\u00a0\u00bb header_font=\u00a0\u00bbPlayfair Display||||||||\u00a0\u00bb background_color=\u00a0\u00bb#101010&Prime; background_enable_color=\u00a0\u00bbon\u00a0\u00bb global_colors_info=\u00a0\u00bb{}\u00a0\u00bb sticky_transition=\u00a0\u00bbon\u00a0\u00bb theme_builder_area=\u00a0\u00bbpost_content\u00a0\u00bb][\/et_pb_slide][et_pb_slide heading=\u00a0\u00bbVentes aux ench\u00e8res du Chardonnay 2025&Prime; button_text=\u00a0\u00bbAcc\u00e9der \u00e0 la vente\u00a0\u00bb button_link=\u00a0\u00bb@ET-DC@eyJkeW5hbWljIjp0cnVlLCJjb250ZW50IjoicG9zdF9saW5rX3VybF9wYWdlIiwic2V0dGluZ3MiOnsicG9zdF9pZCI6IjMxMzU0In19@\u00a0\u00bb image=\u00a0\u00bbhttps:\/\/domainepourtales.ch\/wp-content\/uploads\/2025\/05\/Chardonnay-75cl.png\u00a0\u00bb _builder_version=\u00a0\u00bb4.27.5&Prime; _dynamic_attributes=\u00a0\u00bbbutton_link\u00a0\u00bb _module_preset=\u00a0\u00bbdefault\u00a0\u00bb header_font=\u00a0\u00bbPlayfair Display||||||||\u00a0\u00bb background_color=\u00a0\u00bb#101010&Prime; background_enable_color=\u00a0\u00bbon\u00a0\u00bb global_colors_info=\u00a0\u00bb{}\u00a0\u00bb sticky_transition=\u00a0\u00bbon\u00a0\u00bb theme_builder_area=\u00a0\u00bbpost_content\u00a0\u00bb][\/et_pb_slide][et_pb_slide heading=\u00a0\u00bbVentes aux ench\u00e8res du Pinot Noir 2025&Prime; button_text=\u00a0\u00bbAcc\u00e9der \u00e0 la vente\u00a0\u00bb button_link=\u00a0\u00bb@ET-DC@eyJkeW5hbWljIjp0cnVlLCJjb250ZW50IjoicG9zdF9saW5rX3VybF9wYWdlIiwic2V0dGluZ3MiOnsicG9zdF9pZCI6IjMxMzcwIn19@\u00a0\u00bb image=\u00a0\u00bbhttps:\/\/domainepourtales.ch\/wp-content\/uploads\/2025\/05\/Pinot-Noir-75cl.png\u00a0\u00bb _builder_version=\u00a0\u00bb4.27.5&Prime; _dynamic_attributes=\u00a0\u00bbbutton_link\u00a0\u00bb _module_preset=\u00a0\u00bbdefault\u00a0\u00bb header_font=\u00a0\u00bbPlayfair Display||||||||\u00a0\u00bb background_color=\u00a0\u00bb#101010&Prime; background_enable_color=\u00a0\u00bbon\u00a0\u00bb global_colors_info=\u00a0\u00bb{}\u00a0\u00bb sticky_transition=\u00a0\u00bbon\u00a0\u00bb theme_builder_area=\u00a0\u00bbpost_content\u00a0\u00bb][\/et_pb_slide][et_pb_slide heading=\u00a0\u00bbVentes aux ench\u00e8res des Perles D&rsquo;Or Chasselas vieille vigne 2025&Prime; button_text=\u00a0\u00bbAcc\u00e9der \u00e0 la vente\u00a0\u00bb button_link=\u00a0\u00bb@ET-DC@eyJkeW5hbWljIjp0cnVlLCJjb250ZW50IjoicG9zdF9saW5rX3VybF9wYWdlIiwic2V0dGluZ3MiOnsicG9zdF9pZCI6IjMxMzcyIn19@\u00a0\u00bb image=\u00a0\u00bbhttps:\/\/domainepourtales.ch\/wp-content\/uploads\/2025\/05\/Les-Perles-dOr-75cl.png\u00a0\u00bb _builder_version=\u00a0\u00bb4.27.5&Prime; _dynamic_attributes=\u00a0\u00bbbutton_link\u00a0\u00bb _module_preset=\u00a0\u00bbdefault\u00a0\u00bb header_font=\u00a0\u00bbPlayfair Display||||||||\u00a0\u00bb background_color=\u00a0\u00bb#101010&Prime; background_enable_color=\u00a0\u00bbon\u00a0\u00bb global_colors_info=\u00a0\u00bb{}\u00a0\u00bb sticky_transition=\u00a0\u00bbon\u00a0\u00bb theme_builder_area=\u00a0\u00bbpost_content\u00a0\u00bb][\/et_pb_slide][et_pb_slide heading=\u00a0\u00bbVentes aux ench\u00e8res du Chasselas 2025&Prime; button_text=\u00a0\u00bbAcc\u00e9der \u00e0 la vente\u00a0\u00bb button_link=\u00a0\u00bb@ET-DC@eyJkeW5hbWljIjp0cnVlLCJjb250ZW50IjoicG9zdF9saW5rX3VybF9wYWdlIiwic2V0dGluZ3MiOnsicG9zdF9pZCI6IjMxMjk0In19@\u00a0\u00bb image=\u00a0\u00bbhttps:\/\/domainepourtales.ch\/wp-content\/uploads\/2025\/05\/Chasselas-75cl.png\u00a0\u00bb _builder_version=\u00a0\u00bb4.27.5&Prime; _dynamic_attributes=\u00a0\u00bbbutton_link\u00a0\u00bb _module_preset=\u00a0\u00bbdefault\u00a0\u00bb header_font=\u00a0\u00bbPlayfair Display||||||||\u00a0\u00bb background_color=\u00a0\u00bb#101010&Prime; background_enable_color=\u00a0\u00bbon\u00a0\u00bb global_colors_info=\u00a0\u00bb{}\u00a0\u00bb sticky_transition=\u00a0\u00bbon\u00a0\u00bb theme_builder_area=\u00a0\u00bbpost_content\u00a0\u00bb][\/et_pb_slide][\/et_pb_fullwidth_slider][\/et_pb_section]<\/p>\n","protected":false},"excerpt":{"rendered":"<p>\u0152il-de-Perdrix 2025Vente aux ench\u00e8res Des vins du Domaine deL&rsquo;H\u00f4pital Pourtal\u00e8sVase 9<div class=\"et_pb_module dnwoo_grid dnwoo_grid_0\">\n\t\t\t\t\n\t\t\t\t\n\t\t\t\t\n\t\t\t\t\n\t\t\t\t\n\t\t\t\t\n\t\t\t\t<div class=\"et_pb_module_inner\">\n\t\t\t\t\t<div class=\"wpf-search-container wpf_infinity_container dnwoo_product_main_wrapper\">\n\t\t\t\t\n\t\t\t\t<ul class=\"products dnwoo_product_grid_wrapper dnwoo_product_grid_wrapper_layout_one woocommerce\">\n\t\t\t\t\t\n\t\t\t\t<\/ul>\n\t\t\t\t\n\t\t\t<\/div>\n\t\t\t\n\t\t\t\t<\/div>\n\t\t\t<\/div><\/p>","protected":false},"author":1,"featured_media":0,"parent":35845,"menu_order":0,"comment_status":"closed","ping_status":"closed","template":"","meta":{"_et_pb_use_builder":"on","_et_pb_old_content":"","_et_gb_content_width":"","footnotes":""},"class_list":["post-31368","page","type-page","status-publish","hentry"],"yoast_head":"<!-- This site is optimized with the Yoast SEO plugin v27.4 - https:\/\/yoast.com\/product\/yoast-seo-wordpress\/ -->\n<title>Oeil de perdrix - Domaine H\u00f4pital Pourtal\u00e8s<\/title>\n<meta name=\"robots\" content=\"index, follow, max-snippet:-1, max-image-preview:large, max-video-preview:-1\" \/>\n<link rel=\"canonical\" href=\"https:\/\/domainepourtales.ch\/de\/vae2026\/oeil-de-perdrix\/\" \/>\n<meta property=\"og:locale\" content=\"de_DE\" \/>\n<meta property=\"og:type\" content=\"article\" \/>\n<meta property=\"og:title\" content=\"Oeil de perdrix - Domaine H\u00f4pital Pourtal\u00e8s\" \/>\n<meta property=\"og:description\" content=\"\u0152il-de-Perdrix 2025Vente aux ench\u00e8res Des vins du Domaine deL&#039;H\u00f4pital Pourtal\u00e8sVase 9\" \/>\n<meta property=\"og:url\" content=\"https:\/\/domainepourtales.ch\/de\/vae2026\/oeil-de-perdrix\/\" \/>\n<meta property=\"og:site_name\" content=\"Domaine H\u00f4pital Pourtal\u00e8s\" \/>\n<meta property=\"article:modified_time\" content=\"2026-02-18T13:13:21+00:00\" \/>\n<meta name=\"twitter:card\" content=\"summary_large_image\" \/>\n<script type=\"application\/ld+json\" class=\"yoast-schema-graph\">{\"@context\":\"https:\\\/\\\/schema.org\",\"@graph\":[{\"@type\":\"WebPage\",\"@id\":\"https:\\\/\\\/domainepourtales.ch\\\/vae2026\\\/oeil-de-perdrix\\\/\",\"url\":\"https:\\\/\\\/domainepourtales.ch\\\/vae2026\\\/oeil-de-perdrix\\\/\",\"name\":\"Oeil de perdrix - Domaine H\u00f4pital Pourtal\u00e8s\",\"isPartOf\":{\"@id\":\"https:\\\/\\\/domainepourtales.ch\\\/#website\"},\"datePublished\":\"2024-02-14T10:51:22+00:00\",\"dateModified\":\"2026-02-18T13:13:21+00:00\",\"breadcrumb\":{\"@id\":\"https:\\\/\\\/domainepourtales.ch\\\/vae2026\\\/oeil-de-perdrix\\\/#breadcrumb\"},\"inLanguage\":\"de\",\"potentialAction\":[{\"@type\":\"ReadAction\",\"target\":[\"https:\\\/\\\/domainepourtales.ch\\\/vae2026\\\/oeil-de-perdrix\\\/\"]}]},{\"@type\":\"BreadcrumbList\",\"@id\":\"https:\\\/\\\/domainepourtales.ch\\\/vae2026\\\/oeil-de-perdrix\\\/#breadcrumb\",\"itemListElement\":[{\"@type\":\"ListItem\",\"position\":1,\"name\":\"Accueil\",\"item\":\"https:\\\/\\\/domainepourtales.ch\\\/\"},{\"@type\":\"ListItem\",\"position\":2,\"name\":\"vae2026\",\"item\":\"https:\\\/\\\/domainepourtales.ch\\\/vae2026\\\/\"},{\"@type\":\"ListItem\",\"position\":3,\"name\":\"Oeil de perdrix\"}]},{\"@type\":\"WebSite\",\"@id\":\"https:\\\/\\\/domainepourtales.ch\\\/#website\",\"url\":\"https:\\\/\\\/domainepourtales.ch\\\/\",\"name\":\"Domaine H\u00f4pital Pourtal\u00e8s\",\"description\":\"Nos vins, pour le bien-\u00eatre des patients\",\"potentialAction\":[{\"@type\":\"SearchAction\",\"target\":{\"@type\":\"EntryPoint\",\"urlTemplate\":\"https:\\\/\\\/domainepourtales.ch\\\/?s={search_term_string}\"},\"query-input\":{\"@type\":\"PropertyValueSpecification\",\"valueRequired\":true,\"valueName\":\"search_term_string\"}}],\"inLanguage\":\"de\"}]}<\/script>\n<!-- \/ Yoast SEO plugin. -->","yoast_head_json":{"title":"Oeil de perdrix - Domaine H\u00f4pital Pourtal\u00e8s","robots":{"index":"index","follow":"follow","max-snippet":"max-snippet:-1","max-image-preview":"max-image-preview:large","max-video-preview":"max-video-preview:-1"},"canonical":"https:\/\/domainepourtales.ch\/de\/vae2026\/oeil-de-perdrix\/","og_locale":"de_DE","og_type":"article","og_title":"Oeil de perdrix - Domaine H\u00f4pital Pourtal\u00e8s","og_description":"\u0152il-de-Perdrix 2025Vente aux ench\u00e8res Des vins du Domaine deL'H\u00f4pital Pourtal\u00e8sVase 9","og_url":"https:\/\/domainepourtales.ch\/de\/vae2026\/oeil-de-perdrix\/","og_site_name":"Domaine H\u00f4pital Pourtal\u00e8s","article_modified_time":"2026-02-18T13:13:21+00:00","twitter_card":"summary_large_image","schema":{"@context":"https:\/\/schema.org","@graph":[{"@type":"WebPage","@id":"https:\/\/domainepourtales.ch\/vae2026\/oeil-de-perdrix\/","url":"https:\/\/domainepourtales.ch\/vae2026\/oeil-de-perdrix\/","name":"Oeil de perdrix - Domaine H\u00f4pital Pourtal\u00e8s","isPartOf":{"@id":"https:\/\/domainepourtales.ch\/#website"},"datePublished":"2024-02-14T10:51:22+00:00","dateModified":"2026-02-18T13:13:21+00:00","breadcrumb":{"@id":"https:\/\/domainepourtales.ch\/vae2026\/oeil-de-perdrix\/#breadcrumb"},"inLanguage":"de","potentialAction":[{"@type":"ReadAction","target":["https:\/\/domainepourtales.ch\/vae2026\/oeil-de-perdrix\/"]}]},{"@type":"BreadcrumbList","@id":"https:\/\/domainepourtales.ch\/vae2026\/oeil-de-perdrix\/#breadcrumb","itemListElement":[{"@type":"ListItem","position":1,"name":"Accueil","item":"https:\/\/domainepourtales.ch\/"},{"@type":"ListItem","position":2,"name":"vae2026","item":"https:\/\/domainepourtales.ch\/vae2026\/"},{"@type":"ListItem","position":3,"name":"Oeil de perdrix"}]},{"@type":"WebSite","@id":"https:\/\/domainepourtales.ch\/#website","url":"https:\/\/domainepourtales.ch\/","name":"Domaine H\u00f4pital Pourtal\u00e8s","description":"Unsere Weine, f\u00fcr das Wohlbefinden der Patienten","potentialAction":[{"@type":"SearchAction","target":{"@type":"EntryPoint","urlTemplate":"https:\/\/domainepourtales.ch\/?s={search_term_string}"},"query-input":{"@type":"PropertyValueSpecification","valueRequired":true,"valueName":"search_term_string"}}],"inLanguage":"de"}]}},"_links":{"self":[{"href":"https:\/\/domainepourtales.ch\/de\/wp-json\/wp\/v2\/pages\/31368","targetHints":{"allow":["GET"]}}],"collection":[{"href":"https:\/\/domainepourtales.ch\/de\/wp-json\/wp\/v2\/pages"}],"about":[{"href":"https:\/\/domainepourtales.ch\/de\/wp-json\/wp\/v2\/types\/page"}],"author":[{"embeddable":true,"href":"https:\/\/domainepourtales.ch\/de\/wp-json\/wp\/v2\/users\/1"}],"replies":[{"embeddable":true,"href":"https:\/\/domainepourtales.ch\/de\/wp-json\/wp\/v2\/comments?post=31368"}],"version-history":[{"count":4,"href":"https:\/\/domainepourtales.ch\/de\/wp-json\/wp\/v2\/pages\/31368\/revisions"}],"predecessor-version":[{"id":36937,"href":"https:\/\/domainepourtales.ch\/de\/wp-json\/wp\/v2\/pages\/31368\/revisions\/36937"}],"up":[{"embeddable":true,"href":"https:\/\/domainepourtales.ch\/de\/wp-json\/wp\/v2\/pages\/35845"}],"wp:attachment":[{"href":"https:\/\/domainepourtales.ch\/de\/wp-json\/wp\/v2\/media?parent=31368"}],"curies":[{"name":"wp","href":"https:\/\/api.w.org\/{rel}","templated":true}]}}