{"id":28945,"date":"2023-03-03T13:42:47","date_gmt":"2023-03-03T12:42:47","guid":{"rendered":"https:\/\/domainepourtales.ch\/?page_id=28945"},"modified":"2024-12-19T16:45:49","modified_gmt":"2024-12-19T15:45:49","slug":"horaires-et-localisation","status":"publish","type":"page","link":"https:\/\/domainepourtales.ch\/de\/le-domaine\/horaires-et-localisation\/","title":{"rendered":"\u00d6ffnungszeiten und Standort"},"content":{"rendered":"<p>[et_pb_section fb_built=\u00a0\u00bb1&Prime; module_id=\u00a0\u00bbDomaine\u00a0\u00bb _builder_version=\u00a0\u00bb4.20.4&Prime; _module_preset=\u00a0\u00bbdefault\u00a0\u00bb background_color=\u00a0\u00bb#202020&Prime; background_image=\u00a0\u00bbhttps:\/\/domainepourtales.ch\/wp-content\/uploads\/2023\/03\/Domaine-Hopital-Pourtales-Photos-YETINC.ch-8.jpg\u00a0\u00bb background_blend=\u00a0\u00bboverlay\u00a0\u00bb custom_margin=\u00a0\u00bb||||false|false\u00a0\u00bb custom_padding=\u00a0\u00bb3vh||0vh||false|false\u00a0\u00bb bottom_divider_height=\u00a0\u00bb13px\u00a0\u00bb global_colors_info=\u00a0\u00bb{}\u00a0\u00bb][et_pb_row _builder_version=\u00a0\u00bb4.20.4&Prime; _module_preset=\u00a0\u00bbdefault\u00a0\u00bb width=\u00a0\u00bb90%\u00a0\u00bb max_width=\u00a0\u00bb2560px\u00a0\u00bb custom_margin=\u00a0\u00bb20vh|auto|27vh|auto|false|false\u00a0\u00bb global_colors_info=\u00a0\u00bb{}\u00a0\u00bb][et_pb_column type=\u00a0\u00bb4_4&Prime; _builder_version=\u00a0\u00bb4.20.0&Prime; _module_preset=\u00a0\u00bbdefault\u00a0\u00bb global_colors_info=\u00a0\u00bb{}\u00a0\u00bb][et_pb_text _builder_version=\u00a0\u00bb4.20.4&Prime; _module_preset=\u00a0\u00bbdefault\u00a0\u00bb text_font=\u00a0\u00bbPlayfair Display||||||||\u00a0\u00bb text_text_color=\u00a0\u00bb#ee7674&Prime; text_font_size=\u00a0\u00bb55px\u00a0\u00bb text_line_height=\u00a0\u00bb1em\u00a0\u00bb header_font=\u00a0\u00bbPlayfair Display||||||||\u00a0\u00bb header_text_color=\u00a0\u00bb#FFFFFF\u00a0\u00bb header_font_size=\u00a0\u00bb85px\u00a0\u00bb global_colors_info=\u00a0\u00bb{}\u00a0\u00bb]<\/p>\n<h1><strong>Horaire et localisation<\/strong><\/h1>\n<p><strong>du Domaine H\u00f4pital Pourtal\u00e8s<\/strong><\/p>\n<p>[\/et_pb_text][\/et_pb_column][\/et_pb_row][et_pb_row _builder_version=\u00a0\u00bb4.20.0&Prime; _module_preset=\u00a0\u00bbdefault\u00a0\u00bb custom_margin=\u00a0\u00bb-100px||||false|false\u00a0\u00bb custom_padding=\u00a0\u00bb0px||0px||false|false\u00a0\u00bb global_colors_info=\u00a0\u00bb{}\u00a0\u00bb][et_pb_column type=\u00a0\u00bb4_4&Prime; _builder_version=\u00a0\u00bb4.20.0&Prime; _module_preset=\u00a0\u00bbdefault\u00a0\u00bb global_colors_info=\u00a0\u00bb{}\u00a0\u00bb][et_pb_icon font_icon=\u00a0\u00bb&#x33;||divi||400&Prime; icon_color=\u00a0\u00bb#FFFFFF\u00a0\u00bb icon_width=\u00a0\u00bb70px\u00a0\u00bb url=\u00a0\u00bb#ProchaineEvenement\u00a0\u00bb _builder_version=\u00a0\u00bb4.20.0&Prime; _module_preset=\u00a0\u00bbdefault\u00a0\u00bb global_colors_info=\u00a0\u00bb{}\u00a0\u00bb][\/et_pb_icon][\/et_pb_column][\/et_pb_row][\/et_pb_section][et_pb_section fb_built=\u00a0\u00bb1&Prime; _builder_version=\u00a0\u00bb4.20.2&Prime; _module_preset=\u00a0\u00bbdefault\u00a0\u00bb custom_padding=\u00a0\u00bb2px||0px|||\u00a0\u00bb global_colors_info=\u00a0\u00bb{}\u00a0\u00bb][et_pb_row _builder_version=\u00a0\u00bb4.20.4&Prime; _module_preset=\u00a0\u00bbdefault\u00a0\u00bb custom_padding=\u00a0\u00bb0vh||0px||false|false\u00a0\u00bb global_colors_info=\u00a0\u00bb{}\u00a0\u00bb][et_pb_column type=\u00a0\u00bb4_4&Prime; _builder_version=\u00a0\u00bb4.20.2&Prime; _module_preset=\u00a0\u00bbdefault\u00a0\u00bb global_colors_info=\u00a0\u00bb{}\u00a0\u00bb][et_pb_text _builder_version=\u00a0\u00bb4.24.0&Prime; _module_preset=\u00a0\u00bbdefault\u00a0\u00bb text_font_size=\u00a0\u00bb20px\u00a0\u00bb header_2_font=\u00a0\u00bbPlayfair Display||||||||\u00a0\u00bb header_2_font_size=\u00a0\u00bb35px\u00a0\u00bb width=\u00a0\u00bb70%\u00a0\u00bb module_alignment=\u00a0\u00bbcenter\u00a0\u00bb custom_margin=\u00a0\u00bb12vh||12vh||true|false\u00a0\u00bb global_colors_info=\u00a0\u00bb{}\u00a0\u00bb]<\/p>\n<h2 style=\"text-align: center;\">Horaires<\/h2>\n<p>&nbsp;<\/p>\n<p style=\"text-align: left;\">Lundi et vendredi : 8h00 \u00e0 12h00 \/ 13h30 \u00e0 17h00<br \/>Ouvert le samedi de 10h \u00e0 12h<br \/>En dehors de ces horaires : sur rendez-vous.<\/p>\n<p>[\/et_pb_text][et_pb_text _builder_version=\u00a0\u00bb4.20.4&Prime; _module_preset=\u00a0\u00bbdefault\u00a0\u00bb text_font_size=\u00a0\u00bb20px\u00a0\u00bb header_2_font=\u00a0\u00bbPlayfair Display||||||||\u00a0\u00bb header_2_font_size=\u00a0\u00bb35px\u00a0\u00bb width=\u00a0\u00bb70%\u00a0\u00bb module_alignment=\u00a0\u00bbcenter\u00a0\u00bb custom_margin=\u00a0\u00bb12vh||1vh||false|false\u00a0\u00bb global_colors_info=\u00a0\u00bb{}\u00a0\u00bb]<\/p>\n<h2 style=\"text-align: center;\">Localisation<\/h2>\n<p>&nbsp;<\/p>\n<p style=\"text-align: center;\">Route de Troub 17 \/ 2088 Cressier<\/p>\n<p>[\/et_pb_text][\/et_pb_column][\/et_pb_row][et_pb_row _builder_version=\u00a0\u00bb4.20.4&Prime; _module_preset=\u00a0\u00bbdefault\u00a0\u00bb width=\u00a0\u00bb100%\u00a0\u00bb max_width=\u00a0\u00bb2560px\u00a0\u00bb global_colors_info=\u00a0\u00bb{}\u00a0\u00bb][et_pb_column type=\u00a0\u00bb4_4&Prime; _builder_version=\u00a0\u00bb4.20.4&Prime; _module_preset=\u00a0\u00bbdefault\u00a0\u00bb global_colors_info=\u00a0\u00bb{}\u00a0\u00bb][et_pb_text _builder_version=\u00a0\u00bb4.24.0&Prime; _module_preset=\u00a0\u00bbdefault\u00a0\u00bb custom_margin=\u00a0\u00bb||-29px|||\u00a0\u00bb global_colors_info=\u00a0\u00bb{}\u00a0\u00bb]<iframe src=\"https:\/\/www.google.com\/maps\/embed?pb=!1m14!1m8!1m3!1d10873.44159606936!2d7.0403688!3d47.0527802!3m2!1i1024!2i768!4f13.1!3m3!1m2!1s0x478e0f39491a66d1%3A0x1e6757d1f892f873!2sDomaine%20H%C3%B4pital%20Pourtal%C3%A8s!5e0!3m2!1sfr!2sch!4v1680785123346!5m2!1sfr!2sch\" width=\"2560\" height=\"450\" style=\"border: 0;\" allowfullscreen=\"\" loading=\"lazy\" referrerpolicy=\"no-referrer-when-downgrade\"><\/iframe>[\/et_pb_text][\/et_pb_column][\/et_pb_row][\/et_pb_section]<\/p>\n","protected":false},"excerpt":{"rendered":"<p>\u00d6ffnungszeiten und Lage der Domaine H\u00f4pital Pourtal\u00e8s\u00d6ffnungszeiten Montag und Freitag: 8.00 bis 12.00 Uhr \/ 13.30 bis 17.00 UhrGe\u00f6ffnet am Samstag von 10.00 bis 12.00 UhrAu\u00dferhalb dieser Zeiten: nach Vereinbarung.Lage Route de Troub 17 \/ 2088 Cressier<\/p>","protected":false},"author":1,"featured_media":0,"parent":28932,"menu_order":0,"comment_status":"closed","ping_status":"closed","template":"","meta":{"_et_pb_use_builder":"on","_et_pb_old_content":"","_et_gb_content_width":"","footnotes":""},"class_list":["post-28945","page","type-page","status-publish","hentry"],"yoast_head":"<!-- This site is optimized with the Yoast SEO plugin v27.4 - https:\/\/yoast.com\/product\/yoast-seo-wordpress\/ -->\n<title>Horaires et localisation - Domaine H\u00f4pital Pourtal\u00e8s<\/title>\n<meta name=\"description\" content=\"Lundi et vendredi : 8.00 \u00e0 12.00 \/ 13.30 \u00e0 17.00Le troisi\u00e8me jeudi du mois de 17h \u00e0 19h : sur rendez-vous.Dernier samedi du mois de 10h \u00e0 12h.\" \/>\n<meta name=\"robots\" content=\"index, follow, max-snippet:-1, max-image-preview:large, max-video-preview:-1\" \/>\n<link rel=\"canonical\" href=\"https:\/\/domainepourtales.ch\/de\/le-domaine\/horaires-et-localisation\/\" \/>\n<meta property=\"og:locale\" content=\"de_DE\" \/>\n<meta property=\"og:type\" content=\"article\" \/>\n<meta property=\"og:title\" content=\"Horaires et localisation - Domaine H\u00f4pital Pourtal\u00e8s\" \/>\n<meta property=\"og:description\" content=\"Lundi et vendredi : 8.00 \u00e0 12.00 \/ 13.30 \u00e0 17.00Le troisi\u00e8me jeudi du mois de 17h \u00e0 19h : sur rendez-vous.Dernier samedi du mois de 10h \u00e0 12h.\" \/>\n<meta property=\"og:url\" content=\"https:\/\/domainepourtales.ch\/de\/le-domaine\/horaires-et-localisation\/\" \/>\n<meta property=\"og:site_name\" content=\"Domaine H\u00f4pital Pourtal\u00e8s\" \/>\n<meta property=\"article:modified_time\" content=\"2024-12-19T15:45:49+00:00\" \/>\n<meta name=\"twitter:card\" content=\"summary_large_image\" \/>\n<meta name=\"twitter:label1\" content=\"Gesch\u00e4tzte Lesezeit\" \/>\n\t<meta name=\"twitter:data1\" content=\"1\u00a0Minute\" \/>\n<script type=\"application\/ld+json\" class=\"yoast-schema-graph\">{\"@context\":\"https:\\\/\\\/schema.org\",\"@graph\":[{\"@type\":\"WebPage\",\"@id\":\"https:\\\/\\\/domainepourtales.ch\\\/le-domaine\\\/horaires-et-localisation\\\/\",\"url\":\"https:\\\/\\\/domainepourtales.ch\\\/le-domaine\\\/horaires-et-localisation\\\/\",\"name\":\"Horaires et localisation - Domaine H\u00f4pital Pourtal\u00e8s\",\"isPartOf\":{\"@id\":\"https:\\\/\\\/domainepourtales.ch\\\/#website\"},\"datePublished\":\"2023-03-03T12:42:47+00:00\",\"dateModified\":\"2024-12-19T15:45:49+00:00\",\"description\":\"Lundi et vendredi : 8.00 \u00e0 12.00 \\\/ 13.30 \u00e0 17.00Le troisi\u00e8me jeudi du mois de 17h \u00e0 19h : sur rendez-vous.Dernier samedi du mois de 10h \u00e0 12h.\",\"breadcrumb\":{\"@id\":\"https:\\\/\\\/domainepourtales.ch\\\/le-domaine\\\/horaires-et-localisation\\\/#breadcrumb\"},\"inLanguage\":\"de\",\"potentialAction\":[{\"@type\":\"ReadAction\",\"target\":[\"https:\\\/\\\/domainepourtales.ch\\\/le-domaine\\\/horaires-et-localisation\\\/\"]}]},{\"@type\":\"BreadcrumbList\",\"@id\":\"https:\\\/\\\/domainepourtales.ch\\\/le-domaine\\\/horaires-et-localisation\\\/#breadcrumb\",\"itemListElement\":[{\"@type\":\"ListItem\",\"position\":1,\"name\":\"Accueil\",\"item\":\"https:\\\/\\\/domainepourtales.ch\\\/\"},{\"@type\":\"ListItem\",\"position\":2,\"name\":\"Le Domaine\",\"item\":\"https:\\\/\\\/domainepourtales.ch\\\/le-domaine\\\/\"},{\"@type\":\"ListItem\",\"position\":3,\"name\":\"Horaires et localisation\"}]},{\"@type\":\"WebSite\",\"@id\":\"https:\\\/\\\/domainepourtales.ch\\\/#website\",\"url\":\"https:\\\/\\\/domainepourtales.ch\\\/\",\"name\":\"Domaine H\u00f4pital Pourtal\u00e8s\",\"description\":\"Nos vins, pour le bien-\u00eatre des patients\",\"potentialAction\":[{\"@type\":\"SearchAction\",\"target\":{\"@type\":\"EntryPoint\",\"urlTemplate\":\"https:\\\/\\\/domainepourtales.ch\\\/?s={search_term_string}\"},\"query-input\":{\"@type\":\"PropertyValueSpecification\",\"valueRequired\":true,\"valueName\":\"search_term_string\"}}],\"inLanguage\":\"de\"}]}<\/script>\n<!-- \/ Yoast SEO plugin. -->","yoast_head_json":{"title":"Horaires et localisation - Domaine H\u00f4pital Pourtal\u00e8s","description":"Lundi et vendredi : 8.00 \u00e0 12.00 \/ 13.30 \u00e0 17.00Le troisi\u00e8me jeudi du mois de 17h \u00e0 19h : sur rendez-vous.Dernier samedi du mois de 10h \u00e0 12h.","robots":{"index":"index","follow":"follow","max-snippet":"max-snippet:-1","max-image-preview":"max-image-preview:large","max-video-preview":"max-video-preview:-1"},"canonical":"https:\/\/domainepourtales.ch\/de\/le-domaine\/horaires-et-localisation\/","og_locale":"de_DE","og_type":"article","og_title":"Horaires et localisation - Domaine H\u00f4pital Pourtal\u00e8s","og_description":"Lundi et vendredi : 8.00 \u00e0 12.00 \/ 13.30 \u00e0 17.00Le troisi\u00e8me jeudi du mois de 17h \u00e0 19h : sur rendez-vous.Dernier samedi du mois de 10h \u00e0 12h.","og_url":"https:\/\/domainepourtales.ch\/de\/le-domaine\/horaires-et-localisation\/","og_site_name":"Domaine H\u00f4pital Pourtal\u00e8s","article_modified_time":"2024-12-19T15:45:49+00:00","twitter_card":"summary_large_image","twitter_misc":{"Gesch\u00e4tzte Lesezeit":"1\u00a0Minute"},"schema":{"@context":"https:\/\/schema.org","@graph":[{"@type":"WebPage","@id":"https:\/\/domainepourtales.ch\/le-domaine\/horaires-et-localisation\/","url":"https:\/\/domainepourtales.ch\/le-domaine\/horaires-et-localisation\/","name":"Horaires et localisation - Domaine H\u00f4pital Pourtal\u00e8s","isPartOf":{"@id":"https:\/\/domainepourtales.ch\/#website"},"datePublished":"2023-03-03T12:42:47+00:00","dateModified":"2024-12-19T15:45:49+00:00","description":"Lundi et vendredi : 8.00 \u00e0 12.00 \/ 13.30 \u00e0 17.00Le troisi\u00e8me jeudi du mois de 17h \u00e0 19h : sur rendez-vous.Dernier samedi du mois de 10h \u00e0 12h.","breadcrumb":{"@id":"https:\/\/domainepourtales.ch\/le-domaine\/horaires-et-localisation\/#breadcrumb"},"inLanguage":"de","potentialAction":[{"@type":"ReadAction","target":["https:\/\/domainepourtales.ch\/le-domaine\/horaires-et-localisation\/"]}]},{"@type":"BreadcrumbList","@id":"https:\/\/domainepourtales.ch\/le-domaine\/horaires-et-localisation\/#breadcrumb","itemListElement":[{"@type":"ListItem","position":1,"name":"Accueil","item":"https:\/\/domainepourtales.ch\/"},{"@type":"ListItem","position":2,"name":"Le Domaine","item":"https:\/\/domainepourtales.ch\/le-domaine\/"},{"@type":"ListItem","position":3,"name":"Horaires et localisation"}]},{"@type":"WebSite","@id":"https:\/\/domainepourtales.ch\/#website","url":"https:\/\/domainepourtales.ch\/","name":"Domaine H\u00f4pital Pourtal\u00e8s","description":"Unsere Weine, f\u00fcr das Wohlbefinden der Patienten","potentialAction":[{"@type":"SearchAction","target":{"@type":"EntryPoint","urlTemplate":"https:\/\/domainepourtales.ch\/?s={search_term_string}"},"query-input":{"@type":"PropertyValueSpecification","valueRequired":true,"valueName":"search_term_string"}}],"inLanguage":"de"}]}},"_links":{"self":[{"href":"https:\/\/domainepourtales.ch\/de\/wp-json\/wp\/v2\/pages\/28945","targetHints":{"allow":["GET"]}}],"collection":[{"href":"https:\/\/domainepourtales.ch\/de\/wp-json\/wp\/v2\/pages"}],"about":[{"href":"https:\/\/domainepourtales.ch\/de\/wp-json\/wp\/v2\/types\/page"}],"author":[{"embeddable":true,"href":"https:\/\/domainepourtales.ch\/de\/wp-json\/wp\/v2\/users\/1"}],"replies":[{"embeddable":true,"href":"https:\/\/domainepourtales.ch\/de\/wp-json\/wp\/v2\/comments?post=28945"}],"version-history":[{"count":1,"href":"https:\/\/domainepourtales.ch\/de\/wp-json\/wp\/v2\/pages\/28945\/revisions"}],"predecessor-version":[{"id":33846,"href":"https:\/\/domainepourtales.ch\/de\/wp-json\/wp\/v2\/pages\/28945\/revisions\/33846"}],"up":[{"embeddable":true,"href":"https:\/\/domainepourtales.ch\/de\/wp-json\/wp\/v2\/pages\/28932"}],"wp:attachment":[{"href":"https:\/\/domainepourtales.ch\/de\/wp-json\/wp\/v2\/media?parent=28945"}],"curies":[{"name":"wp","href":"https:\/\/api.w.org\/{rel}","templated":true}]}}