{"id":28935,"date":"2023-03-03T13:38:58","date_gmt":"2023-03-03T12:38:58","guid":{"rendered":"https:\/\/domainepourtales.ch\/?page_id=28935"},"modified":"2023-04-11T17:12:11","modified_gmt":"2023-04-11T15:12:11","slug":"degustation","status":"publish","type":"page","link":"https:\/\/domainepourtales.ch\/de\/le-domaine\/degustation\/","title":{"rendered":"Verkostung"},"content":{"rendered":"\n[et_pb_section fb_built=\u00a0\u00bb1&Prime; module_id=\u00a0\u00bbDomaine\u00a0\u00bb _builder_version=\u00a0\u00bb4.20.2&Prime; _module_preset=\u00a0\u00bbdefault\u00a0\u00bb background_color=\u00a0\u00bb#202020&Prime; background_image=\u00a0\u00bbhttps:\/\/domainepourtales.ch\/wp-content\/uploads\/2023\/03\/Domaine-Hopital-Pourtales-Photos-YETINC.ch-8.jpg\u00a0\u00bb background_blend=\u00a0\u00bboverlay\u00a0\u00bb custom_margin=\u00a0\u00bb||||false|false\u00a0\u00bb custom_padding=\u00a0\u00bb3vh||0vh||false|false\u00a0\u00bb bottom_divider_height=\u00a0\u00bb13px\u00a0\u00bb global_colors_info=\u00a0\u00bb{}\u00a0\u00bb][et_pb_row _builder_version=\u00a0\u00bb4.20.4&Prime; _module_preset=\u00a0\u00bbdefault\u00a0\u00bb max_width=\u00a0\u00bb2560px\u00a0\u00bb custom_margin=\u00a0\u00bb20vh|auto|27vh|auto|false|false\u00a0\u00bb hover_enabled=\u00a0\u00bb0&Prime; global_colors_info=\u00a0\u00bb{}\u00a0\u00bb sticky_enabled=\u00a0\u00bb0&Prime;][et_pb_column type=\u00a0\u00bb4_4&Prime; _builder_version=\u00a0\u00bb4.20.0&Prime; _module_preset=\u00a0\u00bbdefault\u00a0\u00bb global_colors_info=\u00a0\u00bb{}\u00a0\u00bb][et_pb_text _builder_version=\u00a0\u00bb4.20.2&Prime; _module_preset=\u00a0\u00bbdefault\u00a0\u00bb text_font=\u00a0\u00bbPlayfair Display||||||||\u00a0\u00bb text_text_color=\u00a0\u00bb#ee7674&Prime; text_font_size=\u00a0\u00bb55px\u00a0\u00bb text_line_height=\u00a0\u00bb1em\u00a0\u00bb header_font=\u00a0\u00bbPlayfair Display||||||||\u00a0\u00bb header_text_color=\u00a0\u00bb#FFFFFF\u00a0\u00bb header_font_size=\u00a0\u00bb85px\u00a0\u00bb global_colors_info=\u00a0\u00bb{}\u00a0\u00bb]<h1>D\u00e9gustation<\/h1>\n<p><strong>au domaine de Pourtal\u00e8s<\/strong><\/p>[\/et_pb_text][\/et_pb_column][\/et_pb_row][et_pb_row _builder_version=\u00a0\u00bb4.20.0&Prime; _module_preset=\u00a0\u00bbdefault\u00a0\u00bb custom_margin=\u00a0\u00bb-100px||||false|false\u00a0\u00bb custom_padding=\u00a0\u00bb0px||0px||false|false\u00a0\u00bb global_colors_info=\u00a0\u00bb{}\u00a0\u00bb][et_pb_column type=\u00a0\u00bb4_4&Prime; _builder_version=\u00a0\u00bb4.20.0&Prime; _module_preset=\u00a0\u00bbdefault\u00a0\u00bb global_colors_info=\u00a0\u00bb{}\u00a0\u00bb][et_pb_icon font_icon=\u00a0\u00bb&#x33;||divi||400&Prime; icon_color=\u00a0\u00bb#FFFFFF\u00a0\u00bb icon_width=\u00a0\u00bb70px\u00a0\u00bb url=\u00a0\u00bb#organisez\u00a0\u00bb _builder_version=\u00a0\u00bb4.20.2&Prime; _module_preset=\u00a0\u00bbdefault\u00a0\u00bb global_colors_info=\u00a0\u00bb{}\u00a0\u00bb][\/et_pb_icon][\/et_pb_column][\/et_pb_row][\/et_pb_section][et_pb_section fb_built=\u00a0\u00bb1&Prime; _builder_version=\u00a0\u00bb4.16&Prime; global_colors_info=\u00a0\u00bb{}\u00a0\u00bb][et_pb_row module_id=\u00a0\u00bborganisez\u00a0\u00bb _builder_version=\u00a0\u00bb4.20.2&Prime; background_size=\u00a0\u00bbinitial\u00a0\u00bb background_position=\u00a0\u00bbtop_left\u00a0\u00bb background_repeat=\u00a0\u00bbrepeat\u00a0\u00bb global_colors_info=\u00a0\u00bb{}\u00a0\u00bb][et_pb_column type=\u00a0\u00bb4_4&Prime; _builder_version=\u00a0\u00bb4.16&Prime; custom_padding=\u00a0\u00bb|||\u00a0\u00bb global_colors_info=\u00a0\u00bb{}\u00a0\u00bb custom_padding__hover=\u00a0\u00bb|||\u00a0\u00bb][et_pb_text _builder_version=\u00a0\u00bb4.20.4&Prime; background_size=\u00a0\u00bbinitial\u00a0\u00bb background_position=\u00a0\u00bbtop_left\u00a0\u00bb background_repeat=\u00a0\u00bbrepeat\u00a0\u00bb hover_enabled=\u00a0\u00bb0&Prime; global_colors_info=\u00a0\u00bb{}\u00a0\u00bb sticky_enabled=\u00a0\u00bb0&Prime; text_font_size=\u00a0\u00bb20px\u00a0\u00bb]<p><!-- divi:paragraph -->Organisez vos r\u00e9ceptions au Domaine H\u00f4pital Pourtal\u00e8s !<\/p>\n<p><!-- divi:paragraph -->Le Domaine offre un espace d\u2019accueil pour la d\u00e9gustation de ses crus mais \u00e9galement pour l\u2019organisation de r\u00e9ceptions.<\/p>\n<p><!-- divi:paragraph -->Jusqu\u2019\u00e0 30 personnes au Pavillon, au maximum 60 personnes dans les caves au milieux des vases en bois.<\/p>\n<p><!-- \/divi:paragraph --><\/p>\n<p><!-- \/divi:paragraph --><\/p>\n<p>&nbsp;<\/p>\n<p><!-- \/divi:paragraph --><\/p>\n<table border=\"1px\">\n<tbody>\n<tr>\n<td><strong>Capacit\u00e9 du Pavillon\u00a0<\/strong><\/td>\n<td colspan=\"3\">15 personnes assises ou env. 30 personnes debout<\/td>\n<\/tr>\n<tr>\n<td><strong>Carte des d\u00e9gustations\u00a0(prix par personne)\u00a0<\/strong><\/td>\n<td><\/td>\n<td><\/td>\n<td><\/td>\n<\/tr>\n<tr>\n<td>\u00abH\u00f4pital\u00bb<\/td>\n<td>D\u00e9gustation des crus du Domaine<\/td>\n<td><\/td>\n<td><strong>CHF\u00a015.00<\/strong><\/td>\n<\/tr>\n<tr>\n<td>\u00abP\u00e9lican\u00bb<\/td>\n<td>D\u00e9gustation avec accompagnements de fromages et charcuteries<\/td>\n<td><\/td>\n<td><strong>CHF 25.00<\/strong><\/td>\n<\/tr>\n<tr>\n<td>\u00abSur mesure\u00bb<\/td>\n<td>Pour une demande sp\u00e9cifique selon votre budget, contactez-nous<\/td>\n<td><\/td>\n<td><\/td>\n<\/tr>\n<tr>\n<td><\/td>\n<td><\/td>\n<td><\/td>\n<td><\/td>\n<\/tr>\n<tr>\n<td>Les petits +<\/td>\n<td colspan=\"3\">Terrasse avec vue sur le vignoble, jardin plein\u00a0pied, four \u00e0 bois<\/td>\n<\/tr>\n<\/tbody>\n<\/table>[\/et_pb_text][\/et_pb_column][\/et_pb_row][et_pb_row _builder_version=\u00a0\u00bb4.20.2&Prime; _module_preset=\u00a0\u00bbdefault\u00a0\u00bb global_colors_info=\u00a0\u00bb{}\u00a0\u00bb][et_pb_column type=\u00a0\u00bb4_4&Prime; _builder_version=\u00a0\u00bb4.20.2&Prime; _module_preset=\u00a0\u00bbdefault\u00a0\u00bb global_colors_info=\u00a0\u00bb{}\u00a0\u00bb][et_pb_text _builder_version=\u00a0\u00bb4.20.4&Prime; _module_preset=\u00a0\u00bbdefault\u00a0\u00bb header_2_font=\u00a0\u00bbMontserrat||||||||\u00a0\u00bb hover_enabled=\u00a0\u00bb0&Prime; global_colors_info=\u00a0\u00bb{}\u00a0\u00bb header_2_font_size=\u00a0\u00bb33px\u00a0\u00bb sticky_enabled=\u00a0\u00bb0&Prime; custom_margin=\u00a0\u00bb61px|||||\u00a0\u00bb]<h2 style=\"text-align: center;\">Demande de d\u00e9gustation<\/h2>[\/et_pb_text][et_pb_wpt_contact_form_7 contact_form_id=\u00a0\u00bbcf7-29266&Prime; _builder_version=\u00a0\u00bb4.20.4&Prime; _module_preset=\u00a0\u00bbdefault\u00a0\u00bb custom_form_button=\u00a0\u00bbon\u00a0\u00bb form_button_text_color=\u00a0\u00bb#000000&Prime; form_button_font=\u00a0\u00bbMontserrat||||||||\u00a0\u00bb form_button_alignment=\u00a0\u00bbleft\u00a0\u00bb hover_enabled=\u00a0\u00bb0&Prime; global_colors_info=\u00a0\u00bb{}\u00a0\u00bb sticky_enabled=\u00a0\u00bb0&Prime; label_font_size=\u00a0\u00bb20px\u00a0\u00bb text_select_font_size=\u00a0\u00bb20px\u00a0\u00bb radio_checkbox_options_label_font_size=\u00a0\u00bb20px\u00a0\u00bb acceptance_field_label_font_size=\u00a0\u00bb20px\u00a0\u00bb][\/et_pb_wpt_contact_form_7][\/et_pb_column][\/et_pb_row][\/et_pb_section]\n","protected":false},"excerpt":{"rendered":"<p>D\u00e9gustation au domaine de Pourtal\u00e8sOrganisez vos r\u00e9ceptions au Domaine H\u00f4pital Pourtal\u00e8s ! Le Domaine offre un espace d\u2019accueil pour la d\u00e9gustation de ses crus mais \u00e9galement pour l\u2019organisation de r\u00e9ceptions. Jusqu\u2019\u00e0 30 personnes au Pavillon, au maximum 60 personnes dans les caves au milieux des vases en bois. &nbsp; Capacit\u00e9 du Pavillon\u00a0 15 personnes assises [&hellip;]<\/p>\n","protected":false},"author":1,"featured_media":0,"parent":28932,"menu_order":0,"comment_status":"closed","ping_status":"closed","template":"","meta":{"_et_pb_use_builder":"on","_et_pb_old_content":"<!-- wp:paragraph -->\n<p>Organisez vos r\u00e9ceptions au Domaine H\u00f4pital Pourtal\u00e8s !<\/p>\n<!-- \/wp:paragraph -->\n\n<!-- wp:paragraph -->\n<p>Le Domaine offre un espace d\u2019accueil pour la d\u00e9gustation de ses crus mais \u00e9galement pour l\u2019organisation de r\u00e9ceptions.<\/p>\n<!-- \/wp:paragraph -->\n\n<!-- wp:paragraph -->\n<p>Jusqu\u2019\u00e0 30 personnes au Pavillon, au maximum 60 personnes dans les caves au milieux des vases en bois.<\/p>\n<!-- \/wp:paragraph -->\n\n<!-- wp:table -->\n<figure class=\"wp-block-table\"><table><tbody><tr><td><strong>Capacit\u00e9 du Pavillon&nbsp; &nbsp; &nbsp; &nbsp;<\/strong><\/td><td>15 personnes assises ou env. 30 personnes debout<\/td><td><\/td><td><\/td><\/tr><tr><td><strong>Carte des d\u00e9gustations&nbsp;(prix par personne)&nbsp;<\/strong><\/td><td><\/td><td><\/td><td><\/td><\/tr><tr><td>\u00abH\u00f4pital\u00bb<\/td><td>D\u00e9gustation des crus du Domaine<\/td><td><\/td><td><strong>CHF&nbsp;15.00<\/strong><\/td><\/tr><tr><td>\u00abP\u00e9lican\u00bb<\/td><td>D\u00e9gustation avec accompagnements de fromages et charcuteries<\/td><td><\/td><td><strong>CHF 25.00<\/strong><\/td><\/tr><tr><td>\u00abSur mesure\u00bb<\/td><td>Pour une demande sp\u00e9cifique selon votre budget, contactez-nous<\/td><td><\/td><td><\/td><\/tr><tr><td><\/td><td><\/td><td><\/td><td><\/td><\/tr><tr><td>Les petits +&nbsp;<\/td><td>Terrasse avec vue sur le vignoble, jardin plein&nbsp;pied, four \u00e0 bois<\/td><\/tr><\/tbody><\/table><\/figure>\n<!-- \/wp:table -->","_et_gb_content_width":"","footnotes":""},"class_list":["post-28935","page","type-page","status-publish","hentry"],"yoast_head":"<!-- This site is optimized with the Yoast SEO plugin v27.4 - https:\/\/yoast.com\/product\/yoast-seo-wordpress\/ -->\n<title>D\u00e9guster au Domaine H\u00f4pital Pourtal\u00e8s<\/title>\n<meta name=\"description\" content=\"Organisez vos r\u00e9ceptions au Domaine H\u00f4pital Pourtal\u00e8s ! Le Domaine offre un espace d\u2019accueil pour la d\u00e9gustation de ses crus mais \u00e9galement pour l\u2019organisation de r\u00e9ceptions.Jusqu\u2019\u00e0 30 personnes au Pavillon, au maximum 60 personnes dans les caves au milieux des vases en bois.\" \/>\n<meta name=\"robots\" content=\"index, follow, max-snippet:-1, max-image-preview:large, max-video-preview:-1\" \/>\n<link rel=\"canonical\" href=\"https:\/\/domainepourtales.ch\/de\/le-domaine\/degustation\/\" \/>\n<meta property=\"og:locale\" content=\"de_DE\" \/>\n<meta property=\"og:type\" content=\"article\" \/>\n<meta property=\"og:title\" content=\"D\u00e9guster au Domaine H\u00f4pital Pourtal\u00e8s\" \/>\n<meta property=\"og:description\" content=\"Organisez vos r\u00e9ceptions au Domaine H\u00f4pital Pourtal\u00e8s ! Le Domaine offre un espace d\u2019accueil pour la d\u00e9gustation de ses crus mais \u00e9galement pour l\u2019organisation de r\u00e9ceptions.Jusqu\u2019\u00e0 30 personnes au Pavillon, au maximum 60 personnes dans les caves au milieux des vases en bois.\" \/>\n<meta property=\"og:url\" content=\"https:\/\/domainepourtales.ch\/de\/le-domaine\/degustation\/\" \/>\n<meta property=\"og:site_name\" content=\"Domaine H\u00f4pital Pourtal\u00e8s\" \/>\n<meta property=\"article:modified_time\" content=\"2023-04-11T15:12:11+00:00\" \/>\n<meta name=\"twitter:card\" content=\"summary_large_image\" \/>\n<meta name=\"twitter:label1\" content=\"Gesch\u00e4tzte Lesezeit\" \/>\n\t<meta name=\"twitter:data1\" content=\"2\u00a0Minuten\" \/>\n<script type=\"application\/ld+json\" class=\"yoast-schema-graph\">{\"@context\":\"https:\\\/\\\/schema.org\",\"@graph\":[{\"@type\":\"WebPage\",\"@id\":\"https:\\\/\\\/domainepourtales.ch\\\/le-domaine\\\/degustation\\\/\",\"url\":\"https:\\\/\\\/domainepourtales.ch\\\/le-domaine\\\/degustation\\\/\",\"name\":\"D\u00e9guster au Domaine H\u00f4pital Pourtal\u00e8s\",\"isPartOf\":{\"@id\":\"https:\\\/\\\/domainepourtales.ch\\\/#website\"},\"datePublished\":\"2023-03-03T12:38:58+00:00\",\"dateModified\":\"2023-04-11T15:12:11+00:00\",\"description\":\"Organisez vos r\u00e9ceptions au Domaine H\u00f4pital Pourtal\u00e8s ! Le Domaine offre un espace d\u2019accueil pour la d\u00e9gustation de ses crus mais \u00e9galement pour l\u2019organisation de r\u00e9ceptions.Jusqu\u2019\u00e0 30 personnes au Pavillon, au maximum 60 personnes dans les caves au milieux des vases en bois.\",\"breadcrumb\":{\"@id\":\"https:\\\/\\\/domainepourtales.ch\\\/le-domaine\\\/degustation\\\/#breadcrumb\"},\"inLanguage\":\"de\",\"potentialAction\":[{\"@type\":\"ReadAction\",\"target\":[\"https:\\\/\\\/domainepourtales.ch\\\/le-domaine\\\/degustation\\\/\"]}]},{\"@type\":\"BreadcrumbList\",\"@id\":\"https:\\\/\\\/domainepourtales.ch\\\/le-domaine\\\/degustation\\\/#breadcrumb\",\"itemListElement\":[{\"@type\":\"ListItem\",\"position\":1,\"name\":\"Accueil\",\"item\":\"https:\\\/\\\/domainepourtales.ch\\\/\"},{\"@type\":\"ListItem\",\"position\":2,\"name\":\"Le Domaine\",\"item\":\"https:\\\/\\\/domainepourtales.ch\\\/le-domaine\\\/\"},{\"@type\":\"ListItem\",\"position\":3,\"name\":\"D\u00e9gustation\"}]},{\"@type\":\"WebSite\",\"@id\":\"https:\\\/\\\/domainepourtales.ch\\\/#website\",\"url\":\"https:\\\/\\\/domainepourtales.ch\\\/\",\"name\":\"Domaine H\u00f4pital Pourtal\u00e8s\",\"description\":\"Nos vins, pour le bien-\u00eatre des patients\",\"potentialAction\":[{\"@type\":\"SearchAction\",\"target\":{\"@type\":\"EntryPoint\",\"urlTemplate\":\"https:\\\/\\\/domainepourtales.ch\\\/?s={search_term_string}\"},\"query-input\":{\"@type\":\"PropertyValueSpecification\",\"valueRequired\":true,\"valueName\":\"search_term_string\"}}],\"inLanguage\":\"de\"}]}<\/script>\n<!-- \/ Yoast SEO plugin. -->","yoast_head_json":{"title":"D\u00e9guster au Domaine H\u00f4pital Pourtal\u00e8s","description":"Organisez vos r\u00e9ceptions au Domaine H\u00f4pital Pourtal\u00e8s ! Le Domaine offre un espace d\u2019accueil pour la d\u00e9gustation de ses crus mais \u00e9galement pour l\u2019organisation de r\u00e9ceptions.Jusqu\u2019\u00e0 30 personnes au Pavillon, au maximum 60 personnes dans les caves au milieux des vases en bois.","robots":{"index":"index","follow":"follow","max-snippet":"max-snippet:-1","max-image-preview":"max-image-preview:large","max-video-preview":"max-video-preview:-1"},"canonical":"https:\/\/domainepourtales.ch\/de\/le-domaine\/degustation\/","og_locale":"de_DE","og_type":"article","og_title":"D\u00e9guster au Domaine H\u00f4pital Pourtal\u00e8s","og_description":"Organisez vos r\u00e9ceptions au Domaine H\u00f4pital Pourtal\u00e8s ! Le Domaine offre un espace d\u2019accueil pour la d\u00e9gustation de ses crus mais \u00e9galement pour l\u2019organisation de r\u00e9ceptions.Jusqu\u2019\u00e0 30 personnes au Pavillon, au maximum 60 personnes dans les caves au milieux des vases en bois.","og_url":"https:\/\/domainepourtales.ch\/de\/le-domaine\/degustation\/","og_site_name":"Domaine H\u00f4pital Pourtal\u00e8s","article_modified_time":"2023-04-11T15:12:11+00:00","twitter_card":"summary_large_image","twitter_misc":{"Gesch\u00e4tzte Lesezeit":"2\u00a0Minuten"},"schema":{"@context":"https:\/\/schema.org","@graph":[{"@type":"WebPage","@id":"https:\/\/domainepourtales.ch\/le-domaine\/degustation\/","url":"https:\/\/domainepourtales.ch\/le-domaine\/degustation\/","name":"D\u00e9guster au Domaine H\u00f4pital Pourtal\u00e8s","isPartOf":{"@id":"https:\/\/domainepourtales.ch\/#website"},"datePublished":"2023-03-03T12:38:58+00:00","dateModified":"2023-04-11T15:12:11+00:00","description":"Organisez vos r\u00e9ceptions au Domaine H\u00f4pital Pourtal\u00e8s ! Le Domaine offre un espace d\u2019accueil pour la d\u00e9gustation de ses crus mais \u00e9galement pour l\u2019organisation de r\u00e9ceptions.Jusqu\u2019\u00e0 30 personnes au Pavillon, au maximum 60 personnes dans les caves au milieux des vases en bois.","breadcrumb":{"@id":"https:\/\/domainepourtales.ch\/le-domaine\/degustation\/#breadcrumb"},"inLanguage":"de","potentialAction":[{"@type":"ReadAction","target":["https:\/\/domainepourtales.ch\/le-domaine\/degustation\/"]}]},{"@type":"BreadcrumbList","@id":"https:\/\/domainepourtales.ch\/le-domaine\/degustation\/#breadcrumb","itemListElement":[{"@type":"ListItem","position":1,"name":"Accueil","item":"https:\/\/domainepourtales.ch\/"},{"@type":"ListItem","position":2,"name":"Le Domaine","item":"https:\/\/domainepourtales.ch\/le-domaine\/"},{"@type":"ListItem","position":3,"name":"D\u00e9gustation"}]},{"@type":"WebSite","@id":"https:\/\/domainepourtales.ch\/#website","url":"https:\/\/domainepourtales.ch\/","name":"Domaine H\u00f4pital Pourtal\u00e8s","description":"Unsere Weine, f\u00fcr das Wohlbefinden der Patienten","potentialAction":[{"@type":"SearchAction","target":{"@type":"EntryPoint","urlTemplate":"https:\/\/domainepourtales.ch\/?s={search_term_string}"},"query-input":{"@type":"PropertyValueSpecification","valueRequired":true,"valueName":"search_term_string"}}],"inLanguage":"de"}]}},"_links":{"self":[{"href":"https:\/\/domainepourtales.ch\/de\/wp-json\/wp\/v2\/pages\/28935","targetHints":{"allow":["GET"]}}],"collection":[{"href":"https:\/\/domainepourtales.ch\/de\/wp-json\/wp\/v2\/pages"}],"about":[{"href":"https:\/\/domainepourtales.ch\/de\/wp-json\/wp\/v2\/types\/page"}],"author":[{"embeddable":true,"href":"https:\/\/domainepourtales.ch\/de\/wp-json\/wp\/v2\/users\/1"}],"replies":[{"embeddable":true,"href":"https:\/\/domainepourtales.ch\/de\/wp-json\/wp\/v2\/comments?post=28935"}],"version-history":[{"count":0,"href":"https:\/\/domainepourtales.ch\/de\/wp-json\/wp\/v2\/pages\/28935\/revisions"}],"up":[{"embeddable":true,"href":"https:\/\/domainepourtales.ch\/de\/wp-json\/wp\/v2\/pages\/28932"}],"wp:attachment":[{"href":"https:\/\/domainepourtales.ch\/de\/wp-json\/wp\/v2\/media?parent=28935"}],"curies":[{"name":"wp","href":"https:\/\/api.w.org\/{rel}","templated":true}]}}